{"id":142,"date":"2025-02-04T13:39:08","date_gmt":"2025-02-04T12:39:08","guid":{"rendered":"https:\/\/eleves.escl.fr\/wp2\/cuisine\/?page_id=142"},"modified":"2025-03-18T13:59:28","modified_gmt":"2025-03-18T12:59:28","slug":"chili","status":"publish","type":"page","link":"https:\/\/eleves.escl.fr\/wp2\/cuisine\/amerique-du-sud\/chili\/","title":{"rendered":"chili"},"content":{"rendered":"\n<div class=\"wp-block-group alignfull has-global-padding is-layout-constrained wp-container-core-group-is-layout-490fa1db wp-block-group-is-layout-constrained\" style=\"padding-top:var(--wp--preset--spacing--50);padding-right:var(--wp--preset--spacing--50);padding-bottom:var(--wp--preset--spacing--50);padding-left:var(--wp--preset--spacing--50)\">\n<div class=\"wp-block-group has-global-padding is-layout-constrained wp-container-core-group-is-layout-650790e1 wp-block-group-is-layout-constrained\">\n<h1 class=\"wp-block-heading has-text-align-center has-x-large-font-size\">ceviche<\/h1>\n\n\n\n<div style=\"height:1.25rem\" aria-hidden=\"true\" class=\"wp-block-spacer\"><\/div>\n\n\n\n<p class=\"has-text-align-center\"><\/p>\n\n\n\n<div style=\"height:1.25rem\" aria-hidden=\"true\" class=\"wp-block-spacer\"><\/div>\n<\/div>\n\n\n\n<div style=\"height:var(--wp--preset--spacing--30)\" aria-hidden=\"true\" class=\"wp-block-spacer\"><\/div>\n\n\n\n<figure class=\"wp-block-image alignwide size-full is-style-rounded is-style-rounded--1\"><img loading=\"lazy\" decoding=\"async\" width=\"963\" height=\"600\" src=\"https:\/\/eleves.escl.fr\/wp2\/cuisine\/wp-content\/uploads\/sites\/13\/2025\/03\/image-chili.jpg\" alt=\"\" class=\"wp-image-291\" srcset=\"https:\/\/eleves.escl.fr\/wp2\/cuisine\/wp-content\/uploads\/sites\/13\/2025\/03\/image-chili.jpg 963w, https:\/\/eleves.escl.fr\/wp2\/cuisine\/wp-content\/uploads\/sites\/13\/2025\/03\/image-chili-300x187.jpg 300w, https:\/\/eleves.escl.fr\/wp2\/cuisine\/wp-content\/uploads\/sites\/13\/2025\/03\/image-chili-768x479.jpg 768w\" sizes=\"auto, (max-width: 963px) 100vw, 963px\" \/><\/figure>\n<\/div>\n\n\n\n<p class=\"has-large-font-size\">ingr\u00e9dients <\/p>\n\n\n\n<ul class=\"wp-block-list\">\n<li>400 g de poissons tr\u00e8s frais. Par exemple, du saumon et du cabillaud. Vous pouvez \u00e9galement ajouter des crevettes)<\/li>\n\n\n\n<li>un oignon<\/li>\n\n\n\n<li>6 citrons verts<\/li>\n\n\n\n<li>une tomate<\/li>\n\n\n\n<li>un piment<\/li>\n\n\n\n<li>coriandre fra\u00eeche<\/li>\n\n\n\n<li>du sel et du poivre en grains<\/li>\n<\/ul>\n\n\n\n<p><\/p>\n\n\n\n<p><\/p>\n\n\n\n<p class=\"has-large-font-size\">pr\u00e9paration <\/p>\n\n\n\n<ol class=\"wp-block-list\">\n<li>Afin de faciliter la d\u00e9coupe du poisson, placez-le environ <strong>30 minutes au cong\u00e9lateur<\/strong>. Ensuite, tranchez-le en <strong>tr\u00e8s fines tranches<\/strong>.<\/li>\n\n\n\n<li><strong>\u00c9mincez votre oignon<\/strong> puis placez-le dans un bol et ajoutez de l\u2019eau bouillante.<\/li>\n\n\n\n<li>Pressez <strong>5 citrons<\/strong> et ajoutez le jus sur le poisson ainsi que le bol contenant l\u2019eau et les oignons. Vous pouvez \u00e9galement mettre un peu de <strong>coriandre<\/strong> (gardez-en un peu).<\/li>\n\n\n\n<li>Retirez les p\u00e9pins du <strong>piment<\/strong> puis coupez-le en petits morceaux. M\u00e9langez-le au reste de la pr\u00e9paration, rajoutez quelques grains de poivre et recouvrez votre m\u00e9lange d\u2019un film plastique.<\/li>\n\n\n\n<li>Placez le poisson au frais 2 \u00e0 3 heures. <strong>Le citron va cuire le poisson.<\/strong><\/li>\n\n\n\n<li>Une fois l\u2019attente termin\u00e9e, sortez le plat du r\u00e9frig\u00e9rateur. <strong>\u00c9gouttez la pr\u00e9paration<\/strong> (il ne doit plus y avoir de jus de citron) et retirez 1 tiers des oignons.<\/li>\n\n\n\n<li>Ensuite, \u00e9pluchez et couper en petits morceaux la <strong>tomate<\/strong>, n\u2019oubliez pas de retirer ses p\u00e9pins. Vous pouvez maintenant l\u2019ajouter au plat et saler.<\/li>\n<\/ol>\n\n\n\n<p><strong>La recette du <em>ceviche<\/em> chilien<\/strong> est presque achev\u00e9e : il vous suffit de rajouter le <strong>reste de coriandre<\/strong> (cisel\u00e9e) et de placez votre pr\u00e9paration dans des verrines. Vous pouvez utiliser le dernier citron vert en coupant des tranches pour la d\u00e9coration. Nous vous conseillons \u00e9galement un <strong>avocat coup\u00e9 en d\u00e9<\/strong> en accompagnement !<\/p>\n","protected":false},"excerpt":{"rendered":"<p>ceviche ingr\u00e9dients pr\u00e9paration La recette du ceviche chilien est presque achev\u00e9e : il vous suffit de rajouter le reste de coriandre (cisel\u00e9e) et de placez votre pr\u00e9paration dans des verrines. Vous pouvez utiliser le dernier citron vert en coupant des tranches pour la d\u00e9coration. Nous vous conseillons \u00e9galement un avocat coup\u00e9 en d\u00e9 en accompagnement [&hellip;]<\/p>\n","protected":false},"author":12,"featured_media":0,"parent":27,"menu_order":0,"comment_status":"closed","ping_status":"closed","template":"","meta":{"footnotes":""},"class_list":["post-142","page","type-page","status-publish","hentry"],"_links":{"self":[{"href":"https:\/\/eleves.escl.fr\/wp2\/cuisine\/wp-json\/wp\/v2\/pages\/142","targetHints":{"allow":["GET"]}}],"collection":[{"href":"https:\/\/eleves.escl.fr\/wp2\/cuisine\/wp-json\/wp\/v2\/pages"}],"about":[{"href":"https:\/\/eleves.escl.fr\/wp2\/cuisine\/wp-json\/wp\/v2\/types\/page"}],"author":[{"embeddable":true,"href":"https:\/\/eleves.escl.fr\/wp2\/cuisine\/wp-json\/wp\/v2\/users\/12"}],"replies":[{"embeddable":true,"href":"https:\/\/eleves.escl.fr\/wp2\/cuisine\/wp-json\/wp\/v2\/comments?post=142"}],"version-history":[{"count":3,"href":"https:\/\/eleves.escl.fr\/wp2\/cuisine\/wp-json\/wp\/v2\/pages\/142\/revisions"}],"predecessor-version":[{"id":292,"href":"https:\/\/eleves.escl.fr\/wp2\/cuisine\/wp-json\/wp\/v2\/pages\/142\/revisions\/292"}],"up":[{"embeddable":true,"href":"https:\/\/eleves.escl.fr\/wp2\/cuisine\/wp-json\/wp\/v2\/pages\/27"}],"wp:attachment":[{"href":"https:\/\/eleves.escl.fr\/wp2\/cuisine\/wp-json\/wp\/v2\/media?parent=142"}],"curies":[{"name":"wp","href":"https:\/\/api.w.org\/{rel}","templated":true}]}}