{"id":149,"date":"2025-02-04T13:43:37","date_gmt":"2025-02-04T12:43:37","guid":{"rendered":"https:\/\/eleves.escl.fr\/wp2\/cuisine\/?page_id=149"},"modified":"2025-03-18T14:19:07","modified_gmt":"2025-03-18T13:19:07","slug":"venezuela","status":"publish","type":"page","link":"https:\/\/eleves.escl.fr\/wp2\/cuisine\/amerique-du-sud\/venezuela\/","title":{"rendered":"Venezuela"},"content":{"rendered":"\n<div class=\"wp-block-group alignfull has-global-padding is-layout-constrained wp-container-core-group-is-layout-490fa1db wp-block-group-is-layout-constrained\" style=\"padding-top:var(--wp--preset--spacing--50);padding-right:var(--wp--preset--spacing--50);padding-bottom:var(--wp--preset--spacing--50);padding-left:var(--wp--preset--spacing--50)\">\n<div class=\"wp-block-group has-global-padding is-layout-constrained wp-container-core-group-is-layout-650790e1 wp-block-group-is-layout-constrained\">\n<h1 class=\"wp-block-heading has-text-align-center has-x-large-font-size\">pabell\u00f3n criollo<\/h1>\n\n\n\n<div style=\"height:1.25rem\" aria-hidden=\"true\" class=\"wp-block-spacer\"><\/div>\n\n\n\n<p class=\"has-text-align-center\"><\/p>\n\n\n\n<div style=\"height:1.25rem\" aria-hidden=\"true\" class=\"wp-block-spacer\"><\/div>\n<\/div>\n\n\n\n<div style=\"height:var(--wp--preset--spacing--30)\" aria-hidden=\"true\" class=\"wp-block-spacer\"><\/div>\n\n\n\n<figure class=\"wp-block-image alignwide size-full is-style-rounded is-style-rounded--1\"><img loading=\"lazy\" decoding=\"async\" width=\"600\" height=\"395\" src=\"https:\/\/eleves.escl.fr\/wp2\/cuisine\/wp-content\/uploads\/sites\/13\/2025\/03\/image-venezuela.jpg\" alt=\"\" class=\"wp-image-313\" srcset=\"https:\/\/eleves.escl.fr\/wp2\/cuisine\/wp-content\/uploads\/sites\/13\/2025\/03\/image-venezuela.jpg 600w, https:\/\/eleves.escl.fr\/wp2\/cuisine\/wp-content\/uploads\/sites\/13\/2025\/03\/image-venezuela-300x198.jpg 300w\" sizes=\"auto, (max-width: 600px) 100vw, 600px\" \/><\/figure>\n<\/div>\n\n\n\n<p class=\"has-large-font-size\">ingr\u00e9dients <\/p>\n\n\n\n<p><\/p>\n\n\n\n<p>beurre<\/p>\n\n\n\n<p>sel<\/p>\n\n\n\n<p>2 poivrons<\/p>\n\n\n\n<p>1 poireau<\/p>\n\n\n\n<p>huile<\/p>\n\n\n\n<p><a href=\"https:\/\/www.marmiton.org\/shopping\/comment-choisir-et-utiliser-le-cumin-s4042563.html\"><\/a>cumin en poudre<\/p>\n\n\n\n<p><a href=\"https:\/\/www.marmiton.org\/shopping\/comment-choisir-et-bien-utiliser-le-safran-s4044624.html\"><\/a>safran<\/p>\n\n\n\n<p>5 oignons<\/p>\n\n\n\n<p>2 bouillon de boeuf<\/p>\n\n\n\n<p>poivre<\/p>\n\n\n\n<p>laurier<\/p>\n\n\n\n<p>herbes de Provence<\/p>\n\n\n\n<p>500 g de haricots noirs<\/p>\n\n\n\n<p>750 g de tomates pel\u00e9es en conserve<\/p>\n\n\n\n<p>c\u00e2pres<\/p>\n\n\n\n<p><\/p>\n\n\n\n<p><\/p>\n\n\n\n<p class=\"has-large-font-size\">pr\u00e9paration<\/p>\n\n\n\n<p>\u00c9tape 1<\/p>\n\n\n\n<p>PR\u00c9PARATION DES L\u00c9GUMES :<\/p>\n\n\n\n<p>\u00c9tape 2<\/p>\n\n\n\n<p>Eplucher les gousses d&rsquo;ail. Eplucher les oignons et les \u00e9mincer finement. Couper les poivrons en petits morceaux. D\u00e9tailler le poireau en petits morceaux.<\/p>\n\n\n\n<p>\u00c9tape 3<\/p>\n\n\n\n<p>PR\u00c9PARATION DE LA VIANDE :<\/p>\n\n\n\n<p>\u00c9tape 4<\/p>\n\n\n\n<p>Couper la viande en morceaux. Mettre un peu d&rsquo;eau (2 cm) au fond de la cocotte-minute, y d\u00e9poser la viande, saler. Faire cuire pendant 1\/2 heure environ. A la fin de la cuisson, sortir la viande et conserver le bouillon.<\/p>\n\n\n\n<p>\u00c9tape 5<\/p>\n\n\n\n<p>Lorsque la viande est refroidie, s\u00e9parer les fibres manuellement (c&rsquo;est un travail assez long mais c&rsquo;est essentiel pour la r\u00e9ussite du plat !).<\/p>\n\n\n\n<p>\u00c9tape 6<\/p>\n\n\n\n<p>CUISSON DES HARICOTS :<\/p>\n\n\n\n<p>\u00c9tape 7<\/p>\n\n\n\n<p>Dans le bouillon restant, faire cuire les haricots noirs avec un bouillon-cube dans la cocotte-minute pendant au moins 1\/4 d&rsquo;heure. V\u00e9rifier la cuisson : la prolonger si n\u00e9cessaire. Garder le bouillon (il n&rsquo;en reste pas beaucoup).<\/p>\n\n\n\n<p>\u00c9tape 8<\/p>\n\n\n\n<p>CUISSON DU RIZ :<\/p>\n\n\n\n<p>\u00c9tape 9<\/p>\n\n\n\n<p>Mettre un peu d&rsquo;huile dans une po\u00eale. Faire revenir quelques gousses d&rsquo;ail, 1\/3 des oignons, 1\/3 des poivrons, 1\/3 des poireaux. Ajouter le riz. Le faire rissoler quelques instants. Ajouter de l&rsquo;eau (environ 5 ou 6 verres). Saler et rajouter un bouillon-cube.<\/p>\n\n\n\n<p>\u00c9tape 10<\/p>\n\n\n\n<p>SAUCE POUR LA VIANDE :<\/p>\n\n\n\n<p>\u00c9tape 11<\/p>\n\n\n\n<p>Mettre un peu d&rsquo;huile dans une cocotte. Ajouter un peu de safran puis 1\/3 des oignons. Faire revenir quelques minutes. Ajouter ensuite 1\/3 des poivrons, une ou deux gousses d&rsquo;ail, 1\/3 du poireau. Laisser cuire. Quand le m\u00e9lange commence \u00e0 \u00eatre un peu cuit, ajouter les tomates. Faire cuire 5 mn environ. Ajouter la viande d\u00e9fibr\u00e9e. Epicer, saler, poivrer. Rajouter quelques c\u00e2pres et une tasse de bouillon de cuisson. Laisser cuire jusqu&rsquo;\u00e0 ce que l&rsquo;eau soit \u00e9vapor\u00e9e.<\/p>\n\n\n\n<p>\u00c9tape 12<\/p>\n\n\n\n<p>SAUCE POUR LES HARICOTS :<\/p>\n\n\n\n<p>\u00c9tape 13<\/p>\n\n\n\n<p>Mettre un peu d&rsquo;huile dans une po\u00eale ainsi qu&rsquo;un peu de safran. Faire revenir les l\u00e9gumes restants (oignons, poivrons, poireau, gousses d&rsquo;ail). Quand le m\u00e9lange est cuit, rajouter les \u00e9pices et les haricots. M\u00e9langer. Laisser cuire 5 mn environ jusqu&rsquo;\u00e0 ce que l&rsquo;eau soit \u00e9vapor\u00e9e.<\/p>\n\n\n\n<p>\u00c9tape 14<\/p>\n\n\n\n<p>CUISSON DES BANANES :<\/p>\n\n\n\n<p>\u00c9tape 15<\/p>\n\n\n\n<p>Couper les bananes en deux dans le sens de la longueur et les frire \u00e0 la po\u00eale.<\/p>\n\n\n\n<p>\u00c9tape 16<\/p>\n\n\n\n<p>PR\u00c9SENTATION :<\/p>\n\n\n\n<p>\u00c9tape 17<\/p>\n\n\n\n<p>Chaque convive disposera dans son assiette, un peu de viande, un peu de haricots, un peu de riz et une banane.<\/p>\n\n\n\n<p><\/p>\n","protected":false},"excerpt":{"rendered":"<p>pabell\u00f3n criollo ingr\u00e9dients beurre sel 2 poivrons 1 poireau huile cumin en poudre safran 5 oignons 2 bouillon de boeuf poivre laurier herbes de Provence 500 g de haricots noirs 750 g de tomates pel\u00e9es en conserve c\u00e2pres pr\u00e9paration \u00c9tape 1 PR\u00c9PARATION DES L\u00c9GUMES : \u00c9tape 2 Eplucher les gousses d&rsquo;ail. Eplucher les oignons et [&hellip;]<\/p>\n","protected":false},"author":12,"featured_media":0,"parent":27,"menu_order":0,"comment_status":"closed","ping_status":"closed","template":"","meta":{"footnotes":""},"class_list":["post-149","page","type-page","status-publish","hentry"],"_links":{"self":[{"href":"https:\/\/eleves.escl.fr\/wp2\/cuisine\/wp-json\/wp\/v2\/pages\/149","targetHints":{"allow":["GET"]}}],"collection":[{"href":"https:\/\/eleves.escl.fr\/wp2\/cuisine\/wp-json\/wp\/v2\/pages"}],"about":[{"href":"https:\/\/eleves.escl.fr\/wp2\/cuisine\/wp-json\/wp\/v2\/types\/page"}],"author":[{"embeddable":true,"href":"https:\/\/eleves.escl.fr\/wp2\/cuisine\/wp-json\/wp\/v2\/users\/12"}],"replies":[{"embeddable":true,"href":"https:\/\/eleves.escl.fr\/wp2\/cuisine\/wp-json\/wp\/v2\/comments?post=149"}],"version-history":[{"count":4,"href":"https:\/\/eleves.escl.fr\/wp2\/cuisine\/wp-json\/wp\/v2\/pages\/149\/revisions"}],"predecessor-version":[{"id":314,"href":"https:\/\/eleves.escl.fr\/wp2\/cuisine\/wp-json\/wp\/v2\/pages\/149\/revisions\/314"}],"up":[{"embeddable":true,"href":"https:\/\/eleves.escl.fr\/wp2\/cuisine\/wp-json\/wp\/v2\/pages\/27"}],"wp:attachment":[{"href":"https:\/\/eleves.escl.fr\/wp2\/cuisine\/wp-json\/wp\/v2\/media?parent=149"}],"curies":[{"name":"wp","href":"https:\/\/api.w.org\/{rel}","templated":true}]}}