{"id":165,"date":"2025-02-04T13:50:55","date_gmt":"2025-02-04T12:50:55","guid":{"rendered":"https:\/\/eleves.escl.fr\/wp2\/cuisine\/?page_id=165"},"modified":"2025-04-29T14:36:51","modified_gmt":"2025-04-29T12:36:51","slug":"benin","status":"publish","type":"page","link":"https:\/\/eleves.escl.fr\/wp2\/cuisine\/afrique\/benin\/","title":{"rendered":"B\u00e9nin"},"content":{"rendered":"\n<div class=\"wp-block-group alignfull has-global-padding is-layout-constrained wp-container-core-group-is-layout-490fa1db wp-block-group-is-layout-constrained\" style=\"padding-top:var(--wp--preset--spacing--50);padding-right:var(--wp--preset--spacing--50);padding-bottom:var(--wp--preset--spacing--50);padding-left:var(--wp--preset--spacing--50)\">\n<div class=\"wp-block-group has-global-padding is-layout-constrained wp-container-core-group-is-layout-650790e1 wp-block-group-is-layout-constrained\">\n<h2 class=\"wp-block-heading\">yovo doko<\/h2>\n<\/div>\n\n\n\n<div style=\"height:var(--wp--preset--spacing--30)\" aria-hidden=\"true\" class=\"wp-block-spacer\"><\/div>\n\n\n\n<figure class=\"wp-block-image alignwide size-full is-style-rounded is-style-rounded--1\"><img loading=\"lazy\" decoding=\"async\" width=\"660\" height=\"495\" src=\"https:\/\/eleves.escl.fr\/wp2\/cuisine\/wp-content\/uploads\/sites\/13\/2025\/03\/benin.webp\" alt=\"\" class=\"wp-image-289\" srcset=\"https:\/\/eleves.escl.fr\/wp2\/cuisine\/wp-content\/uploads\/sites\/13\/2025\/03\/benin.webp 660w, https:\/\/eleves.escl.fr\/wp2\/cuisine\/wp-content\/uploads\/sites\/13\/2025\/03\/benin-300x225.webp 300w\" sizes=\"auto, (max-width: 660px) 100vw, 660px\" \/><\/figure>\n<\/div>\n\n\n\n<p class=\"has-large-font-size\">Ingredient<\/p>\n\n\n\n<ul class=\"wp-block-list\">\n<li>Farine T55 <strong>500 g<\/strong><\/li>\n\n\n\n<li>Sucre <strong>150 g<\/strong><\/li>\n\n\n\n<li>Eau <strong>50 cl<\/strong><\/li>\n\n\n\n<li>Levure <strong>1 sachet(s)<\/strong><\/li>\n\n\n\n<li>Sucre vanill\u00e9 <strong>1 sachet(s)<\/strong><\/li>\n\n\n\n<li>Huile <strong>1 c. \u00e0 soupe<\/strong><\/li>\n\n\n\n<li>Sel <strong>1 pinc\u00e9e(s)<\/strong><\/li>\n<\/ul>\n\n\n\n<p class=\"has-large-font-size\">Etape<\/p>\n\n\n\n<ul class=\"wp-block-list\">\n<li>\u00c9tape 1 D\u00e9layez la levure et le sucre dans de l&rsquo;eau ti\u00e8de.<\/li>\n\n\n\n<li>\u00c9tape 2 Dans un saladier, m\u00e9langez la farine, le sel et l\u2019huile. Puis incorporez le m\u00e9lange de l\u2019\u00e9tape 1.<\/li>\n\n\n\n<li>\u00c9tape 3 P\u00e9trissez jusqu\u2019\u00e0 obtenir un belle boule de p\u00e2te.<\/li>\n\n\n\n<li>\u00c9tape 4 Placez cette boule dans un saladier, couvrez et laisser reposer au moins 2h.<\/li>\n\n\n\n<li>\u00c9tape 5 Dans une casserole, faites chauffer l&rsquo;huile de cuisson. Pendant ce temps, fa\u00e7onnez \u00e0 la main vos beignets.<\/li>\n\n\n\n<li>\u00c9tape 6 Immergez vos boules de p\u00e2te pendant 5 minutes dans l\u2019huile. Elles sont cuites lorsque la cro\u00fbte est bien dor\u00e9e.<\/li>\n\n\n\n<li>\u00c9tape 7 \u00c9gouttez sur du papier absorbant, et r\u00e9galez vous !<\/li>\n<\/ul>\n\n\n\n<p><a href=\"https:\/\/boutique.cuisineaz.com\/?code=SIEDIVCAZRECETTES&amp;utm_medium=sites-editos&amp;utm_source=caz-fr&amp;utm_campaign=abo-caz&amp;utm_content=recettes-caz\" target=\"_blank\" rel=\"noreferrer noopener\"><\/a><\/p>\n","protected":false},"excerpt":{"rendered":"<p>yovo doko Ingredient Etape<\/p>\n","protected":false},"author":12,"featured_media":0,"parent":30,"menu_order":0,"comment_status":"closed","ping_status":"closed","template":"","meta":{"footnotes":""},"class_list":["post-165","page","type-page","status-publish","hentry"],"_links":{"self":[{"href":"https:\/\/eleves.escl.fr\/wp2\/cuisine\/wp-json\/wp\/v2\/pages\/165","targetHints":{"allow":["GET"]}}],"collection":[{"href":"https:\/\/eleves.escl.fr\/wp2\/cuisine\/wp-json\/wp\/v2\/pages"}],"about":[{"href":"https:\/\/eleves.escl.fr\/wp2\/cuisine\/wp-json\/wp\/v2\/types\/page"}],"author":[{"embeddable":true,"href":"https:\/\/eleves.escl.fr\/wp2\/cuisine\/wp-json\/wp\/v2\/users\/12"}],"replies":[{"embeddable":true,"href":"https:\/\/eleves.escl.fr\/wp2\/cuisine\/wp-json\/wp\/v2\/comments?post=165"}],"version-history":[{"count":5,"href":"https:\/\/eleves.escl.fr\/wp2\/cuisine\/wp-json\/wp\/v2\/pages\/165\/revisions"}],"predecessor-version":[{"id":420,"href":"https:\/\/eleves.escl.fr\/wp2\/cuisine\/wp-json\/wp\/v2\/pages\/165\/revisions\/420"}],"up":[{"embeddable":true,"href":"https:\/\/eleves.escl.fr\/wp2\/cuisine\/wp-json\/wp\/v2\/pages\/30"}],"wp:attachment":[{"href":"https:\/\/eleves.escl.fr\/wp2\/cuisine\/wp-json\/wp\/v2\/media?parent=165"}],"curies":[{"name":"wp","href":"https:\/\/api.w.org\/{rel}","templated":true}]}}