{"id":168,"date":"2025-02-04T13:51:50","date_gmt":"2025-02-04T12:51:50","guid":{"rendered":"https:\/\/eleves.escl.fr\/wp2\/cuisine\/?page_id=168"},"modified":"2025-04-01T13:31:36","modified_gmt":"2025-04-01T11:31:36","slug":"cameroun","status":"publish","type":"page","link":"https:\/\/eleves.escl.fr\/wp2\/cuisine\/afrique\/cameroun\/","title":{"rendered":"Cameroun"},"content":{"rendered":"\n<div class=\"wp-block-group alignfull has-global-padding is-layout-constrained wp-container-core-group-is-layout-490fa1db wp-block-group-is-layout-constrained\" style=\"padding-top:var(--wp--preset--spacing--50);padding-right:var(--wp--preset--spacing--50);padding-bottom:var(--wp--preset--spacing--50);padding-left:var(--wp--preset--spacing--50)\">\n<div class=\"wp-block-group has-global-padding is-layout-constrained wp-container-core-group-is-layout-650790e1 wp-block-group-is-layout-constrained\">\n<h2 class=\"wp-block-heading\">nkui<\/h2>\n\n\n\n<p><\/p>\n<\/div>\n\n\n\n<div style=\"height:var(--wp--preset--spacing--30)\" aria-hidden=\"true\" class=\"wp-block-spacer\"><\/div>\n\n\n\n<figure class=\"wp-block-image alignwide size-full is-style-rounded is-style-rounded--1\"><img loading=\"lazy\" decoding=\"async\" width=\"1105\" height=\"627\" src=\"https:\/\/eleves.escl.fr\/wp2\/cuisine\/wp-content\/uploads\/sites\/13\/2025\/03\/cameroun.png\" alt=\"\" class=\"wp-image-293\" srcset=\"https:\/\/eleves.escl.fr\/wp2\/cuisine\/wp-content\/uploads\/sites\/13\/2025\/03\/cameroun.png 1105w, https:\/\/eleves.escl.fr\/wp2\/cuisine\/wp-content\/uploads\/sites\/13\/2025\/03\/cameroun-300x170.png 300w, https:\/\/eleves.escl.fr\/wp2\/cuisine\/wp-content\/uploads\/sites\/13\/2025\/03\/cameroun-1024x581.png 1024w, https:\/\/eleves.escl.fr\/wp2\/cuisine\/wp-content\/uploads\/sites\/13\/2025\/03\/cameroun-768x436.png 768w\" sizes=\"auto, (max-width: 1105px) 100vw, 1105px\" \/><\/figure>\n<\/div>\n\n\n\n<div class=\"wp-block-group alignfull has-base-2-background-color has-background has-global-padding is-layout-constrained wp-container-core-group-is-layout-669513ed wp-block-group-is-layout-constrained\" style=\"margin-top:0;margin-bottom:0;padding-top:var(--wp--preset--spacing--50);padding-right:var(--wp--preset--spacing--50);padding-bottom:var(--wp--preset--spacing--50);padding-left:var(--wp--preset--spacing--50)\">\n<div class=\"wp-block-group is-vertical is-content-justification-center is-layout-flex wp-container-core-group-is-layout-52b864f0 wp-block-group-is-layout-flex\">\n<p class=\"has-text-align-center has-large-font-size\">Ingredients<\/p>\n\n\n\n<ul class=\"wp-block-list\">\n<li>Des tiges de Nkui(\u00e9corces de triumfetta pentandra)<\/li>\n\n\n\n<li>Olom ou Hiomi (\u00e9corces de l&rsquo;arbre ail\/scorodophloeus zenkeri)<\/li>\n\n\n\n<li>Mendak (graines de Monodora myristica)<\/li>\n\n\n\n<li>Melam(petits fruits voisins du poivre)<\/li>\n\n\n\n<li>Ns\u00e0 nshu(petits fruits voisins du poivre)<\/li>\n\n\n\n<li>Ns\u00f9&rsquo;nfl\u00f9(fragments d&rsquo;une racine tortueuse gris\u00e2tre)<\/li>\n\n\n\n<li>S\u00f9s\u00f9e (aubergines locales)<\/li>\n\n\n\n<li>Tsh\u00f9tshe ( fruit du Tetrapleura tetraptera)<\/li>\n\n\n\n<li>S\u00f4 (poivre sauvage)<\/li>\n\n\n\n<li>Tshii (petits fruits s\u00e9ch\u00e9s de couleur marron)<\/li>\n\n\n\n<li>Nga&rsquo;lomsi (racines de\u00a0Monodora myristica)<\/li>\n\n\n\n<li>Nga&rsquo;n\u00e0, o fhuihu (petites racines rouge\u00e2tres)<\/li>\n\n\n\n<li>Lom nkak (Afrostyrax lepidophyllus)<\/li>\n\n\n\n<li>Soh (Capsicum frutescens)<\/li>\n\n\n\n<li>Ntshop (lessive ou vinaigre de cendres)<\/li>\n\n\n\n<li>Du sel gemme,\u00a0<\/li>\n\n\n\n<li>Condiments (ngachu&rsquo;u, lepka&rsquo;ah, diepse&rsquo;eh, zehfe, l&rsquo;\u00e9corce de lep, sisieu, fruits de lep),<\/li>\n\n\n\n<li>Sel\u00a0<\/li>\n\n\n\n<li>Piment<\/li>\n<\/ul>\n<\/div>\n\n\n\n<p class=\"has-text-align-center has-large-font-size\">Etapes<\/p>\n\n\n\n<p>&nbsp;Nettoyer les tiges de Nkui en enlevant leurs \u00e9corces. Attacher ces tiges en forme de paquet&nbsp; et tremper les dans un peu d&rsquo;eau chaude pendant une quinzaine de minutes. Ceci pour faciliter la production de la mati\u00e8re gluante.<\/p>\n\n\n\n<p>Entretemps, \u00e9craser les condiments en commen\u00e7ant par les plus durs comme l&rsquo;\u00e9corce de l&rsquo;arbre \u00e0 ail&nbsp; et les fruits, les grains de \u00ab\u00a0Mendak\u00a0\u00bb et de \u00ab\u00a0Tsh\u00f9tshe\u00a0\u00bb l\u00e9g\u00e8rement flamb\u00e9s ou grill\u00e9s. pour augmenter l&rsquo;ar\u00f4me.La mati\u00e8re gluante de la sauce de \u00ab\u00a0Nkui\u00a0\u00bb est obtenue en frottant ensemble les \u00e9corces de nkui mises pr\u00e9alablement \u00e0 mac\u00e9rer.<\/p>\n\n\n\n<p>Cette mati\u00e8re gluante est transvas\u00e9e dans une autre assiette ou dans la marmite ayant servi \u00e0 la cuisson du couscous de&nbsp;ma\u00efs, l&rsquo;extraction continue jusqu&rsquo;\u00e0 obtention de la quantit\u00e9 voulue, en y ajoutant s&rsquo;il faut de l&rsquo;eau ti\u00e8de ou froide. L&rsquo;extraction finie, la couleur du gluant est en fonction de la nature du nkui utilis\u00e9.<\/p>\n\n\n\n<p>Dans une marmite et sur un feu tr\u00e8s doux, la mati\u00e8re gluante est battue vigoureusement avec la main droite pendant un certain temps avant d&rsquo;ajouter, tout en continuant \u00e0 battre les condiments \u00e9cras\u00e9s , puis le vinaigre de cendres et le sel gemme pr\u00e9alablement dissout dans un peu d&rsquo;eau, jusqu&rsquo;\u00e0 obtenir un m\u00e9lange homog\u00e8ne.<\/p>\n\n\n\n<div style=\"margin-top:0;margin-bottom:0;height:var(--wp--preset--spacing--40)\" aria-hidden=\"true\" class=\"wp-block-spacer\"><\/div>\n<\/div>\n","protected":false},"excerpt":{"rendered":"<p>nkui Ingredients Etapes &nbsp;Nettoyer les tiges de Nkui en enlevant leurs \u00e9corces. Attacher ces tiges en forme de paquet&nbsp; et tremper les dans un peu d&rsquo;eau chaude pendant une quinzaine de minutes. Ceci pour faciliter la production de la mati\u00e8re gluante. Entretemps, \u00e9craser les condiments en commen\u00e7ant par les plus durs comme l&rsquo;\u00e9corce de l&rsquo;arbre [&hellip;]<\/p>\n","protected":false},"author":12,"featured_media":0,"parent":30,"menu_order":0,"comment_status":"closed","ping_status":"closed","template":"","meta":{"footnotes":""},"class_list":["post-168","page","type-page","status-publish","hentry"],"_links":{"self":[{"href":"https:\/\/eleves.escl.fr\/wp2\/cuisine\/wp-json\/wp\/v2\/pages\/168","targetHints":{"allow":["GET"]}}],"collection":[{"href":"https:\/\/eleves.escl.fr\/wp2\/cuisine\/wp-json\/wp\/v2\/pages"}],"about":[{"href":"https:\/\/eleves.escl.fr\/wp2\/cuisine\/wp-json\/wp\/v2\/types\/page"}],"author":[{"embeddable":true,"href":"https:\/\/eleves.escl.fr\/wp2\/cuisine\/wp-json\/wp\/v2\/users\/12"}],"replies":[{"embeddable":true,"href":"https:\/\/eleves.escl.fr\/wp2\/cuisine\/wp-json\/wp\/v2\/comments?post=168"}],"version-history":[{"count":4,"href":"https:\/\/eleves.escl.fr\/wp2\/cuisine\/wp-json\/wp\/v2\/pages\/168\/revisions"}],"predecessor-version":[{"id":355,"href":"https:\/\/eleves.escl.fr\/wp2\/cuisine\/wp-json\/wp\/v2\/pages\/168\/revisions\/355"}],"up":[{"embeddable":true,"href":"https:\/\/eleves.escl.fr\/wp2\/cuisine\/wp-json\/wp\/v2\/pages\/30"}],"wp:attachment":[{"href":"https:\/\/eleves.escl.fr\/wp2\/cuisine\/wp-json\/wp\/v2\/media?parent=168"}],"curies":[{"name":"wp","href":"https:\/\/api.w.org\/{rel}","templated":true}]}}