{"id":175,"date":"2025-02-04T13:53:28","date_gmt":"2025-02-04T12:53:28","guid":{"rendered":"https:\/\/eleves.escl.fr\/wp2\/cuisine\/?page_id=175"},"modified":"2025-04-01T13:36:23","modified_gmt":"2025-04-01T11:36:23","slug":"ile-maurice","status":"publish","type":"page","link":"https:\/\/eleves.escl.fr\/wp2\/cuisine\/afrique\/ile-maurice\/","title":{"rendered":"Ile Maurice"},"content":{"rendered":"\n<div class=\"wp-block-group alignfull has-global-padding is-layout-constrained wp-container-core-group-is-layout-490fa1db wp-block-group-is-layout-constrained\" style=\"padding-top:var(--wp--preset--spacing--50);padding-right:var(--wp--preset--spacing--50);padding-bottom:var(--wp--preset--spacing--50);padding-left:var(--wp--preset--spacing--50)\">\n<div class=\"wp-block-group has-global-padding is-layout-constrained wp-container-core-group-is-layout-650790e1 wp-block-group-is-layout-constrained\">\n<h2 class=\"wp-block-heading\">le biryani<\/h2>\n<\/div>\n\n\n\n<div style=\"height:37px\" aria-hidden=\"true\" class=\"wp-block-spacer\"><\/div>\n\n\n\n<figure class=\"wp-block-image alignwide size-full is-style-rounded is-style-rounded--1\"><img loading=\"lazy\" decoding=\"async\" width=\"1920\" height=\"1280\" src=\"https:\/\/eleves.escl.fr\/wp2\/cuisine\/wp-content\/uploads\/sites\/13\/2025\/03\/zoom-biryani-typical-dish-mauritius-2.jpg\" alt=\"\" class=\"wp-image-304\" srcset=\"https:\/\/eleves.escl.fr\/wp2\/cuisine\/wp-content\/uploads\/sites\/13\/2025\/03\/zoom-biryani-typical-dish-mauritius-2.jpg 1920w, https:\/\/eleves.escl.fr\/wp2\/cuisine\/wp-content\/uploads\/sites\/13\/2025\/03\/zoom-biryani-typical-dish-mauritius-2-300x200.jpg 300w, https:\/\/eleves.escl.fr\/wp2\/cuisine\/wp-content\/uploads\/sites\/13\/2025\/03\/zoom-biryani-typical-dish-mauritius-2-1024x683.jpg 1024w, https:\/\/eleves.escl.fr\/wp2\/cuisine\/wp-content\/uploads\/sites\/13\/2025\/03\/zoom-biryani-typical-dish-mauritius-2-768x512.jpg 768w, https:\/\/eleves.escl.fr\/wp2\/cuisine\/wp-content\/uploads\/sites\/13\/2025\/03\/zoom-biryani-typical-dish-mauritius-2-1536x1024.jpg 1536w\" sizes=\"auto, (max-width: 1920px) 100vw, 1920px\" \/><\/figure>\n<\/div>\n\n\n\n<p class=\"has-large-font-size\">Ingr\u00e9dients<\/p>\n\n\n\n<ul class=\"wp-block-list\">\n<li>450 g de viande de b\u0153uf coup\u00e9e en gros d\u00e9s<\/li>\n\n\n\n<li>1 tasse de menthe fra\u00eeche cisel\u00e9e<\/li>\n\n\n\n<li>1 tasse de coriandre fra\u00eeche cisel\u00e9e<\/li>\n\n\n\n<li>1 petit pot de yaourt nature<\/li>\n\n\n\n<li>4 c-\u00e0-s d&rsquo;\u00e9pices de Byriani (1 b\u00e2ton de cannelle, 5 cardamomes, 2 c-\u00e0-s de graines de cumin, 2 piments verts coup\u00e9s en deux, 1\/2 c-\u00e0-c de gingembre frais r\u00e2p\u00e9, 1\/2 c-\u00e0-c de poivre)<\/li>\n\n\n\n<li>1 c-\u00e0-c d&rsquo;ail \u00e9cras\u00e9<\/li>\n\n\n\n<li>1 c-\u00e0-s de filaments de safran oriental<\/li>\n\n\n\n<li>4 clous de girofle<\/li>\n\n\n\n<li>3 tasses de riz<\/li>\n\n\n\n<li>3 tasses d&rsquo;eau<\/li>\n\n\n\n<li>3 c-\u00e0-s de ghee (beurre clarifi\u00e9)<\/li>\n\n\n\n<li>2 gros oignons \u00e9minc\u00e9s<\/li>\n\n\n\n<li>1 c-\u00e0-c de curcuma en poudre<\/li>\n\n\n\n<li>1 bonne pinc\u00e9e de sel<\/li>\n\n\n\n<li>1 pinc\u00e9e de poudre de couleur jaune dilu\u00e9e dans une 1\/2 tasse d&rsquo;eau froide<\/li>\n\n\n\n<li>2 grosses pommes de terre coup\u00e9es en\u00a0<\/li>\n<\/ul>\n\n\n\n<p class=\"has-large-font-size\">Etapes<\/p>\n\n\n\n<ol class=\"wp-block-list\">\n<li>M\u00e9langer dans un grand bol les d\u00e9s de b\u0153uf, le yaourt, la menthe, la coriandre, les \u00e9pices de Byriani, l&rsquo;ail et les clous de girofle. Laisser mariner une journ\u00e9e.<\/li>\n\n\n\n<li>\u00c9plucher les pommes de terre, les couper en 6 morceaux et les m\u00e9langer dans un bol avec du curcuma.<\/li>\n\n\n\n<li>Mettre du ghee (beurre clarifi\u00e9) dans une po\u00eale sur feu doux et y faire dorer les pommes de terre. R\u00e9server les pommes de terre.<\/li>\n\n\n\n<li>Dans la m\u00eame po\u00eale, faire frire les oignons jusqu&rsquo;\u00e0 qu&rsquo;ils soient bien dor\u00e9s et croustillants.<\/li>\n\n\n\n<li>Laver le riz et tremper les filaments de safran oriental dans une cuill\u00e8re \u00e0 soupe d&rsquo;eau chaude.<\/li>\n\n\n\n<li>Verser dans le r\u00e9cipient de votre autocuiseur (\u00ab\u00a0rice cooker\u00a0\u00bb) la marinade \u00e0 base de b\u0153uf m\u00e9lang\u00e9 avec du sel. Mettre ensuite 1\/3 de riz, la moiti\u00e9 des pommes de terre et la moiti\u00e9 des oignons. Puis recommencer en mettant 1\/3 de riz et enfin le reste des pommes de terre, des oignons et du ghee fondu. Recouvrir ensuite avec le riz.<\/li>\n\n\n\n<li>Verser les 3 tasses d&rsquo;eau et les filaments de safran oriental dilu\u00e9s.<\/li>\n\n\n\n<li>Laisser cuire 30 \u00e0 40 minutes. Et ajouter ensuite la poudre de couleur jaune dilu\u00e9e dans \u00bd tasse d&rsquo;eau froide et quelques noisettes de beurre.<\/li>\n\n\n\n<li>Laisser ensuite l\u2019autocuiseur couvert en mode \u00ab\u00a0maintenir au chaud\u00a0\u00bb jusqu\u2019\u00e0 d\u00e9gustation.<\/li>\n<\/ol>\n","protected":false},"excerpt":{"rendered":"<p>le biryani Ingr\u00e9dients Etapes<\/p>\n","protected":false},"author":12,"featured_media":0,"parent":30,"menu_order":0,"comment_status":"closed","ping_status":"closed","template":"","meta":{"footnotes":""},"class_list":["post-175","page","type-page","status-publish","hentry"],"_links":{"self":[{"href":"https:\/\/eleves.escl.fr\/wp2\/cuisine\/wp-json\/wp\/v2\/pages\/175","targetHints":{"allow":["GET"]}}],"collection":[{"href":"https:\/\/eleves.escl.fr\/wp2\/cuisine\/wp-json\/wp\/v2\/pages"}],"about":[{"href":"https:\/\/eleves.escl.fr\/wp2\/cuisine\/wp-json\/wp\/v2\/types\/page"}],"author":[{"embeddable":true,"href":"https:\/\/eleves.escl.fr\/wp2\/cuisine\/wp-json\/wp\/v2\/users\/12"}],"replies":[{"embeddable":true,"href":"https:\/\/eleves.escl.fr\/wp2\/cuisine\/wp-json\/wp\/v2\/comments?post=175"}],"version-history":[{"count":5,"href":"https:\/\/eleves.escl.fr\/wp2\/cuisine\/wp-json\/wp\/v2\/pages\/175\/revisions"}],"predecessor-version":[{"id":359,"href":"https:\/\/eleves.escl.fr\/wp2\/cuisine\/wp-json\/wp\/v2\/pages\/175\/revisions\/359"}],"up":[{"embeddable":true,"href":"https:\/\/eleves.escl.fr\/wp2\/cuisine\/wp-json\/wp\/v2\/pages\/30"}],"wp:attachment":[{"href":"https:\/\/eleves.escl.fr\/wp2\/cuisine\/wp-json\/wp\/v2\/media?parent=175"}],"curies":[{"name":"wp","href":"https:\/\/api.w.org\/{rel}","templated":true}]}}