{"id":189,"date":"2025-02-04T14:00:30","date_gmt":"2025-02-04T13:00:30","guid":{"rendered":"https:\/\/eleves.escl.fr\/wp2\/cuisine\/?page_id=189"},"modified":"2025-04-01T13:56:25","modified_gmt":"2025-04-01T11:56:25","slug":"australie","status":"publish","type":"page","link":"https:\/\/eleves.escl.fr\/wp2\/cuisine\/oceanie\/australie\/","title":{"rendered":"Australie"},"content":{"rendered":"\n<div class=\"wp-block-group alignfull has-global-padding is-layout-constrained wp-container-core-group-is-layout-490fa1db wp-block-group-is-layout-constrained\" style=\"padding-top:var(--wp--preset--spacing--50);padding-right:var(--wp--preset--spacing--50);padding-bottom:var(--wp--preset--spacing--50);padding-left:var(--wp--preset--spacing--50)\">\n<div class=\"wp-block-group has-global-padding is-layout-constrained wp-container-core-group-is-layout-650790e1 wp-block-group-is-layout-constrained\">\n<h1 class=\"wp-block-heading has-text-align-center has-x-large-font-size\">pavlova<\/h1>\n\n\n\n<p class=\"has-text-align-center\"><\/p>\n<\/div>\n\n\n\n<div style=\"height:var(--wp--preset--spacing--30)\" aria-hidden=\"true\" class=\"wp-block-spacer\"><\/div>\n\n\n\n<figure class=\"wp-block-image alignwide size-full is-style-rounded is-style-rounded--1\"><img loading=\"lazy\" decoding=\"async\" width=\"850\" height=\"1275\" src=\"https:\/\/eleves.escl.fr\/wp2\/cuisine\/wp-content\/uploads\/sites\/13\/2025\/04\/pavlova_fruits_rouges.webp\" alt=\"\" class=\"wp-image-368\" srcset=\"https:\/\/eleves.escl.fr\/wp2\/cuisine\/wp-content\/uploads\/sites\/13\/2025\/04\/pavlova_fruits_rouges.webp 850w, https:\/\/eleves.escl.fr\/wp2\/cuisine\/wp-content\/uploads\/sites\/13\/2025\/04\/pavlova_fruits_rouges-200x300.webp 200w, https:\/\/eleves.escl.fr\/wp2\/cuisine\/wp-content\/uploads\/sites\/13\/2025\/04\/pavlova_fruits_rouges-683x1024.webp 683w, https:\/\/eleves.escl.fr\/wp2\/cuisine\/wp-content\/uploads\/sites\/13\/2025\/04\/pavlova_fruits_rouges-768x1152.webp 768w\" sizes=\"auto, (max-width: 850px) 100vw, 850px\" \/><\/figure>\n<\/div>\n\n\n\n<div class=\"wp-block-group alignfull has-global-padding is-layout-constrained wp-container-core-group-is-layout-d89aad35 wp-block-group-is-layout-constrained\" style=\"margin-top:0;margin-bottom:0;padding-top:var(--wp--preset--spacing--50);padding-right:var(--wp--preset--spacing--50);padding-bottom:var(--wp--preset--spacing--50);padding-left:var(--wp--preset--spacing--50)\">\n<div class=\"wp-block-group alignwide has-base-2-background-color has-background has-global-padding is-layout-constrained wp-container-core-group-is-layout-39412042 wp-block-group-is-layout-constrained\" style=\"border-radius:16px;padding-top:var(--wp--preset--spacing--40);padding-right:var(--wp--preset--spacing--50);padding-bottom:var(--wp--preset--spacing--40);padding-left:var(--wp--preset--spacing--50)\">\n<h2 class=\"wp-block-heading has-text-align-center has-x-large-font-size\">ingr\u00e9dients <\/h2>\n\n\n\n<ul class=\"wp-block-list\">\n<li>6 blancs d&rsquo;\u0153ufs<\/li>\n\n\n\n<li>340 g de sucre<\/li>\n\n\n\n<li>1,5 c. \u00e0 soupe de ma\u00efzena<\/li>\n\n\n\n<li>1,5 c. \u00e0 caf\u00e9 de vinaigre<\/li>\n<\/ul>\n\n\n\n<h3 class=\"wp-block-heading\">Pour la garniture&nbsp;:<\/h3>\n\n\n\n<ul class=\"wp-block-list\">\n<li>25 g de sucre glace<\/li>\n\n\n\n<li>25 cl de cr\u00e8me liquide<\/li>\n\n\n\n<li>Fruits au choix<\/li>\n<\/ul>\n<\/div>\n\n\n\n<p><\/p>\n\n\n\n<div class=\"wp-block-group alignwide has-base-2-background-color has-background has-global-padding is-layout-constrained wp-container-core-group-is-layout-39412042 wp-block-group-is-layout-constrained\" style=\"border-radius:16px;padding-top:var(--wp--preset--spacing--40);padding-right:var(--wp--preset--spacing--50);padding-bottom:var(--wp--preset--spacing--40);padding-left:var(--wp--preset--spacing--50)\">\n<p> <strong>pr\u00e9paration <\/strong><\/p>\n\n\n\n<p>\u00a0Montez les blancs d&rsquo;\u0153ufs en neige tr\u00e8s ferme \u00e0 l\u2019aide d\u2019un batteur \u00e9lectrique.<\/p>\n\n\n\n<p>incorporez progressivement le sucre en fouettant, puis le vinaigre et la ma\u00efzena, jusqu\u2019\u00e0 obtenir une meringue brillante.<\/p>\n\n\n\n<p>\u00a0D\u00e9posez la en cercle de 10 cm d\u2019\u00e9paisseur environ sur une plaque en silicone ou graiss\u00e9e.<\/p>\n\n\n\n<p>\u00a0faites cuire 1h15 dans le four pr\u00e9chauff\u00e9 \u00e0 130\u00b0C. Laissez refroidir \u00e0 la sortie.<\/p>\n\n\n\n<p>\u00a0Montez la cr\u00e8me en chantilly avec le sucre glace et recouvrez-en la meringue environ 1h avant le service. D\u00e9corez de fruits et r\u00e9servez au frigo.<\/p>\n\n\n\n<ol class=\"wp-block-list\"><\/ol>\n<\/div>\n<\/div>\n\n\n\n<p><\/p>\n","protected":false},"excerpt":{"rendered":"<p>pavlova ingr\u00e9dients Pour la garniture&nbsp;: pr\u00e9paration \u00a0Montez les blancs d&rsquo;\u0153ufs en neige tr\u00e8s ferme \u00e0 l\u2019aide d\u2019un batteur \u00e9lectrique. incorporez progressivement le sucre en fouettant, puis le vinaigre et la ma\u00efzena, jusqu\u2019\u00e0 obtenir une meringue brillante. \u00a0D\u00e9posez la en cercle de 10 cm d\u2019\u00e9paisseur environ sur une plaque en silicone ou graiss\u00e9e. \u00a0faites cuire 1h15 [&hellip;]<\/p>\n","protected":false},"author":12,"featured_media":0,"parent":36,"menu_order":0,"comment_status":"closed","ping_status":"closed","template":"","meta":{"footnotes":""},"class_list":["post-189","page","type-page","status-publish","hentry"],"_links":{"self":[{"href":"https:\/\/eleves.escl.fr\/wp2\/cuisine\/wp-json\/wp\/v2\/pages\/189","targetHints":{"allow":["GET"]}}],"collection":[{"href":"https:\/\/eleves.escl.fr\/wp2\/cuisine\/wp-json\/wp\/v2\/pages"}],"about":[{"href":"https:\/\/eleves.escl.fr\/wp2\/cuisine\/wp-json\/wp\/v2\/types\/page"}],"author":[{"embeddable":true,"href":"https:\/\/eleves.escl.fr\/wp2\/cuisine\/wp-json\/wp\/v2\/users\/12"}],"replies":[{"embeddable":true,"href":"https:\/\/eleves.escl.fr\/wp2\/cuisine\/wp-json\/wp\/v2\/comments?post=189"}],"version-history":[{"count":4,"href":"https:\/\/eleves.escl.fr\/wp2\/cuisine\/wp-json\/wp\/v2\/pages\/189\/revisions"}],"predecessor-version":[{"id":369,"href":"https:\/\/eleves.escl.fr\/wp2\/cuisine\/wp-json\/wp\/v2\/pages\/189\/revisions\/369"}],"up":[{"embeddable":true,"href":"https:\/\/eleves.escl.fr\/wp2\/cuisine\/wp-json\/wp\/v2\/pages\/36"}],"wp:attachment":[{"href":"https:\/\/eleves.escl.fr\/wp2\/cuisine\/wp-json\/wp\/v2\/media?parent=189"}],"curies":[{"name":"wp","href":"https:\/\/api.w.org\/{rel}","templated":true}]}}