{"id":30,"date":"2025-01-21T13:51:30","date_gmt":"2025-01-21T12:51:30","guid":{"rendered":"https:\/\/eleves.escl.fr\/wp2\/cuisine\/?page_id=30"},"modified":"2025-04-29T13:36:08","modified_gmt":"2025-04-29T11:36:08","slug":"afrique","status":"publish","type":"page","link":"https:\/\/eleves.escl.fr\/wp2\/cuisine\/afrique\/","title":{"rendered":"Afrique"},"content":{"rendered":"\n<div class=\"wp-block-group alignfull has-global-padding is-layout-constrained wp-container-core-group-is-layout-490fa1db wp-block-group-is-layout-constrained\" style=\"padding-top:var(--wp--preset--spacing--50);padding-right:var(--wp--preset--spacing--50);padding-bottom:var(--wp--preset--spacing--50);padding-left:var(--wp--preset--spacing--50)\">\n<div class=\"wp-block-group has-global-padding is-layout-constrained wp-container-core-group-is-layout-650790e1 wp-block-group-is-layout-constrained\">\n<h1 class=\"wp-block-heading has-text-align-center has-x-large-font-size\"><\/h1>\n\n\n\n<div style=\"height:1.25rem\" aria-hidden=\"true\" class=\"wp-block-spacer\"><\/div>\n\n\n\n<p class=\"has-text-align-left\"><a href=\"https:\/\/eleves.escl.fr\/wp2\/cuisine\/afrique\/afrique-du-sud\/\" data-type=\"page\" data-id=\"156\">Afrique du sud <\/a><\/p>\n\n\n\n<p><a href=\"https:\/\/eleves.escl.fr\/wp2\/cuisine\/afrique\/algerie\/\" data-type=\"page\" data-id=\"159\">Alg\u00e9rie<\/a><\/p>\n\n\n\n<p><a href=\"https:\/\/eleves.escl.fr\/wp2\/cuisine\/afrique\/maroc\/\" data-type=\"page\" data-id=\"162\">Maroc<\/a><\/p>\n\n\n\n<p><a href=\"https:\/\/eleves.escl.fr\/wp2\/cuisine\/afrique\/benin\/\" data-type=\"page\" data-id=\"165\">Benin <\/a><\/p>\n\n\n\n<p><a href=\"https:\/\/eleves.escl.fr\/wp2\/cuisine\/afrique\/cameroun\/\" data-type=\"page\" data-id=\"168\">Cameroun <\/a><\/p>\n\n\n\n<p><a href=\"https:\/\/eleves.escl.fr\/wp2\/cuisine\/afrique\/cote-divoire\/\" data-type=\"page\" data-id=\"172\">Cote d&rsquo;ivoire <\/a><\/p>\n\n\n\n<p><a href=\"https:\/\/eleves.escl.fr\/wp2\/cuisine\/afrique\/ile-maurice\/\" data-type=\"page\" data-id=\"175\">Ile Maurice<\/a><\/p>\n\n\n\n<p><a href=\"https:\/\/eleves.escl.fr\/wp2\/cuisine\/afrique\/senegal\/\" data-type=\"page\" data-id=\"179\">S\u00e9n\u00e9gal<\/a><\/p>\n\n\n\n<p><a href=\"https:\/\/eleves.escl.fr\/wp2\/cuisine\/afrique\/tunisie\/\" data-type=\"page\" data-id=\"182\">Tunisie  <\/a><\/p>\n\n\n\n<p><\/p>\n\n\n\n<div style=\"height:1.25rem\" aria-hidden=\"true\" class=\"wp-block-spacer\"><\/div>\n<\/div>\n\n\n\n<div style=\"height:var(--wp--preset--spacing--30)\" aria-hidden=\"true\" class=\"wp-block-spacer\"><\/div>\n\n\n\n<figure class=\"wp-block-image alignwide size-full is-style-rounded is-style-rounded--1\"><img loading=\"lazy\" decoding=\"async\" width=\"960\" height=\"640\" src=\"https:\/\/eleves.escl.fr\/wp2\/cuisine\/wp-content\/uploads\/sites\/13\/2025\/04\/afrique-2.jpeg\" alt=\"\" class=\"wp-image-379\" srcset=\"https:\/\/eleves.escl.fr\/wp2\/cuisine\/wp-content\/uploads\/sites\/13\/2025\/04\/afrique-2.jpeg 960w, https:\/\/eleves.escl.fr\/wp2\/cuisine\/wp-content\/uploads\/sites\/13\/2025\/04\/afrique-2-300x200.jpeg 300w, https:\/\/eleves.escl.fr\/wp2\/cuisine\/wp-content\/uploads\/sites\/13\/2025\/04\/afrique-2-768x512.jpeg 768w\" sizes=\"auto, (max-width: 960px) 100vw, 960px\" \/><\/figure>\n<\/div>\n","protected":false},"excerpt":{"rendered":"<p>Afrique du sud Alg\u00e9rie Maroc Benin Cameroun Cote d&rsquo;ivoire Ile Maurice S\u00e9n\u00e9gal Tunisie<\/p>\n","protected":false},"author":12,"featured_media":0,"parent":0,"menu_order":0,"comment_status":"closed","ping_status":"closed","template":"","meta":{"footnotes":""},"class_list":["post-30","page","type-page","status-publish","hentry"],"_links":{"self":[{"href":"https:\/\/eleves.escl.fr\/wp2\/cuisine\/wp-json\/wp\/v2\/pages\/30","targetHints":{"allow":["GET"]}}],"collection":[{"href":"https:\/\/eleves.escl.fr\/wp2\/cuisine\/wp-json\/wp\/v2\/pages"}],"about":[{"href":"https:\/\/eleves.escl.fr\/wp2\/cuisine\/wp-json\/wp\/v2\/types\/page"}],"author":[{"embeddable":true,"href":"https:\/\/eleves.escl.fr\/wp2\/cuisine\/wp-json\/wp\/v2\/users\/12"}],"replies":[{"embeddable":true,"href":"https:\/\/eleves.escl.fr\/wp2\/cuisine\/wp-json\/wp\/v2\/comments?post=30"}],"version-history":[{"count":4,"href":"https:\/\/eleves.escl.fr\/wp2\/cuisine\/wp-json\/wp\/v2\/pages\/30\/revisions"}],"predecessor-version":[{"id":396,"href":"https:\/\/eleves.escl.fr\/wp2\/cuisine\/wp-json\/wp\/v2\/pages\/30\/revisions\/396"}],"wp:attachment":[{"href":"https:\/\/eleves.escl.fr\/wp2\/cuisine\/wp-json\/wp\/v2\/media?parent=30"}],"curies":[{"name":"wp","href":"https:\/\/api.w.org\/{rel}","templated":true}]}}