{"id":42,"date":"2025-01-21T13:58:36","date_gmt":"2025-01-21T12:58:36","guid":{"rendered":"https:\/\/eleves.escl.fr\/wp2\/cuisine\/?page_id=42"},"modified":"2025-03-04T14:39:05","modified_gmt":"2025-03-04T13:39:05","slug":"autriche","status":"publish","type":"page","link":"https:\/\/eleves.escl.fr\/wp2\/cuisine\/europe-2\/autriche\/","title":{"rendered":"Autriche"},"content":{"rendered":"\n<div class=\"wp-block-group alignfull has-global-padding is-layout-constrained wp-container-core-group-is-layout-490fa1db wp-block-group-is-layout-constrained\" style=\"padding-top:var(--wp--preset--spacing--50);padding-right:var(--wp--preset--spacing--50);padding-bottom:var(--wp--preset--spacing--50);padding-left:var(--wp--preset--spacing--50)\">\n<div class=\"wp-block-group has-global-padding is-layout-constrained wp-container-core-group-is-layout-650790e1 wp-block-group-is-layout-constrained\">\n<h1 class=\"wp-block-heading has-text-align-center has-x-large-font-size\">knodel<\/h1>\n\n\n\n<div style=\"height:1.25rem\" aria-hidden=\"true\" class=\"wp-block-spacer\"><\/div>\n<\/div>\n\n\n\n<div style=\"height:var(--wp--preset--spacing--30)\" aria-hidden=\"true\" class=\"wp-block-spacer\"><\/div>\n\n\n\n<figure class=\"wp-block-image alignwide size-full is-style-rounded is-style-rounded--1\"><img loading=\"lazy\" decoding=\"async\" width=\"1024\" height=\"768\" src=\"https:\/\/eleves.escl.fr\/wp2\/cuisine\/wp-content\/uploads\/sites\/13\/2025\/02\/autriche.jpg\" alt=\"\" class=\"wp-image-188\" srcset=\"https:\/\/eleves.escl.fr\/wp2\/cuisine\/wp-content\/uploads\/sites\/13\/2025\/02\/autriche.jpg 1024w, https:\/\/eleves.escl.fr\/wp2\/cuisine\/wp-content\/uploads\/sites\/13\/2025\/02\/autriche-300x225.jpg 300w, https:\/\/eleves.escl.fr\/wp2\/cuisine\/wp-content\/uploads\/sites\/13\/2025\/02\/autriche-768x576.jpg 768w\" sizes=\"auto, (max-width: 1024px) 100vw, 1024px\" \/><\/figure>\n<\/div>\n\n\n\n<div class=\"wp-block-group alignfull has-base-2-background-color has-background has-global-padding is-layout-constrained wp-container-core-group-is-layout-669513ed wp-block-group-is-layout-constrained\" style=\"margin-top:0;margin-bottom:0;padding-top:var(--wp--preset--spacing--50);padding-right:var(--wp--preset--spacing--50);padding-bottom:var(--wp--preset--spacing--50);padding-left:var(--wp--preset--spacing--50)\">\n<div class=\"wp-block-group is-vertical is-content-justification-left is-layout-flex wp-container-core-group-is-layout-0c556e27 wp-block-group-is-layout-flex\">\n<p class=\"has-large-font-size\">Ingredient<\/p>\n\n\n\n<h2 class=\"wp-block-heading has-text-align-left is-style-asterisk has-large-font-size\">250 g de pain blanc coup\u00e9 en petits morceaux<\/h2>\n\n\n\n<p class=\"has-text-align-left has-large-font-size\">1 cuill\u00e8re \u00e0 soupe de beurre<\/p>\n\n\n\n<h2 class=\"wp-block-heading has-text-align-left has-large-font-size\">Oeufs 3<\/h2>\n\n\n\n<h2 class=\"wp-block-heading has-text-align-left has-large-font-size\">250 ml de lait<\/h2>\n\n\n\n<h2 class=\"wp-block-heading has-text-align-left has-large-font-size\">1 oignon<\/h2>\n\n\n\n<h2 class=\"wp-block-heading has-text-align-left has-large-font-size\">2 gousses d&rsquo;ail<\/h2>\n\n\n\n<h2 class=\"wp-block-heading has-text-align-left has-large-font-size\">Poivre noir moulu<\/h2>\n\n\n\n<h2 class=\"wp-block-heading has-text-align-left has-large-font-size\">Persil<\/h2>\n\n\n\n<p class=\"has-text-align-center has-large-font-size\">Sel<\/p>\n<\/div>\n<\/div>\n\n\n\n<p class=\"has-x-large-font-size\">Etape de la recette<\/p>\n\n\n\n<p>\u00c9tape 1<\/p>\n\n\n\n<p>Eplucher les pommes de terres, et les faire cuire \u00e0 l&rsquo;eau. Les refroidir.<\/p>\n\n\n\n<p>\u00c9tape 2<\/p>\n\n\n\n<p>R\u00e9duire les pommes de terres en pur\u00e9e, et les m\u00e9langer avec le f\u00e9cule, la farine, et l&rsquo;oeuf.<\/p>\n\n\n\n<p>\u00c9tape 3<\/p>\n\n\n\n<p>Hacher les oignons, et les faire revenir \u00e0 la po\u00eale. Ajouter les oignons au m\u00e9lange.<\/p>\n\n\n\n<p>\u00c9tape 4<\/p>\n\n\n\n<p>Assaisonner avec le persil, sel, poivre et muscade.<\/p>\n\n\n\n<p>\u00c9tape 5<\/p>\n\n\n\n<p>Faire des boules de 4 cm de diam\u00e8tre.<\/p>\n\n\n\n<p>\u00c9tape 6<\/p>\n\n\n\n<p>Tremper les boules dans l&rsquo;eau bouillante, et faire cuire 20 min.<\/p>\n\n\n\n<p>\u00c9tape 7<\/p>\n\n\n\n<p>D\u00e9guster, accompagn\u00e9 de cr\u00e8me chauff\u00e9, de lardons revenus, et de cro\u00fbtons de pains grill\u00e9 \u00e0 la po\u00eale, fconfectionn\u00e9s avec les tranches de pain.<\/p>\n","protected":false},"excerpt":{"rendered":"<p>knodel Ingredient 250 g de pain blanc coup\u00e9 en petits morceaux 1 cuill\u00e8re \u00e0 soupe de beurre Oeufs 3 250 ml de lait 1 oignon 2 gousses d&rsquo;ail Poivre noir moulu Persil Sel Etape de la recette \u00c9tape 1 Eplucher les pommes de terres, et les faire cuire \u00e0 l&rsquo;eau. Les refroidir. \u00c9tape 2 R\u00e9duire [&hellip;]<\/p>\n","protected":false},"author":12,"featured_media":0,"parent":33,"menu_order":0,"comment_status":"closed","ping_status":"closed","template":"","meta":{"footnotes":""},"class_list":["post-42","page","type-page","status-publish","hentry"],"_links":{"self":[{"href":"https:\/\/eleves.escl.fr\/wp2\/cuisine\/wp-json\/wp\/v2\/pages\/42","targetHints":{"allow":["GET"]}}],"collection":[{"href":"https:\/\/eleves.escl.fr\/wp2\/cuisine\/wp-json\/wp\/v2\/pages"}],"about":[{"href":"https:\/\/eleves.escl.fr\/wp2\/cuisine\/wp-json\/wp\/v2\/types\/page"}],"author":[{"embeddable":true,"href":"https:\/\/eleves.escl.fr\/wp2\/cuisine\/wp-json\/wp\/v2\/users\/12"}],"replies":[{"embeddable":true,"href":"https:\/\/eleves.escl.fr\/wp2\/cuisine\/wp-json\/wp\/v2\/comments?post=42"}],"version-history":[{"count":4,"href":"https:\/\/eleves.escl.fr\/wp2\/cuisine\/wp-json\/wp\/v2\/pages\/42\/revisions"}],"predecessor-version":[{"id":252,"href":"https:\/\/eleves.escl.fr\/wp2\/cuisine\/wp-json\/wp\/v2\/pages\/42\/revisions\/252"}],"up":[{"embeddable":true,"href":"https:\/\/eleves.escl.fr\/wp2\/cuisine\/wp-json\/wp\/v2\/pages\/33"}],"wp:attachment":[{"href":"https:\/\/eleves.escl.fr\/wp2\/cuisine\/wp-json\/wp\/v2\/media?parent=42"}],"curies":[{"name":"wp","href":"https:\/\/api.w.org\/{rel}","templated":true}]}}