{"id":47,"date":"2025-01-21T14:07:31","date_gmt":"2025-01-21T13:07:31","guid":{"rendered":"https:\/\/eleves.escl.fr\/wp2\/cuisine\/?page_id=47"},"modified":"2025-03-04T14:12:01","modified_gmt":"2025-03-04T13:12:01","slug":"belgique","status":"publish","type":"page","link":"https:\/\/eleves.escl.fr\/wp2\/cuisine\/europe-2\/belgique\/","title":{"rendered":"Belgique"},"content":{"rendered":"\n<p class=\"has-text-align-center has-x-large-font-size\">carbonade flamande<\/p>\n\n\n\n<div class=\"wp-block-group alignfull has-global-padding is-layout-constrained wp-container-core-group-is-layout-490fa1db wp-block-group-is-layout-constrained\" style=\"padding-top:var(--wp--preset--spacing--50);padding-right:var(--wp--preset--spacing--50);padding-bottom:var(--wp--preset--spacing--50);padding-left:var(--wp--preset--spacing--50)\">\n<div style=\"height:var(--wp--preset--spacing--30)\" aria-hidden=\"true\" class=\"wp-block-spacer\"><\/div>\n\n\n\n<figure class=\"wp-block-image alignwide size-full is-style-rounded is-style-rounded--1\"><img loading=\"lazy\" decoding=\"async\" width=\"1536\" height=\"1152\" src=\"https:\/\/eleves.escl.fr\/wp2\/cuisine\/wp-content\/uploads\/sites\/13\/2025\/03\/carbonade.webp\" alt=\"\" class=\"wp-image-237\" srcset=\"https:\/\/eleves.escl.fr\/wp2\/cuisine\/wp-content\/uploads\/sites\/13\/2025\/03\/carbonade.webp 1536w, https:\/\/eleves.escl.fr\/wp2\/cuisine\/wp-content\/uploads\/sites\/13\/2025\/03\/carbonade-300x225.webp 300w, https:\/\/eleves.escl.fr\/wp2\/cuisine\/wp-content\/uploads\/sites\/13\/2025\/03\/carbonade-1024x768.webp 1024w, https:\/\/eleves.escl.fr\/wp2\/cuisine\/wp-content\/uploads\/sites\/13\/2025\/03\/carbonade-768x576.webp 768w\" sizes=\"auto, (max-width: 1536px) 100vw, 1536px\" \/><\/figure>\n<\/div>\n\n\n\n<div class=\"wp-block-group alignfull has-base-2-background-color has-background has-global-padding is-layout-constrained wp-container-core-group-is-layout-669513ed wp-block-group-is-layout-constrained\" style=\"margin-top:0;margin-bottom:0;padding-top:var(--wp--preset--spacing--50);padding-right:var(--wp--preset--spacing--50);padding-bottom:var(--wp--preset--spacing--50);padding-left:var(--wp--preset--spacing--50)\">\n<div class=\"wp-block-group is-vertical is-content-justification-left is-layout-flex wp-container-core-group-is-layout-0c556e27 wp-block-group-is-layout-flex\">\n<h2 class=\"wp-block-heading has-text-align-center is-style-asterisk\">Ingr\u00e9dients<\/h2>\n\n\n\n<p><\/p>\n\n\n\n<p class=\"has-text-align-left\">2 oignons blancs<\/p>\n\n\n\n<p class=\"has-text-align-left\">1 kg de viande \u00e0 carbonnade<\/p>\n\n\n\n<p class=\"has-text-align-left\">1 bouquet de bouquet garnis<\/p>\n\n\n\n<p class=\"has-text-align-left\">75 cl de bi\u00e8re brune<\/p>\n\n\n\n<p class=\"has-text-align-left\">2 tranches d&rsquo;\u00e9pices \u00e0 pain d\u2019\u00e9pices<\/p>\n\n\n\n<p class=\"has-text-align-left\">2 c.\u00e0 s. de farine de bl\u00e9 bio t65<\/p>\n\n\n\n<p class=\"has-text-align-left\">1 c.\u00e0 s. de moutarde de dijon<\/p>\n\n\n\n<p class=\"has-text-align-left\">60 grammes de beurre<\/p>\n\n\n\n<p class=\"has-text-align-left\">1 c.\u00e0 s. de cassonade<\/p>\n<\/div>\n\n\n\n<div style=\"margin-top:0;margin-bottom:0;height:var(--wp--preset--spacing--40)\" aria-hidden=\"true\" class=\"wp-block-spacer\"><\/div>\n<\/div>\n\n\n\n<h2 class=\"wp-block-heading\">La pr\u00e9paration de la recette<\/h2>\n\n\n\n<ol class=\"wp-block-list\">\n<li>Faites d\u00e9tailler la macreuse par le boucher en morceaux un peu plats. Salez-les, poivrez-les. \u00c9mincez les oignons, coupez la carotte en fines rondelles.<\/li>\n\n\n\n<li>Dans un faitout, faites fondre le beurre \u00e0 feu moyen. Dorez-y les morceaux de viande de tous les c\u00f4t\u00e9s. Ajoutez les oignons et la carotte. Saupoudrez de farine.<\/li>\n\n\n\n<li>Faites un peu roussir en remuant le tout. Mouillez avec la bi\u00e8re. Laissez bouillonner en remuant pour assurer la liaison. Ajoutez le vinaigre de x\u00e9r\u00e8s, la cassonade, le thym, le laurier.<\/li>\n\n\n\n<li>Portez \u00e0 \u00e9bullition. Cuisez 30 min. Tartinez une tranche de pain d&rsquo;\u00e9pice de moutarde. Mettez-la dans la carbonade. Cuisez encore 1 h. Si le jus de cuisson est trop \u00e9pais, d\u00e9tendez-le avec un peu d&rsquo;eau.<\/li>\n\n\n\n<li>Disposez les morceaux de viande dans un plat un peu creux, couvrez-les de rondelles de carotte et d&rsquo;oignons. Nappez de sauce. Retirez le thym et le laurier et servez chaud.<\/li>\n<\/ol>\n","protected":false},"excerpt":{"rendered":"<p>carbonade flamande Ingr\u00e9dients 2 oignons blancs 1 kg de viande \u00e0 carbonnade 1 bouquet de bouquet garnis 75 cl de bi\u00e8re brune 2 tranches d&rsquo;\u00e9pices \u00e0 pain d\u2019\u00e9pices 2 c.\u00e0 s. de farine de bl\u00e9 bio t65 1 c.\u00e0 s. de moutarde de dijon 60 grammes de beurre 1 c.\u00e0 s. de cassonade La pr\u00e9paration [&hellip;]<\/p>\n","protected":false},"author":12,"featured_media":0,"parent":33,"menu_order":0,"comment_status":"closed","ping_status":"closed","template":"","meta":{"footnotes":""},"class_list":["post-47","page","type-page","status-publish","hentry"],"_links":{"self":[{"href":"https:\/\/eleves.escl.fr\/wp2\/cuisine\/wp-json\/wp\/v2\/pages\/47","targetHints":{"allow":["GET"]}}],"collection":[{"href":"https:\/\/eleves.escl.fr\/wp2\/cuisine\/wp-json\/wp\/v2\/pages"}],"about":[{"href":"https:\/\/eleves.escl.fr\/wp2\/cuisine\/wp-json\/wp\/v2\/types\/page"}],"author":[{"embeddable":true,"href":"https:\/\/eleves.escl.fr\/wp2\/cuisine\/wp-json\/wp\/v2\/users\/12"}],"replies":[{"embeddable":true,"href":"https:\/\/eleves.escl.fr\/wp2\/cuisine\/wp-json\/wp\/v2\/comments?post=47"}],"version-history":[{"count":8,"href":"https:\/\/eleves.escl.fr\/wp2\/cuisine\/wp-json\/wp\/v2\/pages\/47\/revisions"}],"predecessor-version":[{"id":240,"href":"https:\/\/eleves.escl.fr\/wp2\/cuisine\/wp-json\/wp\/v2\/pages\/47\/revisions\/240"}],"up":[{"embeddable":true,"href":"https:\/\/eleves.escl.fr\/wp2\/cuisine\/wp-json\/wp\/v2\/pages\/33"}],"wp:attachment":[{"href":"https:\/\/eleves.escl.fr\/wp2\/cuisine\/wp-json\/wp\/v2\/media?parent=47"}],"curies":[{"name":"wp","href":"https:\/\/api.w.org\/{rel}","templated":true}]}}