{"id":51,"date":"2025-01-21T14:11:24","date_gmt":"2025-01-21T13:11:24","guid":{"rendered":"https:\/\/eleves.escl.fr\/wp2\/cuisine\/?page_id=51"},"modified":"2025-03-04T14:54:17","modified_gmt":"2025-03-04T13:54:17","slug":"bulgarie","status":"publish","type":"page","link":"https:\/\/eleves.escl.fr\/wp2\/cuisine\/europe-2\/bulgarie\/","title":{"rendered":"Bulgarie"},"content":{"rendered":"\n<div class=\"wp-block-group alignfull has-global-padding is-layout-constrained wp-container-core-group-is-layout-490fa1db wp-block-group-is-layout-constrained\" style=\"padding-top:var(--wp--preset--spacing--50);padding-right:var(--wp--preset--spacing--50);padding-bottom:var(--wp--preset--spacing--50);padding-left:var(--wp--preset--spacing--50)\">\n<div class=\"wp-block-group has-global-padding is-layout-constrained wp-container-core-group-is-layout-650790e1 wp-block-group-is-layout-constrained\">\n<h1 class=\"wp-block-heading has-text-align-center has-x-large-font-size\">banitsa au fromage<\/h1>\n\n\n\n<div style=\"height:1.25rem\" aria-hidden=\"true\" class=\"wp-block-spacer\"><\/div>\n<\/div>\n\n\n\n<div style=\"height:var(--wp--preset--spacing--30)\" aria-hidden=\"true\" class=\"wp-block-spacer\"><\/div>\n\n\n\n<figure class=\"wp-block-image alignwide size-full is-style-rounded is-style-rounded--1\"><img loading=\"lazy\" decoding=\"async\" width=\"660\" height=\"495\" src=\"https:\/\/eleves.escl.fr\/wp2\/cuisine\/wp-content\/uploads\/sites\/13\/2025\/03\/blanc-de-poulet.webp\" alt=\"\" class=\"wp-image-257\" srcset=\"https:\/\/eleves.escl.fr\/wp2\/cuisine\/wp-content\/uploads\/sites\/13\/2025\/03\/blanc-de-poulet.webp 660w, https:\/\/eleves.escl.fr\/wp2\/cuisine\/wp-content\/uploads\/sites\/13\/2025\/03\/blanc-de-poulet-300x225.webp 300w\" sizes=\"auto, (max-width: 660px) 100vw, 660px\" \/><\/figure>\n<\/div>\n\n\n\n<div class=\"wp-block-group alignfull has-base-2-background-color has-background has-global-padding is-content-justification-left is-layout-constrained wp-container-core-group-is-layout-598bffc8 wp-block-group-is-layout-constrained\" style=\"margin-top:0;margin-bottom:0;padding-top:var(--wp--preset--spacing--50);padding-right:var(--wp--preset--spacing--50);padding-bottom:var(--wp--preset--spacing--50);padding-left:var(--wp--preset--spacing--50)\">\n<div class=\"wp-block-group is-vertical is-content-justification-center is-layout-flex wp-container-core-group-is-layout-52b864f0 wp-block-group-is-layout-flex\">\n<p class=\"has-x-large-font-size\">Ingredients<\/p>\n\n\n\n<h2 class=\"wp-block-heading has-text-align-left is-style-asterisk has-medium-font-size\">250g de p\u00e2te feuillet\u00e9e (8 \u00e0 10 feuilles)<br>220g de feta<br>2 \u0153ufs<br>125g de yaourt nature<br>Huile d\u2019olive<\/h2>\n\n\n\n<p class=\"has-text-align-center\"><\/p>\n\n\n\n<div style=\"height:0px\" aria-hidden=\"true\" class=\"wp-block-spacer wp-container-content-4f2ccadb\"><\/div>\n\n\n\n<p class=\"has-text-align-center\"><strong>Pr\u00e9paration&nbsp;:<\/strong><\/p>\n\n\n\n<p>1. Battre les \u0153ufs et ajouter le yaourt. Bien remuer pour obtenir un m\u00e9lange uniforme<br>2. Ecraser le fromage \u00e0 l\u2019aide d\u2019une fourchette pour obtenir des grumeaux de la taille d\u2019un grain de riz (pas de la pur\u00e9e&nbsp;!)<br>3. Incorporer le m\u00e9lange d\u2019\u0153ufs au fromage \u00e9cras\u00e9, bien remuer (cela devint une cr\u00e8me avec de beaux grumeaux de fromage)<br>4. \u00c0 l\u2019aide d\u2019un pinceau, huilez la premi\u00e8re feuille<br>5. \u00c9taler 1\/10 du m\u00e9lange dessus et roulez la feuille en l\u2019enveloppant<br>6. Pr\u00e9parez un plateau rond couvert de papier sulfuris\u00e9 et posez la premi\u00e8re feuille<br>7. R\u00e9p\u00e9tez les l\u2019\u00e9tape 4 et 5 pour chaque feuille<br>8. Posez les feuilles roul\u00e9es bout \u00e0 bout sur le plateau<br>9. Huilez la surface de la banitsa et mettez au four<br>10. Laissez cuire pendant 30 min \u00e0 180\u00b0C<\/p>\n\n\n\n<p class=\"has-text-align-left\">\u00c0 d\u00e9guster de pr\u00e9f\u00e9rence chaude ou r\u00e9chauff\u00e9e. Vous pouvez aussi ajouter de l\u2019origan dans le m\u00e9lange avant d\u2019envelopper les feuilles. La banitsa s\u2019accompagne bien de yaourt \u00e0 boire et de boissons sucr\u00e9es. La banitsa se marie aussi tr\u00e8s bien avec une boisson tr\u00e8s populaire en Bulgarie, la boza (boisson sucr\u00e9e \u00e0 base de jus de c\u00e9r\u00e9ales ferment\u00e9es).<\/p>\n<\/div>\n\n\n\n<div style=\"margin-top:0;margin-bottom:0;height:var(--wp--preset--spacing--40)\" aria-hidden=\"true\" class=\"wp-block-spacer\"><\/div>\n<\/div>\n\n\n\n<p><\/p>\n","protected":false},"excerpt":{"rendered":"<p>banitsa au fromage Ingredients 250g de p\u00e2te feuillet\u00e9e (8 \u00e0 10 feuilles)220g de feta2 \u0153ufs125g de yaourt natureHuile d\u2019olive Pr\u00e9paration&nbsp;: 1. Battre les \u0153ufs et ajouter le yaourt. Bien remuer pour obtenir un m\u00e9lange uniforme2. Ecraser le fromage \u00e0 l\u2019aide d\u2019une fourchette pour obtenir des grumeaux de la taille d\u2019un grain de riz (pas de [&hellip;]<\/p>\n","protected":false},"author":12,"featured_media":0,"parent":33,"menu_order":0,"comment_status":"closed","ping_status":"closed","template":"","meta":{"footnotes":""},"class_list":["post-51","page","type-page","status-publish","hentry"],"_links":{"self":[{"href":"https:\/\/eleves.escl.fr\/wp2\/cuisine\/wp-json\/wp\/v2\/pages\/51","targetHints":{"allow":["GET"]}}],"collection":[{"href":"https:\/\/eleves.escl.fr\/wp2\/cuisine\/wp-json\/wp\/v2\/pages"}],"about":[{"href":"https:\/\/eleves.escl.fr\/wp2\/cuisine\/wp-json\/wp\/v2\/types\/page"}],"author":[{"embeddable":true,"href":"https:\/\/eleves.escl.fr\/wp2\/cuisine\/wp-json\/wp\/v2\/users\/12"}],"replies":[{"embeddable":true,"href":"https:\/\/eleves.escl.fr\/wp2\/cuisine\/wp-json\/wp\/v2\/comments?post=51"}],"version-history":[{"count":3,"href":"https:\/\/eleves.escl.fr\/wp2\/cuisine\/wp-json\/wp\/v2\/pages\/51\/revisions"}],"predecessor-version":[{"id":258,"href":"https:\/\/eleves.escl.fr\/wp2\/cuisine\/wp-json\/wp\/v2\/pages\/51\/revisions\/258"}],"up":[{"embeddable":true,"href":"https:\/\/eleves.escl.fr\/wp2\/cuisine\/wp-json\/wp\/v2\/pages\/33"}],"wp:attachment":[{"href":"https:\/\/eleves.escl.fr\/wp2\/cuisine\/wp-json\/wp\/v2\/media?parent=51"}],"curies":[{"name":"wp","href":"https:\/\/api.w.org\/{rel}","templated":true}]}}