{"id":54,"date":"2025-01-21T14:12:42","date_gmt":"2025-01-21T13:12:42","guid":{"rendered":"https:\/\/eleves.escl.fr\/wp2\/cuisine\/?page_id=54"},"modified":"2025-03-04T15:07:02","modified_gmt":"2025-03-04T14:07:02","slug":"crete","status":"publish","type":"page","link":"https:\/\/eleves.escl.fr\/wp2\/cuisine\/europe-2\/crete\/","title":{"rendered":"Cr\u00e8te"},"content":{"rendered":"\n<div class=\"wp-block-group alignfull has-global-padding is-layout-constrained wp-container-core-group-is-layout-490fa1db wp-block-group-is-layout-constrained\" style=\"padding-top:var(--wp--preset--spacing--50);padding-right:var(--wp--preset--spacing--50);padding-bottom:var(--wp--preset--spacing--50);padding-left:var(--wp--preset--spacing--50)\">\n<div class=\"wp-block-group has-global-padding is-layout-constrained wp-container-core-group-is-layout-650790e1 wp-block-group-is-layout-constrained\">\n<p class=\"has-text-align-center has-large-font-size\">tzatziki<\/p>\n\n\n\n<p class=\"has-text-align-center\"><\/p>\n<\/div>\n\n\n\n<div style=\"height:var(--wp--preset--spacing--30)\" aria-hidden=\"true\" class=\"wp-block-spacer\"><\/div>\n\n\n\n<figure class=\"wp-block-image alignwide size-full is-style-rounded is-style-rounded--1\"><img loading=\"lazy\" decoding=\"async\" width=\"660\" height=\"495\" src=\"https:\/\/eleves.escl.fr\/wp2\/cuisine\/wp-content\/uploads\/sites\/13\/2025\/03\/i95728-tzatziki.webp\" alt=\"\" class=\"wp-image-269\" srcset=\"https:\/\/eleves.escl.fr\/wp2\/cuisine\/wp-content\/uploads\/sites\/13\/2025\/03\/i95728-tzatziki.webp 660w, https:\/\/eleves.escl.fr\/wp2\/cuisine\/wp-content\/uploads\/sites\/13\/2025\/03\/i95728-tzatziki-300x225.webp 300w\" sizes=\"auto, (max-width: 660px) 100vw, 660px\" \/><\/figure>\n<\/div>\n\n\n\n<div class=\"wp-block-group alignfull has-base-2-background-color has-background has-global-padding is-layout-constrained wp-container-core-group-is-layout-669513ed wp-block-group-is-layout-constrained\" style=\"margin-top:0;margin-bottom:0;padding-top:var(--wp--preset--spacing--50);padding-right:var(--wp--preset--spacing--50);padding-bottom:var(--wp--preset--spacing--50);padding-left:var(--wp--preset--spacing--50)\">\n<div class=\"wp-block-group is-vertical is-content-justification-center is-layout-flex wp-container-core-group-is-layout-52b864f0 wp-block-group-is-layout-flex\">\n<h2 class=\"wp-block-heading has-text-align-center is-style-asterisk\">Ingredients<\/h2>\n\n\n\n<ul class=\"wp-block-list\">\n<li>500 g de fromage blanc<\/li>\n\n\n\n<li>15 feuilles de menthe fra\u00eeche<\/li>\n\n\n\n<li>2 concombres<\/li>\n\n\n\n<li>1 ou 2 gousses d&rsquo;ail<\/li>\n\n\n\n<li>1 cuiller\u00e9e \u00e0 soupe d&rsquo;huile d&rsquo;olive<\/li>\n\n\n\n<li>1 cuiller\u00e9e \u00e0 soupe de jus de citron<\/li>\n\n\n\n<li>sel, poivre<\/li>\n<\/ul>\n<\/div>\n\n\n\n<p class=\"has-text-align-center has-large-font-size\">Etape de la recette<\/p>\n\n\n\n<ol class=\"wp-block-list\">\n<li>Lavez et r\u00e2pez le concombre. \u00c0 d\u00e9faut, coupez-le en tr\u00e8s fins morceaux.<\/li>\n\n\n\n<li>Saupoudrez-le de sel et laissez-le \u00e9goutter dans une passoire durant au moins 30min.<\/li>\n\n\n\n<li>M\u00e9langez le concombre r\u00e2p\u00e9 au fromage blanc.<\/li>\n\n\n\n<li>Fendez la gousse d\u2019ail en deux pour en \u00f4ter le germe et hachez-la finement. Ajoutez l\u2019ail hach\u00e9 dans la pr\u00e9paration.<\/li>\n\n\n\n<li>Lavez, \u00e9gouttez et ciselez la menthe fra\u00eeche. Ajoutez-la au fromage blanc et au concombre. Ajoutez l\u2019huile et le jus de citron.<\/li>\n\n\n\n<li>V\u00e9rifiez l\u2019assaisonnement.<\/li>\n\n\n\n<li>Laissez reposer le tzatziki au moins une heure au r\u00e9frig\u00e9rateur, servez tr\u00e8s frais.<\/li>\n<\/ol>\n\n\n\n<div style=\"margin-top:0;margin-bottom:0;height:var(--wp--preset--spacing--40)\" aria-hidden=\"true\" class=\"wp-block-spacer\"><\/div>\n<\/div>\n","protected":false},"excerpt":{"rendered":"<p>tzatziki Ingredients Etape de la recette<\/p>\n","protected":false},"author":12,"featured_media":0,"parent":33,"menu_order":0,"comment_status":"closed","ping_status":"closed","template":"","meta":{"footnotes":""},"class_list":["post-54","page","type-page","status-publish","hentry"],"_links":{"self":[{"href":"https:\/\/eleves.escl.fr\/wp2\/cuisine\/wp-json\/wp\/v2\/pages\/54","targetHints":{"allow":["GET"]}}],"collection":[{"href":"https:\/\/eleves.escl.fr\/wp2\/cuisine\/wp-json\/wp\/v2\/pages"}],"about":[{"href":"https:\/\/eleves.escl.fr\/wp2\/cuisine\/wp-json\/wp\/v2\/types\/page"}],"author":[{"embeddable":true,"href":"https:\/\/eleves.escl.fr\/wp2\/cuisine\/wp-json\/wp\/v2\/users\/12"}],"replies":[{"embeddable":true,"href":"https:\/\/eleves.escl.fr\/wp2\/cuisine\/wp-json\/wp\/v2\/comments?post=54"}],"version-history":[{"count":3,"href":"https:\/\/eleves.escl.fr\/wp2\/cuisine\/wp-json\/wp\/v2\/pages\/54\/revisions"}],"predecessor-version":[{"id":270,"href":"https:\/\/eleves.escl.fr\/wp2\/cuisine\/wp-json\/wp\/v2\/pages\/54\/revisions\/270"}],"up":[{"embeddable":true,"href":"https:\/\/eleves.escl.fr\/wp2\/cuisine\/wp-json\/wp\/v2\/pages\/33"}],"wp:attachment":[{"href":"https:\/\/eleves.escl.fr\/wp2\/cuisine\/wp-json\/wp\/v2\/media?parent=54"}],"curies":[{"name":"wp","href":"https:\/\/api.w.org\/{rel}","templated":true}]}}