{"id":77,"date":"2025-01-21T14:29:23","date_gmt":"2025-01-21T13:29:23","guid":{"rendered":"https:\/\/eleves.escl.fr\/wp2\/cuisine\/?page_id=77"},"modified":"2025-03-18T14:29:18","modified_gmt":"2025-03-18T13:29:18","slug":"chine","status":"publish","type":"page","link":"https:\/\/eleves.escl.fr\/wp2\/cuisine\/asie\/chine\/","title":{"rendered":"Chine"},"content":{"rendered":"\n<div class=\"wp-block-group alignfull has-global-padding is-layout-constrained wp-container-core-group-is-layout-490fa1db wp-block-group-is-layout-constrained\" style=\"padding-top:var(--wp--preset--spacing--50);padding-right:var(--wp--preset--spacing--50);padding-bottom:var(--wp--preset--spacing--50);padding-left:var(--wp--preset--spacing--50)\">\n<div class=\"wp-block-group has-global-padding is-layout-constrained wp-container-core-group-is-layout-650790e1 wp-block-group-is-layout-constrained\">\n<h1 class=\"wp-block-heading has-text-align-center has-x-large-font-size\">Rouleaux de printemps<\/h1>\n\n\n\n<div style=\"height:1.25rem\" aria-hidden=\"true\" class=\"wp-block-spacer\"><\/div>\n\n\n\n<p class=\"has-text-align-center\"><\/p>\n\n\n\n<div style=\"height:1.25rem\" aria-hidden=\"true\" class=\"wp-block-spacer\"><\/div>\n<\/div>\n\n\n\n<div style=\"height:var(--wp--preset--spacing--30)\" aria-hidden=\"true\" class=\"wp-block-spacer\"><\/div>\n\n\n\n<figure class=\"wp-block-image alignwide size-full is-style-rounded is-style-rounded--1\"><img loading=\"lazy\" decoding=\"async\" width=\"1024\" height=\"1024\" src=\"https:\/\/eleves.escl.fr\/wp2\/cuisine\/wp-content\/uploads\/sites\/13\/2025\/03\/image-chine.webp\" alt=\"\" class=\"wp-image-321\" srcset=\"https:\/\/eleves.escl.fr\/wp2\/cuisine\/wp-content\/uploads\/sites\/13\/2025\/03\/image-chine.webp 1024w, https:\/\/eleves.escl.fr\/wp2\/cuisine\/wp-content\/uploads\/sites\/13\/2025\/03\/image-chine-300x300.webp 300w, https:\/\/eleves.escl.fr\/wp2\/cuisine\/wp-content\/uploads\/sites\/13\/2025\/03\/image-chine-150x150.webp 150w, https:\/\/eleves.escl.fr\/wp2\/cuisine\/wp-content\/uploads\/sites\/13\/2025\/03\/image-chine-768x768.webp 768w\" sizes=\"auto, (max-width: 1024px) 100vw, 1024px\" \/><\/figure>\n<\/div>\n\n\n\n<p class=\"has-large-font-size\">ingr\u00e9dients <\/p>\n\n\n\n<p><\/p>\n\n\n\n<p>25 g de vermicelles de riz (m\u00eame rayon)<\/p>\n\n\n\n<p>2 galettes de riz (rayon exotique dans les grands supermarch\u00e9s)<\/p>\n\n\n\n<p>1 tranche de blanc de poulet<\/p>\n\n\n\n<p>2 cuill\u00e8res \u00e0 caf\u00e9 de sauce soja classique<\/p>\n\n\n\n<p>1 petite bo\u00eete de germes de soja<\/p>\n\n\n\n<p>1 petit sachet de salade toute pr\u00eate<\/p>\n\n\n\n<p>5 feuilles de menthe<\/p>\n\n\n\n<p>2 crevettes moyennes coup\u00e9es dans le sens de la longueur<\/p>\n\n\n\n<p>sauce pour nem<\/p>\n\n\n\n<p><\/p>\n\n\n\n<p><\/p>\n\n\n\n<p class=\"has-large-font-size\">pr\u00e9paration<\/p>\n\n\n\n<p><\/p>\n\n\n\n<p>\u00c9tape 1<\/p>\n\n\n\n<p>R\u00e9hydrater les vermicelles de riz dans l&rsquo;eau fra\u00eeche comme indiqu\u00e9 sur le paquet.<\/p>\n\n\n\n<p>\u00c9tape 2<\/p>\n\n\n\n<p>D\u00e9couper la tranche de blanc de poulet dans le sens de la longueur en fines lani\u00e8res (3 mm environ).<\/p>\n\n\n\n<p>\u00c9tape 3<\/p>\n\n\n\n<p>Mettre les lani\u00e8res dans un bol et verser les 2 cuill\u00e8res \u00e0 caf\u00e9 de sauce soja par dessus.<\/p>\n\n\n\n<p>\u00c9tape 4<\/p>\n\n\n\n<p>Faire cuire les vermicelles dans de l&rsquo;eau bouillante. Lorsqu&rsquo;ils sont cuits, ne pas les laisser refroidir sinon ils colleront, mais les passer sous un filet d&rsquo;eau fra\u00eeche de mani\u00e8re \u00e0 les refroidir et \u00e0 pouvoir les manipuler sans vous br\u00fbler.<\/p>\n\n\n\n<p>\u00c9tape 5<\/p>\n\n\n\n<p>Rassemblez tous les ingr\u00e9dients \u00e0 port\u00e9e de main. Vous aurez besoin d&rsquo;un plat rempli d&rsquo;eau ti\u00e8de\/chaude, dans laquelle vous pourrez immerger les galettes de riz, et d&rsquo;un plan de travail qui n&rsquo;adh\u00e8re pas pour confectionner les rouleaux (une planche \u00e0 d\u00e9couper par exemple, pas de solapin ni de torchon).<\/p>\n\n\n\n<p>\u00c9tape 6<\/p>\n\n\n\n<p>Immergez une galette de riz dans le plat d&rsquo;eau chaude, remuez doucement du bout des doigts de fa\u00e7on \u00e0 sentir lorsqu&rsquo;elle sera assez souple pour \u00eatre roul\u00e9e.<\/p>\n\n\n\n<p>\u00c9tape 7<\/p>\n\n\n\n<p>Etendez-la sur votre plan de travail, r\u00e9partissez des feuilles de salade de fa\u00e7on \u00e0 former un petit rectangle qui s&rsquo;inscrit dans le cercle de la galette (laissez de la marge de galette pour pouvoir rouler plus facilement). Si vous utilisez des crevettes, il faut les placer sous la salade de fa\u00e7on \u00e0 ce qu&rsquo;elles se retrouvent \u00e0 la fin sur le dessus du rouleau.<\/p>\n\n\n\n<p>\u00c9tape 8<\/p>\n\n\n\n<p>Ajoutez ensuite deux ou trois feuilles de menthe, les vermicelles de riz, les lani\u00e8res de poulet \u00e9goutt\u00e9es et les germes de soja.<\/p>\n\n\n\n<p>\u00c9tape 9<\/p>\n\n\n\n<p>Fermez les rouleaux, en tenant compte de l&rsquo;\u00e9lasticit\u00e9 de vos galettes, n&rsquo;h\u00e9sitez pas \u00e0 serrer tout en restant prudent au cas o\u00f9 la galette se d\u00e9chirerait.<\/p>\n\n\n\n<p>\u00c9tape 10<\/p>\n\n\n\n<p>Repliez les c\u00f4t\u00e9s. Enveloppez les dans la cellophane, cela aidera \u00e0 les faire tenir jusqu&rsquo;\u00e0 ce qu&rsquo;ils soient servis.<\/p>\n\n\n\n<p>\u00c9tape 11<\/p>\n\n\n\n<p>Gardez au frigo (au minimum une demi heure) et servez avec un ramequin de sauce pour nems.<\/p>\n","protected":false},"excerpt":{"rendered":"<p>Rouleaux de printemps ingr\u00e9dients 25 g de vermicelles de riz (m\u00eame rayon) 2 galettes de riz (rayon exotique dans les grands supermarch\u00e9s) 1 tranche de blanc de poulet 2 cuill\u00e8res \u00e0 caf\u00e9 de sauce soja classique 1 petite bo\u00eete de germes de soja 1 petit sachet de salade toute pr\u00eate 5 feuilles de menthe 2 [&hellip;]<\/p>\n","protected":false},"author":12,"featured_media":0,"parent":17,"menu_order":0,"comment_status":"closed","ping_status":"closed","template":"","meta":{"footnotes":""},"class_list":["post-77","page","type-page","status-publish","hentry"],"_links":{"self":[{"href":"https:\/\/eleves.escl.fr\/wp2\/cuisine\/wp-json\/wp\/v2\/pages\/77","targetHints":{"allow":["GET"]}}],"collection":[{"href":"https:\/\/eleves.escl.fr\/wp2\/cuisine\/wp-json\/wp\/v2\/pages"}],"about":[{"href":"https:\/\/eleves.escl.fr\/wp2\/cuisine\/wp-json\/wp\/v2\/types\/page"}],"author":[{"embeddable":true,"href":"https:\/\/eleves.escl.fr\/wp2\/cuisine\/wp-json\/wp\/v2\/users\/12"}],"replies":[{"embeddable":true,"href":"https:\/\/eleves.escl.fr\/wp2\/cuisine\/wp-json\/wp\/v2\/comments?post=77"}],"version-history":[{"count":2,"href":"https:\/\/eleves.escl.fr\/wp2\/cuisine\/wp-json\/wp\/v2\/pages\/77\/revisions"}],"predecessor-version":[{"id":322,"href":"https:\/\/eleves.escl.fr\/wp2\/cuisine\/wp-json\/wp\/v2\/pages\/77\/revisions\/322"}],"up":[{"embeddable":true,"href":"https:\/\/eleves.escl.fr\/wp2\/cuisine\/wp-json\/wp\/v2\/pages\/17"}],"wp:attachment":[{"href":"https:\/\/eleves.escl.fr\/wp2\/cuisine\/wp-json\/wp\/v2\/media?parent=77"}],"curies":[{"name":"wp","href":"https:\/\/api.w.org\/{rel}","templated":true}]}}