{"id":8,"date":"2025-01-07T14:39:39","date_gmt":"2025-01-07T13:39:39","guid":{"rendered":"https:\/\/eleves.escl.fr\/wp2\/cuisine\/?page_id=8"},"modified":"2025-04-29T14:34:27","modified_gmt":"2025-04-29T12:34:27","slug":"europe","status":"publish","type":"page","link":"https:\/\/eleves.escl.fr\/wp2\/cuisine\/europe\/","title":{"rendered":"pr\u00e9sentation"},"content":{"rendered":"\n<p><\/p>\n\n\n\n<p><\/p>\n\n\n\n<p class=\"has-large-font-size\">Qui sommes nous?<\/p>\n\n\n\n<p>Nous sommes Lucie et Camille \u00e9tudiantes en std2a \u00e0 Saint Pierre- Saint Paul \u00e0 Langogne en France, dans le cadre de nos cours d&rsquo;outils et langage num\u00e9rique nous avons du cr\u00e9er un site web . Nous aimons la diversit\u00e9 culturelle, notamment la gastronomie c&rsquo;est pourquoi nous avons choisi un site qui allie cuisine et diversit\u00e9 et vous partagent  certaines recettes du monde .<\/p>\n\n\n\n<p>Nous vous laissons donc d\u00e9couvrir la cuisine du monde , en voyageant tout en restant chez vous.<\/p>\n\n\n\n<p><\/p>\n\n\n\n<p><\/p>\n\n\n\n<p class=\"has-large-font-size\"><\/p>\n\n\n\n<figure class=\"wp-block-gallery has-nested-images columns-default is-cropped wp-block-gallery-1 is-layout-flex wp-block-gallery-is-layout-flex\">\n<figure class=\"wp-block-image size-large\"><img loading=\"lazy\" decoding=\"async\" width=\"1024\" height=\"576\" data-id=\"418\" src=\"https:\/\/eleves.escl.fr\/wp2\/cuisine\/wp-content\/uploads\/sites\/13\/2025\/04\/WIN_20250429_14_34_13_Pro-1024x576.jpg\" alt=\"\" class=\"wp-image-418\" srcset=\"https:\/\/eleves.escl.fr\/wp2\/cuisine\/wp-content\/uploads\/sites\/13\/2025\/04\/WIN_20250429_14_34_13_Pro-1024x576.jpg 1024w, https:\/\/eleves.escl.fr\/wp2\/cuisine\/wp-content\/uploads\/sites\/13\/2025\/04\/WIN_20250429_14_34_13_Pro-300x169.jpg 300w, https:\/\/eleves.escl.fr\/wp2\/cuisine\/wp-content\/uploads\/sites\/13\/2025\/04\/WIN_20250429_14_34_13_Pro-768x432.jpg 768w, https:\/\/eleves.escl.fr\/wp2\/cuisine\/wp-content\/uploads\/sites\/13\/2025\/04\/WIN_20250429_14_34_13_Pro.jpg 1280w\" sizes=\"auto, (max-width: 1024px) 100vw, 1024px\" \/><\/figure>\n<\/figure>\n","protected":false},"excerpt":{"rendered":"<p>Qui sommes nous? Nous sommes Lucie et Camille \u00e9tudiantes en std2a \u00e0 Saint Pierre- Saint Paul \u00e0 Langogne en France, dans le cadre de nos cours d&rsquo;outils et langage num\u00e9rique nous avons du cr\u00e9er un site web . Nous aimons la diversit\u00e9 culturelle, notamment la gastronomie c&rsquo;est pourquoi nous avons choisi un site qui allie [&hellip;]<\/p>\n","protected":false},"author":12,"featured_media":0,"parent":0,"menu_order":0,"comment_status":"closed","ping_status":"closed","template":"","meta":{"footnotes":""},"class_list":["post-8","page","type-page","status-publish","hentry"],"_links":{"self":[{"href":"https:\/\/eleves.escl.fr\/wp2\/cuisine\/wp-json\/wp\/v2\/pages\/8","targetHints":{"allow":["GET"]}}],"collection":[{"href":"https:\/\/eleves.escl.fr\/wp2\/cuisine\/wp-json\/wp\/v2\/pages"}],"about":[{"href":"https:\/\/eleves.escl.fr\/wp2\/cuisine\/wp-json\/wp\/v2\/types\/page"}],"author":[{"embeddable":true,"href":"https:\/\/eleves.escl.fr\/wp2\/cuisine\/wp-json\/wp\/v2\/users\/12"}],"replies":[{"embeddable":true,"href":"https:\/\/eleves.escl.fr\/wp2\/cuisine\/wp-json\/wp\/v2\/comments?post=8"}],"version-history":[{"count":8,"href":"https:\/\/eleves.escl.fr\/wp2\/cuisine\/wp-json\/wp\/v2\/pages\/8\/revisions"}],"predecessor-version":[{"id":419,"href":"https:\/\/eleves.escl.fr\/wp2\/cuisine\/wp-json\/wp\/v2\/pages\/8\/revisions\/419"}],"wp:attachment":[{"href":"https:\/\/eleves.escl.fr\/wp2\/cuisine\/wp-json\/wp\/v2\/media?parent=8"}],"curies":[{"name":"wp","href":"https:\/\/api.w.org\/{rel}","templated":true}]}}