{"id":83,"date":"2025-01-21T14:30:30","date_gmt":"2025-01-21T13:30:30","guid":{"rendered":"https:\/\/eleves.escl.fr\/wp2\/cuisine\/?page_id=83"},"modified":"2025-03-18T14:34:41","modified_gmt":"2025-03-18T13:34:41","slug":"core","status":"publish","type":"page","link":"https:\/\/eleves.escl.fr\/wp2\/cuisine\/asie\/core\/","title":{"rendered":"Cor\u00e9"},"content":{"rendered":"\n<div class=\"wp-block-group alignfull has-global-padding is-layout-constrained wp-container-core-group-is-layout-490fa1db wp-block-group-is-layout-constrained\" style=\"padding-top:var(--wp--preset--spacing--50);padding-right:var(--wp--preset--spacing--50);padding-bottom:var(--wp--preset--spacing--50);padding-left:var(--wp--preset--spacing--50)\">\n<div class=\"wp-block-group has-global-padding is-layout-constrained wp-container-core-group-is-layout-650790e1 wp-block-group-is-layout-constrained\">\n<h1 class=\"wp-block-heading has-text-align-center has-x-large-font-size\">Bibimbap<\/h1>\n\n\n\n<p class=\"has-text-align-center\"><\/p>\n\n\n\n<div style=\"height:1.25rem\" aria-hidden=\"true\" class=\"wp-block-spacer\"><\/div>\n\n\n\n<p class=\"has-text-align-center\"><\/p>\n\n\n\n<div style=\"height:1.25rem\" aria-hidden=\"true\" class=\"wp-block-spacer\"><\/div>\n<\/div>\n\n\n\n<div style=\"height:var(--wp--preset--spacing--30)\" aria-hidden=\"true\" class=\"wp-block-spacer\"><\/div>\n\n\n\n<figure class=\"wp-block-image alignwide size-full is-style-rounded is-style-rounded--1\"><img loading=\"lazy\" decoding=\"async\" width=\"1200\" height=\"800\" src=\"https:\/\/eleves.escl.fr\/wp2\/cuisine\/wp-content\/uploads\/sites\/13\/2025\/03\/image-coree.jpg\" alt=\"\" class=\"wp-image-324\" srcset=\"https:\/\/eleves.escl.fr\/wp2\/cuisine\/wp-content\/uploads\/sites\/13\/2025\/03\/image-coree.jpg 1200w, https:\/\/eleves.escl.fr\/wp2\/cuisine\/wp-content\/uploads\/sites\/13\/2025\/03\/image-coree-300x200.jpg 300w, https:\/\/eleves.escl.fr\/wp2\/cuisine\/wp-content\/uploads\/sites\/13\/2025\/03\/image-coree-1024x683.jpg 1024w, https:\/\/eleves.escl.fr\/wp2\/cuisine\/wp-content\/uploads\/sites\/13\/2025\/03\/image-coree-768x512.jpg 768w\" sizes=\"auto, (max-width: 1200px) 100vw, 1200px\" \/><\/figure>\n<\/div>\n\n\n\n<p class=\"has-large-font-size\">ingr\u00e9dients <\/p>\n\n\n\n<p><\/p>\n\n\n\n<h4 class=\"wp-block-heading\">Pour la viande<\/h4>\n\n\n\n<ul class=\"wp-block-list\">\n<li>200 g entrec\u00f4te<\/li>\n\n\n\n<li>2 cuill\u00e8re \u00e0 soupe sauce soja<\/li>\n\n\n\n<li>1 cuill\u00e8re \u00e0 soupe huile de s\u00e9same<\/li>\n\n\n\n<li>1 c. \u00e0 caf\u00e9 sucre semoule<\/li>\n\n\n\n<li>1 gousse ail press\u00e9e<\/li>\n<\/ul>\n\n\n\n<h4 class=\"wp-block-heading\">Pour la garniture<\/h4>\n\n\n\n<ul class=\"wp-block-list\">\n<li>300 g riz \u00e0 sushi cuit<\/li>\n\n\n\n<li>2 <a href=\"https:\/\/cuisine-addict.com\/ingredient\/oeuf\/\">oeuf<\/a> extra frais<\/li>\n\n\n\n<li>1 petite <a href=\"https:\/\/cuisine-addict.com\/ingredient\/courgette\/\">courgette<\/a><\/li>\n\n\n\n<li>2 <a href=\"https:\/\/cuisine-addict.com\/ingredient\/carotte\/\">carotte<\/a> de couleur<\/li>\n\n\n\n<li>1 petit <a href=\"http:\/\/cuisine-addict.com\/ingredient\/choux\/\">pak choi<\/a><\/li>\n\n\n\n<li>100 g pousses de haricots mungo<\/li>\n\n\n\n<li>2 gousses ail<\/li>\n\n\n\n<li>2 c. \u00e0 caf\u00e9 sauce Gochujang *<\/li>\n\n\n\n<li>huile de s\u00e9same<\/li>\n\n\n\n<li><a href=\"https:\/\/cuisine-addict.com\/ingredient\/sesame\/\">graines de s\u00e9same<\/a><\/li>\n<\/ul>\n\n\n\n<p><\/p>\n\n\n\n<p><\/p>\n\n\n\n<h3 class=\"wp-block-heading\">Instructions&nbsp;<\/h3>\n\n\n\n<ul class=\"wp-block-list\">\n<li>Commencez par faire mariner la viande: tranchez finement l&rsquo;entrec\u00f4te et m\u00e9langez tous les ingr\u00e9dients de la marinade. Mettez la viande dans un r\u00e9cipient et nappez avec la marinade. M\u00e9langez bien, couvrez et placez au frais 30 minutes.<\/li>\n\n\n\n<li>Epluchez les carottes et coupez-les en b\u00e2tonnets. Faites de m\u00eame avec la courgette sans l&rsquo;\u00e9plucher. Retirez les grosses c\u00f4tes du pas chou et \u00e9mincez-le. Ciselez finement les gousses d&rsquo;ail d\u00e9germ\u00e9es.<\/li>\n\n\n\n<li>Faites chauffer un peu d&rsquo;huile de s\u00e9same dans une po\u00eale et faites-y revenir les courgettes avec l&rsquo;ail. D\u00e9barrassez puis puis renouvelez l&rsquo;op\u00e9ration avec chaque l\u00e9gume s\u00e9par\u00e9ment en rajoutant de l&rsquo;huile au besoin. Assaisonnez l\u00e9g\u00e8rement en sel et poivre.<\/li>\n\n\n\n<li>R\u00e9partissez le riz dans deux bol et faites le r\u00e9chauffer au besoin. Saisissez les tranches de viande rapidement et faites frire les oeufs.<\/li>\n\n\n\n<li>D\u00e9posez une cuill\u00e8re \u00e0 caf\u00e9 de\u00a0sauce Gochujang sur le riz puis l&rsquo;oeuf frit. Ajoutez les l\u00e9gumes et la viande tout autour, parsemez de graines de s\u00e9same et servez aussit\u00f4t.<\/li>\n<\/ul>\n","protected":false},"excerpt":{"rendered":"<p>Bibimbap ingr\u00e9dients Pour la viande Pour la garniture Instructions&nbsp;<\/p>\n","protected":false},"author":12,"featured_media":0,"parent":17,"menu_order":0,"comment_status":"closed","ping_status":"closed","template":"","meta":{"footnotes":""},"class_list":["post-83","page","type-page","status-publish","hentry"],"_links":{"self":[{"href":"https:\/\/eleves.escl.fr\/wp2\/cuisine\/wp-json\/wp\/v2\/pages\/83","targetHints":{"allow":["GET"]}}],"collection":[{"href":"https:\/\/eleves.escl.fr\/wp2\/cuisine\/wp-json\/wp\/v2\/pages"}],"about":[{"href":"https:\/\/eleves.escl.fr\/wp2\/cuisine\/wp-json\/wp\/v2\/types\/page"}],"author":[{"embeddable":true,"href":"https:\/\/eleves.escl.fr\/wp2\/cuisine\/wp-json\/wp\/v2\/users\/12"}],"replies":[{"embeddable":true,"href":"https:\/\/eleves.escl.fr\/wp2\/cuisine\/wp-json\/wp\/v2\/comments?post=83"}],"version-history":[{"count":2,"href":"https:\/\/eleves.escl.fr\/wp2\/cuisine\/wp-json\/wp\/v2\/pages\/83\/revisions"}],"predecessor-version":[{"id":325,"href":"https:\/\/eleves.escl.fr\/wp2\/cuisine\/wp-json\/wp\/v2\/pages\/83\/revisions\/325"}],"up":[{"embeddable":true,"href":"https:\/\/eleves.escl.fr\/wp2\/cuisine\/wp-json\/wp\/v2\/pages\/17"}],"wp:attachment":[{"href":"https:\/\/eleves.escl.fr\/wp2\/cuisine\/wp-json\/wp\/v2\/media?parent=83"}],"curies":[{"name":"wp","href":"https:\/\/api.w.org\/{rel}","templated":true}]}}