{"id":131,"date":"2025-02-11T14:57:11","date_gmt":"2025-02-11T13:57:11","guid":{"rendered":"https:\/\/eleves.escl.fr\/wp2\/dressup\/?page_id=131"},"modified":"2025-02-11T15:03:09","modified_gmt":"2025-02-11T14:03:09","slug":"couleurs","status":"publish","type":"page","link":"https:\/\/eleves.escl.fr\/wp2\/dressup\/couleurs\/","title":{"rendered":"Couleurs"},"content":{"rendered":"\n<div class=\"wp-block-buttons is-layout-flex wp-block-buttons-is-layout-flex\">\n<div class=\"wp-block-button is-style-outline is-style-outline--1\" id=\"Couleur-Blanc\"><a class=\"wp-block-button__link wp-element-button\" href=\"https:\/\/eleves.escl.fr\/wp2\/dressup\/blanc\/\">Couleur Blanc<\/a><\/div>\n<\/div>\n\n\n\n<figure class=\"wp-block-image size-large\"><img loading=\"lazy\" decoding=\"async\" width=\"1024\" height=\"575\" src=\"https:\/\/eleves.escl.fr\/wp2\/dressup\/wp-content\/uploads\/sites\/11\/2025\/02\/ral-9010-blanc-pur-1024x575.png\" alt=\"\" class=\"wp-image-138\" srcset=\"https:\/\/eleves.escl.fr\/wp2\/dressup\/wp-content\/uploads\/sites\/11\/2025\/02\/ral-9010-blanc-pur-1024x575.png 1024w, https:\/\/eleves.escl.fr\/wp2\/dressup\/wp-content\/uploads\/sites\/11\/2025\/02\/ral-9010-blanc-pur-300x169.png 300w, https:\/\/eleves.escl.fr\/wp2\/dressup\/wp-content\/uploads\/sites\/11\/2025\/02\/ral-9010-blanc-pur-768x432.png 768w, https:\/\/eleves.escl.fr\/wp2\/dressup\/wp-content\/uploads\/sites\/11\/2025\/02\/ral-9010-blanc-pur-1536x863.png 1536w, https:\/\/eleves.escl.fr\/wp2\/dressup\/wp-content\/uploads\/sites\/11\/2025\/02\/ral-9010-blanc-pur.png 2004w\" sizes=\"auto, (max-width: 1024px) 100vw, 1024px\" \/><\/figure>\n\n\n\n<p>Le blanc est une couleur intemporelle, souvent associ\u00e9e \u00e0 la puret\u00e9, \u00e0 l\u2019\u00e9l\u00e9gance et \u00e0 la simplicit\u00e9. Pourtant, porter cette teinte immacul\u00e9e peut sembler intimidante pour certaines. Est-ce que le blanc ne serait pas trop fade, trop salissant ou trop voyant ? En r\u00e9alit\u00e9, bien port\u00e9, le blanc peut sublimer une tenue et donner un air chic et sophistiqu\u00e9. Que ce soit pour un look d\u00e9contract\u00e9 ou une tenue de soir\u00e9e, le blanc se porte \u00e0 toutes les occasions.<\/p>\n","protected":false},"excerpt":{"rendered":"<p>Le blanc est une couleur intemporelle, souvent associ\u00e9e \u00e0 la puret\u00e9, \u00e0 l\u2019\u00e9l\u00e9gance et \u00e0 la simplicit\u00e9. Pourtant, porter cette teinte immacul\u00e9e peut sembler intimidante pour certaines. Est-ce que le blanc ne serait pas trop fade, trop salissant ou trop voyant ? En r\u00e9alit\u00e9, bien port\u00e9, le blanc peut sublimer une tenue et donner un [&hellip;]<\/p>\n","protected":false},"author":16,"featured_media":0,"parent":0,"menu_order":0,"comment_status":"closed","ping_status":"closed","template":"","meta":{"footnotes":""},"class_list":["post-131","page","type-page","status-publish","hentry"],"_links":{"self":[{"href":"https:\/\/eleves.escl.fr\/wp2\/dressup\/wp-json\/wp\/v2\/pages\/131","targetHints":{"allow":["GET"]}}],"collection":[{"href":"https:\/\/eleves.escl.fr\/wp2\/dressup\/wp-json\/wp\/v2\/pages"}],"about":[{"href":"https:\/\/eleves.escl.fr\/wp2\/dressup\/wp-json\/wp\/v2\/types\/page"}],"author":[{"embeddable":true,"href":"https:\/\/eleves.escl.fr\/wp2\/dressup\/wp-json\/wp\/v2\/users\/16"}],"replies":[{"embeddable":true,"href":"https:\/\/eleves.escl.fr\/wp2\/dressup\/wp-json\/wp\/v2\/comments?post=131"}],"version-history":[{"count":5,"href":"https:\/\/eleves.escl.fr\/wp2\/dressup\/wp-json\/wp\/v2\/pages\/131\/revisions"}],"predecessor-version":[{"id":146,"href":"https:\/\/eleves.escl.fr\/wp2\/dressup\/wp-json\/wp\/v2\/pages\/131\/revisions\/146"}],"wp:attachment":[{"href":"https:\/\/eleves.escl.fr\/wp2\/dressup\/wp-json\/wp\/v2\/media?parent=131"}],"curies":[{"name":"wp","href":"https:\/\/api.w.org\/{rel}","templated":true}]}}