{"id":156,"date":"2025-02-15T00:04:48","date_gmt":"2025-02-14T23:04:48","guid":{"rendered":"https:\/\/eleves.escl.fr\/wp2\/dressup\/?page_id=156"},"modified":"2025-02-15T00:04:48","modified_gmt":"2025-02-14T23:04:48","slug":"a-propos","status":"publish","type":"page","link":"https:\/\/eleves.escl.fr\/wp2\/dressup\/a-propos\/","title":{"rendered":"\u00e0 propos"},"content":{"rendered":"\n<div class=\"wp-block-group alignfull has-accent-background-color has-background has-global-padding is-layout-constrained wp-container-core-group-is-layout-669513ed wp-block-group-is-layout-constrained\" style=\"margin-top:0;margin-bottom:0;padding-top:var(--wp--preset--spacing--50);padding-right:var(--wp--preset--spacing--50);padding-bottom:var(--wp--preset--spacing--50);padding-left:var(--wp--preset--spacing--50)\">\n<div class=\"wp-block-columns alignwide is-layout-flex wp-container-core-columns-is-layout-1da03c2a wp-block-columns-is-layout-flex\">\n<div class=\"wp-block-column is-vertically-aligned-stretch is-layout-flow wp-block-column-is-layout-flow\" style=\"flex-basis:50%\">\n<div class=\"wp-block-group is-vertical is-content-justification-stretch is-layout-flex wp-container-core-group-is-layout-444d5ee8 wp-block-group-is-layout-flex\" style=\"min-height:100%\">\n<p class=\"has-heading-font-family has-large-font-size\" style=\"line-height:1.7\">Ce site a \u00e9t\u00e9 fait a l&rsquo;occasion de montrer une passion autour d&rsquo;un sujet nous tenant \u00e0 coeur.                                                                  Nous sommes deux \u00e9l\u00e8ves du lyc\u00e9e Saint Pierre Saint Paul situer \u00e0 Langogne dans la r\u00e9gion Loz\u00e9rienne  dans le sud de la France.                                                        Ce projet a commencer en d\u00e9but 2025 et continu encore aujourd&rsquo;hui.  <\/p>\n<\/div>\n<\/div>\n\n\n\n<div class=\"wp-block-column is-vertically-aligned-center is-layout-flow wp-block-column-is-layout-flow\" style=\"flex-basis:50%\">\n<figure class=\"wp-block-image size-full is-resized is-style-rounded is-style-rounded--1\"><img loading=\"lazy\" decoding=\"async\" width=\"400\" height=\"231\" src=\"https:\/\/eleves.escl.fr\/wp2\/dressup\/wp-content\/uploads\/sites\/11\/2025\/02\/lycee.jpg\" alt=\"\" class=\"wp-image-159\" style=\"aspect-ratio:0.75;object-fit:cover;width:327px;height:auto\" srcset=\"https:\/\/eleves.escl.fr\/wp2\/dressup\/wp-content\/uploads\/sites\/11\/2025\/02\/lycee.jpg 400w, https:\/\/eleves.escl.fr\/wp2\/dressup\/wp-content\/uploads\/sites\/11\/2025\/02\/lycee-300x173.jpg 300w\" sizes=\"auto, (max-width: 400px) 100vw, 400px\" \/><\/figure>\n<\/div>\n<\/div>\n<\/div>\n\n\n\n<div class=\"wp-block-group alignfull has-accent-5-background-color has-background has-global-padding is-layout-constrained wp-container-core-group-is-layout-d89aad35 wp-block-group-is-layout-constrained\" style=\"margin-top:0;margin-bottom:0;padding-top:var(--wp--preset--spacing--50);padding-right:var(--wp--preset--spacing--50);padding-bottom:var(--wp--preset--spacing--50);padding-left:var(--wp--preset--spacing--50)\">\n<div class=\"wp-block-columns alignwide is-layout-flex wp-container-core-columns-is-layout-1da03c2a wp-block-columns-is-layout-flex\">\n<div class=\"wp-block-column is-vertically-aligned-center is-layout-flow wp-block-column-is-layout-flow\" style=\"flex-basis:60%\">\n<figure class=\"wp-block-gallery has-nested-images columns-default is-cropped wp-block-gallery-3 is-layout-flex wp-block-gallery-is-layout-flex\">\n<figure class=\"wp-block-image size-full is-style-rounded is-style-rounded--2\"><img loading=\"lazy\" decoding=\"async\" width=\"940\" height=\"425\" data-id=\"161\" src=\"https:\/\/eleves.escl.fr\/wp2\/dressup\/wp-content\/uploads\/sites\/11\/2025\/02\/sp-1.jpg\" alt=\"\" class=\"wp-image-161\" srcset=\"https:\/\/eleves.escl.fr\/wp2\/dressup\/wp-content\/uploads\/sites\/11\/2025\/02\/sp-1.jpg 940w, https:\/\/eleves.escl.fr\/wp2\/dressup\/wp-content\/uploads\/sites\/11\/2025\/02\/sp-1-300x136.jpg 300w, https:\/\/eleves.escl.fr\/wp2\/dressup\/wp-content\/uploads\/sites\/11\/2025\/02\/sp-1-768x347.jpg 768w\" sizes=\"auto, (max-width: 940px) 100vw, 940px\" \/><\/figure>\n<\/figure>\n<\/div>\n\n\n\n<div class=\"wp-block-column is-layout-flow wp-block-column-is-layout-flow\" style=\"flex-basis:40%\">\n<h2 class=\"wp-block-heading\">Un choix significatif<\/h2>\n\n\n\n<p>Les v\u00eatements sont un \u00e9l\u00e9ment essentiel de la vie des gens, car <strong>ils donnent le ton \u00e0 la fa\u00e7on dont chaque individu se pr\u00e9sente dans la soci\u00e9t\u00e9<\/strong> , c&rsquo;est-\u00e0-dire que les v\u00eatements que nous portons racontent l&rsquo;histoire de qui nous sommes.                 Ce site a \u00e0 offrir une \u00ab\u00a0aide\u00a0\u00bb dans le choix des compositions des v\u00eatements et cr\u00e9er une certaine harmonie gr\u00e2ce aux couleurs et assemblages de celles-ci.<\/p>\n<\/div>\n<\/div>\n<\/div>\n\n\n\n<div class=\"wp-block-group alignfull has-global-padding is-layout-constrained wp-container-core-group-is-layout-669513ed wp-block-group-is-layout-constrained\" style=\"margin-top:0;margin-bottom:0;padding-top:var(--wp--preset--spacing--50);padding-right:var(--wp--preset--spacing--50);padding-bottom:var(--wp--preset--spacing--50);padding-left:var(--wp--preset--spacing--50)\">\n<div style=\"height:var(--wp--preset--spacing--30)\" aria-hidden=\"true\" class=\"wp-block-spacer\"><\/div>\n\n\n\n<h2 class=\"wp-block-heading\">                Notre \u00e9quipe<\/h2>\n\n\n\n<div class=\"wp-block-columns alignwide is-layout-flex wp-container-core-columns-is-layout-4935966c wp-block-columns-is-layout-flex\" style=\"padding-right:0;padding-left:0\">\n<div class=\"wp-block-column is-layout-flow wp-block-column-is-layout-flow\">\n<div class=\"wp-block-group is-vertical is-content-justification-center is-nowrap is-layout-flex wp-container-core-group-is-layout-21d4e958 wp-block-group-is-layout-flex\">\n<p class=\"has-text-align-center has-small-font-size\"><strong>Clo\u00e9 R\u00e9ocreux<\/strong><\/p>\n\n\n\n<p class=\"has-text-align-center has-small-font-size\">Fondatrice des pages<\/p>\n<\/div>\n<\/div>\n\n\n\n<div class=\"wp-block-column is-layout-flow wp-block-column-is-layout-flow\">\n<div class=\"wp-block-group is-vertical is-content-justification-center is-nowrap is-layout-flex wp-container-core-group-is-layout-63bfd6c1 wp-block-group-is-layout-flex\">\n<p class=\"has-text-align-center has-small-font-size\"><strong>Estelle Prieur<\/strong><\/p>\n\n\n\n<p class=\"has-text-align-center has-small-font-size\">fondatrice de l&rsquo;aspect du site<\/p>\n<\/div>\n<\/div>\n<\/div>\n<\/div>\n","protected":false},"excerpt":{"rendered":"<p>Ce site a \u00e9t\u00e9 fait a l&rsquo;occasion de montrer une passion autour d&rsquo;un sujet nous tenant \u00e0 coeur. Nous sommes deux \u00e9l\u00e8ves du lyc\u00e9e Saint Pierre Saint Paul situer \u00e0 Langogne dans la r\u00e9gion Loz\u00e9rienne dans le sud de la France. Ce projet a commencer en d\u00e9but 2025 et continu encore aujourd&rsquo;hui. Un choix significatif [&hellip;]<\/p>\n","protected":false},"author":19,"featured_media":0,"parent":0,"menu_order":0,"comment_status":"closed","ping_status":"closed","template":"","meta":{"footnotes":""},"class_list":["post-156","page","type-page","status-publish","hentry"],"_links":{"self":[{"href":"https:\/\/eleves.escl.fr\/wp2\/dressup\/wp-json\/wp\/v2\/pages\/156","targetHints":{"allow":["GET"]}}],"collection":[{"href":"https:\/\/eleves.escl.fr\/wp2\/dressup\/wp-json\/wp\/v2\/pages"}],"about":[{"href":"https:\/\/eleves.escl.fr\/wp2\/dressup\/wp-json\/wp\/v2\/types\/page"}],"author":[{"embeddable":true,"href":"https:\/\/eleves.escl.fr\/wp2\/dressup\/wp-json\/wp\/v2\/users\/19"}],"replies":[{"embeddable":true,"href":"https:\/\/eleves.escl.fr\/wp2\/dressup\/wp-json\/wp\/v2\/comments?post=156"}],"version-history":[{"count":3,"href":"https:\/\/eleves.escl.fr\/wp2\/dressup\/wp-json\/wp\/v2\/pages\/156\/revisions"}],"predecessor-version":[{"id":205,"href":"https:\/\/eleves.escl.fr\/wp2\/dressup\/wp-json\/wp\/v2\/pages\/156\/revisions\/205"}],"wp:attachment":[{"href":"https:\/\/eleves.escl.fr\/wp2\/dressup\/wp-json\/wp\/v2\/media?parent=156"}],"curies":[{"name":"wp","href":"https:\/\/api.w.org\/{rel}","templated":true}]}}