{"id":331,"date":"2025-05-11T15:15:52","date_gmt":"2025-05-11T13:15:52","guid":{"rendered":"https:\/\/eleves.escl.fr\/wp2\/dressup\/?page_id=331"},"modified":"2025-05-11T21:33:40","modified_gmt":"2025-05-11T19:33:40","slug":"rouge","status":"publish","type":"page","link":"https:\/\/eleves.escl.fr\/wp2\/dressup\/rouge\/","title":{"rendered":"rouge"},"content":{"rendered":"\n<p>Le\u00a0<strong><a href=\"https:\/\/fr.wikipedia.org\/wiki\/Rouge\" data-type=\"link\" data-id=\"https:\/\/fr.wikipedia.org\/wiki\/Rouge\">rouge <\/a>est une couleur intense<\/strong>, associ\u00e9e au pouvoir, \u00e0 la s\u00e9duction, \u00e0 la force. Il attire l\u2019attention, \u00e9voque l\u2019amour et provoque des r\u00e9actions fortes. C\u2019est une teinte utilis\u00e9e pour affirmer sa pr\u00e9sence et son assurance dans ses tenues. Parfait pour un rendez-vous, une soir\u00e9e ou une prise de parole, le rouge est id\u00e9al en touches, sac, rouge \u00e0 l\u00e8vres, ou en total look pour marquer les esprits. En outre, la couleur rouge est souvent utilis\u00e9e pour attirer l&rsquo;attention et mettre en valeur certains \u00e9l\u00e9ments<\/p>\n\n\n\n<p>La couleur rouge peut \u00eatre utilis\u00e9e comme couleur de base pour un v\u00eatement ou un accessoire de mode. Elle peut \u00eatre utilis\u00e9e seule ou combin\u00e9e avec d&rsquo;autres couleurs pour cr\u00e9er un effet de contrastes ou de compl\u00e9mentarit\u00e9. Par exemple, une robe rouge peut \u00eatre assortie avec des chaussures noires pour un look chic et sophistiqu\u00e9, ou elle peut \u00eatre combin\u00e9e avec du jaune pour un look plus audacieux et vibrant.<\/p>\n\n\n\n<p>La couleur rouge peut \u00e9galement \u00eatre utilis\u00e9e comme couleur accent sur un v\u00eatement ou un accessoire de mode. Elle peut \u00eatre utilis\u00e9e pour mettre en valeur certains \u00e9l\u00e9ments ou ajouter de la dramatisation \u00e0 une tenue. Par exemple, un chapeau rouge peut \u00eatre port\u00e9 avec une tenue neutre pour ajouter une touche de couleur et d&rsquo;int\u00e9r\u00eat visuel, ou des boutons rouges peuvent \u00eatre ajout\u00e9s \u00e0 une chemise blanche pour un look plus d\u00e9contract\u00e9 et original.<\/p>\n\n\n\n<div class=\"wp-block-columns is-layout-flex wp-container-core-columns-is-layout-28f84493 wp-block-columns-is-layout-flex\">\n<div class=\"wp-block-column is-layout-flow wp-block-column-is-layout-flow\">\n<figure class=\"wp-block-image size-large\"><img loading=\"lazy\" decoding=\"async\" width=\"576\" height=\"1024\" src=\"https:\/\/eleves.escl.fr\/wp2\/dressup\/wp-content\/uploads\/sites\/11\/2025\/05\/telecharger-5-576x1024.jpeg\" alt=\"\" class=\"wp-image-340\" srcset=\"https:\/\/eleves.escl.fr\/wp2\/dressup\/wp-content\/uploads\/sites\/11\/2025\/05\/telecharger-5-576x1024.jpeg 576w, https:\/\/eleves.escl.fr\/wp2\/dressup\/wp-content\/uploads\/sites\/11\/2025\/05\/telecharger-5-169x300.jpeg 169w, https:\/\/eleves.escl.fr\/wp2\/dressup\/wp-content\/uploads\/sites\/11\/2025\/05\/telecharger-5.jpeg 675w\" sizes=\"auto, (max-width: 576px) 100vw, 576px\" \/><\/figure>\n<\/div>\n\n\n\n<div class=\"wp-block-column is-layout-flow wp-block-column-is-layout-flow\">\n<figure class=\"wp-block-image size-large\"><img loading=\"lazy\" decoding=\"async\" width=\"576\" height=\"1024\" src=\"https:\/\/eleves.escl.fr\/wp2\/dressup\/wp-content\/uploads\/sites\/11\/2025\/05\/race-day-outfit-ideas-charlesleclerc-ferrari-f1-outiftinspo-576x1024.jpeg\" alt=\"\" class=\"wp-image-341\" srcset=\"https:\/\/eleves.escl.fr\/wp2\/dressup\/wp-content\/uploads\/sites\/11\/2025\/05\/race-day-outfit-ideas-charlesleclerc-ferrari-f1-outiftinspo-576x1024.jpeg 576w, https:\/\/eleves.escl.fr\/wp2\/dressup\/wp-content\/uploads\/sites\/11\/2025\/05\/race-day-outfit-ideas-charlesleclerc-ferrari-f1-outiftinspo-169x300.jpeg 169w, https:\/\/eleves.escl.fr\/wp2\/dressup\/wp-content\/uploads\/sites\/11\/2025\/05\/race-day-outfit-ideas-charlesleclerc-ferrari-f1-outiftinspo.jpeg 736w\" sizes=\"auto, (max-width: 576px) 100vw, 576px\" \/><\/figure>\n<\/div>\n\n\n\n<div class=\"wp-block-column is-layout-flow wp-block-column-is-layout-flow\">\n<figure class=\"wp-block-image size-large\"><img loading=\"lazy\" decoding=\"async\" width=\"576\" height=\"1024\" src=\"https:\/\/eleves.escl.fr\/wp2\/dressup\/wp-content\/uploads\/sites\/11\/2025\/05\/outfit-rouge-576x1024.jpeg\" alt=\"\" class=\"wp-image-342\" srcset=\"https:\/\/eleves.escl.fr\/wp2\/dressup\/wp-content\/uploads\/sites\/11\/2025\/05\/outfit-rouge-576x1024.jpeg 576w, https:\/\/eleves.escl.fr\/wp2\/dressup\/wp-content\/uploads\/sites\/11\/2025\/05\/outfit-rouge-169x300.jpeg 169w, https:\/\/eleves.escl.fr\/wp2\/dressup\/wp-content\/uploads\/sites\/11\/2025\/05\/outfit-rouge.jpeg 675w\" sizes=\"auto, (max-width: 576px) 100vw, 576px\" \/><\/figure>\n<\/div>\n<\/div>\n\n\n\n<div class=\"wp-block-columns is-layout-flex wp-container-core-columns-is-layout-28f84493 wp-block-columns-is-layout-flex\">\n<div class=\"wp-block-column is-layout-flow wp-block-column-is-layout-flow\">\n<figure class=\"wp-block-image size-large\"><img loading=\"lazy\" decoding=\"async\" width=\"576\" height=\"1024\" src=\"https:\/\/eleves.escl.fr\/wp2\/dressup\/wp-content\/uploads\/sites\/11\/2025\/05\/ao-do-576x1024.jpeg\" alt=\"\" class=\"wp-image-343\" srcset=\"https:\/\/eleves.escl.fr\/wp2\/dressup\/wp-content\/uploads\/sites\/11\/2025\/05\/ao-do-576x1024.jpeg 576w, https:\/\/eleves.escl.fr\/wp2\/dressup\/wp-content\/uploads\/sites\/11\/2025\/05\/ao-do-169x300.jpeg 169w, https:\/\/eleves.escl.fr\/wp2\/dressup\/wp-content\/uploads\/sites\/11\/2025\/05\/ao-do.jpeg 720w\" sizes=\"auto, (max-width: 576px) 100vw, 576px\" \/><\/figure>\n<\/div>\n\n\n\n<div class=\"wp-block-column is-layout-flow wp-block-column-is-layout-flow\">\n<figure class=\"wp-block-image size-large\"><img loading=\"lazy\" decoding=\"async\" width=\"576\" height=\"1024\" src=\"https:\/\/eleves.escl.fr\/wp2\/dressup\/wp-content\/uploads\/sites\/11\/2025\/05\/Darkred-skirts-women-576x1024.jpeg\" alt=\"\" class=\"wp-image-345\" srcset=\"https:\/\/eleves.escl.fr\/wp2\/dressup\/wp-content\/uploads\/sites\/11\/2025\/05\/Darkred-skirts-women-576x1024.jpeg 576w, https:\/\/eleves.escl.fr\/wp2\/dressup\/wp-content\/uploads\/sites\/11\/2025\/05\/Darkred-skirts-women-169x300.jpeg 169w, https:\/\/eleves.escl.fr\/wp2\/dressup\/wp-content\/uploads\/sites\/11\/2025\/05\/Darkred-skirts-women.jpeg 736w\" sizes=\"auto, (max-width: 576px) 100vw, 576px\" \/><\/figure>\n<\/div>\n\n\n\n<div class=\"wp-block-column is-layout-flow wp-block-column-is-layout-flow\">\n<figure class=\"wp-block-image size-large\"><img loading=\"lazy\" decoding=\"async\" width=\"576\" height=\"1024\" src=\"https:\/\/eleves.escl.fr\/wp2\/dressup\/wp-content\/uploads\/sites\/11\/2025\/05\/telecharger-6-576x1024.jpeg\" alt=\"\" class=\"wp-image-344\" srcset=\"https:\/\/eleves.escl.fr\/wp2\/dressup\/wp-content\/uploads\/sites\/11\/2025\/05\/telecharger-6-576x1024.jpeg 576w, https:\/\/eleves.escl.fr\/wp2\/dressup\/wp-content\/uploads\/sites\/11\/2025\/05\/telecharger-6-169x300.jpeg 169w, https:\/\/eleves.escl.fr\/wp2\/dressup\/wp-content\/uploads\/sites\/11\/2025\/05\/telecharger-6.jpeg 736w\" sizes=\"auto, (max-width: 576px) 100vw, 576px\" \/><\/figure>\n<\/div>\n<\/div>\n","protected":false},"excerpt":{"rendered":"<p>Le\u00a0rouge est une couleur intense, associ\u00e9e au pouvoir, \u00e0 la s\u00e9duction, \u00e0 la force. Il attire l\u2019attention, \u00e9voque l\u2019amour et provoque des r\u00e9actions fortes. C\u2019est une teinte utilis\u00e9e pour affirmer sa pr\u00e9sence et son assurance dans ses tenues. Parfait pour un rendez-vous, une soir\u00e9e ou une prise de parole, le rouge est id\u00e9al en touches, [&hellip;]<\/p>\n","protected":false},"author":19,"featured_media":0,"parent":0,"menu_order":0,"comment_status":"closed","ping_status":"closed","template":"","meta":{"footnotes":""},"class_list":["post-331","page","type-page","status-publish","hentry"],"_links":{"self":[{"href":"https:\/\/eleves.escl.fr\/wp2\/dressup\/wp-json\/wp\/v2\/pages\/331","targetHints":{"allow":["GET"]}}],"collection":[{"href":"https:\/\/eleves.escl.fr\/wp2\/dressup\/wp-json\/wp\/v2\/pages"}],"about":[{"href":"https:\/\/eleves.escl.fr\/wp2\/dressup\/wp-json\/wp\/v2\/types\/page"}],"author":[{"embeddable":true,"href":"https:\/\/eleves.escl.fr\/wp2\/dressup\/wp-json\/wp\/v2\/users\/19"}],"replies":[{"embeddable":true,"href":"https:\/\/eleves.escl.fr\/wp2\/dressup\/wp-json\/wp\/v2\/comments?post=331"}],"version-history":[{"count":2,"href":"https:\/\/eleves.escl.fr\/wp2\/dressup\/wp-json\/wp\/v2\/pages\/331\/revisions"}],"predecessor-version":[{"id":346,"href":"https:\/\/eleves.escl.fr\/wp2\/dressup\/wp-json\/wp\/v2\/pages\/331\/revisions\/346"}],"wp:attachment":[{"href":"https:\/\/eleves.escl.fr\/wp2\/dressup\/wp-json\/wp\/v2\/media?parent=331"}],"curies":[{"name":"wp","href":"https:\/\/api.w.org\/{rel}","templated":true}]}}