{"id":347,"date":"2025-05-11T16:55:57","date_gmt":"2025-05-11T14:55:57","guid":{"rendered":"https:\/\/eleves.escl.fr\/wp2\/dressup\/?page_id=347"},"modified":"2025-05-11T16:55:57","modified_gmt":"2025-05-11T14:55:57","slug":"bleu","status":"publish","type":"page","link":"https:\/\/eleves.escl.fr\/wp2\/dressup\/bleu\/","title":{"rendered":"bleu"},"content":{"rendered":"\n<p>Le <a href=\"https:\/\/fr.wikipedia.org\/wiki\/Bleu\" data-type=\"link\" data-id=\"https:\/\/fr.wikipedia.org\/wiki\/Bleu\">bleu<\/a>, couleur embl\u00e9matique et polyvalente, offre une multitude de possibilit\u00e9s pour cr\u00e9er des tenues harmonieuses et \u00e9l\u00e9gantes. Que vous soyez un passionn\u00e9 de mode ou simplement \u00e0 la recherche de nouvelles inspirations vestimentaires, comprendre les associations chromatiques avec le bleu peut consid\u00e9rablement enrichir votre garde-robe. Cette teinte, symbole de confiance et de s\u00e9r\u00e9nit\u00e9, se d\u00e9cline en une vari\u00e9t\u00e9 de nuances, chacune apportant sa propre personnalit\u00e9 \u00e0 vos ensembles. La psychologie des couleurs joue un r\u00f4le crucial dans la fa\u00e7on dont nous percevons et sommes per\u00e7us \u00e0 travers notre habillement. Le bleu, en particulier, est charg\u00e9 de significations profondes qui influencent subtilement nos interactions sociales et professionnelles. Traditionnellement associ\u00e9 \u00e0 la stabilit\u00e9, \u00e0 la confiance et \u00e0 la s\u00e9r\u00e9nit\u00e9, le bleu est une couleur qui inspire le calme et la comp\u00e9tence.<\/p>\n\n\n\n<p>Dans un contexte professionnel, porter du bleu peut vous aider \u00e0 projeter une image de fiabilit\u00e9 et de professionnalisme. C&rsquo;est pourquoi les costumes et tailleurs bleus sont si populaires dans le monde des affaires. Le bleu fonc\u00e9, en particulier, \u00e9voque l&rsquo;autorit\u00e9 et l&rsquo;expertise, faisant de lui un choix judicieux pour les entretiens d&#8217;embauche ou les pr\u00e9sentations importantes.<\/p>\n\n\n\n<div class=\"wp-block-columns is-layout-flex wp-container-core-columns-is-layout-28f84493 wp-block-columns-is-layout-flex\">\n<div class=\"wp-block-column is-layout-flow wp-block-column-is-layout-flow\">\n<figure class=\"wp-block-image size-large\"><img loading=\"lazy\" decoding=\"async\" width=\"576\" height=\"1024\" src=\"https:\/\/eleves.escl.fr\/wp2\/dressup\/wp-content\/uploads\/sites\/11\/2025\/05\/blueeee-576x1024.jpeg\" alt=\"\" class=\"wp-image-348\" srcset=\"https:\/\/eleves.escl.fr\/wp2\/dressup\/wp-content\/uploads\/sites\/11\/2025\/05\/blueeee-576x1024.jpeg 576w, https:\/\/eleves.escl.fr\/wp2\/dressup\/wp-content\/uploads\/sites\/11\/2025\/05\/blueeee-169x300.jpeg 169w, https:\/\/eleves.escl.fr\/wp2\/dressup\/wp-content\/uploads\/sites\/11\/2025\/05\/blueeee.jpeg 676w\" sizes=\"auto, (max-width: 576px) 100vw, 576px\" \/><\/figure>\n<\/div>\n\n\n\n<div class=\"wp-block-column is-layout-flow wp-block-column-is-layout-flow\">\n<figure class=\"wp-block-image size-large\"><img loading=\"lazy\" decoding=\"async\" width=\"576\" height=\"1024\" src=\"https:\/\/eleves.escl.fr\/wp2\/dressup\/wp-content\/uploads\/sites\/11\/2025\/05\/telecharger-7-576x1024.jpeg\" alt=\"\" class=\"wp-image-349\" srcset=\"https:\/\/eleves.escl.fr\/wp2\/dressup\/wp-content\/uploads\/sites\/11\/2025\/05\/telecharger-7-576x1024.jpeg 576w, https:\/\/eleves.escl.fr\/wp2\/dressup\/wp-content\/uploads\/sites\/11\/2025\/05\/telecharger-7-169x300.jpeg 169w, https:\/\/eleves.escl.fr\/wp2\/dressup\/wp-content\/uploads\/sites\/11\/2025\/05\/telecharger-7.jpeg 675w\" sizes=\"auto, (max-width: 576px) 100vw, 576px\" \/><\/figure>\n<\/div>\n\n\n\n<div class=\"wp-block-column is-layout-flow wp-block-column-is-layout-flow\">\n<figure class=\"wp-block-image size-large\"><img loading=\"lazy\" decoding=\"async\" width=\"576\" height=\"1024\" src=\"https:\/\/eleves.escl.fr\/wp2\/dressup\/wp-content\/uploads\/sites\/11\/2025\/05\/telecharger-8-576x1024.jpeg\" alt=\"\" class=\"wp-image-351\" srcset=\"https:\/\/eleves.escl.fr\/wp2\/dressup\/wp-content\/uploads\/sites\/11\/2025\/05\/telecharger-8-576x1024.jpeg 576w, https:\/\/eleves.escl.fr\/wp2\/dressup\/wp-content\/uploads\/sites\/11\/2025\/05\/telecharger-8-169x300.jpeg 169w, https:\/\/eleves.escl.fr\/wp2\/dressup\/wp-content\/uploads\/sites\/11\/2025\/05\/telecharger-8.jpeg 675w\" sizes=\"auto, (max-width: 576px) 100vw, 576px\" \/><\/figure>\n<\/div>\n<\/div>\n\n\n\n<div class=\"wp-block-columns is-layout-flex wp-container-core-columns-is-layout-28f84493 wp-block-columns-is-layout-flex\">\n<div class=\"wp-block-column is-layout-flow wp-block-column-is-layout-flow\">\n<figure class=\"wp-block-image size-large\"><img loading=\"lazy\" decoding=\"async\" width=\"576\" height=\"1024\" src=\"https:\/\/eleves.escl.fr\/wp2\/dressup\/wp-content\/uploads\/sites\/11\/2025\/05\/Blaue-Tops-576x1024.jpeg\" alt=\"\" class=\"wp-image-352\" srcset=\"https:\/\/eleves.escl.fr\/wp2\/dressup\/wp-content\/uploads\/sites\/11\/2025\/05\/Blaue-Tops-576x1024.jpeg 576w, https:\/\/eleves.escl.fr\/wp2\/dressup\/wp-content\/uploads\/sites\/11\/2025\/05\/Blaue-Tops-169x300.jpeg 169w, https:\/\/eleves.escl.fr\/wp2\/dressup\/wp-content\/uploads\/sites\/11\/2025\/05\/Blaue-Tops.jpeg 675w\" sizes=\"auto, (max-width: 576px) 100vw, 576px\" \/><\/figure>\n<\/div>\n\n\n\n<div class=\"wp-block-column is-layout-flow wp-block-column-is-layout-flow\">\n<figure class=\"wp-block-image size-full\"><img loading=\"lazy\" decoding=\"async\" width=\"736\" height=\"1308\" src=\"https:\/\/eleves.escl.fr\/wp2\/dressup\/wp-content\/uploads\/sites\/11\/2025\/05\/telecharger-10.jpeg\" alt=\"\" class=\"wp-image-355\" srcset=\"https:\/\/eleves.escl.fr\/wp2\/dressup\/wp-content\/uploads\/sites\/11\/2025\/05\/telecharger-10.jpeg 736w, https:\/\/eleves.escl.fr\/wp2\/dressup\/wp-content\/uploads\/sites\/11\/2025\/05\/telecharger-10-169x300.jpeg 169w, https:\/\/eleves.escl.fr\/wp2\/dressup\/wp-content\/uploads\/sites\/11\/2025\/05\/telecharger-10-576x1024.jpeg 576w\" sizes=\"auto, (max-width: 736px) 100vw, 736px\" \/><\/figure>\n<\/div>\n\n\n\n<div class=\"wp-block-column is-layout-flow wp-block-column-is-layout-flow\">\n<figure class=\"wp-block-image size-large\"><img loading=\"lazy\" decoding=\"async\" width=\"576\" height=\"1024\" src=\"https:\/\/eleves.escl.fr\/wp2\/dressup\/wp-content\/uploads\/sites\/11\/2025\/05\/telecharger-12-576x1024.jpeg\" alt=\"\" class=\"wp-image-356\" srcset=\"https:\/\/eleves.escl.fr\/wp2\/dressup\/wp-content\/uploads\/sites\/11\/2025\/05\/telecharger-12-576x1024.jpeg 576w, https:\/\/eleves.escl.fr\/wp2\/dressup\/wp-content\/uploads\/sites\/11\/2025\/05\/telecharger-12-169x300.jpeg 169w, https:\/\/eleves.escl.fr\/wp2\/dressup\/wp-content\/uploads\/sites\/11\/2025\/05\/telecharger-12.jpeg 720w\" sizes=\"auto, (max-width: 576px) 100vw, 576px\" \/><\/figure>\n<\/div>\n<\/div>\n","protected":false},"excerpt":{"rendered":"<p>Le bleu, couleur embl\u00e9matique et polyvalente, offre une multitude de possibilit\u00e9s pour cr\u00e9er des tenues harmonieuses et \u00e9l\u00e9gantes. Que vous soyez un passionn\u00e9 de mode ou simplement \u00e0 la recherche de nouvelles inspirations vestimentaires, comprendre les associations chromatiques avec le bleu peut consid\u00e9rablement enrichir votre garde-robe. Cette teinte, symbole de confiance et de s\u00e9r\u00e9nit\u00e9, se [&hellip;]<\/p>\n","protected":false},"author":19,"featured_media":0,"parent":0,"menu_order":0,"comment_status":"closed","ping_status":"closed","template":"","meta":{"footnotes":""},"class_list":["post-347","page","type-page","status-publish","hentry"],"_links":{"self":[{"href":"https:\/\/eleves.escl.fr\/wp2\/dressup\/wp-json\/wp\/v2\/pages\/347","targetHints":{"allow":["GET"]}}],"collection":[{"href":"https:\/\/eleves.escl.fr\/wp2\/dressup\/wp-json\/wp\/v2\/pages"}],"about":[{"href":"https:\/\/eleves.escl.fr\/wp2\/dressup\/wp-json\/wp\/v2\/types\/page"}],"author":[{"embeddable":true,"href":"https:\/\/eleves.escl.fr\/wp2\/dressup\/wp-json\/wp\/v2\/users\/19"}],"replies":[{"embeddable":true,"href":"https:\/\/eleves.escl.fr\/wp2\/dressup\/wp-json\/wp\/v2\/comments?post=347"}],"version-history":[{"count":1,"href":"https:\/\/eleves.escl.fr\/wp2\/dressup\/wp-json\/wp\/v2\/pages\/347\/revisions"}],"predecessor-version":[{"id":357,"href":"https:\/\/eleves.escl.fr\/wp2\/dressup\/wp-json\/wp\/v2\/pages\/347\/revisions\/357"}],"wp:attachment":[{"href":"https:\/\/eleves.escl.fr\/wp2\/dressup\/wp-json\/wp\/v2\/media?parent=347"}],"curies":[{"name":"wp","href":"https:\/\/api.w.org\/{rel}","templated":true}]}}