{"id":358,"date":"2025-05-11T17:26:10","date_gmt":"2025-05-11T15:26:10","guid":{"rendered":"https:\/\/eleves.escl.fr\/wp2\/dressup\/?page_id=358"},"modified":"2025-05-11T22:35:19","modified_gmt":"2025-05-11T20:35:19","slug":"vert","status":"publish","type":"page","link":"https:\/\/eleves.escl.fr\/wp2\/dressup\/vert\/","title":{"rendered":"vert"},"content":{"rendered":"\n<p>Le<a href=\"https:\/\/fr.wikipedia.org\/wiki\/Vert\" data-type=\"link\" data-id=\"https:\/\/fr.wikipedia.org\/wiki\/Vert\"> vert<\/a> peut \u00eatre synonyme d&rsquo;espoir, de vie et de chance, mais aussi de poison, de manque d&rsquo;exp\u00e9rience et d&rsquo;envie.\u00a0cette couleur avec des\u00a0<strong>couleurs<\/strong>\u00a0chaudes comme le jaune, le terracotta ou des touches orang\u00e9es dynamise n\u2019importe quelle\u00a0<strong>tenue<\/strong>. La combinaison s\u2019invite facilement dans vos vestiaires du quotidien\u202f: pensez \u00e0 un pull vert fonc\u00e9 mari\u00e9 \u00e0 une jupe camel ou ocre pour un effet chic et lumineux. Les accessoires\u00a0jouent aussi leur r\u00f4le\u202f: une ceinture corail ou un sac moutarde avec une\u00a0<strong>robe verte<\/strong>\u00a0apportent juste ce qu\u2019il faut de fantaisie, sans excentricit\u00e9. Ce\u00a0<strong>contraste de tons booste l\u2019allure<\/strong>\u00a0et donne le sourire, c\u2019est l\u2019option \u00e0 privil\u00e9gier pour casser la routine tout en gardant une \u00e9l\u00e9gance affirm\u00e9e. Composer une\u00a0<strong>tenue<\/strong>\u00a0autour du vert n\u2019est pas r\u00e9serv\u00e9 aux contrastes vifs. La tendance s\u2019oriente aussi vers l\u2019<strong>association du vert avec les tons pastel\u202f<\/strong>: rose poudr\u00e9, bleu ciel ou lavande, par exemple.<\/p>\n\n\n\n<div class=\"wp-block-columns is-layout-flex wp-container-core-columns-is-layout-28f84493 wp-block-columns-is-layout-flex\">\n<div class=\"wp-block-column is-layout-flow wp-block-column-is-layout-flow\">\n<figure class=\"wp-block-image size-large\"><img loading=\"lazy\" decoding=\"async\" width=\"576\" height=\"1024\" src=\"https:\/\/eleves.escl.fr\/wp2\/dressup\/wp-content\/uploads\/sites\/11\/2025\/05\/City-Girl-Approved-576x1024.jpeg\" alt=\"\" class=\"wp-image-402\" srcset=\"https:\/\/eleves.escl.fr\/wp2\/dressup\/wp-content\/uploads\/sites\/11\/2025\/05\/City-Girl-Approved-576x1024.jpeg 576w, https:\/\/eleves.escl.fr\/wp2\/dressup\/wp-content\/uploads\/sites\/11\/2025\/05\/City-Girl-Approved-169x300.jpeg 169w, https:\/\/eleves.escl.fr\/wp2\/dressup\/wp-content\/uploads\/sites\/11\/2025\/05\/City-Girl-Approved.jpeg 675w\" sizes=\"auto, (max-width: 576px) 100vw, 576px\" \/><\/figure>\n<\/div>\n\n\n\n<div class=\"wp-block-column is-layout-flow wp-block-column-is-layout-flow\">\n<figure class=\"wp-block-image size-large\"><img loading=\"lazy\" decoding=\"async\" width=\"576\" height=\"1024\" src=\"https:\/\/eleves.escl.fr\/wp2\/dressup\/wp-content\/uploads\/sites\/11\/2025\/05\/telecharger-16-576x1024.jpeg\" alt=\"\" class=\"wp-image-403\" srcset=\"https:\/\/eleves.escl.fr\/wp2\/dressup\/wp-content\/uploads\/sites\/11\/2025\/05\/telecharger-16-576x1024.jpeg 576w, https:\/\/eleves.escl.fr\/wp2\/dressup\/wp-content\/uploads\/sites\/11\/2025\/05\/telecharger-16-169x300.jpeg 169w, https:\/\/eleves.escl.fr\/wp2\/dressup\/wp-content\/uploads\/sites\/11\/2025\/05\/telecharger-16.jpeg 675w\" sizes=\"auto, (max-width: 576px) 100vw, 576px\" \/><\/figure>\n<\/div>\n\n\n\n<div class=\"wp-block-column is-layout-flow wp-block-column-is-layout-flow\">\n<figure class=\"wp-block-image size-large\"><img loading=\"lazy\" decoding=\"async\" width=\"576\" height=\"1024\" src=\"https:\/\/eleves.escl.fr\/wp2\/dressup\/wp-content\/uploads\/sites\/11\/2025\/05\/Vintage-Fashion-576x1024.jpeg\" alt=\"\" class=\"wp-image-405\" srcset=\"https:\/\/eleves.escl.fr\/wp2\/dressup\/wp-content\/uploads\/sites\/11\/2025\/05\/Vintage-Fashion-576x1024.jpeg 576w, https:\/\/eleves.escl.fr\/wp2\/dressup\/wp-content\/uploads\/sites\/11\/2025\/05\/Vintage-Fashion-169x300.jpeg 169w, https:\/\/eleves.escl.fr\/wp2\/dressup\/wp-content\/uploads\/sites\/11\/2025\/05\/Vintage-Fashion.jpeg 675w\" sizes=\"auto, (max-width: 576px) 100vw, 576px\" \/><\/figure>\n<\/div>\n<\/div>\n\n\n\n<div class=\"wp-block-columns is-layout-flex wp-container-core-columns-is-layout-28f84493 wp-block-columns-is-layout-flex\">\n<div class=\"wp-block-column is-layout-flow wp-block-column-is-layout-flow\">\n<figure class=\"wp-block-image size-large\"><img loading=\"lazy\" decoding=\"async\" width=\"576\" height=\"1024\" src=\"https:\/\/eleves.escl.fr\/wp2\/dressup\/wp-content\/uploads\/sites\/11\/2025\/05\/Soft-green-top-\u2618\ufe0f-576x1024.jpeg\" alt=\"\" class=\"wp-image-413\" srcset=\"https:\/\/eleves.escl.fr\/wp2\/dressup\/wp-content\/uploads\/sites\/11\/2025\/05\/Soft-green-top-\u2618\ufe0f-576x1024.jpeg 576w, https:\/\/eleves.escl.fr\/wp2\/dressup\/wp-content\/uploads\/sites\/11\/2025\/05\/Soft-green-top-\u2618\ufe0f-169x300.jpeg 169w, https:\/\/eleves.escl.fr\/wp2\/dressup\/wp-content\/uploads\/sites\/11\/2025\/05\/Soft-green-top-\u2618\ufe0f.jpeg 675w\" sizes=\"auto, (max-width: 576px) 100vw, 576px\" \/><\/figure>\n<\/div>\n\n\n\n<div class=\"wp-block-column is-layout-flow wp-block-column-is-layout-flow\">\n<figure class=\"wp-block-image size-large\"><img loading=\"lazy\" decoding=\"async\" width=\"576\" height=\"1024\" src=\"https:\/\/eleves.escl.fr\/wp2\/dressup\/wp-content\/uploads\/sites\/11\/2025\/05\/telecharger-18-576x1024.jpeg\" alt=\"\" class=\"wp-image-414\" srcset=\"https:\/\/eleves.escl.fr\/wp2\/dressup\/wp-content\/uploads\/sites\/11\/2025\/05\/telecharger-18-576x1024.jpeg 576w, https:\/\/eleves.escl.fr\/wp2\/dressup\/wp-content\/uploads\/sites\/11\/2025\/05\/telecharger-18-169x300.jpeg 169w, https:\/\/eleves.escl.fr\/wp2\/dressup\/wp-content\/uploads\/sites\/11\/2025\/05\/telecharger-18.jpeg 675w\" sizes=\"auto, (max-width: 576px) 100vw, 576px\" \/><\/figure>\n<\/div>\n\n\n\n<div class=\"wp-block-column is-layout-flow wp-block-column-is-layout-flow\">\n<figure class=\"wp-block-image size-large\"><img loading=\"lazy\" decoding=\"async\" width=\"576\" height=\"1024\" src=\"https:\/\/eleves.escl.fr\/wp2\/dressup\/wp-content\/uploads\/sites\/11\/2025\/05\/\ud83d\udc22\ud83c\udf40\ud83c\udf43Green\ud83d\udc9a\ud83e\udd5d\ud83c\udf48-576x1024.jpeg\" alt=\"\" class=\"wp-image-415\" srcset=\"https:\/\/eleves.escl.fr\/wp2\/dressup\/wp-content\/uploads\/sites\/11\/2025\/05\/\ud83d\udc22\ud83c\udf40\ud83c\udf43Green\ud83d\udc9a\ud83e\udd5d\ud83c\udf48-576x1024.jpeg 576w, https:\/\/eleves.escl.fr\/wp2\/dressup\/wp-content\/uploads\/sites\/11\/2025\/05\/\ud83d\udc22\ud83c\udf40\ud83c\udf43Green\ud83d\udc9a\ud83e\udd5d\ud83c\udf48-169x300.jpeg 169w, https:\/\/eleves.escl.fr\/wp2\/dressup\/wp-content\/uploads\/sites\/11\/2025\/05\/\ud83d\udc22\ud83c\udf40\ud83c\udf43Green\ud83d\udc9a\ud83e\udd5d\ud83c\udf48.jpeg 675w\" sizes=\"auto, (max-width: 576px) 100vw, 576px\" \/><\/figure>\n<\/div>\n<\/div>\n","protected":false},"excerpt":{"rendered":"<p>Le vert peut \u00eatre synonyme d&rsquo;espoir, de vie et de chance, mais aussi de poison, de manque d&rsquo;exp\u00e9rience et d&rsquo;envie.\u00a0cette couleur avec des\u00a0couleurs\u00a0chaudes comme le jaune, le terracotta ou des touches orang\u00e9es dynamise n\u2019importe quelle\u00a0tenue. La combinaison s\u2019invite facilement dans vos vestiaires du quotidien\u202f: pensez \u00e0 un pull vert fonc\u00e9 mari\u00e9 \u00e0 une jupe camel [&hellip;]<\/p>\n","protected":false},"author":19,"featured_media":0,"parent":0,"menu_order":0,"comment_status":"closed","ping_status":"closed","template":"","meta":{"footnotes":""},"class_list":["post-358","page","type-page","status-publish","hentry"],"_links":{"self":[{"href":"https:\/\/eleves.escl.fr\/wp2\/dressup\/wp-json\/wp\/v2\/pages\/358","targetHints":{"allow":["GET"]}}],"collection":[{"href":"https:\/\/eleves.escl.fr\/wp2\/dressup\/wp-json\/wp\/v2\/pages"}],"about":[{"href":"https:\/\/eleves.escl.fr\/wp2\/dressup\/wp-json\/wp\/v2\/types\/page"}],"author":[{"embeddable":true,"href":"https:\/\/eleves.escl.fr\/wp2\/dressup\/wp-json\/wp\/v2\/users\/19"}],"replies":[{"embeddable":true,"href":"https:\/\/eleves.escl.fr\/wp2\/dressup\/wp-json\/wp\/v2\/comments?post=358"}],"version-history":[{"count":3,"href":"https:\/\/eleves.escl.fr\/wp2\/dressup\/wp-json\/wp\/v2\/pages\/358\/revisions"}],"predecessor-version":[{"id":416,"href":"https:\/\/eleves.escl.fr\/wp2\/dressup\/wp-json\/wp\/v2\/pages\/358\/revisions\/416"}],"wp:attachment":[{"href":"https:\/\/eleves.escl.fr\/wp2\/dressup\/wp-json\/wp\/v2\/media?parent=358"}],"curies":[{"name":"wp","href":"https:\/\/api.w.org\/{rel}","templated":true}]}}