{"id":360,"date":"2025-05-11T17:27:10","date_gmt":"2025-05-11T15:27:10","guid":{"rendered":"https:\/\/eleves.escl.fr\/wp2\/dressup\/?page_id=360"},"modified":"2025-05-18T16:17:17","modified_gmt":"2025-05-18T14:17:17","slug":"violet","status":"publish","type":"page","link":"https:\/\/eleves.escl.fr\/wp2\/dressup\/violet\/","title":{"rendered":"violet"},"content":{"rendered":"\n<p>Le nom de la couleur vient du mot latin \u00ab\u00a0viola\u00a0\u00bb (violet). En fait, c&rsquo;est une symbiose de 2 couleurs diam\u00e9tralement oppos\u00e9es: bleu calme et rouge \u00e9nerg\u00e9tique. Le <a href=\"https:\/\/fr.wikipedia.org\/wiki\/Violet\" data-type=\"link\" data-id=\"https:\/\/fr.wikipedia.org\/wiki\/Violet\">violet<\/a> se marie parfaitement avec les couleurs neutres comme le blanc, le beige, le Camel ou le noir. (si on ose dire que le noir est une couleur neutre !)Il sublimera \u00e9galement toutes les nuances de bleu ou de vert sapin. En utilisant du violet dans les v\u00eatements, le maquillage, il convient de prendre en compte la fa\u00e7on dont il est combin\u00e9. Cela se r\u00e9f\u00e8re, tout d&rsquo;abord, au type de couleur d&rsquo;apparence, qui est d\u00e9termin\u00e9 par la couleur de la peau, des yeux et des cheveux.<\/p>\n\n\n\n<p>Les personnes qui choisissent intuitivement cette couleur semblent envoyer un signal aux autres sur leur caract\u00e8re, leurs aspirations, leurs fantasmes. Ses fans, avec le d\u00e9sir d&rsquo;\u00eatre charm\u00e9s, ont soif de possession, de sorcellerie.<br><\/p>\n\n\n\n<div class=\"wp-block-columns is-layout-flex wp-container-core-columns-is-layout-28f84493 wp-block-columns-is-layout-flex\">\n<div class=\"wp-block-column is-layout-flow wp-block-column-is-layout-flow\">\n<figure class=\"wp-block-image size-large\"><img loading=\"lazy\" decoding=\"async\" width=\"576\" height=\"1024\" src=\"https:\/\/eleves.escl.fr\/wp2\/dressup\/wp-content\/uploads\/sites\/11\/2025\/05\/telecharger-19-576x1024.jpeg\" alt=\"\" class=\"wp-image-424\" srcset=\"https:\/\/eleves.escl.fr\/wp2\/dressup\/wp-content\/uploads\/sites\/11\/2025\/05\/telecharger-19-576x1024.jpeg 576w, https:\/\/eleves.escl.fr\/wp2\/dressup\/wp-content\/uploads\/sites\/11\/2025\/05\/telecharger-19-169x300.jpeg 169w, https:\/\/eleves.escl.fr\/wp2\/dressup\/wp-content\/uploads\/sites\/11\/2025\/05\/telecharger-19.jpeg 736w\" sizes=\"auto, (max-width: 576px) 100vw, 576px\" \/><\/figure>\n<\/div>\n\n\n\n<div class=\"wp-block-column is-layout-flow wp-block-column-is-layout-flow\">\n<figure class=\"wp-block-image size-large\"><img loading=\"lazy\" decoding=\"async\" width=\"576\" height=\"1024\" src=\"https:\/\/eleves.escl.fr\/wp2\/dressup\/wp-content\/uploads\/sites\/11\/2025\/05\/Purpleee-576x1024.jpeg\" alt=\"\" class=\"wp-image-425\" srcset=\"https:\/\/eleves.escl.fr\/wp2\/dressup\/wp-content\/uploads\/sites\/11\/2025\/05\/Purpleee-576x1024.jpeg 576w, https:\/\/eleves.escl.fr\/wp2\/dressup\/wp-content\/uploads\/sites\/11\/2025\/05\/Purpleee-169x300.jpeg 169w, https:\/\/eleves.escl.fr\/wp2\/dressup\/wp-content\/uploads\/sites\/11\/2025\/05\/Purpleee.jpeg 675w\" sizes=\"auto, (max-width: 576px) 100vw, 576px\" \/><\/figure>\n<\/div>\n\n\n\n<div class=\"wp-block-column is-layout-flow wp-block-column-is-layout-flow\">\n<figure class=\"wp-block-image size-large\"><img loading=\"lazy\" decoding=\"async\" width=\"576\" height=\"1024\" src=\"https:\/\/eleves.escl.fr\/wp2\/dressup\/wp-content\/uploads\/sites\/11\/2025\/05\/telecharger-20-576x1024.jpeg\" alt=\"\" class=\"wp-image-426\" srcset=\"https:\/\/eleves.escl.fr\/wp2\/dressup\/wp-content\/uploads\/sites\/11\/2025\/05\/telecharger-20-576x1024.jpeg 576w, https:\/\/eleves.escl.fr\/wp2\/dressup\/wp-content\/uploads\/sites\/11\/2025\/05\/telecharger-20-169x300.jpeg 169w, https:\/\/eleves.escl.fr\/wp2\/dressup\/wp-content\/uploads\/sites\/11\/2025\/05\/telecharger-20.jpeg 736w\" sizes=\"auto, (max-width: 576px) 100vw, 576px\" \/><\/figure>\n<\/div>\n<\/div>\n\n\n\n<div class=\"wp-block-columns is-layout-flex wp-container-core-columns-is-layout-28f84493 wp-block-columns-is-layout-flex\">\n<div class=\"wp-block-column is-layout-flow wp-block-column-is-layout-flow\">\n<figure class=\"wp-block-image size-large\"><img loading=\"lazy\" decoding=\"async\" width=\"576\" height=\"1024\" src=\"https:\/\/eleves.escl.fr\/wp2\/dressup\/wp-content\/uploads\/sites\/11\/2025\/05\/telecharger-21-1-576x1024.jpeg\" alt=\"\" class=\"wp-image-428\" srcset=\"https:\/\/eleves.escl.fr\/wp2\/dressup\/wp-content\/uploads\/sites\/11\/2025\/05\/telecharger-21-1-576x1024.jpeg 576w, https:\/\/eleves.escl.fr\/wp2\/dressup\/wp-content\/uploads\/sites\/11\/2025\/05\/telecharger-21-1-169x300.jpeg 169w, https:\/\/eleves.escl.fr\/wp2\/dressup\/wp-content\/uploads\/sites\/11\/2025\/05\/telecharger-21-1.jpeg 736w\" sizes=\"auto, (max-width: 576px) 100vw, 576px\" \/><\/figure>\n<\/div>\n\n\n\n<div class=\"wp-block-column is-layout-flow wp-block-column-is-layout-flow\">\n<figure class=\"wp-block-image size-large\"><img loading=\"lazy\" decoding=\"async\" width=\"576\" height=\"1024\" src=\"https:\/\/eleves.escl.fr\/wp2\/dressup\/wp-content\/uploads\/sites\/11\/2025\/05\/Lilac-skirts-women-576x1024.jpeg\" alt=\"\" class=\"wp-image-429\" srcset=\"https:\/\/eleves.escl.fr\/wp2\/dressup\/wp-content\/uploads\/sites\/11\/2025\/05\/Lilac-skirts-women-576x1024.jpeg 576w, https:\/\/eleves.escl.fr\/wp2\/dressup\/wp-content\/uploads\/sites\/11\/2025\/05\/Lilac-skirts-women-169x300.jpeg 169w, https:\/\/eleves.escl.fr\/wp2\/dressup\/wp-content\/uploads\/sites\/11\/2025\/05\/Lilac-skirts-women.jpeg 736w\" sizes=\"auto, (max-width: 576px) 100vw, 576px\" \/><\/figure>\n<\/div>\n\n\n\n<div class=\"wp-block-column is-layout-flow wp-block-column-is-layout-flow\">\n<figure class=\"wp-block-image size-large\"><img loading=\"lazy\" decoding=\"async\" width=\"576\" height=\"1024\" src=\"https:\/\/eleves.escl.fr\/wp2\/dressup\/wp-content\/uploads\/sites\/11\/2025\/05\/telecharger-22-576x1024.jpeg\" alt=\"\" class=\"wp-image-430\" srcset=\"https:\/\/eleves.escl.fr\/wp2\/dressup\/wp-content\/uploads\/sites\/11\/2025\/05\/telecharger-22-576x1024.jpeg 576w, https:\/\/eleves.escl.fr\/wp2\/dressup\/wp-content\/uploads\/sites\/11\/2025\/05\/telecharger-22-169x300.jpeg 169w, https:\/\/eleves.escl.fr\/wp2\/dressup\/wp-content\/uploads\/sites\/11\/2025\/05\/telecharger-22.jpeg 675w\" sizes=\"auto, (max-width: 576px) 100vw, 576px\" \/><\/figure>\n<\/div>\n<\/div>\n","protected":false},"excerpt":{"rendered":"<p>Le nom de la couleur vient du mot latin \u00ab\u00a0viola\u00a0\u00bb (violet). En fait, c&rsquo;est une symbiose de 2 couleurs diam\u00e9tralement oppos\u00e9es: bleu calme et rouge \u00e9nerg\u00e9tique. Le violet se marie parfaitement avec les couleurs neutres comme le blanc, le beige, le Camel ou le noir. (si on ose dire que le noir est une couleur [&hellip;]<\/p>\n","protected":false},"author":19,"featured_media":0,"parent":0,"menu_order":0,"comment_status":"closed","ping_status":"closed","template":"","meta":{"footnotes":""},"class_list":["post-360","page","type-page","status-publish","hentry"],"_links":{"self":[{"href":"https:\/\/eleves.escl.fr\/wp2\/dressup\/wp-json\/wp\/v2\/pages\/360","targetHints":{"allow":["GET"]}}],"collection":[{"href":"https:\/\/eleves.escl.fr\/wp2\/dressup\/wp-json\/wp\/v2\/pages"}],"about":[{"href":"https:\/\/eleves.escl.fr\/wp2\/dressup\/wp-json\/wp\/v2\/types\/page"}],"author":[{"embeddable":true,"href":"https:\/\/eleves.escl.fr\/wp2\/dressup\/wp-json\/wp\/v2\/users\/19"}],"replies":[{"embeddable":true,"href":"https:\/\/eleves.escl.fr\/wp2\/dressup\/wp-json\/wp\/v2\/comments?post=360"}],"version-history":[{"count":4,"href":"https:\/\/eleves.escl.fr\/wp2\/dressup\/wp-json\/wp\/v2\/pages\/360\/revisions"}],"predecessor-version":[{"id":563,"href":"https:\/\/eleves.escl.fr\/wp2\/dressup\/wp-json\/wp\/v2\/pages\/360\/revisions\/563"}],"wp:attachment":[{"href":"https:\/\/eleves.escl.fr\/wp2\/dressup\/wp-json\/wp\/v2\/media?parent=360"}],"curies":[{"name":"wp","href":"https:\/\/api.w.org\/{rel}","templated":true}]}}