{"id":362,"date":"2025-05-11T17:27:36","date_gmt":"2025-05-11T15:27:36","guid":{"rendered":"https:\/\/eleves.escl.fr\/wp2\/dressup\/?page_id=362"},"modified":"2025-05-11T22:05:02","modified_gmt":"2025-05-11T20:05:02","slug":"orange","status":"publish","type":"page","link":"https:\/\/eleves.escl.fr\/wp2\/dressup\/orange\/","title":{"rendered":"orange"},"content":{"rendered":"\n<p>L\u2019<a href=\"https:\/\/fr.wikipedia.org\/wiki\/Orange_(couleur)\">orange<\/a> est ind\u00e9niablement associ\u00e9 \u00e0 des sentiments d\u2019enthousiasme, de cr\u00e9ativit\u00e9 et de joie. C\u2019est comme un rayon de soleil sous forme vestimentaire ! En portant du orange, non seulement vous d\u00e9gagez une \u00e9nergie positive mais vous captez \u00e9galement l\u2019attention de tous.<\/p>\n\n\n\n<p>Cette couleur vivante exhale une chaleur qui peut am\u00e9liorer votre humeur ainsi que celle des personnes autour de vous. Elle attire les regards tout en r\u00e9pandant la gaiet\u00e9. Lorsqu\u2019on choisit l\u2019orange, on opte pour la vitalit\u00e9 et le dynamisme.<\/p>\n\n\n\n<p>En somme, l\u2019orange n\u2019est pas qu\u2019une simple couleur : c\u2019est un v\u00e9ritable \u00e9tat d\u2019esprit qui suscite optimisme et bonheur chez ceux qui s\u2019y adonnent.En mati\u00e8re d\u2019association de couleurs avec des v\u00eatements orange, les possibilit\u00e9s sont infinies et permettent \u00e0 la fois l\u2019harmonie et le contraste. Pour un look harmonieux, optez pour des nuances dans le m\u00eame spectre chaud comme les jaunes ou les rouges.<\/p>\n\n\n\n<p>Les v\u00eatements orange offrent un terrain d\u2019experimentation riche en couleur. Laissez libre cours \u00e0 votre imagination en associant diff\u00e9rentes teintes. Trouvez l\u2019\u00e9quilibre parfait entre harmonie et contraste pour cr\u00e9er une tenue unique.<\/p>\n\n\n\n<div class=\"wp-block-columns is-layout-flex wp-container-core-columns-is-layout-28f84493 wp-block-columns-is-layout-flex\">\n<div class=\"wp-block-column is-layout-flow wp-block-column-is-layout-flow\">\n<figure class=\"wp-block-image size-large\"><img loading=\"lazy\" decoding=\"async\" width=\"576\" height=\"1024\" src=\"https:\/\/eleves.escl.fr\/wp2\/dressup\/wp-content\/uploads\/sites\/11\/2025\/05\/Outfit-1-1-576x1024.jpeg\" alt=\"\" class=\"wp-image-383\" srcset=\"https:\/\/eleves.escl.fr\/wp2\/dressup\/wp-content\/uploads\/sites\/11\/2025\/05\/Outfit-1-1-576x1024.jpeg 576w, https:\/\/eleves.escl.fr\/wp2\/dressup\/wp-content\/uploads\/sites\/11\/2025\/05\/Outfit-1-1-169x300.jpeg 169w, https:\/\/eleves.escl.fr\/wp2\/dressup\/wp-content\/uploads\/sites\/11\/2025\/05\/Outfit-1-1.jpeg 675w\" sizes=\"auto, (max-width: 576px) 100vw, 576px\" \/><\/figure>\n<\/div>\n\n\n\n<div class=\"wp-block-column is-layout-flow wp-block-column-is-layout-flow\">\n<figure class=\"wp-block-image size-large\"><img loading=\"lazy\" decoding=\"async\" width=\"576\" height=\"1024\" src=\"https:\/\/eleves.escl.fr\/wp2\/dressup\/wp-content\/uploads\/sites\/11\/2025\/05\/telecharger-15-576x1024.jpeg\" alt=\"\" class=\"wp-image-384\" srcset=\"https:\/\/eleves.escl.fr\/wp2\/dressup\/wp-content\/uploads\/sites\/11\/2025\/05\/telecharger-15-576x1024.jpeg 576w, https:\/\/eleves.escl.fr\/wp2\/dressup\/wp-content\/uploads\/sites\/11\/2025\/05\/telecharger-15-169x300.jpeg 169w, https:\/\/eleves.escl.fr\/wp2\/dressup\/wp-content\/uploads\/sites\/11\/2025\/05\/telecharger-15.jpeg 736w\" sizes=\"auto, (max-width: 576px) 100vw, 576px\" \/><\/figure>\n<\/div>\n\n\n\n<div class=\"wp-block-column is-layout-flow wp-block-column-is-layout-flow\">\n<figure class=\"wp-block-image size-large\"><img loading=\"lazy\" decoding=\"async\" width=\"576\" height=\"1024\" src=\"https:\/\/eleves.escl.fr\/wp2\/dressup\/wp-content\/uploads\/sites\/11\/2025\/05\/\u2728OUTFIT\u2728-576x1024.jpeg\" alt=\"\" class=\"wp-image-385\" srcset=\"https:\/\/eleves.escl.fr\/wp2\/dressup\/wp-content\/uploads\/sites\/11\/2025\/05\/\u2728OUTFIT\u2728-576x1024.jpeg 576w, https:\/\/eleves.escl.fr\/wp2\/dressup\/wp-content\/uploads\/sites\/11\/2025\/05\/\u2728OUTFIT\u2728-169x300.jpeg 169w, https:\/\/eleves.escl.fr\/wp2\/dressup\/wp-content\/uploads\/sites\/11\/2025\/05\/\u2728OUTFIT\u2728.jpeg 736w\" sizes=\"auto, (max-width: 576px) 100vw, 576px\" \/><\/figure>\n<\/div>\n<\/div>\n\n\n\n<div class=\"wp-block-columns is-layout-flex wp-container-core-columns-is-layout-28f84493 wp-block-columns-is-layout-flex\">\n<div class=\"wp-block-column is-layout-flow wp-block-column-is-layout-flow\">\n<figure class=\"wp-block-image size-large\"><img loading=\"lazy\" decoding=\"async\" width=\"576\" height=\"1024\" src=\"https:\/\/eleves.escl.fr\/wp2\/dressup\/wp-content\/uploads\/sites\/11\/2025\/05\/orange-tops-\ud83e\udde1\ud83c\udf05\ud83c\udf4a-576x1024.jpeg\" alt=\"\" class=\"wp-image-388\" srcset=\"https:\/\/eleves.escl.fr\/wp2\/dressup\/wp-content\/uploads\/sites\/11\/2025\/05\/orange-tops-\ud83e\udde1\ud83c\udf05\ud83c\udf4a-576x1024.jpeg 576w, https:\/\/eleves.escl.fr\/wp2\/dressup\/wp-content\/uploads\/sites\/11\/2025\/05\/orange-tops-\ud83e\udde1\ud83c\udf05\ud83c\udf4a-169x300.jpeg 169w, https:\/\/eleves.escl.fr\/wp2\/dressup\/wp-content\/uploads\/sites\/11\/2025\/05\/orange-tops-\ud83e\udde1\ud83c\udf05\ud83c\udf4a.jpeg 675w\" sizes=\"auto, (max-width: 576px) 100vw, 576px\" \/><\/figure>\n<\/div>\n\n\n\n<div class=\"wp-block-column is-layout-flow wp-block-column-is-layout-flow\">\n<figure class=\"wp-block-image size-large\"><img loading=\"lazy\" decoding=\"async\" width=\"576\" height=\"1024\" src=\"https:\/\/eleves.escl.fr\/wp2\/dressup\/wp-content\/uploads\/sites\/11\/2025\/05\/Orange-summer-inspo\ud83c\udf4a\ud83e\udde1\ud83e\udd6d-576x1024.jpeg\" alt=\"\" class=\"wp-image-389\" srcset=\"https:\/\/eleves.escl.fr\/wp2\/dressup\/wp-content\/uploads\/sites\/11\/2025\/05\/Orange-summer-inspo\ud83c\udf4a\ud83e\udde1\ud83e\udd6d-576x1024.jpeg 576w, https:\/\/eleves.escl.fr\/wp2\/dressup\/wp-content\/uploads\/sites\/11\/2025\/05\/Orange-summer-inspo\ud83c\udf4a\ud83e\udde1\ud83e\udd6d-169x300.jpeg 169w, https:\/\/eleves.escl.fr\/wp2\/dressup\/wp-content\/uploads\/sites\/11\/2025\/05\/Orange-summer-inspo\ud83c\udf4a\ud83e\udde1\ud83e\udd6d.jpeg 736w\" sizes=\"auto, (max-width: 576px) 100vw, 576px\" \/><\/figure>\n<\/div>\n\n\n\n<div class=\"wp-block-column is-layout-flow wp-block-column-is-layout-flow\">\n<figure class=\"wp-block-image size-large\"><img loading=\"lazy\" decoding=\"async\" width=\"576\" height=\"1024\" src=\"https:\/\/eleves.escl.fr\/wp2\/dressup\/wp-content\/uploads\/sites\/11\/2025\/05\/Which-would-you-wear___-1-576x1024.jpeg\" alt=\"\" class=\"wp-image-390\" srcset=\"https:\/\/eleves.escl.fr\/wp2\/dressup\/wp-content\/uploads\/sites\/11\/2025\/05\/Which-would-you-wear___-1-576x1024.jpeg 576w, https:\/\/eleves.escl.fr\/wp2\/dressup\/wp-content\/uploads\/sites\/11\/2025\/05\/Which-would-you-wear___-1-169x300.jpeg 169w, https:\/\/eleves.escl.fr\/wp2\/dressup\/wp-content\/uploads\/sites\/11\/2025\/05\/Which-would-you-wear___-1.jpeg 675w\" sizes=\"auto, (max-width: 576px) 100vw, 576px\" \/><\/figure>\n<\/div>\n<\/div>\n","protected":false},"excerpt":{"rendered":"<p>L\u2019orange est ind\u00e9niablement associ\u00e9 \u00e0 des sentiments d\u2019enthousiasme, de cr\u00e9ativit\u00e9 et de joie. C\u2019est comme un rayon de soleil sous forme vestimentaire ! En portant du orange, non seulement vous d\u00e9gagez une \u00e9nergie positive mais vous captez \u00e9galement l\u2019attention de tous. Cette couleur vivante exhale une chaleur qui peut am\u00e9liorer votre humeur ainsi que celle [&hellip;]<\/p>\n","protected":false},"author":19,"featured_media":0,"parent":0,"menu_order":0,"comment_status":"closed","ping_status":"closed","template":"","meta":{"footnotes":""},"class_list":["post-362","page","type-page","status-publish","hentry"],"_links":{"self":[{"href":"https:\/\/eleves.escl.fr\/wp2\/dressup\/wp-json\/wp\/v2\/pages\/362","targetHints":{"allow":["GET"]}}],"collection":[{"href":"https:\/\/eleves.escl.fr\/wp2\/dressup\/wp-json\/wp\/v2\/pages"}],"about":[{"href":"https:\/\/eleves.escl.fr\/wp2\/dressup\/wp-json\/wp\/v2\/types\/page"}],"author":[{"embeddable":true,"href":"https:\/\/eleves.escl.fr\/wp2\/dressup\/wp-json\/wp\/v2\/users\/19"}],"replies":[{"embeddable":true,"href":"https:\/\/eleves.escl.fr\/wp2\/dressup\/wp-json\/wp\/v2\/comments?post=362"}],"version-history":[{"count":3,"href":"https:\/\/eleves.escl.fr\/wp2\/dressup\/wp-json\/wp\/v2\/pages\/362\/revisions"}],"predecessor-version":[{"id":392,"href":"https:\/\/eleves.escl.fr\/wp2\/dressup\/wp-json\/wp\/v2\/pages\/362\/revisions\/392"}],"wp:attachment":[{"href":"https:\/\/eleves.escl.fr\/wp2\/dressup\/wp-json\/wp\/v2\/media?parent=362"}],"curies":[{"name":"wp","href":"https:\/\/api.w.org\/{rel}","templated":true}]}}