{"id":507,"date":"2025-05-18T15:00:31","date_gmt":"2025-05-18T13:00:31","guid":{"rendered":"https:\/\/eleves.escl.fr\/wp2\/dressup\/?page_id=507"},"modified":"2025-05-18T16:02:53","modified_gmt":"2025-05-18T14:02:53","slug":"les-techniques-de-choix","status":"publish","type":"page","link":"https:\/\/eleves.escl.fr\/wp2\/dressup\/les-techniques-de-choix\/","title":{"rendered":"Les techniques de choix"},"content":{"rendered":"\n<p>Utiliser le cercle chromatique pour accorder les v\u00eatements est une m\u00e9thode tr\u00e8s utile pour cr\u00e9er des tenues harmonieuses et esth\u00e9tiques. <\/p>\n\n\n\n<h3 class=\"wp-block-heading\">1. <strong>Les couleurs compl\u00e9mentaires<\/strong><\/h3>\n\n\n\n<p>Les couleurs compl\u00e9mentaires se trouvent en face l&rsquo;une de l&rsquo;autre sur le cercle chromatique. Elles cr\u00e9ent un contraste fort et attirent l&rsquo;attention tout en \u00e9tant visuellement int\u00e9ressantes. Par exemple :<\/p>\n\n\n\n<ul class=\"wp-block-list\">\n<li><strong>Rouge et vert<\/strong><\/li>\n\n\n\n<li><strong>Bleu et orange<\/strong><\/li>\n\n\n\n<li><strong>Jaune et violet<\/strong><\/li>\n<\/ul>\n\n\n\n<p><strong>Exemple<\/strong> : Une chemise rouge associ\u00e9e \u00e0 des accessoires ou des chaussures vertes cr\u00e9era un ensemble dynamique et accrocheur.<\/p>\n\n\n\n<h3 class=\"wp-block-heading\">2. <strong>Les couleurs analogues<\/strong><\/h3>\n\n\n\n<p>Les couleurs analogues sont celles qui se trouvent c\u00f4te \u00e0 c\u00f4te sur le cercle chromatique. Elles sont plus douces et cr\u00e9ent une harmonie tranquille, id\u00e9ale pour un look \u00e9quilibr\u00e9. Par exemple :<\/p>\n\n\n\n<ul class=\"wp-block-list\">\n<li><strong>Bleu, bleu-vert et vert<\/strong><\/li>\n\n\n\n<li><strong>Rouge, rouge-orang\u00e9 et orange<\/strong><\/li>\n\n\n\n<li><strong>Jaune, jaune-vert et vert<\/strong><\/li>\n<\/ul>\n\n\n\n<p><strong>Exemple<\/strong> : Une tenue compos\u00e9e de teintes de bleu (comme un jean bleu avec une chemise bleu clair et une veste bleu marine) donnera un effet coh\u00e9rent et apaisant.<\/p>\n\n\n\n<h3 class=\"wp-block-heading\">3. <strong>Les couleurs triadiques<\/strong><\/h3>\n\n\n\n<p>Les couleurs triadiques sont espac\u00e9es uniform\u00e9ment sur le cercle chromatique (formant un triangle \u00e9quilat\u00e9ral). Cette combinaison offre une palette de couleurs \u00e9quilibr\u00e9e et vivante. Par exemple :<\/p>\n\n\n\n<ul class=\"wp-block-list\">\n<li><strong>Rouge, bleu et jaune<\/strong><\/li>\n\n\n\n<li><strong>Orange, vert et violet<\/strong><\/li>\n<\/ul>\n\n\n\n<p><strong>Exemple<\/strong> : Tu pourrais associer un pantalon vert, un t-shirt orange et une veste bleue pour un look audacieux, tout en maintenant un bon \u00e9quilibre entre les couleurs.<\/p>\n\n\n\n<h3 class=\"wp-block-heading\">4. <strong>Les couleurs monochromatiques<\/strong><\/h3>\n\n\n\n<p>Les couleurs monochromatiques sont toutes les nuances d&rsquo;une m\u00eame couleur. Cette combinaison cr\u00e9e une tenue fluide et \u00e9l\u00e9gante sans trop de contraste. Par exemple, toutes les nuances de bleu, de vert ou de rouge.<\/p>\n\n\n\n<p><strong>Exemple<\/strong> : Une tenue dans des tons de bleu (du bleu clair au bleu fonc\u00e9) peut \u00eatre tr\u00e8s \u00e9l\u00e9gante et sophistiqu\u00e9e, tout en \u00e9tant facile \u00e0 coordonner.<\/p>\n\n\n\n<h3 class=\"wp-block-heading\">5. <strong>Les couleurs neutres<\/strong><\/h3>\n\n\n\n<p>Les couleurs neutres (comme le noir, le blanc, le gris, le beige ou le camel) peuvent \u00eatre associ\u00e9es \u00e0 pratiquement toutes les autres couleurs. Ce sont des bases parfaites pour les tenues, et elles permettent d\u2019ajouter des touches de couleur sans que \u00e7a devienne trop charg\u00e9.<\/p>\n\n\n\n<p><strong>Exemple<\/strong> : Un pantalon beige avec un pull bleu marine et des accessoires rouges. Les neutres serviront de toile de fond, tandis que la couleur vive apportera du dynamisme.<\/p>\n\n\n\n<hr class=\"wp-block-separator has-alpha-channel-opacity\" \/>\n\n\n\n<h3 class=\"wp-block-heading\">Quelques conseils pratiques :<\/h3>\n\n\n\n<ul class=\"wp-block-list\">\n<li><strong>Ne pas trop charger les couleurs<\/strong> : Si tu utilises des couleurs compl\u00e9mentaires ou triadiques, essaye de n\u2019en utiliser qu\u2019une ou deux dans une tenue, et de laisser les autres \u00e9l\u00e9ments (comme des accessoires ou des pi\u00e8ces neutres) compl\u00e9ter le look.<\/li>\n\n\n\n<li><strong>Jouer avec les nuances<\/strong> : Parfois, les nuances plus claires ou plus fonc\u00e9es d\u2019une couleur peuvent apporter de la profondeur \u00e0 une tenue sans trop de contraste.<\/li>\n\n\n\n<li><strong>Prendre en compte le contexte<\/strong> : Le cercle chromatique peut \u00eatre un excellent guide pour les tenues de tous les jours ou pour des \u00e9v\u00e9nements, mais il faut aussi adapter les couleurs \u00e0 l&rsquo;occasion (plus sobres pour un entretien, plus \u00e9clatantes pour une soir\u00e9e, etc.).<\/li>\n<\/ul>\n\n\n\n<p><\/p>\n","protected":false},"excerpt":{"rendered":"<p>Utiliser le cercle chromatique pour accorder les v\u00eatements est une m\u00e9thode tr\u00e8s utile pour cr\u00e9er des tenues harmonieuses et esth\u00e9tiques. 1. Les couleurs compl\u00e9mentaires Les couleurs compl\u00e9mentaires se trouvent en face l&rsquo;une de l&rsquo;autre sur le cercle chromatique. Elles cr\u00e9ent un contraste fort et attirent l&rsquo;attention tout en \u00e9tant visuellement int\u00e9ressantes. Par exemple : Exemple [&hellip;]<\/p>\n","protected":false},"author":19,"featured_media":0,"parent":0,"menu_order":0,"comment_status":"closed","ping_status":"closed","template":"","meta":{"footnotes":""},"class_list":["post-507","page","type-page","status-publish","hentry"],"_links":{"self":[{"href":"https:\/\/eleves.escl.fr\/wp2\/dressup\/wp-json\/wp\/v2\/pages\/507","targetHints":{"allow":["GET"]}}],"collection":[{"href":"https:\/\/eleves.escl.fr\/wp2\/dressup\/wp-json\/wp\/v2\/pages"}],"about":[{"href":"https:\/\/eleves.escl.fr\/wp2\/dressup\/wp-json\/wp\/v2\/types\/page"}],"author":[{"embeddable":true,"href":"https:\/\/eleves.escl.fr\/wp2\/dressup\/wp-json\/wp\/v2\/users\/19"}],"replies":[{"embeddable":true,"href":"https:\/\/eleves.escl.fr\/wp2\/dressup\/wp-json\/wp\/v2\/comments?post=507"}],"version-history":[{"count":3,"href":"https:\/\/eleves.escl.fr\/wp2\/dressup\/wp-json\/wp\/v2\/pages\/507\/revisions"}],"predecessor-version":[{"id":556,"href":"https:\/\/eleves.escl.fr\/wp2\/dressup\/wp-json\/wp\/v2\/pages\/507\/revisions\/556"}],"wp:attachment":[{"href":"https:\/\/eleves.escl.fr\/wp2\/dressup\/wp-json\/wp\/v2\/media?parent=507"}],"curies":[{"name":"wp","href":"https:\/\/api.w.org\/{rel}","templated":true}]}}