{"id":45,"date":"2026-01-06T14:52:21","date_gmt":"2026-01-06T13:52:21","guid":{"rendered":"https:\/\/eleves.escl.fr\/wp2\/femhis\/?page_id=45"},"modified":"2026-03-17T14:29:57","modified_gmt":"2026-03-17T13:29:57","slug":"france","status":"publish","type":"page","link":"https:\/\/eleves.escl.fr\/wp2\/femhis\/france\/","title":{"rendered":"France"},"content":{"rendered":"\n<div class=\"wp-block-cover\" style=\"min-height:190px;aspect-ratio:unset;\"><img loading=\"lazy\" decoding=\"async\" width=\"840\" height=\"560\" class=\"wp-block-cover__image-background wp-image-106 size-full\" alt=\"\" src=\"https:\/\/eleves.escl.fr\/wp2\/femhis\/wp-content\/uploads\/sites\/22\/2026\/02\/francaise.jpeg\" data-object-fit=\"cover\" srcset=\"https:\/\/eleves.escl.fr\/wp2\/femhis\/wp-content\/uploads\/sites\/22\/2026\/02\/francaise.jpeg 840w, https:\/\/eleves.escl.fr\/wp2\/femhis\/wp-content\/uploads\/sites\/22\/2026\/02\/francaise-300x200.jpeg 300w, https:\/\/eleves.escl.fr\/wp2\/femhis\/wp-content\/uploads\/sites\/22\/2026\/02\/francaise-768x512.jpeg 768w\" sizes=\"auto, (max-width: 840px) 100vw, 840px\" \/><span aria-hidden=\"true\" class=\"wp-block-cover__background has-background-dim\" style=\"background-color:#7f7f7f\"><\/span><div class=\"wp-block-cover__inner-container has-global-padding is-layout-constrained wp-block-cover-is-layout-constrained\">\n<p class=\"has-text-align-center has-large-font-size\">l&rsquo;histoire des femmes en France <\/p>\n<\/div><\/div>\n\n\n\n<p class=\"has-text-align-center\"><strong>XVIIIe<\/strong>&nbsp;<strong>et&nbsp;XIXe&nbsp;si\u00e8cles<\/strong><\/p>\n\n\n\n<p>Le r\u00f4led&rsquo;une femme dans la soci\u00e9t\u00e9 fran\u00e7aise inclut les taches domestiques comme : le&nbsp;m\u00e9nage, pr\u00e9parer les repasselon la tradition, l&rsquo;\u00e9ducation des enfants, la r\u00e9coltedes cultures et les&nbsp;soins aux animaux de la ferme. Au d\u00e9but de la&nbsp;r\u00e9volution industrielle, le r\u00f4le des femmes \u00e9volue : elles deviennent domestiques, ouvri\u00e8resd&rsquo;usine,&nbsp;lavandi\u00e8res. En g\u00e9n\u00e9ral, ces mutations ne touchent pas les femmes bourgeoisescar elles deviennent souvent d\u00e9pendantes du soutien financier de leur mari ; en outre, les femmes de la classe socialla plus favoris\u00e9e ont tendance \u00e0 confier leurs propres enfants \u00e0 des&nbsp;nourrices.<\/p>\n\n\n\n<p class=\"has-text-align-center\"><strong>XXe&nbsp;si\u00e8cle<\/strong><\/p>\n\n\n\n<p>Au d\u00e9but du XXeme si\u00e8cle, les femmes repr\u00e9sentent 39&nbsp;%&nbsp;de la population active dans l&rsquo;industrie. Les t\u00e2ches qui leur sont confi\u00e9es \u00e9voluent avec les ann\u00e9es mais surtout avec les lois Jules Ferry.<\/p>\n\n\n\n<p>Le r\u00f4le des femmes passe de femme au foyer ou ouvri\u00e8re \u00e0 caissi\u00e8re de banque, vendeuse, etc. Lors de la Premi\u00e8re Guerre Mondiale, les femmes remplacent les hommes dans les usines pour augmenter la production d&rsquo;armes et dans l&rsquo;agriculture.<\/p>\n\n\n\n<p>\u00c0 l&rsquo;armistice de 1918,&nbsp;les femmes r\u00e9int\u00e8grent le foyer tandis que les hommes reprennent leur activit\u00e9 professionnelle.<\/p>\n\n\n\n<p>Le\u00a0sexisme est tr\u00e8s pr\u00e9sent \u00e0 cette \u00e9poque et les hommes vivent comme une agression leur remplacement lors de la guerre.<\/p>\n\n\n\n<div class=\"wp-block-group is-nowrap is-layout-flex wp-container-core-group-is-layout-6c531013 wp-block-group-is-layout-flex\">\n<p>Les femmes ont toujours une place au travail, notamment dans l&rsquo;industrie m\u00eame si leurs postes sont sous-qualifi\u00e9s et que les hommes tiennent les postes d\u00e9cisionnels.<\/p>\n\n\n\n<figure class=\"wp-block-image alignright size-full is-resized\"><img loading=\"lazy\" decoding=\"async\" width=\"355\" height=\"266\" src=\"https:\/\/eleves.escl.fr\/wp2\/femhis\/wp-content\/uploads\/sites\/22\/2026\/03\/travaille-france-edited.jpg\" alt=\"\" class=\"wp-image-146\" style=\"width:288px;height:auto\" srcset=\"https:\/\/eleves.escl.fr\/wp2\/femhis\/wp-content\/uploads\/sites\/22\/2026\/03\/travaille-france-edited.jpg 355w, https:\/\/eleves.escl.fr\/wp2\/femhis\/wp-content\/uploads\/sites\/22\/2026\/03\/travaille-france-edited-300x225.jpg 300w\" sizes=\"auto, (max-width: 355px) 100vw, 355px\" \/><\/figure>\n<\/div>\n\n\n\n<p>\u00c0 la fin des&nbsp;ann\u00e9es&nbsp;1920, apr\u00e8s la&nbsp;Crise&nbsp;\u00e9conomique&nbsp;de&nbsp;1929, le gouvernement incite les femmes \u00e0 retourner au foyer mais, face \u00e0 leur refus, les associations religieuses et la presse s&rsquo;en m\u00ealent, cr\u00e9ant des d\u00e9bats. Les salaires des femmes sont 20 % \u00e0 30 % inf\u00e9rieurs \u00e0 ceux des hommes.<\/p>\n\n\n\n<div class=\"wp-block-group is-nowrap is-layout-flex wp-container-core-group-is-layout-6c531013 wp-block-group-is-layout-flex\">\n<p>Lors de la&nbsp;Seconde&nbsp;Guerre&nbsp;mondiale, les femmes remplacent \u00e0 nouveau les hommes dans l&rsquo;industrie mais le secteur d&rsquo;activit\u00e9 \u00e9volue : elles se dirigent vers les m\u00e9tiers du social avec le m\u00e9tier&nbsp;d&rsquo;infirmi\u00e8remalgr\u00e9 une loi en&nbsp;1940, interdisant le travail aux femmes mari\u00e9es.<\/p>\n<\/div>\n\n\n\n<div class=\"wp-block-group is-nowrap is-layout-flex wp-container-core-group-is-layout-6c531013 wp-block-group-is-layout-flex\">\n<p>Apr\u00e8s la&nbsp;Lib\u00e9ration&nbsp;de&nbsp;la&nbsp;France, la situation \u00e9volue pour les femmes : elles obtiennent le&nbsp;droit&nbsp;de&nbsp;voteen 1944&nbsp;gr\u00e2ce \u00e0Louise&nbsp;Weisset votent pour la premi\u00e8re fois en 1946. Le travail des femmes se d\u00e9veloppe vers le secteur tertiaire et leur mode de vie change compl\u00e8tement.<\/p>\n\n\n\n<figure class=\"wp-block-image alignright size-large is-resized\"><img loading=\"lazy\" decoding=\"async\" width=\"1024\" height=\"614\" src=\"https:\/\/eleves.escl.fr\/wp2\/femhis\/wp-content\/uploads\/sites\/22\/2026\/03\/france-vote-1024x614.jpg\" alt=\"\" class=\"wp-image-138\" style=\"aspect-ratio:1.6682464454976302;width:385px;height:auto\" srcset=\"https:\/\/eleves.escl.fr\/wp2\/femhis\/wp-content\/uploads\/sites\/22\/2026\/03\/france-vote-1024x614.jpg 1024w, https:\/\/eleves.escl.fr\/wp2\/femhis\/wp-content\/uploads\/sites\/22\/2026\/03\/france-vote-300x180.jpg 300w, https:\/\/eleves.escl.fr\/wp2\/femhis\/wp-content\/uploads\/sites\/22\/2026\/03\/france-vote-768x460.jpg 768w, https:\/\/eleves.escl.fr\/wp2\/femhis\/wp-content\/uploads\/sites\/22\/2026\/03\/france-vote.jpg 1068w\" sizes=\"auto, (max-width: 1024px) 100vw, 1024px\" \/><\/figure>\n<\/div>\n\n\n\n<p>Dans les&nbsp;ann\u00e9es&nbsp;1960, l&rsquo;activit\u00e9 des femmes explose. Les filles re\u00e7oivent une instruction plus importante et elles entrent dans les \u00e9tudes sup\u00e9rieures. Les femmes acqui\u00e8rent une ind\u00e9pendance et leurs revenus sont corrects, permettant d&rsquo;am\u00e9liorer la vie du foyer familial.<\/p>\n\n\n\n<div class=\"wp-block-group is-nowrap is-layout-flex wp-container-core-group-is-layout-6c531013 wp-block-group-is-layout-flex\">\n<figure class=\"wp-block-image alignleft size-full is-resized\"><img loading=\"lazy\" decoding=\"async\" width=\"474\" height=\"316\" src=\"https:\/\/eleves.escl.fr\/wp2\/femhis\/wp-content\/uploads\/sites\/22\/2026\/03\/mouvement-liberation-des-femmes.webp\" alt=\"\" class=\"wp-image-129\" style=\"width:237px;height:auto\" srcset=\"https:\/\/eleves.escl.fr\/wp2\/femhis\/wp-content\/uploads\/sites\/22\/2026\/03\/mouvement-liberation-des-femmes.webp 474w, https:\/\/eleves.escl.fr\/wp2\/femhis\/wp-content\/uploads\/sites\/22\/2026\/03\/mouvement-liberation-des-femmes-300x200.webp 300w\" sizes=\"auto, (max-width: 474px) 100vw, 474px\" \/><\/figure>\n\n\n\n<p>\u00c0 l&rsquo;\u00e9poque des&nbsp;Trente&nbsp;Glorieuses, le mode de vie des femmes change avec la&nbsp;l\u00e9galisation&nbsp;de&nbsp;la&nbsp;contraceptionet&nbsp;l&rsquo;avortement. Les conditions de travail \u00e9voluent et les m\u00e9tiers des femmes progressent avec des r\u00f4les importants comme adjointe au chef d&rsquo;entreprise ou encore&nbsp;cadre.<\/p>\n<\/div>\n\n\n\n<p>Les femmes travaillent davantage dans le&nbsp;secteur&nbsp;tertiaireet administratif dans les&nbsp;ann\u00e9es&nbsp;1980.<\/p>\n\n\n\n<p class=\"has-text-align-center\"><strong>Droits et sant\u00e9<\/strong><\/p>\n\n\n\n<div class=\"wp-block-group is-nowrap is-layout-flex wp-container-core-group-is-layout-6c531013 wp-block-group-is-layout-flex\">\n<figure class=\"wp-block-image alignleft size-full is-resized\"><img loading=\"lazy\" decoding=\"async\" width=\"474\" height=\"660\" src=\"https:\/\/eleves.escl.fr\/wp2\/femhis\/wp-content\/uploads\/sites\/22\/2026\/03\/simone-veil.jpg\" alt=\"\" class=\"wp-image-134\" style=\"width:183px;height:auto\" srcset=\"https:\/\/eleves.escl.fr\/wp2\/femhis\/wp-content\/uploads\/sites\/22\/2026\/03\/simone-veil.jpg 474w, https:\/\/eleves.escl.fr\/wp2\/femhis\/wp-content\/uploads\/sites\/22\/2026\/03\/simone-veil-215x300.jpg 215w\" sizes=\"auto, (max-width: 474px) 100vw, 474px\" \/><\/figure>\n\n\n\n<p>Les femmes obtiennent de nombreux droits sur leur\u00a0sexualit\u00e9dans la seconde moiti\u00e9 du\u00a0XXe\u00a0si\u00e8cle. La\u00a0Loi\u00a0Neuwirth, act\u00e9e en 1967, autorise l&rsquo;usage des\u00a0contraceptions. La\u00a0Loi\u00a0Veill\u00e9galise\u00a0l&rsquo;interruption\u00a0volontaire\u00a0de\u00a0grossesseen 1975. <\/p>\n<\/div>\n\n\n\n<div class=\"wp-block-group is-nowrap is-layout-flex wp-container-core-group-is-layout-6c531013 wp-block-group-is-layout-flex\">\n<p>La France est l&rsquo;un des premiers pays qui adopte une r\u00e9glementation contre les&nbsp;mutilations&nbsp;g\u00e9nitales&nbsp;f\u00e9mininesafin de condamner juridiquement cette pratique.<\/p>\n<\/div>\n\n\n\n<p><\/p>\n","protected":false},"excerpt":{"rendered":"<p>XVIIIe&nbsp;et&nbsp;XIXe&nbsp;si\u00e8cles Le r\u00f4led&rsquo;une femme dans la soci\u00e9t\u00e9 fran\u00e7aise inclut les taches domestiques comme : le&nbsp;m\u00e9nage, pr\u00e9parer les repasselon la tradition, l&rsquo;\u00e9ducation des enfants, la r\u00e9coltedes cultures et les&nbsp;soins aux animaux de la ferme. Au d\u00e9but de la&nbsp;r\u00e9volution industrielle, le r\u00f4le des femmes \u00e9volue : elles deviennent domestiques, ouvri\u00e8resd&rsquo;usine,&nbsp;lavandi\u00e8res. En g\u00e9n\u00e9ral, ces mutations ne touchent pas [&hellip;]<\/p>\n","protected":false},"author":39,"featured_media":0,"parent":0,"menu_order":0,"comment_status":"closed","ping_status":"closed","template":"","meta":{"footnotes":""},"class_list":["post-45","page","type-page","status-publish","hentry"],"_links":{"self":[{"href":"https:\/\/eleves.escl.fr\/wp2\/femhis\/wp-json\/wp\/v2\/pages\/45","targetHints":{"allow":["GET"]}}],"collection":[{"href":"https:\/\/eleves.escl.fr\/wp2\/femhis\/wp-json\/wp\/v2\/pages"}],"about":[{"href":"https:\/\/eleves.escl.fr\/wp2\/femhis\/wp-json\/wp\/v2\/types\/page"}],"author":[{"embeddable":true,"href":"https:\/\/eleves.escl.fr\/wp2\/femhis\/wp-json\/wp\/v2\/users\/39"}],"replies":[{"embeddable":true,"href":"https:\/\/eleves.escl.fr\/wp2\/femhis\/wp-json\/wp\/v2\/comments?post=45"}],"version-history":[{"count":6,"href":"https:\/\/eleves.escl.fr\/wp2\/femhis\/wp-json\/wp\/v2\/pages\/45\/revisions"}],"predecessor-version":[{"id":147,"href":"https:\/\/eleves.escl.fr\/wp2\/femhis\/wp-json\/wp\/v2\/pages\/45\/revisions\/147"}],"wp:attachment":[{"href":"https:\/\/eleves.escl.fr\/wp2\/femhis\/wp-json\/wp\/v2\/media?parent=45"}],"curies":[{"name":"wp","href":"https:\/\/api.w.org\/{rel}","templated":true}]}}