{"id":47,"date":"2026-01-06T14:52:47","date_gmt":"2026-01-06T13:52:47","guid":{"rendered":"https:\/\/eleves.escl.fr\/wp2\/femhis\/?page_id=47"},"modified":"2026-03-17T14:45:50","modified_gmt":"2026-03-17T13:45:50","slug":"suede","status":"publish","type":"page","link":"https:\/\/eleves.escl.fr\/wp2\/femhis\/suede\/","title":{"rendered":"Su\u00e8de"},"content":{"rendered":"\n<div class=\"wp-block-cover is-light\" style=\"min-height:145px;aspect-ratio:unset;\"><img loading=\"lazy\" decoding=\"async\" width=\"1024\" height=\"683\" class=\"wp-block-cover__image-background wp-image-96 size-large\" alt=\"\" src=\"https:\/\/eleves.escl.fr\/wp2\/femhis\/wp-content\/uploads\/sites\/22\/2026\/02\/Midsommarkransar-1024x683.jpg\" data-object-fit=\"cover\" srcset=\"https:\/\/eleves.escl.fr\/wp2\/femhis\/wp-content\/uploads\/sites\/22\/2026\/02\/Midsommarkransar-1024x683.jpg 1024w, https:\/\/eleves.escl.fr\/wp2\/femhis\/wp-content\/uploads\/sites\/22\/2026\/02\/Midsommarkransar-300x200.jpg 300w, https:\/\/eleves.escl.fr\/wp2\/femhis\/wp-content\/uploads\/sites\/22\/2026\/02\/Midsommarkransar-768x512.jpg 768w, https:\/\/eleves.escl.fr\/wp2\/femhis\/wp-content\/uploads\/sites\/22\/2026\/02\/Midsommarkransar-1536x1024.jpg 1536w, https:\/\/eleves.escl.fr\/wp2\/femhis\/wp-content\/uploads\/sites\/22\/2026\/02\/Midsommarkransar.jpg 1920w\" sizes=\"auto, (max-width: 1024px) 100vw, 1024px\" \/><span aria-hidden=\"true\" class=\"wp-block-cover__background has-background-dim\" style=\"background-color:#a08e77\"><\/span><div class=\"wp-block-cover__inner-container has-global-padding is-layout-constrained wp-block-cover-is-layout-constrained\">\n<p class=\"has-text-align-center has-large-font-size\">l&rsquo;histoire de la femme en su\u00e8de <\/p>\n<\/div><\/div>\n\n\n\n<p class=\"has-text-align-center\"><strong>L&rsquo;\u00e8re Viking <\/strong><\/p>\n\n\n\n<p>I\/ Les femmes ont un statut relativement libre dans les pays nordiques<\/p>\n\n\n\n<p>1 ) Familial <\/p>\n\n\n\n<p>-&gt;&nbsp;La tante paternelle, la ni\u00e8ce paternelle et la petite-fille paternelle, appel\u00e9es&nbsp;<em>odalkvinna<\/em>, ont ainsi le droit d&rsquo;h\u00e9riter des biens d&rsquo;un homme d\u00e9c\u00e9d\u00e9<sup><a href=\"https:\/\/fr.wikipedia.org\/wiki\/Condition_des_femmes_en_Su%C3%A8de#cite_note-Borgstr%C3%B6m-8\">[<\/a><\/sup><\/p>\n\n\n\n<p>-&gt; Elles peuvent ( sous certaines conditions ) \u00eatre <mark class=\"has-inline-color has-accent-2-color\">chef de familles<\/mark>, ceci ne s&rsquo;applique plus lorsqu&rsquo;elles se marient.<\/p>\n\n\n\n<p>-&gt; Elles ne sont pas libre dans le choix du mari <\/p>\n\n\n\n<p>-&gt; statut de veuves = statut de femme non mari\u00e9s <\/p>\n\n\n\n<p>-&gt; Une femme mari\u00e9e peut divorcer et se remarier<\/p>\n\n\n\n<p>-&gt; Elle peut cohabiter et avoir des enfants sans se marier <\/p>\n\n\n\n<p>2 ) Social <\/p>\n\n\n\n<p>-&gt; Des femmes poss\u00e8dent une<mark class=\"has-inline-color has-accent-2-color\"> autorit\u00e9 religieuse<\/mark> et certaines sont m\u00eame pr\u00eatreses (<em>gydja<\/em>) ou oracles (<em>sejdkvinna<\/em>).<\/p>\n\n\n\n<p>-&gt;D&rsquo;autres sont po\u00e9tesses (<em>skalder<\/em>), sculptrices de&nbsp;runes, commer\u00e7antes ou m\u00e9decins<\/p>\n\n\n\n<p class=\"has-text-align-center\"><strong>Moyen \u00c2ge et d\u00e9but de l&rsquo;\u00e9poque moderne<\/strong><\/p>\n\n\n\n<p>le statut\/ les droits varient en fonctions des r\u00e9gions du pays, il y a des lois diff\u00e9rentes selon les comt\u00e9s. <\/p>\n\n\n\n<p>1350 &#8211; &gt; tentative d&rsquo;\u00e9crire le Magnus Eriksson Landslag = <mark class=\"has-inline-color has-accent-2-color\">loi nationale<\/mark>. la m\u00eame ann\u00e9e l&rsquo;\u00e9tat civil des femmes est la m\u00eame dans les loi de comt\u00e9 et la loi urbaine<\/p>\n\n\n\n<p>   =&gt; une femme non mari\u00e9e est d\u00e9pendante de son parent masculin le plus proche et une femme mari\u00e9e de son \u00e9poux, alors qu&rsquo;une veuve est consid\u00e9r\u00e9e l\u00e9galement comme majeure<\/p>\n\n\n\n<p>   =&gt; les filles peuvent h\u00e9riter de la moiti\u00e9 de ce que re\u00e7oivent leurs fr\u00e8res<\/p>\n\n\n\n<p>1608 -&gt; les textes <mark class=\"has-inline-color has-accent-2-color\">bibliques<\/mark> sont inclus dans les lois, faisant prendre un tournant <mark class=\"has-inline-color has-accent-2-color\">aggravant le statut des femmes <\/mark><\/p>\n\n\n\n<p>1686 -&gt; les textes l\u00e9galisent la pratique courante de ce qui ne figurait pas dans les lois de 1608 &#8212;&gt; les femmes consid\u00e9r\u00e9es \u00ab\u00a0mineures\u00a0\u00bb (non mari\u00e9es) ont eux le droit de se pr\u00e9senter dans les tribunaux; de t\u00e9moigner et de poursuivre <\/p>\n\n\n\n<p>   =&gt; la loi su\u00e9doise de l&rsquo;\u00c9glise oblige chaque paroisse du pays \u00e0 dispenser une \u00e9ducation \u00e9l\u00e9mentaire \u00e0 tous les enfants, quel que soit leur sexe<\/p>\n\n\n\n<p><mark class=\"has-inline-color has-accent-2-color\">En zone rurale<\/mark><\/p>\n\n\n\n<p>-&gt; les professions sont r\u00e9glement\u00e9es par la coutume plut\u00f4t que par les lois. Lorsqu&rsquo;elle n&rsquo;est pas mari\u00e9e, une femme de la paysannerie est cens\u00e9e servir<\/p>\n\n\n\n<p>-&gt; une fois mari\u00e9es, les femmes d&rsquo;agriculteurs, de p\u00eacheurs et de mineurs aident g\u00e9n\u00e9ralement leur conjoint dans leur m\u00e9tier, pouvant les remplacer en leur absence ou en cas de d\u00e9c\u00e8s comme veuve, lorsque le couple n&rsquo;a pas de fils<\/p>\n\n\n\n<p class=\"has-text-align-center\"><strong>Entre le&nbsp;XVII<sup>e<\/sup>&nbsp;si\u00e8cle et le&nbsp;XIX<sup>e<\/sup>&nbsp;si\u00e8cle,<\/strong><\/p>\n\n\n\n<figure class=\"wp-block-image alignright size-full is-resized\"><img loading=\"lazy\" decoding=\"async\" width=\"768\" height=\"486\" src=\"https:\/\/eleves.escl.fr\/wp2\/femhis\/wp-content\/uploads\/sites\/22\/2026\/03\/image-5.png\" alt=\"\" class=\"wp-image-150\" style=\"aspect-ratio:1.580277161013705;width:348px;height:auto\" srcset=\"https:\/\/eleves.escl.fr\/wp2\/femhis\/wp-content\/uploads\/sites\/22\/2026\/03\/image-5.png 768w, https:\/\/eleves.escl.fr\/wp2\/femhis\/wp-content\/uploads\/sites\/22\/2026\/03\/image-5-300x190.png 300w\" sizes=\"auto, (max-width: 768px) 100vw, 768px\" \/><\/figure>\n\n\n\n<p>-&gt; des femmes sont connues pour travailler comme mineurs et forgerons<\/p>\n\n\n\n<p>-&gt; La coutume permet \u00e9galement qu&rsquo;une femme agisse comme mandataire de son mari, ce qui leur accorde une grande ind\u00e9pendance ( surtout pendant les guerres du 19e<\/p>\n\n\n\n<p>-&gt; les \u00e9coles des villes sont autoris\u00e9es \u00e0 accueillir des filles<\/p>\n\n\n\n<p>-&gt; existence de guilde ( exemples ; les sages-femmes ou encore bateau bus)<\/p>\n\n\n\n<p>1460= 180 membre de la guildes f\u00e9minine sont recens\u00e9 a Stockholm <\/p>\n\n\n\n<p>-&gt; en ville les m\u00e9tiers les plus rependus sont : les brasseuses, les boulang\u00e8res les couturi\u00e8res et les laveuses. <\/p>\n\n\n\n<p>-&gt; les femmes pouvaient acheter un permet afin d&rsquo;\u00eatre actives dans le commerce d&rsquo;exportation ou d&rsquo;importation sans appartenir a un gilde <\/p>\n\n\n\n<p>1623 = ces permis sont d\u00e9livr\u00e9s uniquement \u00e0 celles et ceux qui pouvaient prouver qu&rsquo;ils n&rsquo;avaient pas d&rsquo;autre moyen de subsistance<\/p>\n\n\n\n<p class=\"has-text-align-center\"><strong>XX<sup>e<\/sup>&nbsp;si\u00e8cle<\/strong><\/p>\n\n\n\n<p>1902 = &nbsp;<mark class=\"has-inline-color has-accent-2-color\">l&rsquo;Association nationale pour le suffrage des femmes&nbsp;<\/mark>afin d&rsquo;obtenir le&nbsp;droit de vote.<\/p>\n\n\n\n<p>1909 = suppression de privil\u00e8ge a l&#8217;emploi des hommes, possibilit\u00e9 nouvelles pour les femmes d&rsquo;\u00eatre professeures dans les universit\u00e9s publiques ou m\u00e9decin dans un h\u00f4pital d&rsquo;Etat <\/p>\n\n\n\n<p>1919-1921 = le suffrage f\u00e9minin est finalement autoris\u00e9 et, <\/p>\n\n\n\n<p>1920 =  les femmes mari\u00e9es sont lib\u00e9r\u00e9es de la tutelle de leurs conjoints et acc\u00e8dent \u00e0 la majorit\u00e9 l\u00e9gale<\/p>\n\n\n\n<div class=\"wp-block-group is-nowrap is-layout-flex wp-container-core-group-is-layout-6c531013 wp-block-group-is-layout-flex\">\n<p>1923 = <mark class=\"has-inline-color has-accent-2-color\"><em>Beh\u00f6righetslagen<\/em>&nbsp;<\/mark>loi d&rsquo;\u00e9ligibilit\u00e9 disant que les hommes et les femmes sont \u00e9gaux devant les professions, except\u00e9 les domaines militaire et eccl\u00e9siastiques <\/p>\n\n\n\n<figure class=\"wp-block-image alignright size-full is-resized\"><img loading=\"lazy\" decoding=\"async\" width=\"350\" height=\"280\" src=\"https:\/\/eleves.escl.fr\/wp2\/femhis\/wp-content\/uploads\/sites\/22\/2026\/03\/image-7.png\" alt=\"\" class=\"wp-image-149\" style=\"width:240px;height:auto\" srcset=\"https:\/\/eleves.escl.fr\/wp2\/femhis\/wp-content\/uploads\/sites\/22\/2026\/03\/image-7.png 350w, https:\/\/eleves.escl.fr\/wp2\/femhis\/wp-content\/uploads\/sites\/22\/2026\/03\/image-7-300x240.png 300w\" sizes=\"auto, (max-width: 350px) 100vw, 350px\" \/><\/figure>\n<\/div>\n\n\n\n<div class=\"wp-block-group is-nowrap is-layout-flex wp-container-core-group-is-layout-6c531013 wp-block-group-is-layout-flex\">\n<p>1958 = les femmes peuvent devenir pr\u00eatres <\/p>\n<\/div>\n\n\n\n<p>1980\/1989 = les femmes peuvent acc\u00e9der au domaine militaires.<\/p>\n\n\n\n<div class=\"wp-block-group is-nowrap is-layout-flex wp-container-core-group-is-layout-6c531013 wp-block-group-is-layout-flex\">\n<figure class=\"wp-block-image alignright size-large is-resized\"><img loading=\"lazy\" decoding=\"async\" width=\"1024\" height=\"581\" src=\"https:\/\/eleves.escl.fr\/wp2\/femhis\/wp-content\/uploads\/sites\/22\/2026\/03\/image-6-1024x581.png\" alt=\"\" class=\"wp-image-148\" style=\"aspect-ratio:1.762520814653516;width:231px;height:auto\" srcset=\"https:\/\/eleves.escl.fr\/wp2\/femhis\/wp-content\/uploads\/sites\/22\/2026\/03\/image-6-1024x581.png 1024w, https:\/\/eleves.escl.fr\/wp2\/femhis\/wp-content\/uploads\/sites\/22\/2026\/03\/image-6-300x170.png 300w, https:\/\/eleves.escl.fr\/wp2\/femhis\/wp-content\/uploads\/sites\/22\/2026\/03\/image-6-768x436.png 768w, https:\/\/eleves.escl.fr\/wp2\/femhis\/wp-content\/uploads\/sites\/22\/2026\/03\/image-6-1536x872.png 1536w, https:\/\/eleves.escl.fr\/wp2\/femhis\/wp-content\/uploads\/sites\/22\/2026\/03\/image-6-2048x1162.png 2048w\" sizes=\"auto, (max-width: 1024px) 100vw, 1024px\" \/><\/figure>\n\n\n\n<p><\/p>\n<\/div>\n\n\n\n<p class=\"has-text-align-center\"><strong>Actuellement<\/strong><\/p>\n\n\n\n<p>De nos jours, avec son&nbsp;multiculturalisme, la soci\u00e9t\u00e9 su\u00e9doise a embrass\u00e9 le&nbsp;f\u00e9minisme de la troisi\u00e8me g\u00e9n\u00e9ration. Lors des&nbsp;\u00e9lections europ\u00e9ennes de 2014, l&rsquo;Initiative f\u00e9ministe&nbsp;devient le deuxi\u00e8me parti politique f\u00e9ministe (apr\u00e8s le Milj\u00f6partiet) \u00e0 gagner un mandat parlementaire. Il int\u00e8gre \u00e0 sa doctrine l&rsquo;intersectionnalit\u00e9&nbsp;et l&rsquo;antiracisme.<\/p>\n","protected":false},"excerpt":{"rendered":"<p>L&rsquo;\u00e8re Viking I\/ Les femmes ont un statut relativement libre dans les pays nordiques 1 ) Familial -&gt;&nbsp;La tante paternelle, la ni\u00e8ce paternelle et la petite-fille paternelle, appel\u00e9es&nbsp;odalkvinna, ont ainsi le droit d&rsquo;h\u00e9riter des biens d&rsquo;un homme d\u00e9c\u00e9d\u00e9[ -&gt; Elles peuvent ( sous certaines conditions ) \u00eatre chef de familles, ceci ne s&rsquo;applique plus lorsqu&rsquo;elles [&hellip;]<\/p>\n","protected":false},"author":39,"featured_media":0,"parent":0,"menu_order":0,"comment_status":"closed","ping_status":"closed","template":"","meta":{"footnotes":""},"class_list":["post-47","page","type-page","status-publish","hentry"],"_links":{"self":[{"href":"https:\/\/eleves.escl.fr\/wp2\/femhis\/wp-json\/wp\/v2\/pages\/47","targetHints":{"allow":["GET"]}}],"collection":[{"href":"https:\/\/eleves.escl.fr\/wp2\/femhis\/wp-json\/wp\/v2\/pages"}],"about":[{"href":"https:\/\/eleves.escl.fr\/wp2\/femhis\/wp-json\/wp\/v2\/types\/page"}],"author":[{"embeddable":true,"href":"https:\/\/eleves.escl.fr\/wp2\/femhis\/wp-json\/wp\/v2\/users\/39"}],"replies":[{"embeddable":true,"href":"https:\/\/eleves.escl.fr\/wp2\/femhis\/wp-json\/wp\/v2\/comments?post=47"}],"version-history":[{"count":8,"href":"https:\/\/eleves.escl.fr\/wp2\/femhis\/wp-json\/wp\/v2\/pages\/47\/revisions"}],"predecessor-version":[{"id":160,"href":"https:\/\/eleves.escl.fr\/wp2\/femhis\/wp-json\/wp\/v2\/pages\/47\/revisions\/160"}],"wp:attachment":[{"href":"https:\/\/eleves.escl.fr\/wp2\/femhis\/wp-json\/wp\/v2\/media?parent=47"}],"curies":[{"name":"wp","href":"https:\/\/api.w.org\/{rel}","templated":true}]}}