{"id":49,"date":"2026-01-06T14:53:57","date_gmt":"2026-01-06T13:53:57","guid":{"rendered":"https:\/\/eleves.escl.fr\/wp2\/femhis\/?page_id=49"},"modified":"2026-03-31T13:30:52","modified_gmt":"2026-03-31T11:30:52","slug":"norvege-2","status":"publish","type":"page","link":"https:\/\/eleves.escl.fr\/wp2\/femhis\/norvege-2\/","title":{"rendered":"Norv\u00e8ge"},"content":{"rendered":"\n<div class=\"wp-block-cover is-light\" style=\"min-height:189px;aspect-ratio:unset;\"><img loading=\"lazy\" decoding=\"async\" width=\"980\" height=\"551\" class=\"wp-block-cover__image-background wp-image-164 size-full\" alt=\"\" src=\"https:\/\/eleves.escl.fr\/wp2\/femhis\/wp-content\/uploads\/sites\/22\/2026\/03\/entete-norvege.jpg\" data-object-fit=\"cover\" srcset=\"https:\/\/eleves.escl.fr\/wp2\/femhis\/wp-content\/uploads\/sites\/22\/2026\/03\/entete-norvege.jpg 980w, https:\/\/eleves.escl.fr\/wp2\/femhis\/wp-content\/uploads\/sites\/22\/2026\/03\/entete-norvege-300x169.jpg 300w, https:\/\/eleves.escl.fr\/wp2\/femhis\/wp-content\/uploads\/sites\/22\/2026\/03\/entete-norvege-768x432.jpg 768w\" sizes=\"auto, (max-width: 980px) 100vw, 980px\" \/><span aria-hidden=\"true\" class=\"wp-block-cover__background has-background-dim\" style=\"background-color:#808188\"><\/span><div class=\"wp-block-cover__inner-container has-global-padding is-layout-constrained wp-block-cover-is-layout-constrained\">\n<p class=\"has-text-align-center has-large-font-size\">l&rsquo;histoire des femmes en Norv\u00e8ge<\/p>\n<\/div><\/div>\n\n\n\n<h2 class=\"wp-block-heading\"><\/h2>\n\n\n\n<h2 class=\"wp-block-heading\">1. Avant le XX\u1d49 si\u00e8cle : contexte social et culturel<\/h2>\n\n\n\n<ul class=\"wp-block-list\">\n<li>Dans la soci\u00e9t\u00e9 traditionnelle norv\u00e9gienne, comme ailleurs en Europe, les femmes avaient des r\u00f4les principalement domestiques et familiaux, avec peu de droits civiques ou politiques.<\/li>\n\n\n\n<li>\u00c0 la fin du XIX\u1d49 si\u00e8cle, une <strong>premi\u00e8re vague f\u00e9ministe \u00e9merge<\/strong>, influenc\u00e9e par des \u00e9crivains et intellectuels qui remettent en question les normes sociales et d\u00e9fendent l\u2019\u00e9ducation, l\u2019ind\u00e9pendance et les droits des femmes.<\/li>\n<\/ul>\n\n\n\n<h2 class=\"wp-block-heading\">2. Lutte pour le droit de vote (1880\u20131913)<\/h2>\n\n\n\n<div class=\"wp-block-group is-nowrap is-layout-flex wp-container-core-group-is-layout-6c531013 wp-block-group-is-layout-flex\">\n<ul class=\"wp-block-list\">\n<li>La Norv\u00e8ge voit na\u00eetre des associations f\u00e9ministes, notamment la <strong>Norwegian Association for Women\u2019s Rights<\/strong> (fond\u00e9e en 1884) qui milite pour l\u2019\u00e9ducation, le droit de travailler et plus tard le droit politique.<\/li>\n\n\n\n<li>Le droit de vote est obtenu <strong>graduellement<\/strong> :\n<ul class=\"wp-block-list\">\n<li>En 1901, certaines femmes peuvent voter aux municipales selon les conditions de revenu.<\/li>\n\n\n\n<li>En 1907, le droit s\u2019\u00e9tend aux \u00e9lections g\u00e9n\u00e9rales avec des restrictions initiales.<\/li>\n\n\n\n<li>En 1913, <strong>toutes les femmes obtiennent le droit de vote et d\u2019\u00eatre \u00e9lues<\/strong>, faisant de la Norv\u00e8ge l\u2019un des premiers pays \u00e0 accorder le suffrage universel aux femmes.<\/li>\n<\/ul>\n<\/li>\n\n\n\n<li><strong>Anna Rogstad<\/strong> devient la premi\u00e8re femme \u00e0 si\u00e9ger au Parlement norv\u00e9gien en 1911.<\/li>\n<\/ul>\n<\/div>\n\n\n\n<h2 class=\"wp-block-heading\">3. Entre deux guerres<\/h2>\n\n\n\n<figure class=\"wp-block-image alignright size-large is-resized\"><img loading=\"lazy\" decoding=\"async\" width=\"1024\" height=\"576\" src=\"https:\/\/eleves.escl.fr\/wp2\/femhis\/wp-content\/uploads\/sites\/22\/2026\/03\/norvege-1024x576.jpg\" alt=\"\" class=\"wp-image-130\" style=\"width:290px;height:auto\" srcset=\"https:\/\/eleves.escl.fr\/wp2\/femhis\/wp-content\/uploads\/sites\/22\/2026\/03\/norvege-1024x576.jpg 1024w, https:\/\/eleves.escl.fr\/wp2\/femhis\/wp-content\/uploads\/sites\/22\/2026\/03\/norvege-300x169.jpg 300w, https:\/\/eleves.escl.fr\/wp2\/femhis\/wp-content\/uploads\/sites\/22\/2026\/03\/norvege-768x432.jpg 768w, https:\/\/eleves.escl.fr\/wp2\/femhis\/wp-content\/uploads\/sites\/22\/2026\/03\/norvege-1536x864.jpg 1536w, https:\/\/eleves.escl.fr\/wp2\/femhis\/wp-content\/uploads\/sites\/22\/2026\/03\/norvege.jpg 1920w\" sizes=\"auto, (max-width: 1024px) 100vw, 1024px\" \/><\/figure>\n\n\n\n<div class=\"wp-block-group is-nowrap is-layout-flex wp-container-core-group-is-layout-6c531013 wp-block-group-is-layout-flex\">\n<ul class=\"wp-block-list\">\n<li>Apr\u00e8s la Premi\u00e8re Guerre mondiale, les femmes commencent \u00e0 participer davantage \u00e0 la vie publique, y compris dans la politique et l\u2019emploi.<\/li>\n\n\n\n<li>Dans les ann\u00e9es 1930\u20131950, des avanc\u00e9es l\u00e9gislatives permettent aux femmes d\u2019atteindre l\u2019\u00e9galit\u00e9 juridique (droits civils, droit au travail, \u00e9galit\u00e9 de traitement devant la loi).<\/li>\n\n\n\n<li><strong>Kirsten Hansteen<\/strong> devient la premi\u00e8re femme \u00e0 si\u00e9ger dans un gouvernement norv\u00e9gien en 1945.<\/li>\n<\/ul>\n<\/div>\n\n\n\n<h2 class=\"wp-block-heading\">4. Deuxi\u00e8me vague f\u00e9ministe (ann\u00e9es 1960\u20131980)<\/h2>\n\n\n\n<figure class=\"wp-block-image alignright size-large is-resized\"><img loading=\"lazy\" decoding=\"async\" width=\"1024\" height=\"735\" src=\"https:\/\/eleves.escl.fr\/wp2\/femhis\/wp-content\/uploads\/sites\/22\/2026\/03\/gro-harlem-1024x735.webp\" alt=\"\" class=\"wp-image-139\" style=\"aspect-ratio:1.3932296061291303;width:296px;height:auto\" srcset=\"https:\/\/eleves.escl.fr\/wp2\/femhis\/wp-content\/uploads\/sites\/22\/2026\/03\/gro-harlem-1024x735.webp 1024w, https:\/\/eleves.escl.fr\/wp2\/femhis\/wp-content\/uploads\/sites\/22\/2026\/03\/gro-harlem-300x215.webp 300w, https:\/\/eleves.escl.fr\/wp2\/femhis\/wp-content\/uploads\/sites\/22\/2026\/03\/gro-harlem-768x551.webp 768w, https:\/\/eleves.escl.fr\/wp2\/femhis\/wp-content\/uploads\/sites\/22\/2026\/03\/gro-harlem-1536x1102.webp 1536w, https:\/\/eleves.escl.fr\/wp2\/femhis\/wp-content\/uploads\/sites\/22\/2026\/03\/gro-harlem.webp 1600w\" sizes=\"auto, (max-width: 1024px) 100vw, 1024px\" \/><\/figure>\n\n\n\n<div class=\"wp-block-group is-nowrap is-layout-flex wp-container-core-group-is-layout-6c531013 wp-block-group-is-layout-flex\">\n<ul class=\"wp-block-list\">\n<li>Les ann\u00e9es 1960 et 1970 voient un <strong>renouveau du mouvement f\u00e9ministe<\/strong>, d\u00e9non\u00e7ant non seulement l\u2019in\u00e9galit\u00e9 politique, mais aussi les st\u00e9r\u00e9otypes sociaux, les in\u00e9galit\u00e9s \u00e9conomiques et les droits reproductifs.<\/li>\n\n\n\n<li>Cette p\u00e9riode aboutit \u00e0 la cr\u00e9ation d\u2019organismes publics pour l\u2019\u00e9galit\u00e9 de genre (conseils, commissions) et \u00e0 des lois importantes :\n<ul class=\"wp-block-list\">\n<li><strong>Gender Equality Council<\/strong> (1972)<\/li>\n\n\n\n<li><strong>Gender Equality Ombud<\/strong> (1978)<\/li>\n\n\n\n<li><strong>Gender Equality Act<\/strong> (1979)<br>Ces institutions visent \u00e0 promouvoir l\u2019\u00e9galit\u00e9 entre hommes et femmes dans tous les domaines.<\/li>\n<\/ul>\n<\/li>\n<\/ul>\n<\/div>\n\n\n\n<h2 class=\"wp-block-heading\">5. Avanc\u00e9es contemporaines (1990\u2013aujourd\u2019hui)<\/h2>\n\n\n\n<figure class=\"wp-block-image size-full is-resized\"><img loading=\"lazy\" decoding=\"async\" width=\"474\" height=\"266\" src=\"https:\/\/eleves.escl.fr\/wp2\/femhis\/wp-content\/uploads\/sites\/22\/2026\/03\/travaillleuse-norvege.webp\" alt=\"\" class=\"wp-image-137\" style=\"width:182px;height:auto\" srcset=\"https:\/\/eleves.escl.fr\/wp2\/femhis\/wp-content\/uploads\/sites\/22\/2026\/03\/travaillleuse-norvege.webp 474w, https:\/\/eleves.escl.fr\/wp2\/femhis\/wp-content\/uploads\/sites\/22\/2026\/03\/travaillleuse-norvege-300x168.webp 300w\" sizes=\"auto, (max-width: 474px) 100vw, 474px\" \/><\/figure>\n\n\n\n<div class=\"wp-block-group is-nowrap is-layout-flex wp-container-core-group-is-layout-6c531013 wp-block-group-is-layout-flex\">\n<ul class=\"wp-block-list\">\n<li>Le nombre de femmes \u00e9lues augmente constamment. Dans le Parlement (Storting), la repr\u00e9sentation f\u00e9minine avoisine souvent <strong>40 % ou plus<\/strong>, avec des records historiques r\u00e9cents.<\/li>\n\n\n\n<li>Les partis politiques appliquent des <strong>quotas volontaires de genre<\/strong>, et il y a maintenant une forte pr\u00e9sence f\u00e9minine dans les gouvernements nationaux et locaux.<\/li>\n\n\n\n<li>Sur le march\u00e9 du travail, les femmes ont un taux de participation \u00e9lev\u00e9 et un acc\u00e8s large \u00e0 l\u2019\u00e9ducation et aux professions. Malgr\u00e9 cela, des <strong>\u00e9carts de salaire et de repr\u00e9sentation dans les postes les plus hauts<\/strong> subsistent.<\/li>\n<\/ul>\n<\/div>\n\n\n\n<h2 class=\"wp-block-heading\">6. Situation actuelle<\/h2>\n\n\n\n<p>Aujourd\u2019hui, la Norv\u00e8ge est <strong>consid\u00e9r\u00e9e comme un des pays les plus avanc\u00e9s au monde en mati\u00e8re d\u2019\u00e9galit\u00e9 hommes-femmes<\/strong>.<br>Cela dit :<\/p>\n\n\n\n<div class=\"wp-block-group is-nowrap is-layout-flex wp-container-core-group-is-layout-6c531013 wp-block-group-is-layout-flex\">\n<ul class=\"wp-block-list\">\n<li>Des in\u00e9galit\u00e9s persistent dans certains secteurs.<\/li>\n\n\n\n<li>Les d\u00e9bats contemporains incluent le partage parental, la repr\u00e9sentation dans les postes cl\u00e9s et la lutte contre les violences sexistes.<\/li>\n<\/ul>\n\n\n\n<figure class=\"wp-block-image alignright size-full\"><img loading=\"lazy\" decoding=\"async\" width=\"474\" height=\"316\" src=\"https:\/\/eleves.escl.fr\/wp2\/femhis\/wp-content\/uploads\/sites\/22\/2026\/03\/sportif.webp\" alt=\"\" class=\"wp-image-135\" srcset=\"https:\/\/eleves.escl.fr\/wp2\/femhis\/wp-content\/uploads\/sites\/22\/2026\/03\/sportif.webp 474w, https:\/\/eleves.escl.fr\/wp2\/femhis\/wp-content\/uploads\/sites\/22\/2026\/03\/sportif-300x200.webp 300w\" sizes=\"auto, (max-width: 474px) 100vw, 474px\" \/><\/figure>\n<\/div>\n","protected":false},"excerpt":{"rendered":"<p>1. Avant le XX\u1d49 si\u00e8cle : contexte social et culturel 2. Lutte pour le droit de vote (1880\u20131913) 3. Entre deux guerres 4. Deuxi\u00e8me vague f\u00e9ministe (ann\u00e9es 1960\u20131980) 5. Avanc\u00e9es contemporaines (1990\u2013aujourd\u2019hui) 6. Situation actuelle Aujourd\u2019hui, la Norv\u00e8ge est consid\u00e9r\u00e9e comme un des pays les plus avanc\u00e9s au monde en mati\u00e8re d\u2019\u00e9galit\u00e9 hommes-femmes.Cela dit :<\/p>\n","protected":false},"author":39,"featured_media":0,"parent":0,"menu_order":0,"comment_status":"closed","ping_status":"closed","template":"","meta":{"footnotes":""},"class_list":["post-49","page","type-page","status-publish","hentry"],"_links":{"self":[{"href":"https:\/\/eleves.escl.fr\/wp2\/femhis\/wp-json\/wp\/v2\/pages\/49","targetHints":{"allow":["GET"]}}],"collection":[{"href":"https:\/\/eleves.escl.fr\/wp2\/femhis\/wp-json\/wp\/v2\/pages"}],"about":[{"href":"https:\/\/eleves.escl.fr\/wp2\/femhis\/wp-json\/wp\/v2\/types\/page"}],"author":[{"embeddable":true,"href":"https:\/\/eleves.escl.fr\/wp2\/femhis\/wp-json\/wp\/v2\/users\/39"}],"replies":[{"embeddable":true,"href":"https:\/\/eleves.escl.fr\/wp2\/femhis\/wp-json\/wp\/v2\/comments?post=49"}],"version-history":[{"count":5,"href":"https:\/\/eleves.escl.fr\/wp2\/femhis\/wp-json\/wp\/v2\/pages\/49\/revisions"}],"predecessor-version":[{"id":179,"href":"https:\/\/eleves.escl.fr\/wp2\/femhis\/wp-json\/wp\/v2\/pages\/49\/revisions\/179"}],"wp:attachment":[{"href":"https:\/\/eleves.escl.fr\/wp2\/femhis\/wp-json\/wp\/v2\/media?parent=49"}],"curies":[{"name":"wp","href":"https:\/\/api.w.org\/{rel}","templated":true}]}}