{"id":151,"date":"2025-02-11T14:34:44","date_gmt":"2025-02-11T13:34:44","guid":{"rendered":"https:\/\/eleves.escl.fr\/wp2\/hayday\/?page_id=151"},"modified":"2025-05-03T13:56:56","modified_gmt":"2025-05-03T11:56:56","slug":"les-recoltes","status":"publish","type":"page","link":"https:\/\/eleves.escl.fr\/wp2\/hayday\/les-recoltes\/","title":{"rendered":"Les R\u00e9coltes"},"content":{"rendered":"\n<div class=\"wp-block-columns is-layout-flex wp-container-core-columns-is-layout-28f84493 wp-block-columns-is-layout-flex\">\n<div class=\"wp-block-column is-layout-flow wp-block-column-is-layout-flow\">\n<p class=\"has-text-align-center\">bl\u00e9<\/p>\n\n\n\n<p class=\"has-text-align-center\">niveau 1<\/p>\n\n\n\n<figure class=\"wp-block-image aligncenter size-full\"><img loading=\"lazy\" decoding=\"async\" width=\"100\" height=\"100\" src=\"https:\/\/eleves.escl.fr\/wp2\/hayday\/wp-content\/uploads\/sites\/9\/2025\/04\/Wheat.webp\" alt=\"\" class=\"wp-image-240\" \/><\/figure>\n<\/div>\n\n\n\n<div class=\"wp-block-column is-layout-flow wp-block-column-is-layout-flow\">\n<p class=\"has-text-align-center\">ma\u00efs<\/p>\n\n\n\n<p class=\"has-text-align-center\">niveau 2<\/p>\n\n\n\n<figure class=\"wp-block-image aligncenter size-full\"><img loading=\"lazy\" decoding=\"async\" width=\"100\" height=\"100\" src=\"https:\/\/eleves.escl.fr\/wp2\/hayday\/wp-content\/uploads\/sites\/9\/2025\/04\/Corn.webp\" alt=\"\" class=\"wp-image-241\" \/><\/figure>\n<\/div>\n\n\n\n<div class=\"wp-block-column is-layout-flow wp-block-column-is-layout-flow\">\n<p class=\"has-text-align-center\">soja<\/p>\n\n\n\n<p class=\"has-text-align-center\">niveau 5<\/p>\n\n\n\n<figure class=\"wp-block-image aligncenter size-full\"><img loading=\"lazy\" decoding=\"async\" width=\"100\" height=\"100\" src=\"https:\/\/eleves.escl.fr\/wp2\/hayday\/wp-content\/uploads\/sites\/9\/2025\/04\/Soybean.webp\" alt=\"\" class=\"wp-image-244\" \/><\/figure>\n<\/div>\n<\/div>\n\n\n\n<div class=\"wp-block-columns is-layout-flex wp-container-core-columns-is-layout-28f84493 wp-block-columns-is-layout-flex\">\n<div class=\"wp-block-column is-layout-flow wp-block-column-is-layout-flow\"><\/div>\n\n\n\n<div class=\"wp-block-column is-layout-flow wp-block-column-is-layout-flow\"><\/div>\n\n\n\n<div class=\"wp-block-column is-layout-flow wp-block-column-is-layout-flow\"><\/div>\n<\/div>\n\n\n\n<div class=\"wp-block-columns is-layout-flex wp-container-core-columns-is-layout-28f84493 wp-block-columns-is-layout-flex\">\n<div class=\"wp-block-column is-layout-flow wp-block-column-is-layout-flow\">\n<p class=\"has-text-align-center\">canne \u00e0 sucre<\/p>\n\n\n\n<p class=\"has-text-align-center\">niveau 7<\/p>\n\n\n\n<figure class=\"wp-block-image aligncenter size-full\"><img loading=\"lazy\" decoding=\"async\" width=\"100\" height=\"100\" src=\"https:\/\/eleves.escl.fr\/wp2\/hayday\/wp-content\/uploads\/sites\/9\/2025\/04\/Sugarcane.webp\" alt=\"\" class=\"wp-image-243\" \/><\/figure>\n<\/div>\n\n\n\n<div class=\"wp-block-column is-layout-flow wp-block-column-is-layout-flow\">\n<p class=\"has-text-align-center\">carotte<\/p>\n\n\n\n<p class=\"has-text-align-center\">niveau 9<\/p>\n\n\n\n<figure class=\"wp-block-image aligncenter size-full\"><img loading=\"lazy\" decoding=\"async\" width=\"100\" height=\"100\" src=\"https:\/\/eleves.escl.fr\/wp2\/hayday\/wp-content\/uploads\/sites\/9\/2025\/04\/Carrot.webp\" alt=\"\" class=\"wp-image-252\" \/><\/figure>\n<\/div>\n\n\n\n<div class=\"wp-block-column is-layout-flow wp-block-column-is-layout-flow\">\n<p class=\"has-text-align-center\">indigo<\/p>\n\n\n\n<p class=\"has-text-align-center\">niveau 13<\/p>\n\n\n\n<figure class=\"wp-block-image aligncenter size-full\"><img loading=\"lazy\" decoding=\"async\" width=\"100\" height=\"100\" src=\"https:\/\/eleves.escl.fr\/wp2\/hayday\/wp-content\/uploads\/sites\/9\/2025\/04\/Indigo.webp\" alt=\"\" class=\"wp-image-248\" \/><\/figure>\n<\/div>\n<\/div>\n\n\n\n<div class=\"wp-block-columns is-layout-flex wp-container-core-columns-is-layout-28f84493 wp-block-columns-is-layout-flex\">\n<div class=\"wp-block-column is-layout-flow wp-block-column-is-layout-flow\">\n<p class=\"has-text-align-center\">citrouille<\/p>\n\n\n\n<p class=\"has-text-align-center\">niveau 15<\/p>\n\n\n\n<figure class=\"wp-block-image aligncenter size-full\"><img loading=\"lazy\" decoding=\"async\" width=\"100\" height=\"100\" src=\"https:\/\/eleves.escl.fr\/wp2\/hayday\/wp-content\/uploads\/sites\/9\/2025\/04\/Pumpkin.webp\" alt=\"\" class=\"wp-image-247\" \/><\/figure>\n<\/div>\n\n\n\n<div class=\"wp-block-column is-layout-flow wp-block-column-is-layout-flow\">\n<p class=\"has-text-align-center\">coton<\/p>\n\n\n\n<p class=\"has-text-align-center\">niveau 18<\/p>\n\n\n\n<figure class=\"wp-block-image aligncenter size-full\"><img loading=\"lazy\" decoding=\"async\" width=\"100\" height=\"100\" src=\"https:\/\/eleves.escl.fr\/wp2\/hayday\/wp-content\/uploads\/sites\/9\/2025\/04\/Cotton.webp\" alt=\"\" class=\"wp-image-249\" \/><\/figure>\n<\/div>\n\n\n\n<div class=\"wp-block-column is-layout-flow wp-block-column-is-layout-flow\">\n<p class=\"has-text-align-center\">piment<\/p>\n\n\n\n<p class=\"has-text-align-center\">niveau 25<\/p>\n\n\n\n<figure class=\"wp-block-image aligncenter size-full\"><img loading=\"lazy\" decoding=\"async\" width=\"100\" height=\"100\" src=\"https:\/\/eleves.escl.fr\/wp2\/hayday\/wp-content\/uploads\/sites\/9\/2025\/04\/Chili_Pepper.webp\" alt=\"\" class=\"wp-image-250\" \/><\/figure>\n<\/div>\n<\/div>\n\n\n\n<div class=\"wp-block-columns is-layout-flex wp-container-core-columns-is-layout-28f84493 wp-block-columns-is-layout-flex\">\n<div class=\"wp-block-column is-layout-flow wp-block-column-is-layout-flow\">\n<p class=\"has-text-align-center\">tomate<\/p>\n\n\n\n<p class=\"has-text-align-center\">niveau 30<\/p>\n\n\n\n<figure class=\"wp-block-image aligncenter size-full\"><img loading=\"lazy\" decoding=\"async\" width=\"100\" height=\"100\" src=\"https:\/\/eleves.escl.fr\/wp2\/hayday\/wp-content\/uploads\/sites\/9\/2025\/04\/Tomato.webp\" alt=\"\" class=\"wp-image-245\" \/><\/figure>\n<\/div>\n\n\n\n<div class=\"wp-block-column is-layout-flow wp-block-column-is-layout-flow\">\n<p class=\"has-text-align-center\">fraise<\/p>\n\n\n\n<p class=\"has-text-align-center\">niveau 34<\/p>\n\n\n\n<figure class=\"wp-block-image aligncenter size-full\"><img loading=\"lazy\" decoding=\"async\" width=\"100\" height=\"100\" src=\"https:\/\/eleves.escl.fr\/wp2\/hayday\/wp-content\/uploads\/sites\/9\/2025\/04\/Strawberry.webp\" alt=\"\" class=\"wp-image-258\" \/><\/figure>\n<\/div>\n\n\n\n<div class=\"wp-block-column is-layout-flow wp-block-column-is-layout-flow\">\n<p class=\"has-text-align-center\">pomme de terre<\/p>\n\n\n\n<p class=\"has-text-align-center\">niveau 35<\/p>\n\n\n\n<figure class=\"wp-block-image aligncenter size-full\"><img loading=\"lazy\" decoding=\"async\" width=\"100\" height=\"100\" src=\"https:\/\/eleves.escl.fr\/wp2\/hayday\/wp-content\/uploads\/sites\/9\/2025\/04\/Potato.webp\" alt=\"\" class=\"wp-image-259\" \/><\/figure>\n<\/div>\n<\/div>\n","protected":false},"excerpt":{"rendered":"<p>bl\u00e9 niveau 1 ma\u00efs niveau 2 soja niveau 5 canne \u00e0 sucre niveau 7 carotte niveau 9 indigo niveau 13 citrouille niveau 15 coton niveau 18 piment niveau 25 tomate niveau 30 fraise niveau 34 pomme de terre niveau 35<\/p>\n","protected":false},"author":26,"featured_media":0,"parent":0,"menu_order":0,"comment_status":"closed","ping_status":"closed","template":"","meta":{"footnotes":""},"class_list":["post-151","page","type-page","status-publish","hentry"],"_links":{"self":[{"href":"https:\/\/eleves.escl.fr\/wp2\/hayday\/wp-json\/wp\/v2\/pages\/151","targetHints":{"allow":["GET"]}}],"collection":[{"href":"https:\/\/eleves.escl.fr\/wp2\/hayday\/wp-json\/wp\/v2\/pages"}],"about":[{"href":"https:\/\/eleves.escl.fr\/wp2\/hayday\/wp-json\/wp\/v2\/types\/page"}],"author":[{"embeddable":true,"href":"https:\/\/eleves.escl.fr\/wp2\/hayday\/wp-json\/wp\/v2\/users\/26"}],"replies":[{"embeddable":true,"href":"https:\/\/eleves.escl.fr\/wp2\/hayday\/wp-json\/wp\/v2\/comments?post=151"}],"version-history":[{"count":3,"href":"https:\/\/eleves.escl.fr\/wp2\/hayday\/wp-json\/wp\/v2\/pages\/151\/revisions"}],"predecessor-version":[{"id":335,"href":"https:\/\/eleves.escl.fr\/wp2\/hayday\/wp-json\/wp\/v2\/pages\/151\/revisions\/335"}],"wp:attachment":[{"href":"https:\/\/eleves.escl.fr\/wp2\/hayday\/wp-json\/wp\/v2\/media?parent=151"}],"curies":[{"name":"wp","href":"https:\/\/api.w.org\/{rel}","templated":true}]}}