{"id":38,"date":"2025-01-28T14:24:21","date_gmt":"2025-01-28T13:24:21","guid":{"rendered":"https:\/\/eleves.escl.fr\/wp2\/hayday\/?page_id=38"},"modified":"2025-04-08T14:03:02","modified_gmt":"2025-04-08T12:03:02","slug":"les-fabriques","status":"publish","type":"page","link":"https:\/\/eleves.escl.fr\/wp2\/hayday\/les-fabriques\/","title":{"rendered":"Les Fabriques"},"content":{"rendered":"\n<div class=\"wp-block-columns is-layout-flex wp-container-core-columns-is-layout-28f84493 wp-block-columns-is-layout-flex\">\n<div class=\"wp-block-column is-layout-flow wp-block-column-is-layout-flow\">\n<p class=\"has-text-align-center has-heading-font-family\" style=\"font-size:clamp(1.146rem, 1.146rem + ((1vw - 0.2rem) * 1.09), 1.8rem);\">boulangerie<\/p>\n\n\n\n<p class=\"has-text-align-center has-system-serif-font-family\" style=\"font-size:clamp(14px, 0.875rem + ((1vw - 3.2px) * 0.625), 20px);line-height:0\">niveau 2<\/p>\n\n\n\n<figure class=\"wp-block-image aligncenter size-full is-resized\"><img loading=\"lazy\" decoding=\"async\" width=\"200\" height=\"191\" src=\"https:\/\/eleves.escl.fr\/wp2\/hayday\/wp-content\/uploads\/sites\/9\/2025\/01\/Boulangerie.webp\" alt=\"\" class=\"wp-image-40\" style=\"object-fit:cover;width:200px;height:200px\" \/><\/figure>\n<\/div>\n\n\n\n<div class=\"wp-block-column is-layout-flow wp-block-column-is-layout-flow\">\n<p class=\"has-text-align-center has-heading-font-family\" style=\"font-size:clamp(1.146rem, 1.146rem + ((1vw - 0.2rem) * 1.09), 1.8rem);\">provenderie<\/p>\n\n\n\n<p class=\"has-text-align-center has-system-serif-font-family\" style=\"font-size:clamp(14px, 0.875rem + ((1vw - 3.2px) * 0.625), 20px);line-height:0\">niveau 3-12<\/p>\n\n\n\n<figure class=\"wp-block-image aligncenter size-full is-resized\"><img loading=\"lazy\" decoding=\"async\" width=\"167\" height=\"199\" src=\"https:\/\/eleves.escl.fr\/wp2\/hayday\/wp-content\/uploads\/sites\/9\/2025\/01\/Provenderie.webp\" alt=\"\" class=\"wp-image-41\" style=\"width:auto;height:200px\" \/><\/figure>\n<\/div>\n\n\n\n<div class=\"wp-block-column is-layout-flow wp-block-column-is-layout-flow\">\n<p class=\"has-text-align-center has-heading-font-family\" style=\"font-size:clamp(1.146rem, 1.146rem + ((1vw - 0.2rem) * 1.09), 1.8rem);\">laiterie<\/p>\n\n\n\n<p class=\"has-text-align-center has-system-serif-font-family\" style=\"font-size:clamp(14px, 0.875rem + ((1vw - 3.2px) * 0.625), 20px);line-height:0\">niveau 6<\/p>\n\n\n\n<figure class=\"wp-block-image aligncenter size-full\"><img loading=\"lazy\" decoding=\"async\" width=\"200\" height=\"141\" src=\"https:\/\/eleves.escl.fr\/wp2\/hayday\/wp-content\/uploads\/sites\/9\/2025\/01\/Laiterie.webp\" alt=\"\" class=\"wp-image-42\" \/><\/figure>\n<\/div>\n<\/div>\n\n\n\n<div class=\"wp-block-columns is-layout-flex wp-container-core-columns-is-layout-28f84493 wp-block-columns-is-layout-flex\">\n<div class=\"wp-block-column is-layout-flow wp-block-column-is-layout-flow\">\n<p class=\"has-text-align-center has-heading-font-family\" style=\"font-size:clamp(1.146rem, 1.146rem + ((1vw - 0.2rem) * 1.09), 1.8rem);\">sucrerie<\/p>\n\n\n\n<p class=\"has-text-align-center has-system-serif-font-family\" style=\"font-size:clamp(14px, 0.875rem + ((1vw - 3.2px) * 0.625), 20px);line-height:0\">niveau 7-76<\/p>\n\n\n\n<figure class=\"wp-block-image aligncenter size-full\"><img loading=\"lazy\" decoding=\"async\" width=\"200\" height=\"186\" src=\"https:\/\/eleves.escl.fr\/wp2\/hayday\/wp-content\/uploads\/sites\/9\/2025\/01\/Sucrerie.webp\" alt=\"\" class=\"wp-image-43\" \/><\/figure>\n<\/div>\n\n\n\n<div class=\"wp-block-column is-layout-flow wp-block-column-is-layout-flow\">\n<p class=\"has-text-align-center has-heading-font-family\" style=\"font-size:clamp(1.146rem, 1.146rem + ((1vw - 0.2rem) * 1.09), 1.8rem);\"> popcorn<\/p>\n\n\n\n<p class=\"has-text-align-center has-system-serif-font-family\" style=\"font-size:clamp(14px, 0.875rem + ((1vw - 3.2px) * 0.625), 20px);line-height:0\">niveau 8<\/p>\n\n\n\n<figure class=\"wp-block-image aligncenter size-full\"><img loading=\"lazy\" decoding=\"async\" width=\"200\" height=\"157\" src=\"https:\/\/eleves.escl.fr\/wp2\/hayday\/wp-content\/uploads\/sites\/9\/2025\/01\/Marmite_3F_Pop-Corn.webp\" alt=\"\" class=\"wp-image-46\" \/><\/figure>\n<\/div>\n\n\n\n<div class=\"wp-block-column is-layout-flow wp-block-column-is-layout-flow\">\n<p class=\"has-text-align-center has-heading-font-family\" style=\"font-size:clamp(1.146rem, 1.146rem + ((1vw - 0.2rem) * 1.09), 1.8rem);\">barbecue<\/p>\n\n\n\n<p class=\"has-text-align-center has-system-serif-font-family\" style=\"font-size:clamp(14px, 0.875rem + ((1vw - 3.2px) * 0.625), 20px);line-height:0\">niveau 9<\/p>\n\n\n\n<figure class=\"wp-block-image aligncenter size-full is-resized\"><img loading=\"lazy\" decoding=\"async\" width=\"117\" height=\"120\" src=\"https:\/\/eleves.escl.fr\/wp2\/hayday\/wp-content\/uploads\/sites\/9\/2025\/01\/Barbecue.webp\" alt=\"\" class=\"wp-image-47\" style=\"width:180px\" \/><\/figure>\n<\/div>\n<\/div>\n\n\n\n<div class=\"wp-block-columns is-layout-flex wp-container-core-columns-is-layout-28f84493 wp-block-columns-is-layout-flex\">\n<div class=\"wp-block-column is-layout-flow wp-block-column-is-layout-flow\">\n<p class=\"has-text-align-center has-heading-font-family\" style=\"font-size:clamp(1.146rem, 1.146rem + ((1vw - 0.2rem) * 1.09), 1.8rem);\">four \u00e0 tartes<\/p>\n\n\n\n<p class=\"has-text-align-center has-system-serif-font-family\" style=\"font-size:clamp(14px, 0.875rem + ((1vw - 3.2px) * 0.625), 20px);line-height:0\">niveau 14<\/p>\n\n\n\n<figure class=\"wp-block-image aligncenter size-full is-resized\"><img loading=\"lazy\" decoding=\"async\" width=\"119\" height=\"120\" src=\"https:\/\/eleves.escl.fr\/wp2\/hayday\/wp-content\/uploads\/sites\/9\/2025\/01\/Four_3F_Tartes.webp\" alt=\"\" class=\"wp-image-44\" style=\"width:188px;height:auto\" \/><\/figure>\n<\/div>\n\n\n\n<div class=\"wp-block-column is-layout-flow wp-block-column-is-layout-flow\">\n<p class=\"has-text-align-center has-heading-font-family\" style=\"font-size:clamp(1.146rem, 1.146rem + ((1vw - 0.2rem) * 1.09), 1.8rem);\">m\u00e9tier \u00e0 tisser<\/p>\n\n\n\n<p class=\"has-text-align-center has-system-serif-font-family\" style=\"font-size:clamp(14px, 0.875rem + ((1vw - 3.2px) * 0.625), 20px);line-height:0\">niveau 17<\/p>\n\n\n\n<figure class=\"wp-block-image aligncenter size-full is-resized\"><img loading=\"lazy\" decoding=\"async\" width=\"120\" height=\"108\" src=\"https:\/\/eleves.escl.fr\/wp2\/hayday\/wp-content\/uploads\/sites\/9\/2025\/01\/M3F_Tisser.webp\" alt=\"\" class=\"wp-image-45\" style=\"width:194px;height:auto\" \/><\/figure>\n<\/div>\n\n\n\n<div class=\"wp-block-column is-layout-flow wp-block-column-is-layout-flow\">\n<p class=\"has-text-align-center has-heading-font-family\" style=\"font-size:clamp(0.984rem, 0.984rem + ((1vw - 0.2rem) * 0.86), 1.5rem);\">machine \u00e0 coudre<\/p>\n\n\n\n<p class=\"has-text-align-center has-system-serif-font-family\" style=\"font-size:clamp(14px, 0.875rem + ((1vw - 3.2px) * 0.625), 20px);line-height:0\">niveau 19<\/p>\n\n\n\n<figure class=\"wp-block-image aligncenter size-full is-resized\"><img loading=\"lazy\" decoding=\"async\" width=\"111\" height=\"120\" src=\"https:\/\/eleves.escl.fr\/wp2\/hayday\/wp-content\/uploads\/sites\/9\/2025\/01\/Machine_3F_Coudre.webp\" alt=\"\" class=\"wp-image-50\" style=\"width:172px;height:auto\" \/><\/figure>\n<\/div>\n<\/div>\n\n\n\n<div class=\"wp-block-columns is-layout-flex wp-container-core-columns-is-layout-28f84493 wp-block-columns-is-layout-flex\">\n<div class=\"wp-block-column is-layout-flow wp-block-column-is-layout-flow\">\n<p class=\"has-text-align-center has-heading-font-family\" style=\"font-size:clamp(1.146rem, 1.146rem + ((1vw - 0.2rem) * 1.09), 1.8rem);\">four \u00e0 gateaux<\/p>\n\n\n\n<p class=\"has-text-align-center has-system-serif-font-family\" style=\"font-size:clamp(14px, 0.875rem + ((1vw - 3.2px) * 0.625), 20px);line-height:0\">niveau 21<\/p>\n\n\n\n<figure class=\"wp-block-image aligncenter size-full is-resized\"><img loading=\"lazy\" decoding=\"async\" width=\"120\" height=\"108\" src=\"https:\/\/eleves.escl.fr\/wp2\/hayday\/wp-content\/uploads\/sites\/9\/2025\/01\/Four_3Fteaux.webp\" alt=\"\" class=\"wp-image-48\" style=\"width:194px;height:auto\" \/><\/figure>\n<\/div>\n\n\n\n<div class=\"wp-block-column is-layout-flow wp-block-column-is-layout-flow\">\n<p class=\"has-text-align-center has-heading-font-family\" style=\"font-size:clamp(1.146rem, 1.146rem + ((1vw - 0.2rem) * 1.09), 1.8rem);\">mine<\/p>\n\n\n\n<p class=\"has-text-align-center has-system-serif-font-family\" style=\"font-size:clamp(14px, 0.875rem + ((1vw - 3.2px) * 0.625), 20px);line-height:0\">niveau 24<\/p>\n\n\n\n<figure class=\"wp-block-image aligncenter size-full is-resized\"><img loading=\"lazy\" decoding=\"async\" width=\"747\" height=\"785\" src=\"https:\/\/eleves.escl.fr\/wp2\/hayday\/wp-content\/uploads\/sites\/9\/2025\/01\/Mine.webp\" alt=\"\" class=\"wp-image-33\" style=\"width:165px;height:auto\" srcset=\"https:\/\/eleves.escl.fr\/wp2\/hayday\/wp-content\/uploads\/sites\/9\/2025\/01\/Mine.webp 747w, https:\/\/eleves.escl.fr\/wp2\/hayday\/wp-content\/uploads\/sites\/9\/2025\/01\/Mine-285x300.webp 285w\" sizes=\"auto, (max-width: 747px) 100vw, 747px\" \/><\/figure>\n<\/div>\n\n\n\n<div class=\"wp-block-column is-layout-flow wp-block-column-is-layout-flow\">\n<p class=\"has-text-align-center has-heading-font-family\" style=\"font-size:clamp(1.146rem, 1.146rem + ((1vw - 0.2rem) * 1.09), 1.8rem);\">fonderie<\/p>\n\n\n\n<p class=\"has-text-align-center has-system-serif-font-family\" style=\"font-size:clamp(14px, 0.875rem + ((1vw - 3.2px) * 0.625), 20px);line-height:0\">niveau 24<\/p>\n\n\n\n<figure class=\"wp-block-image aligncenter size-full\"><img loading=\"lazy\" decoding=\"async\" width=\"119\" height=\"120\" src=\"https:\/\/eleves.escl.fr\/wp2\/hayday\/wp-content\/uploads\/sites\/9\/2025\/01\/Fonderie.webp\" alt=\"\" class=\"wp-image-49\" \/><\/figure>\n<\/div>\n<\/div>\n\n\n\n<div class=\"wp-block-columns is-layout-flex wp-container-core-columns-is-layout-28f84493 wp-block-columns-is-layout-flex\">\n<div class=\"wp-block-column is-layout-flow wp-block-column-is-layout-flow\">\n<p class=\"has-text-align-center has-heading-font-family\" style=\"font-size:clamp(1.146rem, 1.146rem + ((1vw - 0.2rem) * 1.09), 1.8rem);\">presse-fruits<\/p>\n\n\n\n<p class=\"has-text-align-center has-heading-font-family\" style=\"font-size:clamp(14px, 0.875rem + ((1vw - 3.2px) * 0.625), 20px);line-height:0\">niveau 26<\/p>\n\n\n\n<figure class=\"wp-block-image aligncenter size-full is-resized\"><img loading=\"lazy\" decoding=\"async\" width=\"89\" height=\"120\" src=\"https:\/\/eleves.escl.fr\/wp2\/hayday\/wp-content\/uploads\/sites\/9\/2025\/01\/Presse-Fruits.webp\" alt=\"\" class=\"wp-image-58\" style=\"width:142px;height:auto\" \/><\/figure>\n<\/div>\n\n\n\n<div class=\"wp-block-column is-layout-flow wp-block-column-is-layout-flow\">\n<p class=\"has-text-align-center has-heading-font-family\" style=\"font-size:clamp(1.146rem, 1.146rem + ((1vw - 0.2rem) * 1.09), 1.8rem);\">atelier-appats<\/p>\n\n\n\n<p class=\"has-text-align-center has-heading-font-family\" style=\"font-size:clamp(14px, 0.875rem + ((1vw - 3.2px) * 0.625), 20px);line-height:0\">niveau 27<\/p>\n\n\n\n<figure class=\"wp-block-image aligncenter size-full is-resized\"><img loading=\"lazy\" decoding=\"async\" width=\"102\" height=\"120\" src=\"https:\/\/eleves.escl.fr\/wp2\/hayday\/wp-content\/uploads\/sites\/9\/2025\/01\/Atelier_3Fts.webp\" alt=\"\" class=\"wp-image-55\" style=\"width:162px;height:auto\" \/><\/figure>\n<\/div>\n\n\n\n<div class=\"wp-block-column is-layout-flow wp-block-column-is-layout-flow\">\n<p class=\"has-text-align-center has-heading-font-family\" style=\"font-size:clamp(1.146rem, 1.146rem + ((1vw - 0.2rem) * 1.09), 1.8rem);\">stand de glaces<\/p>\n\n\n\n<p class=\"has-text-align-center has-heading-font-family\" style=\"font-size:clamp(14px, 0.875rem + ((1vw - 3.2px) * 0.625), 20px);line-height:0\">niveau 29<\/p>\n\n\n\n<figure class=\"wp-block-image aligncenter size-full is-resized\"><img loading=\"lazy\" decoding=\"async\" width=\"120\" height=\"116\" src=\"https:\/\/eleves.escl.fr\/wp2\/hayday\/wp-content\/uploads\/sites\/9\/2025\/01\/Stand_De_Glaces.webp\" alt=\"\" class=\"wp-image-57\" style=\"width:194px;height:auto\" \/><\/figure>\n<\/div>\n<\/div>\n\n\n\n<div class=\"wp-block-columns is-layout-flex wp-container-core-columns-is-layout-28f84493 wp-block-columns-is-layout-flex\">\n<div class=\"wp-block-column is-layout-flow wp-block-column-is-layout-flow\">\n<p class=\"has-text-align-center has-heading-font-family\" style=\"font-size:clamp(1.146rem, 1.146rem + ((1vw - 0.2rem) * 1.09), 1.8rem);\">fabrique filets<\/p>\n\n\n\n<p class=\"has-text-align-center has-system-serif-font-family\" style=\"font-size:clamp(14px, 0.875rem + ((1vw - 3.2px) * 0.625), 20px);line-height:0\">niveau 30<\/p>\n\n\n\n<figure class=\"wp-block-image aligncenter size-full is-resized\"><img loading=\"lazy\" decoding=\"async\" width=\"118\" height=\"120\" src=\"https:\/\/eleves.escl.fr\/wp2\/hayday\/wp-content\/uploads\/sites\/9\/2025\/01\/Fabrique_de_filets.webp\" alt=\"\" class=\"wp-image-56\" style=\"width:171px;height:auto\" \/><\/figure>\n<\/div>\n\n\n\n<div class=\"wp-block-column is-layout-flow wp-block-column-is-layout-flow\">\n<p class=\"has-text-align-center has-heading-font-family\" style=\"font-size:clamp(1.146rem, 1.146rem + ((1vw - 0.2rem) * 1.09), 1.8rem);\">confiturier<\/p>\n\n\n\n<p class=\"has-text-align-center has-system-serif-font-family\" style=\"font-size:clamp(14px, 0.875rem + ((1vw - 3.2px) * 0.625), 20px);line-height:0\">niveau 35<\/p>\n\n\n\n<figure class=\"wp-block-image aligncenter size-full is-resized\"><img loading=\"lazy\" decoding=\"async\" width=\"98\" height=\"119\" src=\"https:\/\/eleves.escl.fr\/wp2\/hayday\/wp-content\/uploads\/sites\/9\/2025\/01\/Confiturier.webp\" alt=\"\" class=\"wp-image-67\" style=\"width:147px;height:auto\" \/><\/figure>\n<\/div>\n\n\n\n<div class=\"wp-block-column is-layout-flow wp-block-column-is-layout-flow\">\n<p class=\"has-text-align-center has-heading-font-family\" style=\"font-size:clamp(1.146rem, 1.146rem + ((1vw - 0.2rem) * 1.09), 1.8rem);\">bijouterie<\/p>\n\n\n\n<p class=\"has-text-align-center has-system-serif-font-family\" style=\"font-size:clamp(14px, 0.875rem + ((1vw - 3.2px) * 0.625), 20px);line-height:0\">niveau 38<\/p>\n\n\n\n<figure class=\"wp-block-image aligncenter size-full is-resized\"><img loading=\"lazy\" decoding=\"async\" width=\"103\" height=\"120\" src=\"https:\/\/eleves.escl.fr\/wp2\/hayday\/wp-content\/uploads\/sites\/9\/2025\/01\/Bijouterie.webp\" alt=\"\" class=\"wp-image-65\" style=\"width:142px;height:auto\" \/><\/figure>\n<\/div>\n<\/div>\n\n\n\n<div class=\"wp-block-columns is-layout-flex wp-container-core-columns-is-layout-28f84493 wp-block-columns-is-layout-flex\">\n<div class=\"wp-block-column is-layout-flow wp-block-column-is-layout-flow\">\n<p class=\"has-text-align-center has-heading-font-family\" style=\"font-size:clamp(1.146rem, 1.146rem + ((1vw - 0.2rem) * 1.09), 1.8rem);\">extracteur <\/p>\n\n\n\n<p class=\"has-text-align-center has-system-serif-font-family\" style=\"font-size:clamp(14px, 0.875rem + ((1vw - 3.2px) * 0.625), 20px);\">niveau 39<\/p>\n\n\n\n<figure class=\"wp-block-image aligncenter size-full is-resized\"><img loading=\"lazy\" decoding=\"async\" width=\"120\" height=\"103\" src=\"https:\/\/eleves.escl.fr\/wp2\/hayday\/wp-content\/uploads\/sites\/9\/2025\/01\/Extracteur_de_Miel.webp\" alt=\"\" class=\"wp-image-66\" style=\"width:174px;height:auto\" \/><\/figure>\n<\/div>\n\n\n\n<div class=\"wp-block-column is-layout-flow wp-block-column-is-layout-flow\">\n<p class=\"has-text-align-center has-heading-font-family\" style=\"font-size:clamp(1.146rem, 1.146rem + ((1vw - 0.2rem) * 1.09), 1.8rem);\">kiosque \u00e0 caf\u00e9<\/p>\n\n\n\n<p class=\"has-text-align-center has-system-serif-font-family\" style=\"font-size:clamp(14px, 0.875rem + ((1vw - 3.2px) * 0.625), 20px);\">niveau 42<\/p>\n\n\n\n<figure class=\"wp-block-image aligncenter size-full is-resized\"><img loading=\"lazy\" decoding=\"async\" width=\"114\" height=\"120\" src=\"https:\/\/eleves.escl.fr\/wp2\/hayday\/wp-content\/uploads\/sites\/9\/2025\/01\/Kiosque_3F.webp\" alt=\"\" class=\"wp-image-68\" style=\"width:163px;height:auto\" \/><\/figure>\n<\/div>\n\n\n\n<div class=\"wp-block-column is-layout-flow wp-block-column-is-layout-flow\">\n<p class=\"has-text-align-center has-heading-font-family\" style=\"font-size:clamp(1.146rem, 1.146rem + ((1vw - 0.2rem) * 1.09), 1.8rem);\">homard<\/p>\n\n\n\n<p class=\"has-text-align-center has-system-serif-font-family\" style=\"font-size:clamp(14px, 0.875rem + ((1vw - 3.2px) * 0.625), 20px);\">niveau 44<\/p>\n\n\n\n<figure class=\"wp-block-image aligncenter size-full is-resized\"><img loading=\"lazy\" decoding=\"async\" width=\"119\" height=\"120\" src=\"https:\/\/eleves.escl.fr\/wp2\/hayday\/wp-content\/uploads\/sites\/9\/2025\/01\/Piscine-de-Homard.webp\" alt=\"\" class=\"wp-image-72\" style=\"width:174px;height:auto\" \/><\/figure>\n<\/div>\n<\/div>\n","protected":false},"excerpt":{"rendered":"<p>boulangerie niveau 2 provenderie niveau 3-12 laiterie niveau 6 sucrerie niveau 7-76 popcorn niveau 8 barbecue niveau 9 four \u00e0 tartes niveau 14 m\u00e9tier \u00e0 tisser niveau 17 machine \u00e0 coudre niveau 19 four \u00e0 gateaux niveau 21 mine niveau 24 fonderie niveau 24 presse-fruits niveau 26 atelier-appats niveau 27 stand de glaces niveau 29 [&hellip;]<\/p>\n","protected":false},"author":26,"featured_media":0,"parent":0,"menu_order":0,"comment_status":"closed","ping_status":"closed","template":"","meta":{"footnotes":""},"class_list":["post-38","page","type-page","status-publish","hentry"],"_links":{"self":[{"href":"https:\/\/eleves.escl.fr\/wp2\/hayday\/wp-json\/wp\/v2\/pages\/38","targetHints":{"allow":["GET"]}}],"collection":[{"href":"https:\/\/eleves.escl.fr\/wp2\/hayday\/wp-json\/wp\/v2\/pages"}],"about":[{"href":"https:\/\/eleves.escl.fr\/wp2\/hayday\/wp-json\/wp\/v2\/types\/page"}],"author":[{"embeddable":true,"href":"https:\/\/eleves.escl.fr\/wp2\/hayday\/wp-json\/wp\/v2\/users\/26"}],"replies":[{"embeddable":true,"href":"https:\/\/eleves.escl.fr\/wp2\/hayday\/wp-json\/wp\/v2\/comments?post=38"}],"version-history":[{"count":19,"href":"https:\/\/eleves.escl.fr\/wp2\/hayday\/wp-json\/wp\/v2\/pages\/38\/revisions"}],"predecessor-version":[{"id":255,"href":"https:\/\/eleves.escl.fr\/wp2\/hayday\/wp-json\/wp\/v2\/pages\/38\/revisions\/255"}],"wp:attachment":[{"href":"https:\/\/eleves.escl.fr\/wp2\/hayday\/wp-json\/wp\/v2\/media?parent=38"}],"curies":[{"name":"wp","href":"https:\/\/api.w.org\/{rel}","templated":true}]}}