{"id":184,"date":"2025-05-13T14:49:48","date_gmt":"2025-05-13T12:49:48","guid":{"rendered":"https:\/\/eleves.escl.fr\/wp2\/hikking\/?page_id=184"},"modified":"2025-05-24T11:23:52","modified_gmt":"2025-05-24T09:23:52","slug":"acceuil","status":"publish","type":"page","link":"https:\/\/eleves.escl.fr\/wp2\/hikking\/","title":{"rendered":""},"content":{"rendered":"\n<div class=\"wp-block-group alignfull has-global-padding is-layout-constrained wp-container-core-group-is-layout-490fa1db wp-block-group-is-layout-constrained\" style=\"padding-top:var(--wp--preset--spacing--50);padding-right:var(--wp--preset--spacing--50);padding-bottom:var(--wp--preset--spacing--50);padding-left:var(--wp--preset--spacing--50)\">\n<div class=\"wp-block-group has-global-padding is-layout-constrained wp-container-core-group-is-layout-650790e1 wp-block-group-is-layout-constrained\">\n<h1 class=\"wp-block-heading has-text-align-center has-x-large-font-size\"><strong>A la recherche<\/strong><\/h1>\n\n\n\n<div style=\"height:1.25rem\" aria-hidden=\"true\" class=\"wp-block-spacer\"><\/div>\n\n\n\n<p class=\"has-text-align-center\"><br>Une longue randonn\u00e9e p\u00e9destre \u00e0 la fra\u00eeche, qui vous m\u00e8ne \u00e0 travers des paysages naturels magnifiques sur des sentiers de randonn\u00e9e<\/p>\n\n\n\n<div style=\"height:1.25rem\" aria-hidden=\"true\" class=\"wp-block-spacer\"><\/div>\n<\/div>\n\n\n\n<div style=\"height:var(--wp--preset--spacing--30)\" aria-hidden=\"true\" class=\"wp-block-spacer\"><\/div>\n\n\n\n<figure class=\"wp-block-image alignwide size-full has-custom-border is-style-rounded\"><img loading=\"lazy\" decoding=\"async\" width=\"3508\" height=\"2480\" src=\"https:\/\/eleves.escl.fr\/wp2\/hikking\/wp-content\/uploads\/sites\/3\/2025\/01\/image-getaux.png\" alt=\"\" class=\"wp-image-72\" style=\"border-style:none;border-width:0px;border-radius:42px\" srcset=\"https:\/\/eleves.escl.fr\/wp2\/hikking\/wp-content\/uploads\/sites\/3\/2025\/01\/image-getaux.png 3508w, https:\/\/eleves.escl.fr\/wp2\/hikking\/wp-content\/uploads\/sites\/3\/2025\/01\/image-getaux-300x212.png 300w, https:\/\/eleves.escl.fr\/wp2\/hikking\/wp-content\/uploads\/sites\/3\/2025\/01\/image-getaux-1024x724.png 1024w, https:\/\/eleves.escl.fr\/wp2\/hikking\/wp-content\/uploads\/sites\/3\/2025\/01\/image-getaux-768x543.png 768w, https:\/\/eleves.escl.fr\/wp2\/hikking\/wp-content\/uploads\/sites\/3\/2025\/01\/image-getaux-1536x1086.png 1536w, https:\/\/eleves.escl.fr\/wp2\/hikking\/wp-content\/uploads\/sites\/3\/2025\/01\/image-getaux-2048x1448.png 2048w\" sizes=\"auto, (max-width: 3508px) 100vw, 3508px\" \/><\/figure>\n<\/div>\n\n\n\n<p><\/p>\n\n\n\n<div class=\"wp-block-group alignfull has-global-padding is-layout-constrained wp-container-core-group-is-layout-d89aad35 wp-block-group-is-layout-constrained\" style=\"margin-top:0;margin-bottom:0;padding-top:var(--wp--preset--spacing--50);padding-right:var(--wp--preset--spacing--50);padding-bottom:var(--wp--preset--spacing--50);padding-left:var(--wp--preset--spacing--50)\">\n<div class=\"wp-block-group alignwide has-global-padding is-layout-constrained wp-container-core-group-is-layout-19e250f3 wp-block-group-is-layout-constrained\">\n<div class=\"wp-block-group is-vertical is-content-justification-center is-layout-flex wp-container-core-group-is-layout-6329a8f3 wp-block-group-is-layout-flex\">\n<h2 class=\"wp-block-heading has-text-align-center is-style-asterisk\">Comment trouver le sentier id\u00e9al ?<\/h2>\n<\/div>\n\n\n\n<div style=\"height:var(--wp--preset--spacing--40)\" aria-hidden=\"true\" class=\"wp-block-spacer\"><\/div>\n\n\n\n<div class=\"wp-block-columns alignwide is-layout-flex wp-container-core-columns-is-layout-d1c656ed wp-block-columns-is-layout-flex\">\n<div class=\"wp-block-column is-vertically-aligned-center is-layout-flow wp-block-column-is-layout-flow\" style=\"flex-basis:40%\">\n<h3 class=\"wp-block-heading is-style-asterisk\">Num\u00e9riquement<\/h3>\n\n\n\n<ul style=\"line-height:1.75\" class=\"wp-block-list is-style-checkmark-list\">\n<li>Rentrer notre site sur un moteur de recherche.<\/li>\n\n\n\n<li>Choisissez un niveau de difficult\u00e9.<\/li>\n\n\n\n<li>Rechercher un sentier proche de chez vous.<\/li>\n<\/ul>\n<\/div>\n\n\n\n<div class=\"wp-block-column is-layout-flow wp-block-column-is-layout-flow\" style=\"flex-basis:50%\">\n<figure class=\"wp-block-image size-full has-custom-border is-style-rounded\"><img loading=\"lazy\" decoding=\"async\" width=\"800\" height=\"530\" src=\"https:\/\/eleves.escl.fr\/wp2\/hikking\/wp-content\/uploads\/sites\/3\/2025\/03\/IMGP0034.jpg\" alt=\"\" class=\"wp-image-124\" style=\"border-radius:42px\" srcset=\"https:\/\/eleves.escl.fr\/wp2\/hikking\/wp-content\/uploads\/sites\/3\/2025\/03\/IMGP0034.jpg 800w, https:\/\/eleves.escl.fr\/wp2\/hikking\/wp-content\/uploads\/sites\/3\/2025\/03\/IMGP0034-300x199.jpg 300w, https:\/\/eleves.escl.fr\/wp2\/hikking\/wp-content\/uploads\/sites\/3\/2025\/03\/IMGP0034-768x509.jpg 768w\" sizes=\"auto, (max-width: 800px) 100vw, 800px\" \/><\/figure>\n<\/div>\n<\/div>\n\n\n\n<div style=\"height:var(--wp--preset--spacing--40)\" aria-hidden=\"true\" class=\"wp-block-spacer\"><\/div>\n\n\n\n<div class=\"wp-block-columns alignwide is-layout-flex wp-container-core-columns-is-layout-d1c656ed wp-block-columns-is-layout-flex\">\n<div class=\"wp-block-column is-layout-flow wp-block-column-is-layout-flow\" style=\"flex-basis:50%\">\n<figure class=\"wp-block-image size-full has-custom-border is-style-rounded\"><img loading=\"lazy\" decoding=\"async\" width=\"1024\" height=\"768\" src=\"https:\/\/eleves.escl.fr\/wp2\/hikking\/wp-content\/uploads\/sites\/3\/2025\/03\/a-4-km-de-valleraugue-pour-cloturer-notre-randonnee-au-mont-aigoual-1024x768-1.webp\" alt=\"\" class=\"wp-image-82\" style=\"border-radius:42px\" srcset=\"https:\/\/eleves.escl.fr\/wp2\/hikking\/wp-content\/uploads\/sites\/3\/2025\/03\/a-4-km-de-valleraugue-pour-cloturer-notre-randonnee-au-mont-aigoual-1024x768-1.webp 1024w, https:\/\/eleves.escl.fr\/wp2\/hikking\/wp-content\/uploads\/sites\/3\/2025\/03\/a-4-km-de-valleraugue-pour-cloturer-notre-randonnee-au-mont-aigoual-1024x768-1-300x225.webp 300w, https:\/\/eleves.escl.fr\/wp2\/hikking\/wp-content\/uploads\/sites\/3\/2025\/03\/a-4-km-de-valleraugue-pour-cloturer-notre-randonnee-au-mont-aigoual-1024x768-1-768x576.webp 768w\" sizes=\"auto, (max-width: 1024px) 100vw, 1024px\" \/><\/figure>\n<\/div>\n\n\n\n<div class=\"wp-block-column is-vertically-aligned-center is-layout-flow wp-block-column-is-layout-flow\" style=\"flex-basis:40%\">\n<h3 class=\"wp-block-heading is-style-asterisk\">Physiquement<\/h3>\n\n\n\n<ul style=\"line-height:1.75\" class=\"wp-block-list is-style-checkmark-list\">\n<li>Rendez-vous dans la zone du sentier.<\/li>\n\n\n\n<li>Se rep\u00e9rer a l&rsquo;aide des panneaux.<\/li>\n\n\n\n<li>Puis profiter tout en s\u00e9curit\u00e9.<\/li>\n<\/ul>\n<\/div>\n<\/div>\n<\/div>\n<\/div>\n\n\n\n<div class=\"wp-block-group alignfull has-base-color has-contrast-background-color has-text-color has-background has-global-padding is-layout-constrained wp-container-core-group-is-layout-ef3d885c wp-block-group-is-layout-constrained\" style=\"margin-top:0;margin-bottom:0;padding-top:var(--wp--preset--spacing--60);padding-right:var(--wp--preset--spacing--60);padding-bottom:var(--wp--preset--spacing--60);padding-left:var(--wp--preset--spacing--60);background-image:url(&apos;https:\/\/eleves.escl.fr\/wp2\/hikking\/wp-content\/uploads\/sites\/3\/2025\/01\/Randonnee-GR400-boucle-du-cirque-de-Falgoux-credit-GUY-Christian-HEMIS_3560375.jpg&apos;);background-size:cover;\">\n<div class=\"wp-block-group has-global-padding is-layout-constrained wp-block-group-is-layout-constrained\">\n<p class=\"has-text-align-center has-base-color has-text-color has-heading-font-family has-x-large-font-size\" style=\"line-height:1.2\"><em><strong>\u00ab&nbsp;Un homme qui ne marche pas ne laisse pas de traces&nbsp;\u00bb<\/strong><\/em><\/p>\n\n\n\n<div style=\"height:var(--wp--preset--spacing--10)\" aria-hidden=\"true\" class=\"wp-block-spacer\"><\/div>\n\n\n\n<div class=\"wp-block-group is-vertical is-content-justification-center is-nowrap is-layout-flex wp-container-core-group-is-layout-2dc08cea wp-block-group-is-layout-flex\">\n<figure class=\"wp-block-image aligncenter size-thumbnail is-resized has-custom-border\"><a href=\"https:\/\/upload.wikimedia.org\/wikipedia\/commons\/thumb\/a\/a7\/Salon_du_livre_de_Paris_2011_-_Georges_Wolinski_-_007.JPG\/1200px-Salon_du_livre_de_Paris_2011_-_Georges_Wolinski_-_007.JPG\"><img loading=\"lazy\" decoding=\"async\" width=\"150\" height=\"150\" src=\"https:\/\/eleves.escl.fr\/wp2\/hikking\/wp-content\/uploads\/sites\/3\/2025\/03\/1200px-Salon_du_livre_de_Paris_2011_-_Georges_Wolinski_-_007-150x150.jpg\" alt=\"\" class=\"wp-image-75\" style=\"border-radius:100px;aspect-ratio:1;object-fit:cover;width:60px\" \/><\/a><\/figure>\n\n\n\n<p class=\"has-text-align-center\" style=\"margin-top:var(--wp--preset--spacing--10);margin-bottom:0\"><strong>George Wolinski<\/strong><\/p>\n<\/div>\n<\/div>\n<\/div>\n\n\n\n<img decoding=\"async\" src=\"https:\/\/fr.wikipedia.org\/wiki\/Georges_Wolinski\" alt=\"#https:\/\/fr.wikipedia.org\/wiki\/Georges_Wolinski\" usemap=\"\/\/fr.wikipedia.org\/wiki\/Georges_Wolinski\">\n\n<map name=\"https:\/\/fr.wikipedia.org\/wiki\/Georges_Wolinski\">\n  <area shape=\"rect\" coords=\"34,44,270,350\" alt=\"Computer\" href=\"computer.htm\">\n  <area shape=\"rect\" coords=\"290,172,333,250\" alt=\"Phone\" href=\"phone.htm\">\n  <area shape=\"circle\" coords=\"337,300,44\" alt=\"George Wolinski\" href=\"https:\/\/fr.wikipedia.org\/wiki\/Georges_Wolinski.htm\">\n<\/map> \n\n\nfunction myFunction() {\n  alert(\u00ab\u00a0You clicked on https:\/\/fr.wikipedia.org\/wiki\/Georges_Wolinski!\u00a0\u00bb);\n}\n","protected":false},"excerpt":{"rendered":"<p>A la recherche Une longue randonn\u00e9e p\u00e9destre \u00e0 la fra\u00eeche, qui vous m\u00e8ne \u00e0 travers des paysages naturels magnifiques sur des sentiers de randonn\u00e9e Comment trouver le sentier id\u00e9al ? Num\u00e9riquement Physiquement \u00ab&nbsp;Un homme qui ne marche pas ne laisse pas de traces&nbsp;\u00bb George Wolinski function myFunction() { alert(\u00ab\u00a0You clicked on https:\/\/fr.wikipedia.org\/wiki\/Georges_Wolinski!\u00a0\u00bb); }<\/p>\n","protected":false},"author":5,"featured_media":0,"parent":0,"menu_order":0,"comment_status":"closed","ping_status":"closed","template":"","meta":{"footnotes":""},"class_list":["post-184","page","type-page","status-publish","hentry"],"_links":{"self":[{"href":"https:\/\/eleves.escl.fr\/wp2\/hikking\/wp-json\/wp\/v2\/pages\/184","targetHints":{"allow":["GET"]}}],"collection":[{"href":"https:\/\/eleves.escl.fr\/wp2\/hikking\/wp-json\/wp\/v2\/pages"}],"about":[{"href":"https:\/\/eleves.escl.fr\/wp2\/hikking\/wp-json\/wp\/v2\/types\/page"}],"author":[{"embeddable":true,"href":"https:\/\/eleves.escl.fr\/wp2\/hikking\/wp-json\/wp\/v2\/users\/5"}],"replies":[{"embeddable":true,"href":"https:\/\/eleves.escl.fr\/wp2\/hikking\/wp-json\/wp\/v2\/comments?post=184"}],"version-history":[{"count":31,"href":"https:\/\/eleves.escl.fr\/wp2\/hikking\/wp-json\/wp\/v2\/pages\/184\/revisions"}],"predecessor-version":[{"id":289,"href":"https:\/\/eleves.escl.fr\/wp2\/hikking\/wp-json\/wp\/v2\/pages\/184\/revisions\/289"}],"wp:attachment":[{"href":"https:\/\/eleves.escl.fr\/wp2\/hikking\/wp-json\/wp\/v2\/media?parent=184"}],"curies":[{"name":"wp","href":"https:\/\/api.w.org\/{rel}","templated":true}]}}