{"id":31,"date":"2025-01-07T15:05:32","date_gmt":"2025-01-07T14:05:32","guid":{"rendered":"https:\/\/eleves.escl.fr\/wp2\/hikking\/?page_id=31"},"modified":"2025-05-24T10:00:03","modified_gmt":"2025-05-24T08:00:03","slug":"itineraire","status":"publish","type":"page","link":"https:\/\/eleves.escl.fr\/wp2\/hikking\/acceuil\/itineraire\/","title":{"rendered":"Itin\u00e9raire"},"content":{"rendered":"\n<div class=\"wp-block-group alignfull has-base-2-background-color has-background has-global-padding is-layout-constrained wp-container-core-group-is-layout-669513ed wp-block-group-is-layout-constrained\" style=\"margin-top:0;margin-bottom:0;padding-top:var(--wp--preset--spacing--50);padding-right:var(--wp--preset--spacing--50);padding-bottom:var(--wp--preset--spacing--50);padding-left:var(--wp--preset--spacing--50)\">\n<div class=\"wp-block-group is-vertical is-content-justification-center is-layout-flex wp-container-core-group-is-layout-52b864f0 wp-block-group-is-layout-flex\">\n<h2 class=\"wp-block-heading has-text-align-center is-style-asterisk\">Quelques sentiers de randonn\u00e9es<\/h2>\n\n\n\n<div style=\"height:0px\" aria-hidden=\"true\" class=\"wp-block-spacer wp-container-content-4f2ccadb\"><\/div>\n<\/div>\n\n\n\n<div class=\"wp-block-columns alignwide is-layout-flex wp-container-core-columns-is-layout-d0bbbce0 wp-block-columns-is-layout-flex\">\n<div class=\"wp-block-column is-layout-flow wp-container-core-column-is-layout-e3d1c41b wp-block-column-is-layout-flow\">\n<h3 class=\"wp-block-heading has-text-align-left is-style-asterisk has-body-font-family has-medium-font-size\" style=\"font-style:normal;font-weight:600\"><a href=\"https:\/\/www.visorando.com\/randonnee-les-corniches-du-mejean\">Les corniches du M\u00e9jean<\/a><\/h3>\n\n\n\n<p><\/p>\n\n\n\n<figure class=\"wp-block-image size-full is-resized has-custom-border\"><img loading=\"lazy\" decoding=\"async\" width=\"1024\" height=\"683\" src=\"https:\/\/eleves.escl.fr\/wp2\/hikking\/wp-content\/uploads\/sites\/3\/2025\/05\/lozere-vase-de-sevres.webp\" alt=\"\" class=\"wp-image-251\" style=\"border-radius:10px;object-fit:cover;width:230px;height:230px\" srcset=\"https:\/\/eleves.escl.fr\/wp2\/hikking\/wp-content\/uploads\/sites\/3\/2025\/05\/lozere-vase-de-sevres.webp 1024w, https:\/\/eleves.escl.fr\/wp2\/hikking\/wp-content\/uploads\/sites\/3\/2025\/05\/lozere-vase-de-sevres-300x200.webp 300w, https:\/\/eleves.escl.fr\/wp2\/hikking\/wp-content\/uploads\/sites\/3\/2025\/05\/lozere-vase-de-sevres-768x512.webp 768w\" sizes=\"auto, (max-width: 1024px) 100vw, 1024px\" \/><\/figure>\n<\/div>\n\n\n\n<div class=\"wp-block-column is-layout-flow wp-container-core-column-is-layout-e3d1c41b wp-block-column-is-layout-flow\">\n<h3 class=\"wp-block-heading has-text-align-left is-style-asterisk has-body-font-family has-medium-font-size\" style=\"font-style:normal;font-weight:600\"><a href=\"https:\/\/www.visorando.com\/randonnee-a-la-rencontre-des-vautours\" data-type=\"link\" data-id=\"https:\/\/www.visorando.com\/randonnee-a-la-rencontre-des-vautours\">A la rencontre des veautours<\/a><\/h3>\n\n\n\n<p><\/p>\n\n\n\n<figure class=\"wp-block-image size-full is-resized has-custom-border\"><img loading=\"lazy\" decoding=\"async\" width=\"275\" height=\"183\" src=\"https:\/\/eleves.escl.fr\/wp2\/hikking\/wp-content\/uploads\/sites\/3\/2025\/05\/images.jpg\" alt=\"\" class=\"wp-image-252\" style=\"border-radius:10px;object-fit:cover;width:230px;height:230px\" \/><\/figure>\n<\/div>\n\n\n\n<div class=\"wp-block-column is-layout-flow wp-container-core-column-is-layout-e3d1c41b wp-block-column-is-layout-flow\">\n<h3 class=\"wp-block-heading has-text-align-left is-style-asterisk has-body-font-family has-medium-font-size\" style=\"font-style:normal;font-weight:600\"><a href=\"https:\/\/www.visorando.com\/randonnee-a-la-rencontre-des-vautours\" data-type=\"link\" data-id=\"https:\/\/www.visorando.com\/randonnee-a-la-rencontre-des-vautours\">Tour du Lac de Villefort<\/a><\/h3>\n\n\n\n<p><\/p>\n\n\n\n<figure class=\"wp-block-image size-large is-resized has-custom-border\"><img loading=\"lazy\" decoding=\"async\" width=\"1024\" height=\"585\" src=\"https:\/\/eleves.escl.fr\/wp2\/hikking\/wp-content\/uploads\/sites\/3\/2025\/05\/MontLozere-S-Mioni-284--1024x585.jpg\" alt=\"\" class=\"wp-image-254\" style=\"border-radius:10px;object-fit:cover;width:230px;height:230px\" srcset=\"https:\/\/eleves.escl.fr\/wp2\/hikking\/wp-content\/uploads\/sites\/3\/2025\/05\/MontLozere-S-Mioni-284--1024x585.jpg 1024w, https:\/\/eleves.escl.fr\/wp2\/hikking\/wp-content\/uploads\/sites\/3\/2025\/05\/MontLozere-S-Mioni-284--300x171.jpg 300w, https:\/\/eleves.escl.fr\/wp2\/hikking\/wp-content\/uploads\/sites\/3\/2025\/05\/MontLozere-S-Mioni-284--768x439.jpg 768w, https:\/\/eleves.escl.fr\/wp2\/hikking\/wp-content\/uploads\/sites\/3\/2025\/05\/MontLozere-S-Mioni-284-.jpg 1050w\" sizes=\"auto, (max-width: 1024px) 100vw, 1024px\" \/><\/figure>\n<\/div>\n<\/div>\n\n\n\n<div style=\"height:var(--wp--preset--spacing--20)\" aria-hidden=\"true\" class=\"wp-block-spacer\"><\/div>\n\n\n\n<div class=\"wp-block-columns alignwide is-layout-flex wp-container-core-columns-is-layout-d0bbbce0 wp-block-columns-is-layout-flex\">\n<div class=\"wp-block-column is-layout-flow wp-container-core-column-is-layout-e3d1c41b wp-block-column-is-layout-flow\">\n<h3 class=\"wp-block-heading has-text-align-left is-style-asterisk has-body-font-family has-medium-font-size\" style=\"font-style:normal;font-weight:600\"><a href=\"https:\/\/www.visorando.com\/randonnee-le-puech-del-pont-et-la-cascade-du-deroc\" data-type=\"link\" data-id=\"https:\/\/www.visorando.com\/randonnee-le-puech-del-pont-et-la-cascade-du-deroc\">Puech del Pont et Cascade du D\u00e9roc<\/a><\/h3>\n\n\n\n<p><\/p>\n\n\n\n<figure class=\"wp-block-image size-full is-resized has-custom-border\"><img loading=\"lazy\" decoding=\"async\" width=\"898\" height=\"600\" src=\"https:\/\/eleves.escl.fr\/wp2\/hikking\/wp-content\/uploads\/sites\/3\/2025\/05\/18947950Master.jpg\" alt=\"\" class=\"wp-image-256\" style=\"border-radius:10px;object-fit:cover;width:230px;height:230px\" srcset=\"https:\/\/eleves.escl.fr\/wp2\/hikking\/wp-content\/uploads\/sites\/3\/2025\/05\/18947950Master.jpg 898w, https:\/\/eleves.escl.fr\/wp2\/hikking\/wp-content\/uploads\/sites\/3\/2025\/05\/18947950Master-300x200.jpg 300w, https:\/\/eleves.escl.fr\/wp2\/hikking\/wp-content\/uploads\/sites\/3\/2025\/05\/18947950Master-768x513.jpg 768w\" sizes=\"auto, (max-width: 898px) 100vw, 898px\" \/><\/figure>\n<\/div>\n\n\n\n<div class=\"wp-block-column is-layout-flow wp-container-core-column-is-layout-e3d1c41b wp-block-column-is-layout-flow\">\n<h3 class=\"wp-block-heading has-text-align-left is-style-asterisk has-body-font-family has-medium-font-size\" style=\"font-style:normal;font-weight:600\"><a href=\"https:\/\/www.visorando.com\/randonnee-sentier-du-baous-del-biel\" data-type=\"link\" data-id=\"https:\/\/www.visorando.com\/randonnee-sentier-du-baous-del-biel\">Sentier du Baus del Biel<\/a><\/h3>\n\n\n\n<p><\/p>\n\n\n\n<figure class=\"wp-block-image size-large is-resized has-custom-border\"><img loading=\"lazy\" decoding=\"async\" width=\"1024\" height=\"1024\" src=\"https:\/\/eleves.escl.fr\/wp2\/hikking\/wp-content\/uploads\/sites\/3\/2025\/05\/les-gorges-du-tarn-visorando-530017-1024x1024.jpg\" alt=\"\" class=\"wp-image-258\" style=\"border-radius:10px;object-fit:cover;width:230px;height:230px\" srcset=\"https:\/\/eleves.escl.fr\/wp2\/hikking\/wp-content\/uploads\/sites\/3\/2025\/05\/les-gorges-du-tarn-visorando-530017-1024x1024.jpg 1024w, https:\/\/eleves.escl.fr\/wp2\/hikking\/wp-content\/uploads\/sites\/3\/2025\/05\/les-gorges-du-tarn-visorando-530017-300x300.jpg 300w, https:\/\/eleves.escl.fr\/wp2\/hikking\/wp-content\/uploads\/sites\/3\/2025\/05\/les-gorges-du-tarn-visorando-530017-150x150.jpg 150w, https:\/\/eleves.escl.fr\/wp2\/hikking\/wp-content\/uploads\/sites\/3\/2025\/05\/les-gorges-du-tarn-visorando-530017-768x768.jpg 768w, https:\/\/eleves.escl.fr\/wp2\/hikking\/wp-content\/uploads\/sites\/3\/2025\/05\/les-gorges-du-tarn-visorando-530017-1536x1536.jpg 1536w, https:\/\/eleves.escl.fr\/wp2\/hikking\/wp-content\/uploads\/sites\/3\/2025\/05\/les-gorges-du-tarn-visorando-530017.jpg 1600w\" sizes=\"auto, (max-width: 1024px) 100vw, 1024px\" \/><\/figure>\n<\/div>\n\n\n\n<div class=\"wp-block-column is-layout-flow wp-container-core-column-is-layout-e3d1c41b wp-block-column-is-layout-flow\">\n<h3 class=\"wp-block-heading has-text-align-left is-style-asterisk has-body-font-family has-medium-font-size\" style=\"font-style:normal;font-weight:600\"><a href=\"https:\/\/www.visorando.com\/randonnee-entre-tarn-et-jonte\" data-type=\"link\" data-id=\"https:\/\/www.visorando.com\/randonnee-entre-tarn-et-jonte\">Entre Tarn et Jonte<\/a><\/h3>\n\n\n\n<p><\/p>\n\n\n\n<figure class=\"wp-block-image size-full is-resized has-custom-border\"><img loading=\"lazy\" decoding=\"async\" width=\"1000\" height=\"667\" src=\"https:\/\/eleves.escl.fr\/wp2\/hikking\/wp-content\/uploads\/sites\/3\/2025\/05\/sentiers-des-gorges-du-tarn.jpg\" alt=\"\" class=\"wp-image-260\" style=\"border-radius:10px;object-fit:cover;width:230px;height:230px\" srcset=\"https:\/\/eleves.escl.fr\/wp2\/hikking\/wp-content\/uploads\/sites\/3\/2025\/05\/sentiers-des-gorges-du-tarn.jpg 1000w, https:\/\/eleves.escl.fr\/wp2\/hikking\/wp-content\/uploads\/sites\/3\/2025\/05\/sentiers-des-gorges-du-tarn-300x200.jpg 300w, https:\/\/eleves.escl.fr\/wp2\/hikking\/wp-content\/uploads\/sites\/3\/2025\/05\/sentiers-des-gorges-du-tarn-768x512.jpg 768w\" sizes=\"auto, (max-width: 1000px) 100vw, 1000px\" \/><\/figure>\n<\/div>\n<\/div>\n<\/div>\n\n\n\n<div class=\"wp-block-group alignfull has-global-padding is-layout-constrained wp-container-core-group-is-layout-d89aad35 wp-block-group-is-layout-constrained\" style=\"margin-top:0;margin-bottom:0;padding-top:var(--wp--preset--spacing--50);padding-right:var(--wp--preset--spacing--50);padding-bottom:var(--wp--preset--spacing--50);padding-left:var(--wp--preset--spacing--50)\">\n<div class=\"wp-block-group alignwide has-global-padding is-layout-constrained wp-container-core-group-is-layout-19e250f3 wp-block-group-is-layout-constrained\">\n<div class=\"wp-block-group is-vertical is-content-justification-center is-layout-flex wp-container-core-group-is-layout-6329a8f3 wp-block-group-is-layout-flex\">\n<h2 class=\"wp-block-heading has-text-align-center is-style-asterisk\">Un tableau de ressources<\/h2>\n\n\n\n<p class=\"has-text-align-center\">Nos sentier les plus aim\u00e9s<\/p>\n<\/div>\n\n\n\n<div style=\"height:var(--wp--preset--spacing--40)\" aria-hidden=\"true\" class=\"wp-block-spacer\"><\/div>\n\n\n\n<div class=\"wp-block-columns alignwide is-layout-flex wp-container-core-columns-is-layout-d1c656ed wp-block-columns-is-layout-flex\">\n<div class=\"wp-block-column is-vertically-aligned-center is-layout-flow wp-block-column-is-layout-flow\" style=\"flex-basis:40%\">\n<h3 class=\"wp-block-heading is-style-asterisk\">Le Mont Loz\u00e8re depuis Finiels<\/h3>\n\n\n\n<ul style=\"line-height:1.75\" class=\"wp-block-list is-style-checkmark-list\">\n<li><strong>Distance&nbsp;:<\/strong> 15,07&nbsp;km<\/li>\n\n\n\n<li><strong>Dur\u00e9e moyenne&nbsp;:<\/strong> 6h\u200905<\/li>\n\n\n\n<li><strong>Difficult\u00e9&nbsp;:<\/strong> Moyenne<\/li>\n<\/ul>\n<\/div>\n\n\n\n<div class=\"wp-block-column is-layout-flow wp-block-column-is-layout-flow\" style=\"flex-basis:50%\">\n<figure class=\"wp-block-image size-full has-custom-border is-style-rounded\"><img loading=\"lazy\" decoding=\"async\" width=\"560\" height=\"396\" src=\"https:\/\/eleves.escl.fr\/wp2\/hikking\/wp-content\/uploads\/sites\/3\/2025\/05\/m-decor-typique-du-mont-lozere-visorando-95901.jpg\" alt=\"\" class=\"wp-image-208\" style=\"border-radius:42px\" srcset=\"https:\/\/eleves.escl.fr\/wp2\/hikking\/wp-content\/uploads\/sites\/3\/2025\/05\/m-decor-typique-du-mont-lozere-visorando-95901.jpg 560w, https:\/\/eleves.escl.fr\/wp2\/hikking\/wp-content\/uploads\/sites\/3\/2025\/05\/m-decor-typique-du-mont-lozere-visorando-95901-300x212.jpg 300w\" sizes=\"auto, (max-width: 560px) 100vw, 560px\" \/><\/figure>\n<\/div>\n<\/div>\n\n\n\n<div style=\"height:var(--wp--preset--spacing--40)\" aria-hidden=\"true\" class=\"wp-block-spacer\"><\/div>\n\n\n\n<div class=\"wp-block-columns alignwide is-layout-flex wp-container-core-columns-is-layout-d1c656ed wp-block-columns-is-layout-flex\">\n<div class=\"wp-block-column is-layout-flow wp-block-column-is-layout-flow\" style=\"flex-basis:50%\">\n<figure class=\"wp-block-image size-full has-custom-border is-style-rounded\"><img loading=\"lazy\" decoding=\"async\" width=\"630\" height=\"420\" src=\"https:\/\/eleves.escl.fr\/wp2\/hikking\/wp-content\/uploads\/sites\/3\/2025\/05\/h4.jpg\" alt=\"\" class=\"wp-image-209\" style=\"border-radius:42px\" srcset=\"https:\/\/eleves.escl.fr\/wp2\/hikking\/wp-content\/uploads\/sites\/3\/2025\/05\/h4.jpg 630w, https:\/\/eleves.escl.fr\/wp2\/hikking\/wp-content\/uploads\/sites\/3\/2025\/05\/h4-300x200.jpg 300w\" sizes=\"auto, (max-width: 630px) 100vw, 630px\" \/><\/figure>\n<\/div>\n\n\n\n<div class=\"wp-block-column is-vertically-aligned-center is-layout-flow wp-block-column-is-layout-flow\" style=\"flex-basis:40%\">\n<h3 class=\"wp-block-heading is-style-asterisk\">Trois hameaux sur le Causse M\u00e9jean<\/h3>\n\n\n\n<ul style=\"line-height:1.75\" class=\"wp-block-list is-style-checkmark-list\">\n<li><strong>Distance&nbsp;:<\/strong> 9,52&nbsp;km<\/li>\n\n\n\n<li><strong>Dur\u00e9e moyenne&nbsp;:<\/strong> 3h\u200920<\/li>\n\n\n\n<li><strong>Difficult\u00e9&nbsp;:<\/strong> Facile<\/li>\n<\/ul>\n<\/div>\n<\/div>\n<\/div>\n<\/div>\n","protected":false},"excerpt":{"rendered":"<p>Quelques sentiers de randonn\u00e9es Les corniches du M\u00e9jean A la rencontre des veautours Tour du Lac de Villefort Puech del Pont et Cascade du D\u00e9roc Sentier du Baus del Biel Entre Tarn et Jonte Un tableau de ressources Nos sentier les plus aim\u00e9s Le Mont Loz\u00e8re depuis Finiels Trois hameaux sur le Causse M\u00e9jean<\/p>\n","protected":false},"author":11,"featured_media":0,"parent":184,"menu_order":0,"comment_status":"closed","ping_status":"closed","template":"","meta":{"footnotes":""},"class_list":["post-31","page","type-page","status-publish","hentry"],"_links":{"self":[{"href":"https:\/\/eleves.escl.fr\/wp2\/hikking\/wp-json\/wp\/v2\/pages\/31","targetHints":{"allow":["GET"]}}],"collection":[{"href":"https:\/\/eleves.escl.fr\/wp2\/hikking\/wp-json\/wp\/v2\/pages"}],"about":[{"href":"https:\/\/eleves.escl.fr\/wp2\/hikking\/wp-json\/wp\/v2\/types\/page"}],"author":[{"embeddable":true,"href":"https:\/\/eleves.escl.fr\/wp2\/hikking\/wp-json\/wp\/v2\/users\/11"}],"replies":[{"embeddable":true,"href":"https:\/\/eleves.escl.fr\/wp2\/hikking\/wp-json\/wp\/v2\/comments?post=31"}],"version-history":[{"count":30,"href":"https:\/\/eleves.escl.fr\/wp2\/hikking\/wp-json\/wp\/v2\/pages\/31\/revisions"}],"predecessor-version":[{"id":268,"href":"https:\/\/eleves.escl.fr\/wp2\/hikking\/wp-json\/wp\/v2\/pages\/31\/revisions\/268"}],"up":[{"embeddable":true,"href":"https:\/\/eleves.escl.fr\/wp2\/hikking\/wp-json\/wp\/v2\/pages\/184"}],"wp:attachment":[{"href":"https:\/\/eleves.escl.fr\/wp2\/hikking\/wp-json\/wp\/v2\/media?parent=31"}],"curies":[{"name":"wp","href":"https:\/\/api.w.org\/{rel}","templated":true}]}}