{"id":55,"date":"2025-01-21T14:05:31","date_gmt":"2025-01-21T13:05:31","guid":{"rendered":"https:\/\/eleves.escl.fr\/wp2\/hikking\/?page_id=55"},"modified":"2025-05-24T10:20:27","modified_gmt":"2025-05-24T08:20:27","slug":"conseil","status":"publish","type":"page","link":"https:\/\/eleves.escl.fr\/wp2\/hikking\/acceuil\/conseil\/","title":{"rendered":"Conseil"},"content":{"rendered":"\n<div class=\"wp-block-group alignfull has-global-padding is-layout-constrained wp-container-core-group-is-layout-490fa1db wp-block-group-is-layout-constrained\" style=\"padding-top:var(--wp--preset--spacing--50);padding-right:var(--wp--preset--spacing--50);padding-bottom:var(--wp--preset--spacing--50);padding-left:var(--wp--preset--spacing--50)\">\n<div class=\"wp-block-group has-global-padding is-layout-constrained wp-container-core-group-is-layout-650790e1 wp-block-group-is-layout-constrained\">\n<h1 class=\"wp-block-heading has-text-align-center has-xx-large-font-size\">Quelques conseils pour pr\u00e9parer une randonn\u00e9e<\/h1>\n\n\n\n<div style=\"height:1.25rem\" aria-hidden=\"true\" class=\"wp-block-spacer\"><\/div>\n\n\n\n<p class=\"has-text-align-center has-large-font-size\">1- Avant la randonn\u00e9e<\/p>\n\n\n\n<p class=\"has-text-align-center has-large-font-size\">2- pendant la randonn\u00e9e<\/p>\n\n\n\n<p class=\"has-text-align-center has-large-font-size\">3- apr\u00e8s la randonn\u00e9e<\/p>\n\n\n\n<div style=\"height:1.25rem\" aria-hidden=\"true\" class=\"wp-block-spacer\"><\/div>\n<\/div>\n<\/div>\n\n\n\n<div class=\"wp-block-group alignfull has-contrast-color has-base-2-background-color has-text-color has-background has-link-color wp-elements-890ff9819c24a00a8ce0259cac973bf4 has-global-padding is-layout-constrained wp-container-core-group-is-layout-669513ed wp-block-group-is-layout-constrained\" style=\"margin-top:0;margin-bottom:0;padding-top:var(--wp--preset--spacing--50);padding-right:var(--wp--preset--spacing--50);padding-bottom:var(--wp--preset--spacing--50);padding-left:var(--wp--preset--spacing--50)\">\n<div class=\"wp-block-group is-vertical is-content-justification-center is-layout-flex wp-container-core-group-is-layout-52b864f0 wp-block-group-is-layout-flex\">\n<h2 class=\"wp-block-heading has-text-align-center is-style-asterisk has-contrast-color has-text-color has-link-color wp-elements-efe0dbb4655c6b2a9d3d5741ca6ae7ee\">1 &#8211; Avant une randonn\u00e9e<\/h2>\n\n\n\n<div style=\"height:0px\" aria-hidden=\"true\" class=\"wp-block-spacer wp-container-content-4f2ccadb\"><\/div>\n\n\n\n<p class=\"has-text-align-center\"><\/p>\n<\/div>\n\n\n\n<div style=\"margin-top:0;margin-bottom:0;height:var(--wp--preset--spacing--40)\" aria-hidden=\"true\" class=\"wp-block-spacer\"><\/div>\n\n\n\n<div class=\"wp-block-columns alignwide is-layout-flex wp-container-core-columns-is-layout-d0bbbce0 wp-block-columns-is-layout-flex\">\n<div class=\"wp-block-column is-layout-flow wp-container-core-column-is-layout-e3d1c41b wp-block-column-is-layout-flow\">\n<h3 class=\"wp-block-heading has-text-align-left is-style-asterisk has-contrast-color has-text-color has-link-color has-body-font-family has-medium-font-size wp-elements-f481ddbe0c1a453a264bc118d96c5513\" style=\"font-style:normal;font-weight:600\">Avoir le bon \u00e9quipement<\/h3>\n\n\n\n<figure class=\"wp-block-image size-full is-resized has-custom-border\"><img loading=\"lazy\" decoding=\"async\" width=\"700\" height=\"800\" src=\"https:\/\/eleves.escl.fr\/wp2\/hikking\/wp-content\/uploads\/sites\/3\/2025\/05\/baton-de-randonnee-antichoc-andador.jpg\" alt=\"\" class=\"wp-image-270\" style=\"border-radius:10px;object-fit:cover;width:200px;height:200px\" srcset=\"https:\/\/eleves.escl.fr\/wp2\/hikking\/wp-content\/uploads\/sites\/3\/2025\/05\/baton-de-randonnee-antichoc-andador.jpg 700w, https:\/\/eleves.escl.fr\/wp2\/hikking\/wp-content\/uploads\/sites\/3\/2025\/05\/baton-de-randonnee-antichoc-andador-263x300.jpg 263w\" sizes=\"auto, (max-width: 700px) 100vw, 700px\" \/><\/figure>\n<\/div>\n\n\n\n<div class=\"wp-block-column is-layout-flow wp-container-core-column-is-layout-e3d1c41b wp-block-column-is-layout-flow\">\n<h3 class=\"wp-block-heading has-text-align-left is-style-asterisk has-contrast-color has-text-color has-link-color has-body-font-family has-medium-font-size wp-elements-40f4cbba6471442631a4b4e681f33629\" style=\"font-style:normal;font-weight:600\">Connaitre le balisage des sentiers<\/h3>\n\n\n\n<figure class=\"wp-block-image size-large is-resized has-custom-border\"><img loading=\"lazy\" decoding=\"async\" width=\"1024\" height=\"457\" src=\"https:\/\/eleves.escl.fr\/wp2\/hikking\/wp-content\/uploads\/sites\/3\/2025\/05\/conseil-balisage-randonnee-entete-1024x457.jpg\" alt=\"\" class=\"wp-image-272\" style=\"border-radius:10px;object-fit:cover;width:200px;height:200px\" srcset=\"https:\/\/eleves.escl.fr\/wp2\/hikking\/wp-content\/uploads\/sites\/3\/2025\/05\/conseil-balisage-randonnee-entete-1024x457.jpg 1024w, https:\/\/eleves.escl.fr\/wp2\/hikking\/wp-content\/uploads\/sites\/3\/2025\/05\/conseil-balisage-randonnee-entete-300x134.jpg 300w, https:\/\/eleves.escl.fr\/wp2\/hikking\/wp-content\/uploads\/sites\/3\/2025\/05\/conseil-balisage-randonnee-entete-768x343.jpg 768w, https:\/\/eleves.escl.fr\/wp2\/hikking\/wp-content\/uploads\/sites\/3\/2025\/05\/conseil-balisage-randonnee-entete.jpg 1500w\" sizes=\"auto, (max-width: 1024px) 100vw, 1024px\" \/><\/figure>\n<\/div>\n\n\n\n<div class=\"wp-block-column is-layout-flow wp-container-core-column-is-layout-e3d1c41b wp-block-column-is-layout-flow\">\n<h3 class=\"wp-block-heading has-text-align-left is-style-asterisk has-contrast-color has-text-color has-link-color has-body-font-family has-medium-font-size wp-elements-d9567d7c5773711fcf0b589f6fc7474a\" style=\"font-style:normal;font-weight:600\">Savoir se mettre en s\u00e9curit\u00e9<\/h3>\n\n\n\n<figure class=\"wp-block-image size-large is-resized has-custom-border\"><img loading=\"lazy\" decoding=\"async\" width=\"1024\" height=\"555\" src=\"https:\/\/eleves.escl.fr\/wp2\/hikking\/wp-content\/uploads\/sites\/3\/2025\/05\/article_564_checklist_trousse_de_premiers_secours_e46507d0f7-1024x555.jpg\" alt=\"\" class=\"wp-image-273\" style=\"border-radius:10px;object-fit:cover;width:200px;height:200px\" srcset=\"https:\/\/eleves.escl.fr\/wp2\/hikking\/wp-content\/uploads\/sites\/3\/2025\/05\/article_564_checklist_trousse_de_premiers_secours_e46507d0f7-1024x555.jpg 1024w, https:\/\/eleves.escl.fr\/wp2\/hikking\/wp-content\/uploads\/sites\/3\/2025\/05\/article_564_checklist_trousse_de_premiers_secours_e46507d0f7-300x163.jpg 300w, https:\/\/eleves.escl.fr\/wp2\/hikking\/wp-content\/uploads\/sites\/3\/2025\/05\/article_564_checklist_trousse_de_premiers_secours_e46507d0f7-768x416.jpg 768w, https:\/\/eleves.escl.fr\/wp2\/hikking\/wp-content\/uploads\/sites\/3\/2025\/05\/article_564_checklist_trousse_de_premiers_secours_e46507d0f7.jpg 1200w\" sizes=\"auto, (max-width: 1024px) 100vw, 1024px\" \/><\/figure>\n<\/div>\n<\/div>\n\n\n\n<div style=\"height:var(--wp--preset--spacing--20)\" aria-hidden=\"true\" class=\"wp-block-spacer\"><\/div>\n\n\n\n<div class=\"wp-block-columns alignwide is-layout-flex wp-container-core-columns-is-layout-d0bbbce0 wp-block-columns-is-layout-flex\">\n<div class=\"wp-block-column is-layout-flow wp-container-core-column-is-layout-e3d1c41b wp-block-column-is-layout-flow\">\n<h3 class=\"wp-block-heading has-text-align-left is-style-asterisk has-contrast-color has-text-color has-link-color has-body-font-family has-medium-font-size wp-elements-027737b5532036b4c3d9dd0570dd9c0e\" style=\"font-style:normal;font-weight:600\">Penser a bien s&rsquo;alimenter<\/h3>\n\n\n\n<figure class=\"wp-block-image size-large is-resized has-custom-border\"><img loading=\"lazy\" decoding=\"async\" width=\"1024\" height=\"683\" src=\"https:\/\/eleves.escl.fr\/wp2\/hikking\/wp-content\/uploads\/sites\/3\/2025\/05\/que-manger-en-randonnee-sans-rechaud-2876-1024x683.webp\" alt=\"\" class=\"wp-image-274\" style=\"border-radius:10px;object-fit:cover;width:200px;height:200px\" srcset=\"https:\/\/eleves.escl.fr\/wp2\/hikking\/wp-content\/uploads\/sites\/3\/2025\/05\/que-manger-en-randonnee-sans-rechaud-2876-1024x683.webp 1024w, https:\/\/eleves.escl.fr\/wp2\/hikking\/wp-content\/uploads\/sites\/3\/2025\/05\/que-manger-en-randonnee-sans-rechaud-2876-300x200.webp 300w, https:\/\/eleves.escl.fr\/wp2\/hikking\/wp-content\/uploads\/sites\/3\/2025\/05\/que-manger-en-randonnee-sans-rechaud-2876-768x512.webp 768w, https:\/\/eleves.escl.fr\/wp2\/hikking\/wp-content\/uploads\/sites\/3\/2025\/05\/que-manger-en-randonnee-sans-rechaud-2876.webp 1500w\" sizes=\"auto, (max-width: 1024px) 100vw, 1024px\" \/><\/figure>\n<\/div>\n\n\n\n<div class=\"wp-block-column is-layout-flow wp-container-core-column-is-layout-e3d1c41b wp-block-column-is-layout-flow\">\n<h3 class=\"wp-block-heading has-text-align-left is-style-asterisk has-contrast-color has-text-color has-link-color has-body-font-family has-medium-font-size wp-elements-d66e09ebe3a97510946867259dc6c60b\" style=\"font-style:normal;font-weight:600\">Penser a bien s&rsquo;hydrater<\/h3>\n\n\n\n<figure class=\"wp-block-image size-full is-resized has-custom-border\"><img loading=\"lazy\" decoding=\"async\" width=\"932\" height=\"582\" src=\"https:\/\/eleves.escl.fr\/wp2\/hikking\/wp-content\/uploads\/sites\/3\/2025\/05\/TFNU2PVOYFANJKTCRAD2GD6GVU.webp\" alt=\"\" class=\"wp-image-276\" style=\"border-radius:10px;object-fit:cover;width:200px;height:200px\" srcset=\"https:\/\/eleves.escl.fr\/wp2\/hikking\/wp-content\/uploads\/sites\/3\/2025\/05\/TFNU2PVOYFANJKTCRAD2GD6GVU.webp 932w, https:\/\/eleves.escl.fr\/wp2\/hikking\/wp-content\/uploads\/sites\/3\/2025\/05\/TFNU2PVOYFANJKTCRAD2GD6GVU-300x187.webp 300w, https:\/\/eleves.escl.fr\/wp2\/hikking\/wp-content\/uploads\/sites\/3\/2025\/05\/TFNU2PVOYFANJKTCRAD2GD6GVU-768x480.webp 768w\" sizes=\"auto, (max-width: 932px) 100vw, 932px\" \/><\/figure>\n<\/div>\n\n\n\n<div class=\"wp-block-column is-layout-flow wp-container-core-column-is-layout-e3d1c41b wp-block-column-is-layout-flow\">\n<h3 class=\"wp-block-heading has-text-align-left is-style-asterisk has-contrast-color has-text-color has-link-color has-body-font-family has-medium-font-size wp-elements-5ed6ec1e31db54332456cd01c3408bb0\" style=\"font-style:normal;font-weight:600\">Emmener les soins n\u00e9cessaire<\/h3>\n\n\n\n<figure class=\"wp-block-image size-full is-resized has-custom-border\"><img loading=\"lazy\" decoding=\"async\" width=\"982\" height=\"1000\" src=\"https:\/\/eleves.escl.fr\/wp2\/hikking\/wp-content\/uploads\/sites\/3\/2025\/05\/71vixpJcW1L._AC_UF10001000_QL80_.jpg\" alt=\"\" class=\"wp-image-277\" style=\"border-radius:10px;object-fit:cover;width:200px;height:200px\" srcset=\"https:\/\/eleves.escl.fr\/wp2\/hikking\/wp-content\/uploads\/sites\/3\/2025\/05\/71vixpJcW1L._AC_UF10001000_QL80_.jpg 982w, https:\/\/eleves.escl.fr\/wp2\/hikking\/wp-content\/uploads\/sites\/3\/2025\/05\/71vixpJcW1L._AC_UF10001000_QL80_-295x300.jpg 295w, https:\/\/eleves.escl.fr\/wp2\/hikking\/wp-content\/uploads\/sites\/3\/2025\/05\/71vixpJcW1L._AC_UF10001000_QL80_-768x782.jpg 768w\" sizes=\"auto, (max-width: 982px) 100vw, 982px\" \/><\/figure>\n<\/div>\n<\/div>\n<\/div>\n\n\n\n<div class=\"wp-block-group alignfull has-global-padding is-layout-constrained wp-container-core-group-is-layout-d89aad35 wp-block-group-is-layout-constrained\" style=\"margin-top:0;margin-bottom:0;padding-top:var(--wp--preset--spacing--50);padding-right:var(--wp--preset--spacing--50);padding-bottom:var(--wp--preset--spacing--50);padding-left:var(--wp--preset--spacing--50)\">\n<div class=\"wp-block-group alignwide has-global-padding is-layout-constrained wp-container-core-group-is-layout-19e250f3 wp-block-group-is-layout-constrained\">\n<div class=\"wp-block-group is-vertical is-content-justification-center is-layout-flex wp-container-core-group-is-layout-6329a8f3 wp-block-group-is-layout-flex\">\n<h2 class=\"wp-block-heading has-text-align-center is-style-asterisk\">2 &#8211; Pendant une randonn\u00e9e<\/h2>\n<\/div>\n\n\n\n<div style=\"height:var(--wp--preset--spacing--40)\" aria-hidden=\"true\" class=\"wp-block-spacer\"><\/div>\n\n\n\n<div class=\"wp-block-columns alignwide is-layout-flex wp-container-core-columns-is-layout-d1c656ed wp-block-columns-is-layout-flex\">\n<div class=\"wp-block-column is-vertically-aligned-center is-layout-flow wp-block-column-is-layout-flow\" style=\"flex-basis:40%\">\n<h3 class=\"wp-block-heading is-style-asterisk\">Savoir se renseigner<\/h3>\n\n\n\n<ul style=\"line-height:1.75\" class=\"wp-block-list is-style-checkmark-list\">\n<li>Se renseigner r\u00e9guli\u00e8rement sur la m\u00e9t\u00e9o<\/li>\n\n\n\n<li>Concentrez vous sur le chemin<\/li>\n\n\n\n<li>D\u00e9terminez votre position a chaque pose <\/li>\n<\/ul>\n<\/div>\n\n\n\n<div class=\"wp-block-column is-layout-flow wp-block-column-is-layout-flow\" style=\"flex-basis:50%\">\n<figure class=\"wp-block-image size-full has-custom-border is-style-rounded\"><img loading=\"lazy\" decoding=\"async\" width=\"635\" height=\"366\" src=\"https:\/\/eleves.escl.fr\/wp2\/hikking\/wp-content\/uploads\/sites\/3\/2025\/03\/MaterielRandonnee-AdobeStock_141622943.jpg\" alt=\"\" class=\"wp-image-110\" style=\"border-radius:42px\" srcset=\"https:\/\/eleves.escl.fr\/wp2\/hikking\/wp-content\/uploads\/sites\/3\/2025\/03\/MaterielRandonnee-AdobeStock_141622943.jpg 635w, https:\/\/eleves.escl.fr\/wp2\/hikking\/wp-content\/uploads\/sites\/3\/2025\/03\/MaterielRandonnee-AdobeStock_141622943-300x173.jpg 300w\" sizes=\"auto, (max-width: 635px) 100vw, 635px\" \/><\/figure>\n<\/div>\n<\/div>\n\n\n\n<div style=\"height:var(--wp--preset--spacing--40)\" aria-hidden=\"true\" class=\"wp-block-spacer\"><\/div>\n\n\n\n<div class=\"wp-block-columns alignwide is-layout-flex wp-container-core-columns-is-layout-d1c656ed wp-block-columns-is-layout-flex\">\n<div class=\"wp-block-column is-layout-flow wp-block-column-is-layout-flow\" style=\"flex-basis:50%\">\n<figure class=\"wp-block-image size-full has-custom-border is-style-rounded\"><img loading=\"lazy\" decoding=\"async\" width=\"720\" height=\"380\" src=\"https:\/\/eleves.escl.fr\/wp2\/hikking\/wp-content\/uploads\/sites\/3\/2025\/03\/baton-nordique.jpg\" alt=\"\" class=\"wp-image-112\" style=\"border-radius:42px\" srcset=\"https:\/\/eleves.escl.fr\/wp2\/hikking\/wp-content\/uploads\/sites\/3\/2025\/03\/baton-nordique.jpg 720w, https:\/\/eleves.escl.fr\/wp2\/hikking\/wp-content\/uploads\/sites\/3\/2025\/03\/baton-nordique-300x158.jpg 300w\" sizes=\"auto, (max-width: 720px) 100vw, 720px\" \/><\/figure>\n<\/div>\n\n\n\n<div class=\"wp-block-column is-vertically-aligned-center is-layout-flow wp-block-column-is-layout-flow\" style=\"flex-basis:40%\">\n<h3 class=\"wp-block-heading is-style-asterisk\">Conna\u00eetre ses limites<\/h3>\n\n\n\n<ul style=\"line-height:1.75\" class=\"wp-block-list is-style-checkmark-list\">\n<li>Pensez a faire des poses<\/li>\n\n\n\n<li>Mangez r\u00e9guli\u00e8rement <\/li>\n\n\n\n<li>Marchez a une allure mod\u00e9r\u00e9<\/li>\n<\/ul>\n<\/div>\n<\/div>\n<\/div>\n<\/div>\n\n\n\n<div class=\"wp-block-group alignfull has-contrast-color has-base-2-background-color has-text-color has-background has-link-color wp-elements-4f9ad0489e0be772dd2bf5693e365e9d has-global-padding is-layout-constrained wp-container-core-group-is-layout-669513ed wp-block-group-is-layout-constrained\" style=\"margin-top:0;margin-bottom:0;padding-top:var(--wp--preset--spacing--50);padding-right:var(--wp--preset--spacing--50);padding-bottom:var(--wp--preset--spacing--50);padding-left:var(--wp--preset--spacing--50)\">\n<div class=\"wp-block-group is-vertical is-content-justification-center is-layout-flex wp-container-core-group-is-layout-52b864f0 wp-block-group-is-layout-flex\">\n<h2 class=\"wp-block-heading has-text-align-center is-style-asterisk has-contrast-color has-text-color has-link-color wp-elements-9c07553c9a58f3695f072d39065014e3\">3 &#8211; Apr\u00e8s la randonn\u00e9e<\/h2>\n\n\n\n<div style=\"height:0px\" aria-hidden=\"true\" class=\"wp-block-spacer wp-container-content-4f2ccadb\"><\/div>\n\n\n\n<p class=\"has-text-align-center\"><\/p>\n<\/div>\n\n\n\n<div style=\"margin-top:0;margin-bottom:0;height:var(--wp--preset--spacing--40)\" aria-hidden=\"true\" class=\"wp-block-spacer\"><\/div>\n\n\n\n<div class=\"wp-block-columns alignwide is-layout-flex wp-container-core-columns-is-layout-d0bbbce0 wp-block-columns-is-layout-flex\">\n<div class=\"wp-block-column is-layout-flow wp-container-core-column-is-layout-e3d1c41b wp-block-column-is-layout-flow\">\n<h3 class=\"wp-block-heading has-text-align-left is-style-asterisk has-contrast-color has-text-color has-link-color has-body-font-family has-medium-font-size wp-elements-30241499dc6c6f4f887954386ec9d159\" style=\"font-style:normal;font-weight:600\">Bonne alimentation<\/h3>\n\n\n\n<figure class=\"wp-block-image size-large is-resized has-custom-border\"><img loading=\"lazy\" decoding=\"async\" width=\"1024\" height=\"683\" src=\"https:\/\/eleves.escl.fr\/wp2\/hikking\/wp-content\/uploads\/sites\/3\/2025\/05\/que-manger-en-randonnee-sans-rechaud-2876-1024x683.webp\" alt=\"\" class=\"wp-image-274\" style=\"border-radius:10px;object-fit:cover;width:200px;height:200px\" srcset=\"https:\/\/eleves.escl.fr\/wp2\/hikking\/wp-content\/uploads\/sites\/3\/2025\/05\/que-manger-en-randonnee-sans-rechaud-2876-1024x683.webp 1024w, https:\/\/eleves.escl.fr\/wp2\/hikking\/wp-content\/uploads\/sites\/3\/2025\/05\/que-manger-en-randonnee-sans-rechaud-2876-300x200.webp 300w, https:\/\/eleves.escl.fr\/wp2\/hikking\/wp-content\/uploads\/sites\/3\/2025\/05\/que-manger-en-randonnee-sans-rechaud-2876-768x512.webp 768w, https:\/\/eleves.escl.fr\/wp2\/hikking\/wp-content\/uploads\/sites\/3\/2025\/05\/que-manger-en-randonnee-sans-rechaud-2876.webp 1500w\" sizes=\"auto, (max-width: 1024px) 100vw, 1024px\" \/><\/figure>\n<\/div>\n\n\n\n<div class=\"wp-block-column is-layout-flow wp-container-core-column-is-layout-e3d1c41b wp-block-column-is-layout-flow\">\n<h3 class=\"wp-block-heading has-text-align-left is-style-asterisk has-contrast-color has-text-color has-link-color has-body-font-family has-medium-font-size wp-elements-8c775209068a6653de01f8a0339b5c6e\" style=\"font-style:normal;font-weight:600\">S&rsquo;\u00e9tirer<\/h3>\n\n\n\n<figure class=\"wp-block-image size-full is-resized has-custom-border\"><img loading=\"lazy\" decoding=\"async\" width=\"500\" height=\"640\" src=\"https:\/\/eleves.escl.fr\/wp2\/hikking\/wp-content\/uploads\/sites\/3\/2025\/05\/etirements-mi.jpg\" alt=\"\" class=\"wp-image-279\" style=\"border-radius:10px;object-fit:cover;width:200px;height:200px\" srcset=\"https:\/\/eleves.escl.fr\/wp2\/hikking\/wp-content\/uploads\/sites\/3\/2025\/05\/etirements-mi.jpg 500w, https:\/\/eleves.escl.fr\/wp2\/hikking\/wp-content\/uploads\/sites\/3\/2025\/05\/etirements-mi-234x300.jpg 234w\" sizes=\"auto, (max-width: 500px) 100vw, 500px\" \/><\/figure>\n<\/div>\n\n\n\n<div class=\"wp-block-column is-layout-flow wp-container-core-column-is-layout-e3d1c41b wp-block-column-is-layout-flow\">\n<h3 class=\"wp-block-heading has-text-align-left is-style-asterisk has-contrast-color has-text-color has-link-color has-body-font-family has-medium-font-size wp-elements-d538a98b2207c822e276ec9c8b4a6b56\" style=\"font-style:normal;font-weight:600\">Bien dormir<\/h3>\n\n\n\n<figure class=\"wp-block-image size-full is-resized has-custom-border\"><img loading=\"lazy\" decoding=\"async\" width=\"980\" height=\"980\" src=\"https:\/\/eleves.escl.fr\/wp2\/hikking\/wp-content\/uploads\/sites\/3\/2025\/05\/5567868-dormir-icone-isole-sur-fond-blanc-reve-illustrationle-lit-pictogramme-gratuit-vectoriel.jpg\" alt=\"\" class=\"wp-image-280\" style=\"border-radius:10px;object-fit:cover;width:200px;height:200px\" srcset=\"https:\/\/eleves.escl.fr\/wp2\/hikking\/wp-content\/uploads\/sites\/3\/2025\/05\/5567868-dormir-icone-isole-sur-fond-blanc-reve-illustrationle-lit-pictogramme-gratuit-vectoriel.jpg 980w, https:\/\/eleves.escl.fr\/wp2\/hikking\/wp-content\/uploads\/sites\/3\/2025\/05\/5567868-dormir-icone-isole-sur-fond-blanc-reve-illustrationle-lit-pictogramme-gratuit-vectoriel-300x300.jpg 300w, https:\/\/eleves.escl.fr\/wp2\/hikking\/wp-content\/uploads\/sites\/3\/2025\/05\/5567868-dormir-icone-isole-sur-fond-blanc-reve-illustrationle-lit-pictogramme-gratuit-vectoriel-150x150.jpg 150w, https:\/\/eleves.escl.fr\/wp2\/hikking\/wp-content\/uploads\/sites\/3\/2025\/05\/5567868-dormir-icone-isole-sur-fond-blanc-reve-illustrationle-lit-pictogramme-gratuit-vectoriel-768x768.jpg 768w\" sizes=\"auto, (max-width: 980px) 100vw, 980px\" \/><\/figure>\n<\/div>\n<\/div>\n\n\n\n<div style=\"height:var(--wp--preset--spacing--20)\" aria-hidden=\"true\" class=\"wp-block-spacer\"><\/div>\n\n\n\n<div class=\"wp-block-columns alignwide is-layout-flex wp-container-core-columns-is-layout-d0bbbce0 wp-block-columns-is-layout-flex\">\n<div class=\"wp-block-column is-layout-flow wp-container-core-column-is-layout-e3d1c41b wp-block-column-is-layout-flow\">\n<h3 class=\"wp-block-heading has-text-align-left is-style-asterisk has-contrast-color has-text-color has-link-color has-body-font-family has-medium-font-size wp-elements-93b2a138149ceaaabf02ed93107b916c\" style=\"font-style:normal;font-weight:600\">Bonne r\u00e9hydratation<\/h3>\n\n\n\n<figure class=\"wp-block-image size-full is-resized has-custom-border\"><img loading=\"lazy\" decoding=\"async\" width=\"932\" height=\"582\" src=\"https:\/\/eleves.escl.fr\/wp2\/hikking\/wp-content\/uploads\/sites\/3\/2025\/05\/TFNU2PVOYFANJKTCRAD2GD6GVU.webp\" alt=\"\" class=\"wp-image-276\" style=\"border-radius:10px;object-fit:cover;width:200px;height:200px\" srcset=\"https:\/\/eleves.escl.fr\/wp2\/hikking\/wp-content\/uploads\/sites\/3\/2025\/05\/TFNU2PVOYFANJKTCRAD2GD6GVU.webp 932w, https:\/\/eleves.escl.fr\/wp2\/hikking\/wp-content\/uploads\/sites\/3\/2025\/05\/TFNU2PVOYFANJKTCRAD2GD6GVU-300x187.webp 300w, https:\/\/eleves.escl.fr\/wp2\/hikking\/wp-content\/uploads\/sites\/3\/2025\/05\/TFNU2PVOYFANJKTCRAD2GD6GVU-768x480.webp 768w\" sizes=\"auto, (max-width: 932px) 100vw, 932px\" \/><\/figure>\n<\/div>\n\n\n\n<div class=\"wp-block-column is-layout-flow wp-container-core-column-is-layout-e3d1c41b wp-block-column-is-layout-flow\">\n<h3 class=\"wp-block-heading has-text-align-left is-style-asterisk has-contrast-color has-text-color has-link-color has-body-font-family has-medium-font-size wp-elements-a3090a02969b01b6be2b02b4e19a77cf\" style=\"font-style:normal;font-weight:600\">Se masser<\/h3>\n\n\n\n<figure class=\"wp-block-image size-large is-resized has-custom-border\"><img loading=\"lazy\" decoding=\"async\" width=\"1024\" height=\"683\" src=\"https:\/\/eleves.escl.fr\/wp2\/hikking\/wp-content\/uploads\/sites\/3\/2025\/05\/AdobeStock_478815822-1200x800-1-1024x683.jpg\" alt=\"\" class=\"wp-image-281\" style=\"border-radius:10px;object-fit:cover;width:200px;height:200px\" srcset=\"https:\/\/eleves.escl.fr\/wp2\/hikking\/wp-content\/uploads\/sites\/3\/2025\/05\/AdobeStock_478815822-1200x800-1-1024x683.jpg 1024w, https:\/\/eleves.escl.fr\/wp2\/hikking\/wp-content\/uploads\/sites\/3\/2025\/05\/AdobeStock_478815822-1200x800-1-300x200.jpg 300w, https:\/\/eleves.escl.fr\/wp2\/hikking\/wp-content\/uploads\/sites\/3\/2025\/05\/AdobeStock_478815822-1200x800-1-768x512.jpg 768w, https:\/\/eleves.escl.fr\/wp2\/hikking\/wp-content\/uploads\/sites\/3\/2025\/05\/AdobeStock_478815822-1200x800-1.jpg 1200w\" sizes=\"auto, (max-width: 1024px) 100vw, 1024px\" \/><\/figure>\n<\/div>\n\n\n\n<div class=\"wp-block-column is-layout-flow wp-container-core-column-is-layout-e3d1c41b wp-block-column-is-layout-flow\"><\/div>\n<\/div>\n<\/div>\n","protected":false},"excerpt":{"rendered":"<p>Quelques conseils pour pr\u00e9parer une randonn\u00e9e 1- Avant la randonn\u00e9e 2- pendant la randonn\u00e9e 3- apr\u00e8s la randonn\u00e9e 1 &#8211; Avant une randonn\u00e9e Avoir le bon \u00e9quipement Connaitre le balisage des sentiers Savoir se mettre en s\u00e9curit\u00e9 Penser a bien s&rsquo;alimenter Penser a bien s&rsquo;hydrater Emmener les soins n\u00e9cessaire 2 &#8211; Pendant une randonn\u00e9e Savoir [&hellip;]<\/p>\n","protected":false},"author":5,"featured_media":0,"parent":184,"menu_order":0,"comment_status":"closed","ping_status":"closed","template":"","meta":{"footnotes":""},"class_list":["post-55","page","type-page","status-publish","hentry"],"_links":{"self":[{"href":"https:\/\/eleves.escl.fr\/wp2\/hikking\/wp-json\/wp\/v2\/pages\/55","targetHints":{"allow":["GET"]}}],"collection":[{"href":"https:\/\/eleves.escl.fr\/wp2\/hikking\/wp-json\/wp\/v2\/pages"}],"about":[{"href":"https:\/\/eleves.escl.fr\/wp2\/hikking\/wp-json\/wp\/v2\/types\/page"}],"author":[{"embeddable":true,"href":"https:\/\/eleves.escl.fr\/wp2\/hikking\/wp-json\/wp\/v2\/users\/5"}],"replies":[{"embeddable":true,"href":"https:\/\/eleves.escl.fr\/wp2\/hikking\/wp-json\/wp\/v2\/comments?post=55"}],"version-history":[{"count":23,"href":"https:\/\/eleves.escl.fr\/wp2\/hikking\/wp-json\/wp\/v2\/pages\/55\/revisions"}],"predecessor-version":[{"id":282,"href":"https:\/\/eleves.escl.fr\/wp2\/hikking\/wp-json\/wp\/v2\/pages\/55\/revisions\/282"}],"up":[{"embeddable":true,"href":"https:\/\/eleves.escl.fr\/wp2\/hikking\/wp-json\/wp\/v2\/pages\/184"}],"wp:attachment":[{"href":"https:\/\/eleves.escl.fr\/wp2\/hikking\/wp-json\/wp\/v2\/media?parent=55"}],"curies":[{"name":"wp","href":"https:\/\/api.w.org\/{rel}","templated":true}]}}