{"id":175,"date":"2026-05-05T14:12:53","date_gmt":"2026-05-05T12:12:53","guid":{"rendered":"https:\/\/eleves.escl.fr\/wp2\/japanel\/?page_id=175"},"modified":"2026-05-05T15:05:50","modified_gmt":"2026-05-05T13:05:50","slug":"6-book-de-romane-cerny","status":"publish","type":"page","link":"https:\/\/eleves.escl.fr\/wp2\/japanel\/6-book-de-romane-cerny\/","title":{"rendered":"6-Book de Romane Cerny"},"content":{"rendered":"\n<div class=\"wp-block-group alignfull has-background is-layout-flow wp-block-group-is-layout-flow\" style=\"background-color:#f5eac1;padding-top:6vw;padding-right:6vw;padding-bottom:6vw;padding-left:6vw\">\n<div class=\"wp-block-group is-vertical is-nowrap is-layout-flex wp-container-core-group-is-layout-36fd9ea3 wp-block-group-is-layout-flex\" style=\"padding-right:0;padding-left:0\">\n<h6 class=\"wp-block-heading has-text-color\" id=\"ecosystem\" style=\"color:#000000;font-size:clamp(14px, 0.875rem + ((1vw - 3.2px) * 0.196), 16px);\">Artiste<\/h6>\n\n\n\n<p class=\"has-text-color\" style=\"color:#000000;font-size:6vw;font-style:normal;font-weight:700;letter-spacing:0px;line-height:0.9;text-decoration:none;text-transform:none\">Book.<\/p>\n\n\n\n<div style=\"height:0px\" aria-hidden=\"true\" class=\"wp-block-spacer wp-container-content-42577013\"><\/div>\n<\/div>\n\n\n\n<div class=\"wp-block-group alignwide is-vertical is-nowrap is-layout-flex wp-container-core-group-is-layout-7946b6b8 wp-block-group-is-layout-flex\" style=\"padding-top:0;padding-right:0;padding-bottom:0;padding-left:0\">\n<div class=\"wp-block-columns alignwide is-layout-flex wp-container-core-columns-is-layout-21b20327 wp-block-columns-is-layout-flex\">\n<div class=\"wp-block-column is-layout-flow wp-block-column-is-layout-flow\" style=\"flex-basis:33.38%\">\n<p class=\"has-text-color\" style=\"color:#000000;font-size:clamp(14px, 0.875rem + ((1vw - 3.2px) * 0.294), 17px);\">Actuellement en formation pour le bac technologique STD2A de 2027, j&rsquo;aimerai vous pr\u00e9senter mes travaux ainsi que mes motivations et comp\u00e9tences.<\/p>\n\n\n\n<p class=\"has-text-color\" style=\"color:#000000;font-size:clamp(14px, 0.875rem + ((1vw - 3.2px) * 0.294), 17px);\">Tout les travaux pr\u00e9sent\u00e9s sont r\u00e9alis\u00e9s uniquement par moi-m\u00eame, aussi bien en cours d&rsquo;art ou personnellement. <\/p>\n<\/div>\n\n\n\n<div class=\"wp-block-column is-layout-flow wp-block-column-is-layout-flow\" style=\"flex-basis:33%\">\n<div style=\"height:2vw\" aria-hidden=\"true\" class=\"wp-block-spacer\"><\/div>\n\n\n\n<figure class=\"wp-block-image size-large\"><img loading=\"lazy\" decoding=\"async\" width=\"768\" height=\"1024\" src=\"https:\/\/eleves.escl.fr\/wp2\/japanel\/wp-content\/uploads\/sites\/23\/2026\/05\/WhatsApp-Image-2026-04-12-at-12.46.06-768x1024.jpeg\" alt=\"\" class=\"wp-image-184\" srcset=\"https:\/\/eleves.escl.fr\/wp2\/japanel\/wp-content\/uploads\/sites\/23\/2026\/05\/WhatsApp-Image-2026-04-12-at-12.46.06-768x1024.jpeg 768w, https:\/\/eleves.escl.fr\/wp2\/japanel\/wp-content\/uploads\/sites\/23\/2026\/05\/WhatsApp-Image-2026-04-12-at-12.46.06-225x300.jpeg 225w, https:\/\/eleves.escl.fr\/wp2\/japanel\/wp-content\/uploads\/sites\/23\/2026\/05\/WhatsApp-Image-2026-04-12-at-12.46.06-1152x1536.jpeg 1152w, https:\/\/eleves.escl.fr\/wp2\/japanel\/wp-content\/uploads\/sites\/23\/2026\/05\/WhatsApp-Image-2026-04-12-at-12.46.06.jpeg 1536w\" sizes=\"auto, (max-width: 768px) 100vw, 768px\" \/><\/figure>\n<\/div>\n\n\n\n<div class=\"wp-block-column is-layout-flow wp-block-column-is-layout-flow\" style=\"flex-basis:33.62%\">\n<figure class=\"wp-block-image size-large\"><img loading=\"lazy\" decoding=\"async\" width=\"460\" height=\"1024\" src=\"https:\/\/eleves.escl.fr\/wp2\/japanel\/wp-content\/uploads\/sites\/23\/2026\/05\/WhatsApp-Image-2026-04-12-at-12.46.05-1-460x1024.jpeg\" alt=\"\" class=\"wp-image-186\" srcset=\"https:\/\/eleves.escl.fr\/wp2\/japanel\/wp-content\/uploads\/sites\/23\/2026\/05\/WhatsApp-Image-2026-04-12-at-12.46.05-1-460x1024.jpeg 460w, https:\/\/eleves.escl.fr\/wp2\/japanel\/wp-content\/uploads\/sites\/23\/2026\/05\/WhatsApp-Image-2026-04-12-at-12.46.05-1-135x300.jpeg 135w, https:\/\/eleves.escl.fr\/wp2\/japanel\/wp-content\/uploads\/sites\/23\/2026\/05\/WhatsApp-Image-2026-04-12-at-12.46.05-1-689x1536.jpeg 689w, https:\/\/eleves.escl.fr\/wp2\/japanel\/wp-content\/uploads\/sites\/23\/2026\/05\/WhatsApp-Image-2026-04-12-at-12.46.05-1.jpeg 718w\" sizes=\"auto, (max-width: 460px) 100vw, 460px\" \/><\/figure>\n<\/div>\n<\/div>\n\n\n\n<div class=\"wp-block-columns alignwide is-layout-flex wp-container-core-columns-is-layout-c24efe4f wp-block-columns-is-layout-flex\">\n<div class=\"wp-block-column is-layout-flow wp-block-column-is-layout-flow\" style=\"flex-basis:69%\">\n<figure class=\"wp-block-image size-large\"><img loading=\"lazy\" decoding=\"async\" width=\"768\" height=\"1024\" src=\"https:\/\/eleves.escl.fr\/wp2\/japanel\/wp-content\/uploads\/sites\/23\/2026\/05\/WhatsApp-Image-2026-04-12-at-12.46.06-1-768x1024.jpeg\" alt=\"\" class=\"wp-image-188\" srcset=\"https:\/\/eleves.escl.fr\/wp2\/japanel\/wp-content\/uploads\/sites\/23\/2026\/05\/WhatsApp-Image-2026-04-12-at-12.46.06-1-768x1024.jpeg 768w, https:\/\/eleves.escl.fr\/wp2\/japanel\/wp-content\/uploads\/sites\/23\/2026\/05\/WhatsApp-Image-2026-04-12-at-12.46.06-1-225x300.jpeg 225w, https:\/\/eleves.escl.fr\/wp2\/japanel\/wp-content\/uploads\/sites\/23\/2026\/05\/WhatsApp-Image-2026-04-12-at-12.46.06-1.jpeg 1080w\" sizes=\"auto, (max-width: 768px) 100vw, 768px\" \/><\/figure>\n<\/div>\n\n\n\n<div class=\"wp-block-column is-vertically-aligned-center is-layout-flow wp-block-column-is-layout-flow\" style=\"flex-basis:33%\">\n<div style=\"height:2vw\" aria-hidden=\"true\" class=\"wp-block-spacer\"><\/div>\n\n\n\n<p class=\"has-text-color\" style=\"color:#000000;font-size:clamp(14px, 0.875rem + ((1vw - 3.2px) * 0.294), 17px);\">Sans doute n\u2019avons-nous pas de questions \u00e0 poser qui soient sans r\u00e9ponse. Nous devons faire confiance \u00e0 la perfection de la cr\u00e9ation au point de croire que, quelle que soit la curiosit\u00e9 que l\u2019ordre des choses a \u00e9veill\u00e9e dans notre esprit, l\u2019ordre des choses peut la satisfaire. La condition de chaque homme est une solution en hi\u00e9roglyphes aux questions qu\u2019il poserait.<\/p>\n<\/div>\n<\/div>\n<\/div>\n<\/div>\n","protected":false},"excerpt":{"rendered":"<p>Artiste Book. Actuellement en formation pour le bac technologique STD2A de 2027, j&rsquo;aimerai vous pr\u00e9senter mes travaux ainsi que mes motivations et comp\u00e9tences. Tout les travaux pr\u00e9sent\u00e9s sont r\u00e9alis\u00e9s uniquement par moi-m\u00eame, aussi bien en cours d&rsquo;art ou personnellement. Sans doute n\u2019avons-nous pas de questions \u00e0 poser qui soient sans r\u00e9ponse. Nous devons faire confiance [&hellip;]<\/p>\n","protected":false},"author":30,"featured_media":0,"parent":0,"menu_order":0,"comment_status":"closed","ping_status":"closed","template":"","meta":{"footnotes":""},"class_list":["post-175","page","type-page","status-publish","hentry"],"_links":{"self":[{"href":"https:\/\/eleves.escl.fr\/wp2\/japanel\/wp-json\/wp\/v2\/pages\/175","targetHints":{"allow":["GET"]}}],"collection":[{"href":"https:\/\/eleves.escl.fr\/wp2\/japanel\/wp-json\/wp\/v2\/pages"}],"about":[{"href":"https:\/\/eleves.escl.fr\/wp2\/japanel\/wp-json\/wp\/v2\/types\/page"}],"author":[{"embeddable":true,"href":"https:\/\/eleves.escl.fr\/wp2\/japanel\/wp-json\/wp\/v2\/users\/30"}],"replies":[{"embeddable":true,"href":"https:\/\/eleves.escl.fr\/wp2\/japanel\/wp-json\/wp\/v2\/comments?post=175"}],"version-history":[{"count":4,"href":"https:\/\/eleves.escl.fr\/wp2\/japanel\/wp-json\/wp\/v2\/pages\/175\/revisions"}],"predecessor-version":[{"id":189,"href":"https:\/\/eleves.escl.fr\/wp2\/japanel\/wp-json\/wp\/v2\/pages\/175\/revisions\/189"}],"wp:attachment":[{"href":"https:\/\/eleves.escl.fr\/wp2\/japanel\/wp-json\/wp\/v2\/media?parent=175"}],"curies":[{"name":"wp","href":"https:\/\/api.w.org\/{rel}","templated":true}]}}