{"id":20,"date":"2026-02-03T14:50:29","date_gmt":"2026-02-03T13:50:29","guid":{"rendered":"https:\/\/eleves.escl.fr\/wp2\/japanel\/?page_id=20"},"modified":"2026-03-17T14:18:46","modified_gmt":"2026-03-17T13:18:46","slug":"trajet-avions","status":"publish","type":"page","link":"https:\/\/eleves.escl.fr\/wp2\/japanel\/trajet-avions\/","title":{"rendered":"2-Les trajets d&rsquo;avions."},"content":{"rendered":"\n<div class=\"wp-block-group alignfull is-style-section-4 has-global-padding is-layout-constrained wp-block-group-is-layout-constrained is-style-section-4--1\" style=\"margin-top:0;margin-bottom:0;padding-top:var(--wp--preset--spacing--50);padding-bottom:var(--wp--preset--spacing--50)\">\n<div class=\"wp-block-columns alignwide is-layout-flex wp-container-core-columns-is-layout-47c06fe3 wp-block-columns-is-layout-flex\">\n<div class=\"wp-block-column is-layout-flow wp-block-column-is-layout-flow\" style=\"flex-basis:56%\">\n<figure class=\"wp-block-image is-style-rounded\"><img decoding=\"async\" src=\"https:\/\/cdn.pixabay.com\/photo\/2016\/04\/30\/08\/35\/aircraft-1362586_1280.jpg\" alt=\"\" \/><\/figure>\n<\/div>\n\n\n\n<div class=\"wp-block-column is-vertically-aligned-center is-layout-flow wp-container-core-column-is-layout-119bc444 wp-block-column-is-layout-flow\">\n<p>Trouver un vol pour le japon peut \u00eatre compliqu\u00e9 et se r\u00e9v\u00e9ler cher pour notre porte feuille, cependant en cherchant bien on peut trouver des sites ou des vols pas chers comme par exemple ce site : <a href=\"https:\/\/www.omeilleursprix.com\/?aw_campaign_id=23308335043&amp;gad_source=1&amp;gad_campaignid=23308335043&amp;gbraid=0AAAAADoddlVcBcPHISKBuAhfdZn-KOEXS&amp;gclid=EAIaIQobChMIqe3Aifz2kQMV3tBEBx1Y_yyqEAAYASAAEgJjyPD_BwE\">skyscanner<\/a><\/p>\n\n\n\n<div class=\"wp-block-buttons is-layout-flex wp-block-buttons-is-layout-flex\">\n<div class=\"wp-block-button\"><a class=\"wp-block-button__link wp-element-button\" href=\"https:\/\/www.omeilleursprix.com\/?aw_campaign_id=23308335043&amp;gad_source=1&amp;gad_campaignid=23308335043&amp;gbraid=0AAAAADoddlVcBcPHISKBuAhfdZn-KOEXS&amp;gclid=EAIaIQobChMIqe3Aifz2kQMV3tBEBx1Y_yyqEAAYASAAEgJjyPD_BwE\">aller voir les vols<\/a><\/div>\n<\/div>\n<\/div>\n<\/div>\n<\/div>\n\n\n\n<div class=\"wp-block-group alignfull has-global-padding is-layout-constrained wp-block-group-is-layout-constrained\" style=\"margin-top:0;margin-bottom:0;padding-top:var(--wp--preset--spacing--50);padding-bottom:var(--wp--preset--spacing--50)\">\n<div class=\"wp-block-group alignwide is-layout-grid wp-container-core-group-is-layout-840b37f5 wp-block-group-is-layout-grid\">\n<div class=\"wp-block-group is-vertical is-layout-flex wp-container-core-group-is-layout-d6b9ab57 wp-block-group-is-layout-flex\">\n<h2 class=\"wp-block-heading has-x-large-font-size\">Nous vous proposons un site appell\u00e9 <a href=\"https:\/\/fr.japantravel.com\/japan-map\">JapanTravel<\/a> avec une carte interactive du Japon pour arranger tout ce qui est trajet et plans pour vos voyage !<\/h2>\n<\/div>\n\n\n\n<div class=\"wp-block-group wp-container-content-7ed1b8cc is-vertical is-content-justification-stretch is-layout-flex wp-container-core-group-is-layout-353c4f5a wp-block-group-is-layout-flex\">\n<figure class=\"wp-block-image\"><img decoding=\"async\" src=\"https:\/\/www.mappemonde.net\/wp-content\/uploads\/2025\/05\/carte-japon1.jpeg\" alt=\"Carte du Japon: Informations pratiques et pr\u00e9sentation du pays\" \/><\/figure>\n<\/div>\n\n\n\n<div class=\"wp-block-group is-vertical is-content-justification-stretch is-layout-flex wp-container-core-group-is-layout-353c4f5a wp-block-group-is-layout-flex\">\n<div class=\"wp-block-cover\"><img loading=\"lazy\" decoding=\"async\" width=\"1024\" height=\"682\" class=\"wp-block-cover__image-background wp-image-36 size-large\" alt=\"\" src=\"https:\/\/eleves.escl.fr\/wp2\/japanel\/wp-content\/uploads\/sites\/23\/2026\/01\/girl-3959203_1280-1024x682.jpg\" data-object-fit=\"cover\" srcset=\"https:\/\/eleves.escl.fr\/wp2\/japanel\/wp-content\/uploads\/sites\/23\/2026\/01\/girl-3959203_1280-1024x682.jpg 1024w, https:\/\/eleves.escl.fr\/wp2\/japanel\/wp-content\/uploads\/sites\/23\/2026\/01\/girl-3959203_1280-300x200.jpg 300w, https:\/\/eleves.escl.fr\/wp2\/japanel\/wp-content\/uploads\/sites\/23\/2026\/01\/girl-3959203_1280-768x512.jpg 768w, https:\/\/eleves.escl.fr\/wp2\/japanel\/wp-content\/uploads\/sites\/23\/2026\/01\/girl-3959203_1280.jpg 1280w\" sizes=\"auto, (max-width: 1024px) 100vw, 1024px\" \/><span aria-hidden=\"true\" class=\"wp-block-cover__background has-background-dim-0 has-background-dim\" style=\"background-color:#828282\"><\/span><div class=\"wp-block-cover__inner-container has-global-padding is-layout-constrained wp-block-cover-is-layout-constrained\">\n<div style=\"height:var(--wp--preset--spacing--20)\" aria-hidden=\"true\" class=\"wp-block-spacer\"><\/div>\n<\/div><\/div>\n<\/div>\n<\/div>\n<\/div>\n\n\n\n<div class=\"wp-block-group alignfull has-global-padding is-layout-constrained wp-block-group-is-layout-constrained\" style=\"margin-top:0;margin-bottom:0;padding-top:var(--wp--preset--spacing--50);padding-bottom:var(--wp--preset--spacing--50)\">\n<div class=\"wp-block-group alignwide is-layout-grid wp-container-core-group-is-layout-21f393a4 wp-block-group-is-layout-grid\">\n<div class=\"wp-block-group is-style-section-3 has-global-padding is-layout-constrained wp-block-group-is-layout-constrained is-style-section-3--2\" style=\"min-height:297px\">\n<div class=\"wp-block-group is-vertical is-content-justification-center is-layout-flex wp-container-core-group-is-layout-4aa192bb wp-block-group-is-layout-flex\" style=\"min-height:100%\">\n<h2 class=\"wp-block-heading has-text-align-center is-style-default has-large-font-size\"><mark class=\"has-inline-color has-accent-4-color\">Bien sur il faut un endroit o\u00f9 dormir pour \u00e9viter d&rsquo;\u00eatre sous un pont! Voici donc quelques h\u00e9bergement sympathique a r\u00e9server.<\/mark><\/h2>\n<\/div>\n<\/div>\n\n\n\n<div class=\"wp-block-cover\"><img loading=\"lazy\" decoding=\"async\" width=\"800\" height=\"532\" class=\"wp-block-cover__image-background wp-image-50 size-full\" alt=\"\" src=\"https:\/\/eleves.escl.fr\/wp2\/japanel\/wp-content\/uploads\/sites\/23\/2026\/01\/kyoto-piece-hostel-sanjo-127230.jpg\" data-object-fit=\"cover\" srcset=\"https:\/\/eleves.escl.fr\/wp2\/japanel\/wp-content\/uploads\/sites\/23\/2026\/01\/kyoto-piece-hostel-sanjo-127230.jpg 800w, https:\/\/eleves.escl.fr\/wp2\/japanel\/wp-content\/uploads\/sites\/23\/2026\/01\/kyoto-piece-hostel-sanjo-127230-300x200.jpg 300w, https:\/\/eleves.escl.fr\/wp2\/japanel\/wp-content\/uploads\/sites\/23\/2026\/01\/kyoto-piece-hostel-sanjo-127230-768x511.jpg 768w\" sizes=\"auto, (max-width: 800px) 100vw, 800px\" \/><span aria-hidden=\"true\" class=\"wp-block-cover__background has-background-dim\" style=\"background-color:#727568\"><\/span><div class=\"wp-block-cover__inner-container is-layout-flow wp-block-cover-is-layout-flow\">\n<p class=\"has-text-align-center has-large-font-size\"><a href=\"https:\/\/fr.japantravel.com\/kyoto\/piece-hostel-sanjo-kyoto\/27565\">Piece Hostel Sanjo <\/a><\/p>\n\n\n\n<p><\/p>\n\n\n\n<p class=\"has-text-align-center has-large-font-size\">\u00e0 Kyoto<\/p>\n<\/div><\/div>\n\n\n\n<figure class=\"wp-block-image size-full wp-container-content-79286276\"><a href=\"https:\/\/fr.japantravel.com\/kyoto\/piece-hostel-sanjo-kyoto\/27565\"><img loading=\"lazy\" decoding=\"async\" width=\"800\" height=\"532\" src=\"https:\/\/eleves.escl.fr\/wp2\/japanel\/wp-content\/uploads\/sites\/23\/2026\/01\/kyoto-piece-hostel-sanjo-127233.jpg\" alt=\"\" class=\"wp-image-51\" style=\"aspect-ratio:1;object-fit:cover\" srcset=\"https:\/\/eleves.escl.fr\/wp2\/japanel\/wp-content\/uploads\/sites\/23\/2026\/01\/kyoto-piece-hostel-sanjo-127233.jpg 800w, https:\/\/eleves.escl.fr\/wp2\/japanel\/wp-content\/uploads\/sites\/23\/2026\/01\/kyoto-piece-hostel-sanjo-127233-300x200.jpg 300w, https:\/\/eleves.escl.fr\/wp2\/japanel\/wp-content\/uploads\/sites\/23\/2026\/01\/kyoto-piece-hostel-sanjo-127233-768x511.jpg 768w\" sizes=\"auto, (max-width: 800px) 100vw, 800px\" \/><\/a><figcaption class=\"wp-element-caption\">Hostel Sanjo<\/figcaption><\/figure>\n\n\n\n<div class=\"wp-block-cover is-light\"><img loading=\"lazy\" decoding=\"async\" width=\"800\" height=\"533\" class=\"wp-block-cover__image-background wp-image-53 size-full\" alt=\"\" src=\"https:\/\/eleves.escl.fr\/wp2\/japanel\/wp-content\/uploads\/sites\/23\/2026\/01\/shimane-fukuma-kan-121515.jpg\" data-object-fit=\"cover\" srcset=\"https:\/\/eleves.escl.fr\/wp2\/japanel\/wp-content\/uploads\/sites\/23\/2026\/01\/shimane-fukuma-kan-121515.jpg 800w, https:\/\/eleves.escl.fr\/wp2\/japanel\/wp-content\/uploads\/sites\/23\/2026\/01\/shimane-fukuma-kan-121515-300x200.jpg 300w, https:\/\/eleves.escl.fr\/wp2\/japanel\/wp-content\/uploads\/sites\/23\/2026\/01\/shimane-fukuma-kan-121515-768x512.jpg 768w\" sizes=\"auto, (max-width: 800px) 100vw, 800px\" \/><span aria-hidden=\"true\" class=\"wp-block-cover__background has-background-dim\" style=\"background-color:#a1a3a1\"><\/span><div class=\"wp-block-cover__inner-container is-layout-flow wp-block-cover-is-layout-flow\">\n<p class=\"has-text-align-center has-large-font-size\"><a href=\"https:\/\/fr.japantravel.com\/shimane\/ryokan-fukuma-kan\/22393\">Fukuma-kan<\/a><\/p>\n\n\n\n<p><\/p>\n\n\n\n<p class=\"has-text-align-center has-large-font-size\"> &nbsp;au port Mihonoseki dans la ville de Matsue<\/p>\n<\/div><\/div>\n\n\n\n<figure class=\"wp-block-image size-full\"><a href=\"https:\/\/fr.japantravel.com\/shimane\/ryokan-fukuma-kan\/22393\"><img loading=\"lazy\" decoding=\"async\" width=\"800\" height=\"533\" src=\"https:\/\/eleves.escl.fr\/wp2\/japanel\/wp-content\/uploads\/sites\/23\/2026\/01\/shimane-fukuma-kan-121522.jpg\" alt=\"\" class=\"wp-image-55\" style=\"aspect-ratio:1;object-fit:cover\" srcset=\"https:\/\/eleves.escl.fr\/wp2\/japanel\/wp-content\/uploads\/sites\/23\/2026\/01\/shimane-fukuma-kan-121522.jpg 800w, https:\/\/eleves.escl.fr\/wp2\/japanel\/wp-content\/uploads\/sites\/23\/2026\/01\/shimane-fukuma-kan-121522-300x200.jpg 300w, https:\/\/eleves.escl.fr\/wp2\/japanel\/wp-content\/uploads\/sites\/23\/2026\/01\/shimane-fukuma-kan-121522-768x512.jpg 768w\" sizes=\"auto, (max-width: 800px) 100vw, 800px\" \/><\/a><figcaption class=\"wp-element-caption\">Fukuma-kan<\/figcaption><\/figure>\n\n\n\n<figure class=\"wp-block-image size-full\"><a href=\"https:\/\/fr.japantravel.com\/shimane\/ryokan-fukuma-kan\/22393\"><img loading=\"lazy\" decoding=\"async\" width=\"800\" height=\"533\" src=\"https:\/\/eleves.escl.fr\/wp2\/japanel\/wp-content\/uploads\/sites\/23\/2026\/01\/shimane-fukuma-kan-121510.jpg\" alt=\"\" class=\"wp-image-56\" style=\"aspect-ratio:1;object-fit:cover\" srcset=\"https:\/\/eleves.escl.fr\/wp2\/japanel\/wp-content\/uploads\/sites\/23\/2026\/01\/shimane-fukuma-kan-121510.jpg 800w, https:\/\/eleves.escl.fr\/wp2\/japanel\/wp-content\/uploads\/sites\/23\/2026\/01\/shimane-fukuma-kan-121510-300x200.jpg 300w, https:\/\/eleves.escl.fr\/wp2\/japanel\/wp-content\/uploads\/sites\/23\/2026\/01\/shimane-fukuma-kan-121510-768x512.jpg 768w\" sizes=\"auto, (max-width: 800px) 100vw, 800px\" \/><\/a><figcaption class=\"wp-element-caption\">Fukuma-kan<\/figcaption><\/figure>\n\n\n\n<div class=\"wp-block-cover\"><img loading=\"lazy\" decoding=\"async\" width=\"800\" height=\"501\" class=\"wp-block-cover__image-background wp-image-57 size-full\" alt=\"\" src=\"https:\/\/eleves.escl.fr\/wp2\/japanel\/wp-content\/uploads\/sites\/23\/2026\/01\/hiroshima-auberge-jeunesse-jhoppers-hiroshima-126047.jpg\" data-object-fit=\"cover\" srcset=\"https:\/\/eleves.escl.fr\/wp2\/japanel\/wp-content\/uploads\/sites\/23\/2026\/01\/hiroshima-auberge-jeunesse-jhoppers-hiroshima-126047.jpg 800w, https:\/\/eleves.escl.fr\/wp2\/japanel\/wp-content\/uploads\/sites\/23\/2026\/01\/hiroshima-auberge-jeunesse-jhoppers-hiroshima-126047-300x188.jpg 300w, https:\/\/eleves.escl.fr\/wp2\/japanel\/wp-content\/uploads\/sites\/23\/2026\/01\/hiroshima-auberge-jeunesse-jhoppers-hiroshima-126047-768x481.jpg 768w\" sizes=\"auto, (max-width: 800px) 100vw, 800px\" \/><span aria-hidden=\"true\" class=\"wp-block-cover__background has-background-dim\" style=\"background-color:#866237\"><\/span><div class=\"wp-block-cover__inner-container is-layout-flow wp-block-cover-is-layout-flow\">\n<p class=\"has-text-align-center has-large-font-size\"><a href=\"https:\/\/fr.japantravel.com\/hiroshima\/auberge-jeunesse-jhoppers-hiroshima\/22818\">L&rsquo;AubergeJ-Hoppers<\/a><\/p>\n\n\n\n<p><\/p>\n\n\n\n<p class=\"has-text-align-center has-large-font-size\"> \u00e0 Hiroshima<\/p>\n<\/div><\/div>\n\n\n\n<figure class=\"wp-block-image size-full\"><a href=\"https:\/\/fr.japantravel.com\/hiroshima\/auberge-jeunesse-jhoppers-hiroshima\/22818\"><img loading=\"lazy\" decoding=\"async\" width=\"800\" height=\"1194\" src=\"https:\/\/eleves.escl.fr\/wp2\/japanel\/wp-content\/uploads\/sites\/23\/2026\/01\/hiroshima-auberge-jeunesse-jhoppers-hiroshima-126043.jpg\" alt=\"\" class=\"wp-image-58\" style=\"aspect-ratio:1;object-fit:cover\" srcset=\"https:\/\/eleves.escl.fr\/wp2\/japanel\/wp-content\/uploads\/sites\/23\/2026\/01\/hiroshima-auberge-jeunesse-jhoppers-hiroshima-126043.jpg 800w, https:\/\/eleves.escl.fr\/wp2\/japanel\/wp-content\/uploads\/sites\/23\/2026\/01\/hiroshima-auberge-jeunesse-jhoppers-hiroshima-126043-201x300.jpg 201w, https:\/\/eleves.escl.fr\/wp2\/japanel\/wp-content\/uploads\/sites\/23\/2026\/01\/hiroshima-auberge-jeunesse-jhoppers-hiroshima-126043-686x1024.jpg 686w, https:\/\/eleves.escl.fr\/wp2\/japanel\/wp-content\/uploads\/sites\/23\/2026\/01\/hiroshima-auberge-jeunesse-jhoppers-hiroshima-126043-768x1146.jpg 768w\" sizes=\"auto, (max-width: 800px) 100vw, 800px\" \/><\/a><figcaption class=\"wp-element-caption\">Hauberge J-Hoppers<\/figcaption><\/figure>\n\n\n\n<figure class=\"wp-block-image size-full wp-container-content-79286276\"><a href=\"https:\/\/fr.japantravel.com\/hiroshima\/auberge-jeunesse-jhoppers-hiroshima\/22818\"><img loading=\"lazy\" decoding=\"async\" width=\"800\" height=\"1194\" src=\"https:\/\/eleves.escl.fr\/wp2\/japanel\/wp-content\/uploads\/sites\/23\/2026\/01\/hiroshima-auberge-jeunesse-jhoppers-hiroshima-126046.jpg\" alt=\"\" class=\"wp-image-59\" style=\"aspect-ratio:1;object-fit:cover\" srcset=\"https:\/\/eleves.escl.fr\/wp2\/japanel\/wp-content\/uploads\/sites\/23\/2026\/01\/hiroshima-auberge-jeunesse-jhoppers-hiroshima-126046.jpg 800w, https:\/\/eleves.escl.fr\/wp2\/japanel\/wp-content\/uploads\/sites\/23\/2026\/01\/hiroshima-auberge-jeunesse-jhoppers-hiroshima-126046-201x300.jpg 201w, https:\/\/eleves.escl.fr\/wp2\/japanel\/wp-content\/uploads\/sites\/23\/2026\/01\/hiroshima-auberge-jeunesse-jhoppers-hiroshima-126046-686x1024.jpg 686w, https:\/\/eleves.escl.fr\/wp2\/japanel\/wp-content\/uploads\/sites\/23\/2026\/01\/hiroshima-auberge-jeunesse-jhoppers-hiroshima-126046-768x1146.jpg 768w\" sizes=\"auto, (max-width: 800px) 100vw, 800px\" \/><\/a><figcaption class=\"wp-element-caption\">Aurberge J-Hoppers<\/figcaption><\/figure>\n<\/div>\n<\/div>\n\n\n\n<p class=\"has-x-large-font-size\"><\/p>\n","protected":false},"excerpt":{"rendered":"<p>Trouver un vol pour le japon peut \u00eatre compliqu\u00e9 et se r\u00e9v\u00e9ler cher pour notre porte feuille, cependant en cherchant bien on peut trouver des sites ou des vols pas chers comme par exemple ce site : skyscanner Nous vous proposons un site appell\u00e9 JapanTravel avec une carte interactive du Japon pour arranger tout ce [&hellip;]<\/p>\n","protected":false},"author":31,"featured_media":0,"parent":0,"menu_order":0,"comment_status":"closed","ping_status":"closed","template":"","meta":{"footnotes":""},"class_list":["post-20","page","type-page","status-publish","hentry"],"_links":{"self":[{"href":"https:\/\/eleves.escl.fr\/wp2\/japanel\/wp-json\/wp\/v2\/pages\/20","targetHints":{"allow":["GET"]}}],"collection":[{"href":"https:\/\/eleves.escl.fr\/wp2\/japanel\/wp-json\/wp\/v2\/pages"}],"about":[{"href":"https:\/\/eleves.escl.fr\/wp2\/japanel\/wp-json\/wp\/v2\/types\/page"}],"author":[{"embeddable":true,"href":"https:\/\/eleves.escl.fr\/wp2\/japanel\/wp-json\/wp\/v2\/users\/31"}],"replies":[{"embeddable":true,"href":"https:\/\/eleves.escl.fr\/wp2\/japanel\/wp-json\/wp\/v2\/comments?post=20"}],"version-history":[{"count":18,"href":"https:\/\/eleves.escl.fr\/wp2\/japanel\/wp-json\/wp\/v2\/pages\/20\/revisions"}],"predecessor-version":[{"id":169,"href":"https:\/\/eleves.escl.fr\/wp2\/japanel\/wp-json\/wp\/v2\/pages\/20\/revisions\/169"}],"wp:attachment":[{"href":"https:\/\/eleves.escl.fr\/wp2\/japanel\/wp-json\/wp\/v2\/media?parent=20"}],"curies":[{"name":"wp","href":"https:\/\/api.w.org\/{rel}","templated":true}]}}