{"id":64,"date":"2026-02-03T15:06:21","date_gmt":"2026-02-03T14:06:21","guid":{"rendered":"https:\/\/eleves.escl.fr\/wp2\/japanel\/?page_id=64"},"modified":"2026-03-17T13:41:53","modified_gmt":"2026-03-17T12:41:53","slug":"pour-se-nourrir","status":"publish","type":"page","link":"https:\/\/eleves.escl.fr\/wp2\/japanel\/pour-se-nourrir\/","title":{"rendered":"3-Pour se nourrir ?"},"content":{"rendered":"\n<div class=\"wp-block-group alignfull has-global-padding is-layout-constrained wp-container-core-group-is-layout-0c9c989a wp-block-group-is-layout-constrained\" style=\"min-height:0vh;margin-top:0;margin-bottom:0;padding-top:var(--wp--preset--spacing--70);padding-right:var(--wp--preset--spacing--40);padding-bottom:var(--wp--preset--spacing--70);padding-left:var(--wp--preset--spacing--40)\">\n<div class=\"wp-block-group has-global-padding is-layout-constrained wp-container-core-group-is-layout-346627ba wp-block-group-is-layout-constrained\">\n<p class=\"has-text-align-center\">C&rsquo;est bien beau de venir et  dormir mais il faut bien laisser du temps pour manger parmi tout \u00e7a!<\/p>\n\n\n\n<div class=\"wp-block-buttons is-content-justification-center is-layout-flex wp-container-core-buttons-is-layout-a89b3969 wp-block-buttons-is-layout-flex\">\n<div class=\"wp-block-button\"><a class=\"wp-block-button__link wp-element-button\" href=\"https:\/\/fr.japantravel.com\/food\">o\u00f9 manger ?<\/a><\/div>\n<\/div>\n<\/div>\n<\/div>\n\n\n\n<div class=\"wp-block-group alignfull is-style-section-1 has-global-padding is-layout-constrained wp-block-group-is-layout-constrained is-style-section-1--1\" style=\"margin-top:0;margin-bottom:0;padding-top:var(--wp--preset--spacing--80);padding-bottom:var(--wp--preset--spacing--80)\">\n<div class=\"wp-block-columns alignwide is-layout-flex wp-container-core-columns-is-layout-66fad18a wp-block-columns-is-layout-flex\">\n<div class=\"wp-block-column is-layout-flow wp-block-column-is-layout-flow\" style=\"padding-right:var(--wp--preset--spacing--50);flex-basis:45%\">\n<figure class=\"wp-block-image size-full\"><img loading=\"lazy\" decoding=\"async\" width=\"800\" height=\"600\" src=\"https:\/\/eleves.escl.fr\/wp2\/japanel\/wp-content\/uploads\/sites\/23\/2026\/01\/kanagawa-pan-no-mimi-227599.jpg\" alt=\"\" class=\"wp-image-68\" srcset=\"https:\/\/eleves.escl.fr\/wp2\/japanel\/wp-content\/uploads\/sites\/23\/2026\/01\/kanagawa-pan-no-mimi-227599.jpg 800w, https:\/\/eleves.escl.fr\/wp2\/japanel\/wp-content\/uploads\/sites\/23\/2026\/01\/kanagawa-pan-no-mimi-227599-300x225.jpg 300w, https:\/\/eleves.escl.fr\/wp2\/japanel\/wp-content\/uploads\/sites\/23\/2026\/01\/kanagawa-pan-no-mimi-227599-768x576.jpg 768w\" sizes=\"auto, (max-width: 800px) 100vw, 800px\" \/><\/figure>\n\n\n\n<div class=\"wp-block-group has-global-padding is-layout-constrained wp-block-group-is-layout-constrained\" style=\"margin-top:-12vw\">\n<figure class=\"wp-block-image alignright size-full is-resized\" style=\"margin-right:-5vw;margin-left:-5vw\"><img loading=\"lazy\" decoding=\"async\" width=\"480\" height=\"640\" src=\"https:\/\/eleves.escl.fr\/wp2\/japanel\/wp-content\/uploads\/sites\/23\/2026\/01\/640x640_rect_c00a4d9e67b16c5bd1072dd8b515ea04.jpg\" alt=\"\" class=\"wp-image-67\" style=\"width:202px\" srcset=\"https:\/\/eleves.escl.fr\/wp2\/japanel\/wp-content\/uploads\/sites\/23\/2026\/01\/640x640_rect_c00a4d9e67b16c5bd1072dd8b515ea04.jpg 480w, https:\/\/eleves.escl.fr\/wp2\/japanel\/wp-content\/uploads\/sites\/23\/2026\/01\/640x640_rect_c00a4d9e67b16c5bd1072dd8b515ea04-225x300.jpg 225w\" sizes=\"auto, (max-width: 480px) 100vw, 480px\" \/><\/figure>\n<\/div>\n<\/div>\n\n\n\n<div class=\"wp-block-column is-vertically-aligned-center is-layout-flow wp-block-column-is-layout-flow\" style=\"padding-right:0;padding-left:0;flex-basis:50%\">\n<div class=\"wp-block-group is-vertical is-layout-flex wp-container-core-group-is-layout-fe9cc265 wp-block-group-is-layout-flex\">\n<h2 class=\"wp-block-heading is-style-text-annotation is-style-text-annotation--2\">\u00c0 propos<\/h2>\n<\/div>\n\n\n\n<p class=\"is-style-text-subtitle is-style-text-subtitle--3\"><a href=\"https:\/\/fr.japantravel.com\/places\/kanagawa\/pan-no-mimi\/718\">Pan-no-mimi<\/a> est un restaurant aux plats \u00e0 base de pain, avec de d\u00e9licieux assortiment de sandwich chaud comme, le thon-fromage, le jambon-cheddar, le gratin de pain &#8211; gratin de fruits de mer et fromage cuits dans une demi-miche de pain frais.(lieu: 170 Miyagino, Hakone, Ashigarashimo District, Kanagawa 250-0401)<\/p>\n<\/div>\n<\/div>\n<\/div>\n\n\n\n<div class=\"wp-block-group alignfull has-global-padding is-layout-constrained wp-container-core-group-is-layout-ebee8dc1 wp-block-group-is-layout-constrained\" style=\"margin-top:0;margin-bottom:0;padding-top:var(--wp--preset--spacing--50);padding-bottom:var(--wp--preset--spacing--50)\">\n<div class=\"wp-block-columns alignwide is-layout-flex wp-container-core-columns-is-layout-28f84493 wp-block-columns-is-layout-flex\">\n<div class=\"wp-block-column is-layout-flow wp-block-column-is-layout-flow\">\n<figure class=\"wp-block-image alignright size-full\" style=\"margin-bottom:24px\"><img loading=\"lazy\" decoding=\"async\" width=\"800\" height=\"600\" src=\"https:\/\/eleves.escl.fr\/wp2\/japanel\/wp-content\/uploads\/sites\/23\/2026\/01\/tokyo-moomin-cafe-tokyo-skytree-town-solamachi-store-212161.jpg\" alt=\"\" class=\"wp-image-70\" style=\"aspect-ratio:4\/3;object-fit:cover\" srcset=\"https:\/\/eleves.escl.fr\/wp2\/japanel\/wp-content\/uploads\/sites\/23\/2026\/01\/tokyo-moomin-cafe-tokyo-skytree-town-solamachi-store-212161.jpg 800w, https:\/\/eleves.escl.fr\/wp2\/japanel\/wp-content\/uploads\/sites\/23\/2026\/01\/tokyo-moomin-cafe-tokyo-skytree-town-solamachi-store-212161-300x225.jpg 300w, https:\/\/eleves.escl.fr\/wp2\/japanel\/wp-content\/uploads\/sites\/23\/2026\/01\/tokyo-moomin-cafe-tokyo-skytree-town-solamachi-store-212161-768x576.jpg 768w\" sizes=\"auto, (max-width: 800px) 100vw, 800px\" \/><\/figure>\n<\/div>\n\n\n\n<div class=\"wp-block-column is-layout-flow wp-block-column-is-layout-flow\">\n<figure class=\"wp-block-image size-full\" style=\"margin-bottom:24px\"><img loading=\"lazy\" decoding=\"async\" width=\"800\" height=\"600\" src=\"https:\/\/eleves.escl.fr\/wp2\/japanel\/wp-content\/uploads\/sites\/23\/2026\/01\/tokyo-moomin-cafe-tokyo-skytree-town-solamachi-store-212162.jpg\" alt=\"\" class=\"wp-image-71\" style=\"aspect-ratio:4\/3;object-fit:cover\" srcset=\"https:\/\/eleves.escl.fr\/wp2\/japanel\/wp-content\/uploads\/sites\/23\/2026\/01\/tokyo-moomin-cafe-tokyo-skytree-town-solamachi-store-212162.jpg 800w, https:\/\/eleves.escl.fr\/wp2\/japanel\/wp-content\/uploads\/sites\/23\/2026\/01\/tokyo-moomin-cafe-tokyo-skytree-town-solamachi-store-212162-300x225.jpg 300w, https:\/\/eleves.escl.fr\/wp2\/japanel\/wp-content\/uploads\/sites\/23\/2026\/01\/tokyo-moomin-cafe-tokyo-skytree-town-solamachi-store-212162-768x576.jpg 768w\" sizes=\"auto, (max-width: 800px) 100vw, 800px\" \/><\/figure>\n\n\n\n<h3 class=\"wp-block-heading\"><a href=\"https:\/\/fr.japantravel.com\/places\/tokyo\/moomin-cafe-tokyo-skytree-town-solamachi-store\/254\">Moomin House Caf\u00e9<\/a><\/h3>\n\n\n\n<p class=\"has-medium-font-size\">Aller dans le caf\u00e9 des Moomins, personnages de conte de f\u00e9es finlandais. Ils proposent des plats, desserts, boissons et d\u00e9corations sur le th\u00e8me des personnages, et que vous soyez seuls ou non n&rsquo;est pas important car, une poup\u00e9e Moomins vous tiendras compagnie \u00e0 table ! ( lieu: 131-0045 Tokyo, Sumida City, Oshiage, 1 Chome\u22121\u22122 Tokyo Skytree Town Solamachi)<\/p>\n<\/div>\n\n\n\n<div class=\"wp-block-column is-layout-flow wp-block-column-is-layout-flow\">\n<figure class=\"wp-block-image alignleft size-full\" style=\"margin-bottom:24px\"><img loading=\"lazy\" decoding=\"async\" width=\"800\" height=\"1066\" src=\"https:\/\/eleves.escl.fr\/wp2\/japanel\/wp-content\/uploads\/sites\/23\/2026\/01\/tokyo-moomin-cafe-tokyo-skytree-town-solamachi-store-212159.jpg\" alt=\"\" class=\"wp-image-72\" style=\"aspect-ratio:4\/3;object-fit:cover\" srcset=\"https:\/\/eleves.escl.fr\/wp2\/japanel\/wp-content\/uploads\/sites\/23\/2026\/01\/tokyo-moomin-cafe-tokyo-skytree-town-solamachi-store-212159.jpg 800w, https:\/\/eleves.escl.fr\/wp2\/japanel\/wp-content\/uploads\/sites\/23\/2026\/01\/tokyo-moomin-cafe-tokyo-skytree-town-solamachi-store-212159-225x300.jpg 225w, https:\/\/eleves.escl.fr\/wp2\/japanel\/wp-content\/uploads\/sites\/23\/2026\/01\/tokyo-moomin-cafe-tokyo-skytree-town-solamachi-store-212159-768x1023.jpg 768w\" sizes=\"auto, (max-width: 800px) 100vw, 800px\" \/><\/figure>\n<\/div>\n<\/div>\n<\/div>\n\n\n\n<div class=\"wp-block-group alignfull has-global-padding is-layout-constrained wp-block-group-is-layout-constrained\" style=\"margin-top:0;margin-bottom:0;padding-top:var(--wp--preset--spacing--60);padding-bottom:var(--wp--preset--spacing--60)\">\n<div class=\"wp-block-columns alignwide is-layout-flex wp-container-core-columns-is-layout-74b2cda3 wp-block-columns-is-layout-flex\">\n<div class=\"wp-block-column is-layout-flow wp-block-column-is-layout-flow\">\n<div class=\"wp-block-group is-vertical is-content-justification-left is-layout-flex wp-container-core-group-is-layout-7ce391b6 wp-block-group-is-layout-flex\" style=\"min-height:100%\">\n<blockquote class=\"wp-block-quote is-style-plain has-x-large-font-size is-layout-flow wp-container-core-quote-is-layout-5dafc681 wp-block-quote-is-layout-flow is-style-plain--4\" style=\"font-style:normal;font-weight:400\">\n<div class=\"wp-block-group has-global-padding is-content-justification-left is-layout-constrained wp-container-core-group-is-layout-085bd3d9 wp-block-group-is-layout-constrained\" style=\"margin-top:0;margin-bottom:0;padding-top:0;padding-right:0;padding-bottom:0;padding-left:0\">\n<p class=\"has-xx-large-font-size\"><a href=\"https:\/\/fr.japantravel.com\/places\/tokyo\/pokemon-cafe-nihonbashi\/253\">Le Pok\u00e9mon Caf\u00e9 Nihonbashi<\/a><\/p>\n<\/div>\n<cite>C&rsquo;est le plus r\u00e9cent caf\u00e9 du genre \u00e0 Tokyo, ici nourriture ou boisson mettent l&rsquo;accent sur un ou plusieurs Pok\u00e9mon. Cependant une visite &nbsp;n&rsquo;est possible que sur r\u00e9servation et les cr\u00e9neaux horaires ne peuvent \u00eatre r\u00e9serv\u00e9s que jusqu&rsquo;\u00e0 un mois \u00e0 l&rsquo;avance. (lieu: Tokyo, Chuo City, Nihonbashi)<\/cite><\/blockquote>\n\n\n\n<figure class=\"wp-block-image\"><img decoding=\"async\" src=\"https:\/\/a0.cdn.japantravel.com\/photo\/poi-253-212156\/800!\/tokyo-pokemon-cafe-nihonbashi-212156.jpg\" alt=\"\" \/><\/figure>\n<\/div>\n<\/div>\n\n\n\n<div class=\"wp-block-column is-layout-flow wp-block-column-is-layout-flow\" style=\"padding-top:0;padding-right:0;padding-bottom:0;padding-left:0\">\n<figure class=\"wp-block-image size-full\" style=\"margin-top:0;margin-bottom:0\"><img loading=\"lazy\" decoding=\"async\" width=\"800\" height=\"450\" src=\"https:\/\/eleves.escl.fr\/wp2\/japanel\/wp-content\/uploads\/sites\/23\/2026\/01\/tokyo-pokemon-cafe-nihonbashi-214272.jpg\" alt=\"\" class=\"wp-image-76\" style=\"aspect-ratio:1;object-fit:cover\" srcset=\"https:\/\/eleves.escl.fr\/wp2\/japanel\/wp-content\/uploads\/sites\/23\/2026\/01\/tokyo-pokemon-cafe-nihonbashi-214272.jpg 800w, https:\/\/eleves.escl.fr\/wp2\/japanel\/wp-content\/uploads\/sites\/23\/2026\/01\/tokyo-pokemon-cafe-nihonbashi-214272-300x169.jpg 300w, https:\/\/eleves.escl.fr\/wp2\/japanel\/wp-content\/uploads\/sites\/23\/2026\/01\/tokyo-pokemon-cafe-nihonbashi-214272-768x432.jpg 768w\" sizes=\"auto, (max-width: 800px) 100vw, 800px\" \/><\/figure>\n<\/div>\n<\/div>\n<\/div>\n\n\n\n<aside class=\"wp-block-group alignfull is-style-section-3 has-global-padding is-layout-constrained wp-container-core-group-is-layout-f0f2a97b wp-block-group-is-layout-constrained is-style-section-3--5\" style=\"margin-top:0;margin-bottom:0;padding-top:var(--wp--preset--spacing--50);padding-right:var(--wp--preset--spacing--50);padding-bottom:var(--wp--preset--spacing--50);padding-left:var(--wp--preset--spacing--50)\">\n<div class=\"wp-block-group is-vertical is-content-justification-center is-layout-flex wp-container-core-group-is-layout-8778ca4a wp-block-group-is-layout-flex\" style=\"min-height:360px;margin-top:0;margin-bottom:0\">\n<h2 class=\"wp-block-heading has-text-align-center has-xx-large-font-size\">Et il y en a bien d&rsquo;autres ! <\/h2>\n\n\n\n<p class=\"has-text-align-center is-style-text-subtitle is-style-text-subtitle--6\">Que ce soit restaurant, caf\u00e9, truck, etc il y a bien d&rsquo;autre endroit pour manger! Ci dessus n&rsquo;\u00e9tait qu&rsquo;une infime partie de moultes endroits int\u00e9ressants !<\/p>\n<\/div>\n<\/aside>\n","protected":false},"excerpt":{"rendered":"<p>C&rsquo;est bien beau de venir et dormir mais il faut bien laisser du temps pour manger parmi tout \u00e7a! \u00c0 propos Pan-no-mimi est un restaurant aux plats \u00e0 base de pain, avec de d\u00e9licieux assortiment de sandwich chaud comme, le thon-fromage, le jambon-cheddar, le gratin de pain &#8211; gratin de fruits de mer et fromage [&hellip;]<\/p>\n","protected":false},"author":31,"featured_media":0,"parent":0,"menu_order":0,"comment_status":"closed","ping_status":"closed","template":"","meta":{"footnotes":""},"class_list":["post-64","page","type-page","status-publish","hentry"],"_links":{"self":[{"href":"https:\/\/eleves.escl.fr\/wp2\/japanel\/wp-json\/wp\/v2\/pages\/64","targetHints":{"allow":["GET"]}}],"collection":[{"href":"https:\/\/eleves.escl.fr\/wp2\/japanel\/wp-json\/wp\/v2\/pages"}],"about":[{"href":"https:\/\/eleves.escl.fr\/wp2\/japanel\/wp-json\/wp\/v2\/types\/page"}],"author":[{"embeddable":true,"href":"https:\/\/eleves.escl.fr\/wp2\/japanel\/wp-json\/wp\/v2\/users\/31"}],"replies":[{"embeddable":true,"href":"https:\/\/eleves.escl.fr\/wp2\/japanel\/wp-json\/wp\/v2\/comments?post=64"}],"version-history":[{"count":15,"href":"https:\/\/eleves.escl.fr\/wp2\/japanel\/wp-json\/wp\/v2\/pages\/64\/revisions"}],"predecessor-version":[{"id":151,"href":"https:\/\/eleves.escl.fr\/wp2\/japanel\/wp-json\/wp\/v2\/pages\/64\/revisions\/151"}],"wp:attachment":[{"href":"https:\/\/eleves.escl.fr\/wp2\/japanel\/wp-json\/wp\/v2\/media?parent=64"}],"curies":[{"name":"wp","href":"https:\/\/api.w.org\/{rel}","templated":true}]}}