{"id":89,"date":"2026-02-03T15:06:37","date_gmt":"2026-02-03T14:06:37","guid":{"rendered":"https:\/\/eleves.escl.fr\/wp2\/japanel\/?page_id=89"},"modified":"2026-03-31T14:00:31","modified_gmt":"2026-03-31T12:00:31","slug":"les-endroits-a-visiter","status":"publish","type":"page","link":"https:\/\/eleves.escl.fr\/wp2\/japanel\/les-endroits-a-visiter\/","title":{"rendered":"4-Les endroits \u00e0 visiter"},"content":{"rendered":"\n<div class=\"wp-block-group alignfull has-global-padding is-layout-constrained wp-block-group-is-layout-constrained\" style=\"margin-top:0;margin-bottom:0;padding-top:var(--wp--preset--spacing--50);padding-bottom:var(--wp--preset--spacing--50)\">\n<div class=\"wp-block-columns alignwide is-layout-flex wp-container-core-columns-is-layout-47c06fe3 wp-block-columns-is-layout-flex\">\n<div class=\"wp-block-column is-layout-flow wp-block-column-is-layout-flow\" style=\"flex-basis:56%\">\n<figure class=\"wp-block-image\"><img decoding=\"async\" src=\"https:\/\/cdn.pixabay.com\/photo\/2022\/08\/31\/13\/43\/autumn-7423358_1280.jpg\" alt=\"Automne, Cerf, For\u00eat, Des Arbres, Nature\" \/><\/figure>\n<\/div>\n\n\n\n<div class=\"wp-block-column is-vertically-aligned-center is-layout-flow wp-container-core-column-is-layout-119bc444 wp-block-column-is-layout-flow\">\n<h2 class=\"wp-block-heading\">Le Parc de Nara<\/h2>\n\n\n\n<p>Situ\u00e9 au pied du\u00a0<a href=\"https:\/\/fr.wikipedia.org\/wiki\/Mont_Wakakusa\">mont Wakakusa<\/a> L\u2019immense\u00a0parc de Nara, qui s\u2019\u00e9tend sur plus de 500 hectares, est habit\u00e9 par plus d\u2019un millier de\u00a0cerfs sika, appel\u00e9s\u00a0shika\u00a0(\u9e7f) en japonais. Ces petits cerfs ressemblent tant \u00e0 des daims, que l\u2019on parle plus souvent de daims que de cerfs. Pas une once farouches,\u00a0les daims de Nara\u00a0se laissent approcher et vont m\u00eame \u00e0 la rencontre des touristes.<\/p>\n\n\n\n<div class=\"wp-block-buttons is-layout-flex wp-block-buttons-is-layout-flex\">\n<div class=\"wp-block-button\"><a class=\"wp-block-button__link wp-element-button\" href=\"https:\/\/www.japan.travel\/en\/destinations\/kansai\/nara\/nara-park-and-around\/\">En savoir plus<\/a><\/div>\n<\/div>\n<\/div>\n<\/div>\n<\/div>\n\n\n\n<div class=\"wp-block-group alignfull has-global-padding is-layout-constrained wp-block-group-is-layout-constrained\" style=\"margin-top:0;margin-bottom:0;padding-top:var(--wp--preset--spacing--50);padding-bottom:var(--wp--preset--spacing--50)\">\n<div class=\"wp-block-group alignwide is-layout-grid wp-container-core-group-is-layout-840b37f5 wp-block-group-is-layout-grid\">\n<div class=\"wp-block-group is-vertical is-layout-flex wp-container-core-group-is-layout-d6b9ab57 wp-block-group-is-layout-flex\">\n<p class=\"has-x-large-font-size\"><a href=\"https:\/\/www.japan.travel\/fr\/fuji-guide\/mt-fuji-more-than-a-mountain\/\">Le mont Fuji<\/a> <\/p>\n\n\n\n<p>Comment pourrions nous oublier le grand Mont Fuji un grand classique!Point culminant du Japon avec 3.776m d&rsquo;altitude, le Fuji-san est \u00e9galement l&rsquo;un des symboles majeurs de l&rsquo;archipel.<\/p>\n<\/div>\n\n\n\n<div class=\"wp-block-group is-vertical is-content-justification-stretch is-layout-flex wp-container-core-group-is-layout-353c4f5a wp-block-group-is-layout-flex\">\n<div class=\"wp-block-cover\"><img loading=\"lazy\" decoding=\"async\" width=\"767\" height=\"1024\" class=\"wp-block-cover__image-background wp-image-98 size-large\" alt=\"\" src=\"https:\/\/eleves.escl.fr\/wp2\/japanel\/wp-content\/uploads\/sites\/23\/2026\/02\/pexels-yfshoot-8551382-767x1024.jpg\" data-object-fit=\"cover\" srcset=\"https:\/\/eleves.escl.fr\/wp2\/japanel\/wp-content\/uploads\/sites\/23\/2026\/02\/pexels-yfshoot-8551382-767x1024.jpg 767w, https:\/\/eleves.escl.fr\/wp2\/japanel\/wp-content\/uploads\/sites\/23\/2026\/02\/pexels-yfshoot-8551382-225x300.jpg 225w, https:\/\/eleves.escl.fr\/wp2\/japanel\/wp-content\/uploads\/sites\/23\/2026\/02\/pexels-yfshoot-8551382-768x1025.jpg 768w, https:\/\/eleves.escl.fr\/wp2\/japanel\/wp-content\/uploads\/sites\/23\/2026\/02\/pexels-yfshoot-8551382-1151x1536.jpg 1151w, https:\/\/eleves.escl.fr\/wp2\/japanel\/wp-content\/uploads\/sites\/23\/2026\/02\/pexels-yfshoot-8551382-1535x2048.jpg 1535w, https:\/\/eleves.escl.fr\/wp2\/japanel\/wp-content\/uploads\/sites\/23\/2026\/02\/pexels-yfshoot-8551382-scaled.jpg 1919w\" sizes=\"auto, (max-width: 767px) 100vw, 767px\" \/><span aria-hidden=\"true\" class=\"wp-block-cover__background has-background-dim-0 has-background-dim\" style=\"background-color:#556c79\"><\/span><div class=\"wp-block-cover__inner-container has-global-padding is-layout-constrained wp-block-cover-is-layout-constrained\">\n<div style=\"height:var(--wp--preset--spacing--20)\" aria-hidden=\"true\" class=\"wp-block-spacer\"><\/div>\n<\/div><\/div>\n<\/div>\n\n\n\n<div class=\"wp-block-group is-vertical is-content-justification-stretch is-layout-flex wp-container-core-group-is-layout-353c4f5a wp-block-group-is-layout-flex\">\n<div class=\"wp-block-cover\"><img loading=\"lazy\" decoding=\"async\" width=\"768\" height=\"1024\" class=\"wp-block-cover__image-background wp-image-97 size-large\" alt=\"\" src=\"https:\/\/eleves.escl.fr\/wp2\/japanel\/wp-content\/uploads\/sites\/23\/2026\/02\/pexels-nelemson-30961538-768x1024.jpg\" data-object-fit=\"cover\" srcset=\"https:\/\/eleves.escl.fr\/wp2\/japanel\/wp-content\/uploads\/sites\/23\/2026\/02\/pexels-nelemson-30961538-768x1024.jpg 768w, https:\/\/eleves.escl.fr\/wp2\/japanel\/wp-content\/uploads\/sites\/23\/2026\/02\/pexels-nelemson-30961538-225x300.jpg 225w, https:\/\/eleves.escl.fr\/wp2\/japanel\/wp-content\/uploads\/sites\/23\/2026\/02\/pexels-nelemson-30961538-1152x1536.jpg 1152w, https:\/\/eleves.escl.fr\/wp2\/japanel\/wp-content\/uploads\/sites\/23\/2026\/02\/pexels-nelemson-30961538-1536x2048.jpg 1536w, https:\/\/eleves.escl.fr\/wp2\/japanel\/wp-content\/uploads\/sites\/23\/2026\/02\/pexels-nelemson-30961538-scaled.jpg 1920w\" sizes=\"auto, (max-width: 768px) 100vw, 768px\" \/><span aria-hidden=\"true\" class=\"wp-block-cover__background has-background-dim-0 has-background-dim\" style=\"background-color:#828282\"><\/span><div class=\"wp-block-cover__inner-container has-global-padding is-layout-constrained wp-block-cover-is-layout-constrained\">\n<div style=\"height:var(--wp--preset--spacing--20)\" aria-hidden=\"true\" class=\"wp-block-spacer\"><\/div>\n<\/div><\/div>\n<\/div>\n\n\n\n<div class=\"wp-block-group is-vertical is-content-justification-stretch is-layout-flex wp-container-core-group-is-layout-353c4f5a wp-block-group-is-layout-flex\">\n<div class=\"wp-block-cover\"><img loading=\"lazy\" decoding=\"async\" width=\"683\" height=\"1024\" class=\"wp-block-cover__image-background wp-image-100 size-large\" alt=\"\" src=\"https:\/\/eleves.escl.fr\/wp2\/japanel\/wp-content\/uploads\/sites\/23\/2026\/02\/pexels-vinnyanugraha-33368120-683x1024.jpg\" data-object-fit=\"cover\" srcset=\"https:\/\/eleves.escl.fr\/wp2\/japanel\/wp-content\/uploads\/sites\/23\/2026\/02\/pexels-vinnyanugraha-33368120-683x1024.jpg 683w, https:\/\/eleves.escl.fr\/wp2\/japanel\/wp-content\/uploads\/sites\/23\/2026\/02\/pexels-vinnyanugraha-33368120-200x300.jpg 200w, https:\/\/eleves.escl.fr\/wp2\/japanel\/wp-content\/uploads\/sites\/23\/2026\/02\/pexels-vinnyanugraha-33368120-768x1152.jpg 768w, https:\/\/eleves.escl.fr\/wp2\/japanel\/wp-content\/uploads\/sites\/23\/2026\/02\/pexels-vinnyanugraha-33368120-1024x1536.jpg 1024w, https:\/\/eleves.escl.fr\/wp2\/japanel\/wp-content\/uploads\/sites\/23\/2026\/02\/pexels-vinnyanugraha-33368120-1365x2048.jpg 1365w, https:\/\/eleves.escl.fr\/wp2\/japanel\/wp-content\/uploads\/sites\/23\/2026\/02\/pexels-vinnyanugraha-33368120-scaled.jpg 1707w\" sizes=\"auto, (max-width: 683px) 100vw, 683px\" \/><span aria-hidden=\"true\" class=\"wp-block-cover__background has-background-dim-0 has-background-dim\" style=\"background-color:#d6bc98\"><\/span><div class=\"wp-block-cover__inner-container has-global-padding is-layout-constrained wp-block-cover-is-layout-constrained\">\n<div style=\"height:var(--wp--preset--spacing--20)\" aria-hidden=\"true\" class=\"wp-block-spacer\"><\/div>\n<\/div><\/div>\n<\/div>\n<\/div>\n<\/div>\n\n\n\n<div class=\"wp-block-group alignfull has-global-padding is-layout-constrained wp-block-group-is-layout-constrained\" style=\"margin-top:0;margin-bottom:0;padding-top:var(--wp--preset--spacing--50);padding-bottom:var(--wp--preset--spacing--50)\">\n<div class=\"wp-block-group alignwide is-layout-grid wp-container-core-group-is-layout-21f393a4 wp-block-group-is-layout-grid\">\n<div class=\"wp-block-group is-style-section-3 has-global-padding is-layout-constrained wp-block-group-is-layout-constrained is-style-section-3--1\" style=\"min-height:297px\">\n<div class=\"wp-block-group is-vertical is-content-justification-center is-layout-flex wp-container-core-group-is-layout-4aa192bb wp-block-group-is-layout-flex\" style=\"min-height:100%\">\n<p class=\"has-large-font-size\">Le temple de&nbsp;<a href=\"https:\/\/www.kanpai.fr\/kyoto\/fushimi-inari-taisha\">Fushimi Inari-taisha<\/a>, Fushimi Inari Taisha est le plus grand sanctuaire shinto du Japon situ\u00e9 au sud de Kyoto. Erig\u00e9 en 711, il est d\u00e9di\u00e9 \u00e0 la d\u00e9esse du riz Inari et plus largement \u00e0 la richesse. La beaut\u00e9 de ce complexe se d\u00e9voile au gr\u00e9 d&rsquo;une randonn\u00e9e p\u00e9destre le long d&rsquo;une vall\u00e9e, balis\u00e9e par des milliers de portiques vermillon appel\u00e9s&nbsp;<em>torii.<\/em><br><\/p>\n<\/div>\n<\/div>\n\n\n\n<figure class=\"wp-block-image size-full\"><img loading=\"lazy\" decoding=\"async\" width=\"1024\" height=\"683\" src=\"https:\/\/eleves.escl.fr\/wp2\/japanel\/wp-content\/uploads\/sites\/23\/2026\/02\/istockphoto-1341729201-1024x1024-1.jpg\" alt=\"\" class=\"wp-image-102\" style=\"aspect-ratio:1;object-fit:cover\" srcset=\"https:\/\/eleves.escl.fr\/wp2\/japanel\/wp-content\/uploads\/sites\/23\/2026\/02\/istockphoto-1341729201-1024x1024-1.jpg 1024w, https:\/\/eleves.escl.fr\/wp2\/japanel\/wp-content\/uploads\/sites\/23\/2026\/02\/istockphoto-1341729201-1024x1024-1-300x200.jpg 300w, https:\/\/eleves.escl.fr\/wp2\/japanel\/wp-content\/uploads\/sites\/23\/2026\/02\/istockphoto-1341729201-1024x1024-1-768x512.jpg 768w\" sizes=\"auto, (max-width: 1024px) 100vw, 1024px\" \/><\/figure>\n\n\n\n<figure class=\"wp-block-image size-full\"><img loading=\"lazy\" decoding=\"async\" width=\"1024\" height=\"576\" src=\"https:\/\/eleves.escl.fr\/wp2\/japanel\/wp-content\/uploads\/sites\/23\/2026\/02\/istockphoto-2170485227-1024x1024-1.jpg\" alt=\"\" class=\"wp-image-105\" style=\"aspect-ratio:1;object-fit:cover\" srcset=\"https:\/\/eleves.escl.fr\/wp2\/japanel\/wp-content\/uploads\/sites\/23\/2026\/02\/istockphoto-2170485227-1024x1024-1.jpg 1024w, https:\/\/eleves.escl.fr\/wp2\/japanel\/wp-content\/uploads\/sites\/23\/2026\/02\/istockphoto-2170485227-1024x1024-1-300x169.jpg 300w, https:\/\/eleves.escl.fr\/wp2\/japanel\/wp-content\/uploads\/sites\/23\/2026\/02\/istockphoto-2170485227-1024x1024-1-768x432.jpg 768w\" sizes=\"auto, (max-width: 1024px) 100vw, 1024px\" \/><\/figure>\n\n\n\n<figure class=\"wp-block-image size-full\"><img loading=\"lazy\" decoding=\"async\" width=\"1024\" height=\"683\" src=\"https:\/\/eleves.escl.fr\/wp2\/japanel\/wp-content\/uploads\/sites\/23\/2026\/02\/istockphoto-458299013-1024x1024-2.jpg\" alt=\"\" class=\"wp-image-104\" style=\"aspect-ratio:1;object-fit:cover\" srcset=\"https:\/\/eleves.escl.fr\/wp2\/japanel\/wp-content\/uploads\/sites\/23\/2026\/02\/istockphoto-458299013-1024x1024-2.jpg 1024w, https:\/\/eleves.escl.fr\/wp2\/japanel\/wp-content\/uploads\/sites\/23\/2026\/02\/istockphoto-458299013-1024x1024-2-300x200.jpg 300w, https:\/\/eleves.escl.fr\/wp2\/japanel\/wp-content\/uploads\/sites\/23\/2026\/02\/istockphoto-458299013-1024x1024-2-768x512.jpg 768w\" sizes=\"auto, (max-width: 1024px) 100vw, 1024px\" \/><\/figure>\n\n\n\n<p><mark class=\"has-inline-color has-accent-3-color\"><a href=\"https:\/\/www.japan.travel\/fr\/spot\/1152\/\">Le temple Kinkaku-Ji<\/a>, Tr\u00e8s c\u00e9l\u00e8bre, inscrit au Patrimoine de l&rsquo;Unesco et donc extr\u00eamement fr\u00e9quent\u00e9 par les visiteurs, il est surnomm\u00e9 le Pavillon d&rsquo;Or pour ces magnifiques fa\u00e7ades recouvertes \u00e0 la feuille d&rsquo;or.<\/mark><\/p>\n\n\n\n<figure class=\"wp-block-image size-full\"><img loading=\"lazy\" decoding=\"async\" width=\"640\" height=\"427\" src=\"https:\/\/eleves.escl.fr\/wp2\/japanel\/wp-content\/uploads\/sites\/23\/2026\/02\/derweg-golden-temple-7658947_640.jpg\" alt=\"\" class=\"wp-image-114\" style=\"aspect-ratio:1;object-fit:cover\" srcset=\"https:\/\/eleves.escl.fr\/wp2\/japanel\/wp-content\/uploads\/sites\/23\/2026\/02\/derweg-golden-temple-7658947_640.jpg 640w, https:\/\/eleves.escl.fr\/wp2\/japanel\/wp-content\/uploads\/sites\/23\/2026\/02\/derweg-golden-temple-7658947_640-300x200.jpg 300w\" sizes=\"auto, (max-width: 640px) 100vw, 640px\" \/><\/figure>\n\n\n\n<figure class=\"wp-block-image size-full\"><img loading=\"lazy\" decoding=\"async\" width=\"640\" height=\"323\" src=\"https:\/\/eleves.escl.fr\/wp2\/japanel\/wp-content\/uploads\/sites\/23\/2026\/02\/kinkakuji-temple-2328557_640.jpg\" alt=\"\" class=\"wp-image-115\" style=\"aspect-ratio:1;object-fit:cover\" srcset=\"https:\/\/eleves.escl.fr\/wp2\/japanel\/wp-content\/uploads\/sites\/23\/2026\/02\/kinkakuji-temple-2328557_640.jpg 640w, https:\/\/eleves.escl.fr\/wp2\/japanel\/wp-content\/uploads\/sites\/23\/2026\/02\/kinkakuji-temple-2328557_640-300x151.jpg 300w\" sizes=\"auto, (max-width: 640px) 100vw, 640px\" \/><\/figure>\n\n\n\n<figure class=\"wp-block-image size-full\"><img loading=\"lazy\" decoding=\"async\" width=\"640\" height=\"425\" src=\"https:\/\/eleves.escl.fr\/wp2\/japanel\/wp-content\/uploads\/sites\/23\/2026\/02\/kyoto-3699523_640.jpg\" alt=\"\" class=\"wp-image-116\" style=\"aspect-ratio:1;object-fit:cover\" srcset=\"https:\/\/eleves.escl.fr\/wp2\/japanel\/wp-content\/uploads\/sites\/23\/2026\/02\/kyoto-3699523_640.jpg 640w, https:\/\/eleves.escl.fr\/wp2\/japanel\/wp-content\/uploads\/sites\/23\/2026\/02\/kyoto-3699523_640-300x199.jpg 300w\" sizes=\"auto, (max-width: 640px) 100vw, 640px\" \/><\/figure>\n<\/div>\n<\/div>\n","protected":false},"excerpt":{"rendered":"<p>Le Parc de Nara Situ\u00e9 au pied du\u00a0mont Wakakusa L\u2019immense\u00a0parc de Nara, qui s\u2019\u00e9tend sur plus de 500 hectares, est habit\u00e9 par plus d\u2019un millier de\u00a0cerfs sika, appel\u00e9s\u00a0shika\u00a0(\u9e7f) en japonais. Ces petits cerfs ressemblent tant \u00e0 des daims, que l\u2019on parle plus souvent de daims que de cerfs. Pas une once farouches,\u00a0les daims de Nara\u00a0se [&hellip;]<\/p>\n","protected":false},"author":31,"featured_media":0,"parent":0,"menu_order":0,"comment_status":"closed","ping_status":"closed","template":"","meta":{"footnotes":""},"class_list":["post-89","page","type-page","status-publish","hentry"],"_links":{"self":[{"href":"https:\/\/eleves.escl.fr\/wp2\/japanel\/wp-json\/wp\/v2\/pages\/89","targetHints":{"allow":["GET"]}}],"collection":[{"href":"https:\/\/eleves.escl.fr\/wp2\/japanel\/wp-json\/wp\/v2\/pages"}],"about":[{"href":"https:\/\/eleves.escl.fr\/wp2\/japanel\/wp-json\/wp\/v2\/types\/page"}],"author":[{"embeddable":true,"href":"https:\/\/eleves.escl.fr\/wp2\/japanel\/wp-json\/wp\/v2\/users\/31"}],"replies":[{"embeddable":true,"href":"https:\/\/eleves.escl.fr\/wp2\/japanel\/wp-json\/wp\/v2\/comments?post=89"}],"version-history":[{"count":23,"href":"https:\/\/eleves.escl.fr\/wp2\/japanel\/wp-json\/wp\/v2\/pages\/89\/revisions"}],"predecessor-version":[{"id":171,"href":"https:\/\/eleves.escl.fr\/wp2\/japanel\/wp-json\/wp\/v2\/pages\/89\/revisions\/171"}],"wp:attachment":[{"href":"https:\/\/eleves.escl.fr\/wp2\/japanel\/wp-json\/wp\/v2\/media?parent=89"}],"curies":[{"name":"wp","href":"https:\/\/api.w.org\/{rel}","templated":true}]}}