{"id":178,"date":"2026-02-10T14:09:04","date_gmt":"2026-02-10T13:09:04","guid":{"rendered":"https:\/\/eleves.escl.fr\/wp2\/japon\/?page_id=178"},"modified":"2026-03-22T20:37:17","modified_gmt":"2026-03-22T19:37:17","slug":"178-2","status":"publish","type":"page","link":"https:\/\/eleves.escl.fr\/wp2\/japon\/mode\/178-2\/","title":{"rendered":"LOLITA"},"content":{"rendered":"\n<figure class=\"wp-block-image alignfull size-large\"><img decoding=\"async\" src=\"https:\/\/eleves.escl.fr\/wp2\/japon\/wp-content\/uploads\/sites\/26\/2026\/03\/IMG_0066-1024x407.jpeg\" alt=\"\" class=\"wp-image-345\" \/><\/figure>\n\n\n\n<p><strong>Origine&nbsp;<\/strong>: ann\u00e9es 1980\u20131990, Tokyo<\/p>\n\n\n\n<p>Inspir\u00e9 des v\u00eatements europ\u00e9ens victoriens et rococo. Le style appara\u00eet comme une forme d\u2019\u00e9vasion du monde adulte et des normes sociales japonaises. Il met en avant l\u2019\u00e9l\u00e9gance, l\u2019innocence ou le gothique selon les variantes.<\/p>\n\n\n\n<p><strong>Caract\u00e9ristiques :<\/strong><\/p>\n\n\n\n<ul class=\"wp-block-list\">\n<li>robes volumineuses,<\/li>\n\n\n\n<li>jupons<\/li>\n\n\n\n<li>dentelles<\/li>\n\n\n\n<li>accessoires raffin\u00e9s (coiffe, ombrelles)<\/li>\n\n\n\n<li>maquillage doux et soign\u00e9<\/li>\n<\/ul>\n\n\n\n<p>Variantes :<\/p>\n\n\n\n<ul class=\"wp-block-list\">\n<li>Sweet Lolita \u2013 couleurs pastel, motifs mignons<\/li>\n\n\n\n<li>Gothic Lolita \u2013 noir, crucifix, influences gothiques<\/li>\n\n\n\n<li>Classic Lolita \u2013 tons neutres, \u00e9l\u00e9gance r\u00e9tro<\/li>\n<\/ul>\n\n\n\n<p><strong>marque :&nbsp;<\/strong><\/p>\n\n\n\n<ul class=\"wp-block-list\">\n<li>Baby, The Stars Shine Bright<\/li>\n\n\n\n<li>Angelic Pretty<\/li>\n\n\n\n<li>Metamorphose<\/li>\n\n\n\n<li>Moi-m\u00eame-Moiti\u00e9<\/li>\n<\/ul>\n\n\n\n<figure class=\"wp-block-gallery has-nested-images columns-default is-cropped wp-block-gallery-1 is-layout-flex wp-block-gallery-is-layout-flex\">\n<figure class=\"wp-block-image size-large\"><img loading=\"lazy\" decoding=\"async\" width=\"576\" height=\"1024\" data-id=\"114\" src=\"https:\/\/eleves.escl.fr\/wp2\/japon\/wp-content\/uploads\/sites\/26\/2026\/01\/goth-lolita-576x1024.jpg\" alt=\"\" class=\"wp-image-114\" srcset=\"https:\/\/eleves.escl.fr\/wp2\/japon\/wp-content\/uploads\/sites\/26\/2026\/01\/goth-lolita-576x1024.jpg 576w, https:\/\/eleves.escl.fr\/wp2\/japon\/wp-content\/uploads\/sites\/26\/2026\/01\/goth-lolita-169x300.jpg 169w, https:\/\/eleves.escl.fr\/wp2\/japon\/wp-content\/uploads\/sites\/26\/2026\/01\/goth-lolita.jpg 736w\" sizes=\"auto, (max-width: 576px) 100vw, 576px\" \/><\/figure>\n\n\n\n<figure class=\"wp-block-image size-large\"><img loading=\"lazy\" decoding=\"async\" width=\"491\" height=\"919\" data-id=\"113\" src=\"https:\/\/eleves.escl.fr\/wp2\/japon\/wp-content\/uploads\/sites\/26\/2026\/01\/classic-lolita.jpg\" alt=\"\" class=\"wp-image-113\" srcset=\"https:\/\/eleves.escl.fr\/wp2\/japon\/wp-content\/uploads\/sites\/26\/2026\/01\/classic-lolita.jpg 491w, https:\/\/eleves.escl.fr\/wp2\/japon\/wp-content\/uploads\/sites\/26\/2026\/01\/classic-lolita-160x300.jpg 160w\" sizes=\"auto, (max-width: 491px) 100vw, 491px\" \/><\/figure>\n\n\n\n<figure class=\"wp-block-image size-large\"><img loading=\"lazy\" decoding=\"async\" width=\"736\" height=\"981\" data-id=\"112\" src=\"https:\/\/eleves.escl.fr\/wp2\/japon\/wp-content\/uploads\/sites\/26\/2026\/01\/sweet-lolita.jpg\" alt=\"\" class=\"wp-image-112\" srcset=\"https:\/\/eleves.escl.fr\/wp2\/japon\/wp-content\/uploads\/sites\/26\/2026\/01\/sweet-lolita.jpg 736w, https:\/\/eleves.escl.fr\/wp2\/japon\/wp-content\/uploads\/sites\/26\/2026\/01\/sweet-lolita-225x300.jpg 225w\" sizes=\"auto, (max-width: 736px) 100vw, 736px\" \/><\/figure>\n<\/figure>\n","protected":false},"excerpt":{"rendered":"<p>Origine&nbsp;: ann\u00e9es 1980\u20131990, Tokyo Inspir\u00e9 des v\u00eatements europ\u00e9ens victoriens et rococo. Le style appara\u00eet comme une forme d\u2019\u00e9vasion du monde adulte et des normes sociales japonaises. Il met en avant l\u2019\u00e9l\u00e9gance, l\u2019innocence ou le gothique selon les variantes. Caract\u00e9ristiques : Variantes : marque :&nbsp;<\/p>\n","protected":false},"author":42,"featured_media":0,"parent":193,"menu_order":0,"comment_status":"closed","ping_status":"closed","template":"","meta":{"footnotes":""},"class_list":["post-178","page","type-page","status-publish","hentry"],"_links":{"self":[{"href":"https:\/\/eleves.escl.fr\/wp2\/japon\/wp-json\/wp\/v2\/pages\/178","targetHints":{"allow":["GET"]}}],"collection":[{"href":"https:\/\/eleves.escl.fr\/wp2\/japon\/wp-json\/wp\/v2\/pages"}],"about":[{"href":"https:\/\/eleves.escl.fr\/wp2\/japon\/wp-json\/wp\/v2\/types\/page"}],"author":[{"embeddable":true,"href":"https:\/\/eleves.escl.fr\/wp2\/japon\/wp-json\/wp\/v2\/users\/42"}],"replies":[{"embeddable":true,"href":"https:\/\/eleves.escl.fr\/wp2\/japon\/wp-json\/wp\/v2\/comments?post=178"}],"version-history":[{"count":5,"href":"https:\/\/eleves.escl.fr\/wp2\/japon\/wp-json\/wp\/v2\/pages\/178\/revisions"}],"predecessor-version":[{"id":426,"href":"https:\/\/eleves.escl.fr\/wp2\/japon\/wp-json\/wp\/v2\/pages\/178\/revisions\/426"}],"up":[{"embeddable":true,"href":"https:\/\/eleves.escl.fr\/wp2\/japon\/wp-json\/wp\/v2\/pages\/193"}],"wp:attachment":[{"href":"https:\/\/eleves.escl.fr\/wp2\/japon\/wp-json\/wp\/v2\/media?parent=178"}],"curies":[{"name":"wp","href":"https:\/\/api.w.org\/{rel}","templated":true}]}}