{"id":195,"date":"2026-02-10T14:26:00","date_gmt":"2026-02-10T13:26:00","guid":{"rendered":"https:\/\/eleves.escl.fr\/wp2\/japon\/?page_id=195"},"modified":"2026-03-22T20:37:05","modified_gmt":"2026-03-22T19:37:05","slug":"kimono","status":"publish","type":"page","link":"https:\/\/eleves.escl.fr\/wp2\/japon\/mode\/kimono\/","title":{"rendered":"KIMONO"},"content":{"rendered":"\n<figure class=\"wp-block-image alignfull size-large\"><img decoding=\"async\" src=\"https:\/\/eleves.escl.fr\/wp2\/japon\/wp-content\/uploads\/sites\/26\/2026\/03\/IMG_0059-1024x370.jpeg\" alt=\"\" class=\"wp-image-341\" \/><\/figure>\n\n\n\n<p><strong>Origine&nbsp;<\/strong>: vers le Xe si\u00e8cle<\/p>\n\n\n\n<p>Le kimono \u00e9tait autrefois le v\u00eatement quotidien au Japon. Sa forme simple convenait \u00e0 tous et ses motifs indiquaient l\u2019\u00e2ge, la saison ou le statut social. \u00c0 partir du XIXe si\u00e8cle, les v\u00eatements occidentaux le remplacent peu \u00e0 peu, mais il reste port\u00e9 lors des c\u00e9r\u00e9monies\u2026Aujourd\u2019hui, le kimono repr\u00e9sente la culture et l\u2019identit\u00e9 japonaises, et inspire fortement la mode moderne.<\/p>\n\n\n\n<p><strong>Les accessoires indispensables pour le porter :<\/strong><\/p>\n\n\n\n<ul class=\"wp-block-list\">\n<li><strong>Le Juban :&nbsp;<\/strong>Une sous-robe port\u00e9e directement sur le corps pour prot\u00e9ger le kimono de la transpiration et assurer une belle ligne au niveau du col.<\/li>\n\n\n\n<li><strong>L&rsquo;Obi :<\/strong>&nbsp;La large ceinture qui maintient le kimono ferm\u00e9. C&rsquo;est souvent l&rsquo;\u00e9l\u00e9ment le plus d\u00e9coratif.<\/li>\n\n\n\n<li><strong>Le Obijime :&nbsp;<\/strong>Une cordelette tress\u00e9e nou\u00e9e autour de l&rsquo;obi pour le maintenir en place et ajouter une touche esth\u00e9tique.<\/li>\n\n\n\n<li><strong>Le Obiage<\/strong>&nbsp;: Une \u00e9charpe de soie plac\u00e9e sous l&rsquo;obi, visible au niveau de la taille, qui sert \u00e0 maintenir la structure du n\u0153ud.<\/li>\n\n\n\n<li><strong>Le Obimakura&nbsp;<\/strong>: Un petit coussin rembourr\u00e9 utilis\u00e9 pour donner du volume et de la forme au n\u0153ud de l&rsquo;obi (surtout pour les femmes).<\/li>\n\n\n\n<li><strong>Les Tabi :<\/strong>&nbsp;Des chaussettes traditionnelles avec une s\u00e9paration entre le gros orteil et les autres, port\u00e9es avec les sandales.<\/li>\n\n\n\n<li><strong>Les Z\u014dri ou Geta :&nbsp;<\/strong>Les sandales traditionnelles port\u00e9es avec le kimono.<\/li>\n\n\n\n<li><strong>Le Datejime :<\/strong>&nbsp;Une fine ceinture rigide nou\u00e9e sous l&rsquo;obi pour maintenir fermement les couches du kimono avant de poser l&rsquo;obi d\u00e9finitif.<\/li>\n<\/ul>\n\n\n\n<figure class=\"wp-block-gallery has-nested-images columns-default is-cropped wp-block-gallery-1 is-layout-flex wp-block-gallery-is-layout-flex\">\n<figure class=\"wp-block-image size-large\"><img loading=\"lazy\" decoding=\"async\" width=\"420\" height=\"630\" data-id=\"93\" src=\"https:\/\/eleves.escl.fr\/wp2\/japon\/wp-content\/uploads\/sites\/26\/2026\/01\/kimono-violet.jpg\" alt=\"\" class=\"wp-image-93\" srcset=\"https:\/\/eleves.escl.fr\/wp2\/japon\/wp-content\/uploads\/sites\/26\/2026\/01\/kimono-violet.jpg 420w, https:\/\/eleves.escl.fr\/wp2\/japon\/wp-content\/uploads\/sites\/26\/2026\/01\/kimono-violet-200x300.jpg 200w\" sizes=\"auto, (max-width: 420px) 100vw, 420px\" \/><\/figure>\n\n\n\n<figure class=\"wp-block-image size-large\"><img loading=\"lazy\" decoding=\"async\" width=\"736\" height=\"946\" data-id=\"94\" src=\"https:\/\/eleves.escl.fr\/wp2\/japon\/wp-content\/uploads\/sites\/26\/2026\/01\/kimono-noir.jpg\" alt=\"\" class=\"wp-image-94\" srcset=\"https:\/\/eleves.escl.fr\/wp2\/japon\/wp-content\/uploads\/sites\/26\/2026\/01\/kimono-noir.jpg 736w, https:\/\/eleves.escl.fr\/wp2\/japon\/wp-content\/uploads\/sites\/26\/2026\/01\/kimono-noir-233x300.jpg 233w\" sizes=\"auto, (max-width: 736px) 100vw, 736px\" \/><\/figure>\n<\/figure>\n","protected":false},"excerpt":{"rendered":"<p>Origine&nbsp;: vers le Xe si\u00e8cle Le kimono \u00e9tait autrefois le v\u00eatement quotidien au Japon. Sa forme simple convenait \u00e0 tous et ses motifs indiquaient l\u2019\u00e2ge, la saison ou le statut social. \u00c0 partir du XIXe si\u00e8cle, les v\u00eatements occidentaux le remplacent peu \u00e0 peu, mais il reste port\u00e9 lors des c\u00e9r\u00e9monies\u2026Aujourd\u2019hui, le kimono repr\u00e9sente la [&hellip;]<\/p>\n","protected":false},"author":42,"featured_media":0,"parent":193,"menu_order":0,"comment_status":"closed","ping_status":"closed","template":"","meta":{"footnotes":""},"class_list":["post-195","page","type-page","status-publish","hentry"],"_links":{"self":[{"href":"https:\/\/eleves.escl.fr\/wp2\/japon\/wp-json\/wp\/v2\/pages\/195","targetHints":{"allow":["GET"]}}],"collection":[{"href":"https:\/\/eleves.escl.fr\/wp2\/japon\/wp-json\/wp\/v2\/pages"}],"about":[{"href":"https:\/\/eleves.escl.fr\/wp2\/japon\/wp-json\/wp\/v2\/types\/page"}],"author":[{"embeddable":true,"href":"https:\/\/eleves.escl.fr\/wp2\/japon\/wp-json\/wp\/v2\/users\/42"}],"replies":[{"embeddable":true,"href":"https:\/\/eleves.escl.fr\/wp2\/japon\/wp-json\/wp\/v2\/comments?post=195"}],"version-history":[{"count":5,"href":"https:\/\/eleves.escl.fr\/wp2\/japon\/wp-json\/wp\/v2\/pages\/195\/revisions"}],"predecessor-version":[{"id":425,"href":"https:\/\/eleves.escl.fr\/wp2\/japon\/wp-json\/wp\/v2\/pages\/195\/revisions\/425"}],"up":[{"embeddable":true,"href":"https:\/\/eleves.escl.fr\/wp2\/japon\/wp-json\/wp\/v2\/pages\/193"}],"wp:attachment":[{"href":"https:\/\/eleves.escl.fr\/wp2\/japon\/wp-json\/wp\/v2\/media?parent=195"}],"curies":[{"name":"wp","href":"https:\/\/api.w.org\/{rel}","templated":true}]}}