{"id":199,"date":"2026-02-10T14:28:20","date_gmt":"2026-02-10T13:28:20","guid":{"rendered":"https:\/\/eleves.escl.fr\/wp2\/japon\/?page_id=199"},"modified":"2026-03-22T20:37:29","modified_gmt":"2026-03-22T19:37:29","slug":"minimaliste-japonais","status":"publish","type":"page","link":"https:\/\/eleves.escl.fr\/wp2\/japon\/mode\/minimaliste-japonais\/","title":{"rendered":"MINIMALISTE JAPONAIS"},"content":{"rendered":"\n<figure class=\"wp-block-image alignfull size-large\"><img decoding=\"async\" src=\"https:\/\/eleves.escl.fr\/wp2\/japon\/wp-content\/uploads\/sites\/26\/2026\/03\/IMG_0061-1024x369.jpeg\" alt=\"\" class=\"wp-image-347\" \/><\/figure>\n\n\n\n<p><strong>Origine&nbsp;<\/strong>: ann\u00e9es 2000<\/p>\n\n\n\n<p>Ce style s\u2019inspire de la philosophie zen et de l\u2019esth\u00e9tique japonaise traditionnelle. Il privil\u00e9gie les couleurs neutres, les formes simples et la fonctionnalit\u00e9. Tr\u00e8s pr\u00e9sent dans la vie quotidienne, il refl\u00e8te une recherche d\u2019\u00e9quilibre, de sobri\u00e9t\u00e9 et de confort.<\/p>\n\n\n\n<p><strong>Caract\u00e9ristiques :<\/strong><\/p>\n\n\n\n<ul class=\"wp-block-list\">\n<li>couleurs neutres (blanc, noir, beige, gris)<\/li>\n\n\n\n<li>coupes simples et fonctionnelles<\/li>\n\n\n\n<li>mati\u00e8res naturelles<\/li>\n\n\n\n<li>\u00e9l\u00e9gance discr\u00e8te<\/li>\n<\/ul>\n\n\n\n<p><strong>Marques connues :<\/strong><\/p>\n\n\n\n<ul class=\"wp-block-list\">\n<li>Uniqlo<\/li>\n\n\n\n<li>Muji<\/li>\n\n\n\n<li>Comme des Gar\u00e7ons<\/li>\n<\/ul>\n\n\n\n<figure class=\"wp-block-gallery has-nested-images columns-default is-cropped wp-block-gallery-1 is-layout-flex wp-block-gallery-is-layout-flex\">\n<figure class=\"wp-block-image size-large\"><img loading=\"lazy\" decoding=\"async\" width=\"683\" height=\"1024\" data-id=\"101\" src=\"https:\/\/eleves.escl.fr\/wp2\/japon\/wp-content\/uploads\/sites\/26\/2026\/01\/minimaliste-3-683x1024.jpg\" alt=\"\" class=\"wp-image-101\" srcset=\"https:\/\/eleves.escl.fr\/wp2\/japon\/wp-content\/uploads\/sites\/26\/2026\/01\/minimaliste-3-683x1024.jpg 683w, https:\/\/eleves.escl.fr\/wp2\/japon\/wp-content\/uploads\/sites\/26\/2026\/01\/minimaliste-3-200x300.jpg 200w, https:\/\/eleves.escl.fr\/wp2\/japon\/wp-content\/uploads\/sites\/26\/2026\/01\/minimaliste-3.jpg 736w\" sizes=\"auto, (max-width: 683px) 100vw, 683px\" \/><\/figure>\n\n\n\n<figure class=\"wp-block-image size-large\"><img loading=\"lazy\" decoding=\"async\" width=\"576\" height=\"1024\" data-id=\"100\" src=\"https:\/\/eleves.escl.fr\/wp2\/japon\/wp-content\/uploads\/sites\/26\/2026\/01\/minimaliste-2-576x1024.jpg\" alt=\"\" class=\"wp-image-100\" srcset=\"https:\/\/eleves.escl.fr\/wp2\/japon\/wp-content\/uploads\/sites\/26\/2026\/01\/minimaliste-2-576x1024.jpg 576w, https:\/\/eleves.escl.fr\/wp2\/japon\/wp-content\/uploads\/sites\/26\/2026\/01\/minimaliste-2-169x300.jpg 169w, https:\/\/eleves.escl.fr\/wp2\/japon\/wp-content\/uploads\/sites\/26\/2026\/01\/minimaliste-2.jpg 736w\" sizes=\"auto, (max-width: 576px) 100vw, 576px\" \/><\/figure>\n\n\n\n<figure class=\"wp-block-image size-large\"><img loading=\"lazy\" decoding=\"async\" width=\"290\" height=\"290\" data-id=\"99\" src=\"https:\/\/eleves.escl.fr\/wp2\/japon\/wp-content\/uploads\/sites\/26\/2026\/01\/minimaliste-1.jpg\" alt=\"\" class=\"wp-image-99\" srcset=\"https:\/\/eleves.escl.fr\/wp2\/japon\/wp-content\/uploads\/sites\/26\/2026\/01\/minimaliste-1.jpg 290w, https:\/\/eleves.escl.fr\/wp2\/japon\/wp-content\/uploads\/sites\/26\/2026\/01\/minimaliste-1-150x150.jpg 150w, https:\/\/eleves.escl.fr\/wp2\/japon\/wp-content\/uploads\/sites\/26\/2026\/01\/minimaliste-1-100x100.jpg 100w\" sizes=\"auto, (max-width: 290px) 100vw, 290px\" \/><\/figure>\n<\/figure>\n","protected":false},"excerpt":{"rendered":"<p>Origine&nbsp;: ann\u00e9es 2000 Ce style s\u2019inspire de la philosophie zen et de l\u2019esth\u00e9tique japonaise traditionnelle. Il privil\u00e9gie les couleurs neutres, les formes simples et la fonctionnalit\u00e9. Tr\u00e8s pr\u00e9sent dans la vie quotidienne, il refl\u00e8te une recherche d\u2019\u00e9quilibre, de sobri\u00e9t\u00e9 et de confort. Caract\u00e9ristiques : Marques connues :<\/p>\n","protected":false},"author":42,"featured_media":0,"parent":193,"menu_order":0,"comment_status":"closed","ping_status":"closed","template":"","meta":{"footnotes":""},"class_list":["post-199","page","type-page","status-publish","hentry"],"_links":{"self":[{"href":"https:\/\/eleves.escl.fr\/wp2\/japon\/wp-json\/wp\/v2\/pages\/199","targetHints":{"allow":["GET"]}}],"collection":[{"href":"https:\/\/eleves.escl.fr\/wp2\/japon\/wp-json\/wp\/v2\/pages"}],"about":[{"href":"https:\/\/eleves.escl.fr\/wp2\/japon\/wp-json\/wp\/v2\/types\/page"}],"author":[{"embeddable":true,"href":"https:\/\/eleves.escl.fr\/wp2\/japon\/wp-json\/wp\/v2\/users\/42"}],"replies":[{"embeddable":true,"href":"https:\/\/eleves.escl.fr\/wp2\/japon\/wp-json\/wp\/v2\/comments?post=199"}],"version-history":[{"count":5,"href":"https:\/\/eleves.escl.fr\/wp2\/japon\/wp-json\/wp\/v2\/pages\/199\/revisions"}],"predecessor-version":[{"id":427,"href":"https:\/\/eleves.escl.fr\/wp2\/japon\/wp-json\/wp\/v2\/pages\/199\/revisions\/427"}],"up":[{"embeddable":true,"href":"https:\/\/eleves.escl.fr\/wp2\/japon\/wp-json\/wp\/v2\/pages\/193"}],"wp:attachment":[{"href":"https:\/\/eleves.escl.fr\/wp2\/japon\/wp-json\/wp\/v2\/media?parent=199"}],"curies":[{"name":"wp","href":"https:\/\/api.w.org\/{rel}","templated":true}]}}