{"id":202,"date":"2026-02-10T14:28:49","date_gmt":"2026-02-10T13:28:49","guid":{"rendered":"https:\/\/eleves.escl.fr\/wp2\/japon\/?page_id=202"},"modified":"2026-03-22T20:38:28","modified_gmt":"2026-03-22T19:38:28","slug":"streetwear","status":"publish","type":"page","link":"https:\/\/eleves.escl.fr\/wp2\/japon\/mode\/streetwear\/","title":{"rendered":"STREETWEAR"},"content":{"rendered":"\n<figure class=\"wp-block-image alignfull size-large\"><img decoding=\"async\" src=\"https:\/\/eleves.escl.fr\/wp2\/japon\/wp-content\/uploads\/sites\/26\/2026\/03\/IMG_0062-1024x364.jpeg\" alt=\"\" class=\"wp-image-349\" \/><\/figure>\n\n\n\n<p><strong>Origine :&nbsp;<\/strong>ann\u00e9es 1990, Tokyo (Shibuya \/ Harajuku)<\/p>\n\n\n\n<p>Inspir\u00e9 du hip-hop, du skate et de la mode am\u00e9ricaine, le streetwear arrive au Japon dans les ann\u00e9es 90. Les cr\u00e9ateurs japonais reprennent ces influences mais les transforment avec un grand sens du d\u00e9tail, des coupes travaill\u00e9es et une forte identit\u00e9 visuelle..<\/p>\n\n\n\n<p><strong>Caract\u00e9ristiques :<\/strong><\/p>\n\n\n\n<ul class=\"wp-block-list\">\n<li>silhouettes amples ou tr\u00e8s travaill\u00e9es<\/li>\n\n\n\n<li>superpositions (layering)<\/li>\n\n\n\n<li>forte importance des sneakers<\/li>\n\n\n\n<li>logos, r\u00e9f\u00e9rences pop ou vintage<\/li>\n<\/ul>\n\n\n\n<p><strong>Marques embl\u00e9matiques :<\/strong><\/p>\n\n\n\n<ul class=\"wp-block-list\">\n<li>A Bathing Ape (BAPE)<\/li>\n\n\n\n<li>Neighborhood<\/li>\n\n\n\n<li>WTAPS<\/li>\n\n\n\n<li>Undercover<\/li>\n\n\n\n<li>Human Made<\/li>\n<\/ul>\n\n\n\n<figure class=\"wp-block-gallery has-nested-images columns-default is-cropped wp-block-gallery-1 is-layout-flex wp-block-gallery-is-layout-flex\">\n<figure class=\"wp-block-image size-large\"><img loading=\"lazy\" decoding=\"async\" width=\"677\" height=\"1024\" data-id=\"104\" src=\"https:\/\/eleves.escl.fr\/wp2\/japon\/wp-content\/uploads\/sites\/26\/2026\/01\/street-2-677x1024.jpg\" alt=\"\" class=\"wp-image-104\" srcset=\"https:\/\/eleves.escl.fr\/wp2\/japon\/wp-content\/uploads\/sites\/26\/2026\/01\/street-2-677x1024.jpg 677w, https:\/\/eleves.escl.fr\/wp2\/japon\/wp-content\/uploads\/sites\/26\/2026\/01\/street-2-198x300.jpg 198w, https:\/\/eleves.escl.fr\/wp2\/japon\/wp-content\/uploads\/sites\/26\/2026\/01\/street-2.jpg 736w\" sizes=\"auto, (max-width: 677px) 100vw, 677px\" \/><\/figure>\n\n\n\n<figure class=\"wp-block-image size-large\"><img loading=\"lazy\" decoding=\"async\" width=\"649\" height=\"1024\" data-id=\"105\" src=\"https:\/\/eleves.escl.fr\/wp2\/japon\/wp-content\/uploads\/sites\/26\/2026\/01\/street-3-649x1024.jpg\" alt=\"\" class=\"wp-image-105\" srcset=\"https:\/\/eleves.escl.fr\/wp2\/japon\/wp-content\/uploads\/sites\/26\/2026\/01\/street-3-649x1024.jpg 649w, https:\/\/eleves.escl.fr\/wp2\/japon\/wp-content\/uploads\/sites\/26\/2026\/01\/street-3-190x300.jpg 190w, https:\/\/eleves.escl.fr\/wp2\/japon\/wp-content\/uploads\/sites\/26\/2026\/01\/street-3.jpg 736w\" sizes=\"auto, (max-width: 649px) 100vw, 649px\" \/><\/figure>\n\n\n\n<figure class=\"wp-block-image size-large\"><img loading=\"lazy\" decoding=\"async\" width=\"736\" height=\"920\" data-id=\"106\" src=\"https:\/\/eleves.escl.fr\/wp2\/japon\/wp-content\/uploads\/sites\/26\/2026\/01\/streetv-4.jpg\" alt=\"\" class=\"wp-image-106\" srcset=\"https:\/\/eleves.escl.fr\/wp2\/japon\/wp-content\/uploads\/sites\/26\/2026\/01\/streetv-4.jpg 736w, https:\/\/eleves.escl.fr\/wp2\/japon\/wp-content\/uploads\/sites\/26\/2026\/01\/streetv-4-240x300.jpg 240w\" sizes=\"auto, (max-width: 736px) 100vw, 736px\" \/><\/figure>\n<\/figure>\n","protected":false},"excerpt":{"rendered":"<p>Origine :&nbsp;ann\u00e9es 1990, Tokyo (Shibuya \/ Harajuku) Inspir\u00e9 du hip-hop, du skate et de la mode am\u00e9ricaine, le streetwear arrive au Japon dans les ann\u00e9es 90. Les cr\u00e9ateurs japonais reprennent ces influences mais les transforment avec un grand sens du d\u00e9tail, des coupes travaill\u00e9es et une forte identit\u00e9 visuelle.. Caract\u00e9ristiques : Marques embl\u00e9matiques :<\/p>\n","protected":false},"author":42,"featured_media":0,"parent":193,"menu_order":0,"comment_status":"closed","ping_status":"closed","template":"","meta":{"footnotes":""},"class_list":["post-202","page","type-page","status-publish","hentry"],"_links":{"self":[{"href":"https:\/\/eleves.escl.fr\/wp2\/japon\/wp-json\/wp\/v2\/pages\/202","targetHints":{"allow":["GET"]}}],"collection":[{"href":"https:\/\/eleves.escl.fr\/wp2\/japon\/wp-json\/wp\/v2\/pages"}],"about":[{"href":"https:\/\/eleves.escl.fr\/wp2\/japon\/wp-json\/wp\/v2\/types\/page"}],"author":[{"embeddable":true,"href":"https:\/\/eleves.escl.fr\/wp2\/japon\/wp-json\/wp\/v2\/users\/42"}],"replies":[{"embeddable":true,"href":"https:\/\/eleves.escl.fr\/wp2\/japon\/wp-json\/wp\/v2\/comments?post=202"}],"version-history":[{"count":5,"href":"https:\/\/eleves.escl.fr\/wp2\/japon\/wp-json\/wp\/v2\/pages\/202\/revisions"}],"predecessor-version":[{"id":429,"href":"https:\/\/eleves.escl.fr\/wp2\/japon\/wp-json\/wp\/v2\/pages\/202\/revisions\/429"}],"up":[{"embeddable":true,"href":"https:\/\/eleves.escl.fr\/wp2\/japon\/wp-json\/wp\/v2\/pages\/193"}],"wp:attachment":[{"href":"https:\/\/eleves.escl.fr\/wp2\/japon\/wp-json\/wp\/v2\/media?parent=202"}],"curies":[{"name":"wp","href":"https:\/\/api.w.org\/{rel}","templated":true}]}}