{"id":205,"date":"2026-02-10T14:30:01","date_gmt":"2026-02-10T13:30:01","guid":{"rendered":"https:\/\/eleves.escl.fr\/wp2\/japon\/?page_id=205"},"modified":"2026-03-22T20:36:10","modified_gmt":"2026-03-22T19:36:10","slug":"genderless","status":"publish","type":"page","link":"https:\/\/eleves.escl.fr\/wp2\/japon\/mode\/genderless\/","title":{"rendered":"GENDERLESS"},"content":{"rendered":"\n<figure class=\"wp-block-image alignfull size-large\"><img decoding=\"async\" src=\"https:\/\/eleves.escl.fr\/wp2\/japon\/wp-content\/uploads\/sites\/26\/2026\/03\/IMG_0063-1024x371.jpeg\" alt=\"\" class=\"wp-image-329\" \/><\/figure>\n\n\n\n<p><strong>Origine :&nbsp;<\/strong>ann\u00e9es 2010<\/p>\n\n\n\n<p>Ce courant remet en question les codes homme\/femme. Inspir\u00e9 en partie par la coupe droite du kimono, il propose des v\u00eatements unisexes, aux formes amples et fluides. Il refl\u00e8te une \u00e9volution des mentalit\u00e9s vers plus de libert\u00e9 d\u2019expression.<\/p>\n\n\n\n<p><strong>Caract\u00e9ristiques :<\/strong><\/p>\n\n\n\n<ul class=\"wp-block-list\">\n<li>coupes fluides<\/li>\n\n\n\n<li>v\u00eatements non genr\u00e9s<\/li>\n\n\n\n<li>libert\u00e9 d\u2019expression<\/li>\n\n\n\n<li>silhouettes modulables<\/li>\n<\/ul>\n\n\n\n<p><strong>Marques:<\/strong><\/p>\n\n\n\n<ul class=\"wp-block-list\">\n<li>HUU&nbsp;<\/li>\n\n\n\n<li>CALMER&nbsp;<\/li>\n\n\n\n<li>BAAKU&nbsp;<\/li>\n\n\n\n<li>INSCRIRE<\/li>\n\n\n\n<li>UNUSED .&nbsp;<\/li>\n\n\n\n<li>CABaN .&nbsp;<\/li>\n\n\n\n<li>W-MAGIC<\/li>\n<\/ul>\n\n\n\n<figure class=\"wp-block-gallery has-nested-images columns-default is-cropped wp-block-gallery-1 is-layout-flex wp-block-gallery-is-layout-flex\">\n<figure class=\"wp-block-image size-large\"><img loading=\"lazy\" decoding=\"async\" width=\"736\" height=\"917\" data-id=\"111\" src=\"https:\/\/eleves.escl.fr\/wp2\/japon\/wp-content\/uploads\/sites\/26\/2026\/01\/genderless-5.jpg\" alt=\"\" class=\"wp-image-111\" srcset=\"https:\/\/eleves.escl.fr\/wp2\/japon\/wp-content\/uploads\/sites\/26\/2026\/01\/genderless-5.jpg 736w, https:\/\/eleves.escl.fr\/wp2\/japon\/wp-content\/uploads\/sites\/26\/2026\/01\/genderless-5-241x300.jpg 241w\" sizes=\"auto, (max-width: 736px) 100vw, 736px\" \/><\/figure>\n\n\n\n<figure class=\"wp-block-image size-large\"><img loading=\"lazy\" decoding=\"async\" width=\"736\" height=\"981\" data-id=\"110\" src=\"https:\/\/eleves.escl.fr\/wp2\/japon\/wp-content\/uploads\/sites\/26\/2026\/01\/genderless-4.jpg\" alt=\"\" class=\"wp-image-110\" srcset=\"https:\/\/eleves.escl.fr\/wp2\/japon\/wp-content\/uploads\/sites\/26\/2026\/01\/genderless-4.jpg 736w, https:\/\/eleves.escl.fr\/wp2\/japon\/wp-content\/uploads\/sites\/26\/2026\/01\/genderless-4-225x300.jpg 225w\" sizes=\"auto, (max-width: 736px) 100vw, 736px\" \/><\/figure>\n\n\n\n<figure class=\"wp-block-image size-large\"><img loading=\"lazy\" decoding=\"async\" width=\"642\" height=\"1024\" data-id=\"109\" src=\"https:\/\/eleves.escl.fr\/wp2\/japon\/wp-content\/uploads\/sites\/26\/2026\/01\/genderless-3-642x1024.jpg\" alt=\"\" class=\"wp-image-109\" srcset=\"https:\/\/eleves.escl.fr\/wp2\/japon\/wp-content\/uploads\/sites\/26\/2026\/01\/genderless-3-642x1024.jpg 642w, https:\/\/eleves.escl.fr\/wp2\/japon\/wp-content\/uploads\/sites\/26\/2026\/01\/genderless-3-188x300.jpg 188w, https:\/\/eleves.escl.fr\/wp2\/japon\/wp-content\/uploads\/sites\/26\/2026\/01\/genderless-3.jpg 696w\" sizes=\"auto, (max-width: 642px) 100vw, 642px\" \/><\/figure>\n\n\n\n<figure class=\"wp-block-image size-large\"><img loading=\"lazy\" decoding=\"async\" width=\"574\" height=\"1024\" data-id=\"108\" src=\"https:\/\/eleves.escl.fr\/wp2\/japon\/wp-content\/uploads\/sites\/26\/2026\/01\/genderless-2-574x1024.jpg\" alt=\"\" class=\"wp-image-108\" srcset=\"https:\/\/eleves.escl.fr\/wp2\/japon\/wp-content\/uploads\/sites\/26\/2026\/01\/genderless-2-574x1024.jpg 574w, https:\/\/eleves.escl.fr\/wp2\/japon\/wp-content\/uploads\/sites\/26\/2026\/01\/genderless-2-168x300.jpg 168w, https:\/\/eleves.escl.fr\/wp2\/japon\/wp-content\/uploads\/sites\/26\/2026\/01\/genderless-2.jpg 736w\" sizes=\"auto, (max-width: 574px) 100vw, 574px\" \/><\/figure>\n\n\n\n<figure class=\"wp-block-image size-large\"><img loading=\"lazy\" decoding=\"async\" width=\"670\" height=\"1024\" data-id=\"107\" src=\"https:\/\/eleves.escl.fr\/wp2\/japon\/wp-content\/uploads\/sites\/26\/2026\/01\/genderless-1-670x1024.jpg\" alt=\"\" class=\"wp-image-107\" srcset=\"https:\/\/eleves.escl.fr\/wp2\/japon\/wp-content\/uploads\/sites\/26\/2026\/01\/genderless-1-670x1024.jpg 670w, https:\/\/eleves.escl.fr\/wp2\/japon\/wp-content\/uploads\/sites\/26\/2026\/01\/genderless-1-196x300.jpg 196w, https:\/\/eleves.escl.fr\/wp2\/japon\/wp-content\/uploads\/sites\/26\/2026\/01\/genderless-1.jpg 735w\" sizes=\"auto, (max-width: 670px) 100vw, 670px\" \/><\/figure>\n<\/figure>\n","protected":false},"excerpt":{"rendered":"<p>Origine :&nbsp;ann\u00e9es 2010 Ce courant remet en question les codes homme\/femme. Inspir\u00e9 en partie par la coupe droite du kimono, il propose des v\u00eatements unisexes, aux formes amples et fluides. Il refl\u00e8te une \u00e9volution des mentalit\u00e9s vers plus de libert\u00e9 d\u2019expression. Caract\u00e9ristiques : Marques:<\/p>\n","protected":false},"author":42,"featured_media":0,"parent":193,"menu_order":0,"comment_status":"closed","ping_status":"closed","template":"","meta":{"footnotes":""},"class_list":["post-205","page","type-page","status-publish","hentry"],"_links":{"self":[{"href":"https:\/\/eleves.escl.fr\/wp2\/japon\/wp-json\/wp\/v2\/pages\/205","targetHints":{"allow":["GET"]}}],"collection":[{"href":"https:\/\/eleves.escl.fr\/wp2\/japon\/wp-json\/wp\/v2\/pages"}],"about":[{"href":"https:\/\/eleves.escl.fr\/wp2\/japon\/wp-json\/wp\/v2\/types\/page"}],"author":[{"embeddable":true,"href":"https:\/\/eleves.escl.fr\/wp2\/japon\/wp-json\/wp\/v2\/users\/42"}],"replies":[{"embeddable":true,"href":"https:\/\/eleves.escl.fr\/wp2\/japon\/wp-json\/wp\/v2\/comments?post=205"}],"version-history":[{"count":5,"href":"https:\/\/eleves.escl.fr\/wp2\/japon\/wp-json\/wp\/v2\/pages\/205\/revisions"}],"predecessor-version":[{"id":421,"href":"https:\/\/eleves.escl.fr\/wp2\/japon\/wp-json\/wp\/v2\/pages\/205\/revisions\/421"}],"up":[{"embeddable":true,"href":"https:\/\/eleves.escl.fr\/wp2\/japon\/wp-json\/wp\/v2\/pages\/193"}],"wp:attachment":[{"href":"https:\/\/eleves.escl.fr\/wp2\/japon\/wp-json\/wp\/v2\/media?parent=205"}],"curies":[{"name":"wp","href":"https:\/\/api.w.org\/{rel}","templated":true}]}}