{"id":207,"date":"2026-02-10T14:30:24","date_gmt":"2026-02-10T13:30:24","guid":{"rendered":"https:\/\/eleves.escl.fr\/wp2\/japon\/?page_id=207"},"modified":"2026-03-22T20:35:51","modified_gmt":"2026-03-22T19:35:51","slug":"decora","status":"publish","type":"page","link":"https:\/\/eleves.escl.fr\/wp2\/japon\/mode\/decora\/","title":{"rendered":"D\u00c9CORA"},"content":{"rendered":"\n<figure class=\"wp-block-image alignfull size-large\"><img decoding=\"async\" src=\"https:\/\/eleves.escl.fr\/wp2\/japon\/wp-content\/uploads\/sites\/26\/2026\/03\/IMG_0055-1024x378.jpeg\" alt=\"\" class=\"wp-image-354\" \/><\/figure>\n\n\n\n<p><strong>Origine :&nbsp;<\/strong>fin des ann\u00e9es 1990, Harajuku<\/p>\n\n\n\n<p>N\u00e9 de la culture \u201ckawaii\u201d (mignon) japonaise et de la pop culture.<\/p>\n\n\n\n<p>Le Decora pousse l\u2019accumulation d\u2019accessoires color\u00e9s Ce style c\u00e9l\u00e8brent la joie, l\u2019enfance et l\u2019expression libre.<\/p>\n\n\n\n<p><strong>Caract\u00e9ristiques :<\/strong><\/p>\n\n\n\n<ul class=\"wp-block-list\">\n<li>accumulation d\u2019accessoires (pinces, bracelets, stickers)<\/li>\n\n\n\n<li>couleurs vives, souvent fluo<\/li>\n\n\n\n<li>looks ludiques et surcharg\u00e9s<\/li>\n\n\n\n<li>Ambiance : exub\u00e9rante, enfantine, playful<\/li>\n<\/ul>\n\n\n\n<p><strong>marque :&nbsp;<\/strong><\/p>\n\n\n\n<ul class=\"wp-block-list\">\n<li>6%DOKIDOKI&nbsp;<\/li>\n\n\n\n<li>AC\/DC RAG&nbsp;<\/li>\n\n\n\n<li>SPINNS<\/li>\n<\/ul>\n\n\n\n<figure class=\"wp-block-gallery has-nested-images columns-default is-cropped wp-block-gallery-1 is-layout-flex wp-block-gallery-is-layout-flex\">\n<figure class=\"wp-block-image size-large\"><img loading=\"lazy\" decoding=\"async\" width=\"724\" height=\"1024\" data-id=\"118\" src=\"https:\/\/eleves.escl.fr\/wp2\/japon\/wp-content\/uploads\/sites\/26\/2026\/01\/decora-3-724x1024.jpg\" alt=\"\" class=\"wp-image-118\" srcset=\"https:\/\/eleves.escl.fr\/wp2\/japon\/wp-content\/uploads\/sites\/26\/2026\/01\/decora-3-724x1024.jpg 724w, https:\/\/eleves.escl.fr\/wp2\/japon\/wp-content\/uploads\/sites\/26\/2026\/01\/decora-3-212x300.jpg 212w, https:\/\/eleves.escl.fr\/wp2\/japon\/wp-content\/uploads\/sites\/26\/2026\/01\/decora-3.jpg 735w\" sizes=\"auto, (max-width: 724px) 100vw, 724px\" \/><\/figure>\n\n\n\n<figure class=\"wp-block-image size-large\"><img loading=\"lazy\" decoding=\"async\" width=\"640\" height=\"800\" data-id=\"117\" src=\"https:\/\/eleves.escl.fr\/wp2\/japon\/wp-content\/uploads\/sites\/26\/2026\/01\/decora-2.jpg\" alt=\"\" class=\"wp-image-117\" srcset=\"https:\/\/eleves.escl.fr\/wp2\/japon\/wp-content\/uploads\/sites\/26\/2026\/01\/decora-2.jpg 640w, https:\/\/eleves.escl.fr\/wp2\/japon\/wp-content\/uploads\/sites\/26\/2026\/01\/decora-2-240x300.jpg 240w\" sizes=\"auto, (max-width: 640px) 100vw, 640px\" \/><\/figure>\n\n\n\n<figure class=\"wp-block-image size-large\"><img loading=\"lazy\" decoding=\"async\" width=\"577\" height=\"1024\" data-id=\"116\" src=\"https:\/\/eleves.escl.fr\/wp2\/japon\/wp-content\/uploads\/sites\/26\/2026\/01\/decora-1-577x1024.jpg\" alt=\"\" class=\"wp-image-116\" srcset=\"https:\/\/eleves.escl.fr\/wp2\/japon\/wp-content\/uploads\/sites\/26\/2026\/01\/decora-1-577x1024.jpg 577w, https:\/\/eleves.escl.fr\/wp2\/japon\/wp-content\/uploads\/sites\/26\/2026\/01\/decora-1-169x300.jpg 169w, https:\/\/eleves.escl.fr\/wp2\/japon\/wp-content\/uploads\/sites\/26\/2026\/01\/decora-1.jpg 736w\" sizes=\"auto, (max-width: 577px) 100vw, 577px\" \/><\/figure>\n<\/figure>\n","protected":false},"excerpt":{"rendered":"<p>Origine :&nbsp;fin des ann\u00e9es 1990, Harajuku N\u00e9 de la culture \u201ckawaii\u201d (mignon) japonaise et de la pop culture. Le Decora pousse l\u2019accumulation d\u2019accessoires color\u00e9s Ce style c\u00e9l\u00e8brent la joie, l\u2019enfance et l\u2019expression libre. Caract\u00e9ristiques : marque :&nbsp;<\/p>\n","protected":false},"author":42,"featured_media":0,"parent":193,"menu_order":0,"comment_status":"closed","ping_status":"closed","template":"","meta":{"footnotes":""},"class_list":["post-207","page","type-page","status-publish","hentry"],"_links":{"self":[{"href":"https:\/\/eleves.escl.fr\/wp2\/japon\/wp-json\/wp\/v2\/pages\/207","targetHints":{"allow":["GET"]}}],"collection":[{"href":"https:\/\/eleves.escl.fr\/wp2\/japon\/wp-json\/wp\/v2\/pages"}],"about":[{"href":"https:\/\/eleves.escl.fr\/wp2\/japon\/wp-json\/wp\/v2\/types\/page"}],"author":[{"embeddable":true,"href":"https:\/\/eleves.escl.fr\/wp2\/japon\/wp-json\/wp\/v2\/users\/42"}],"replies":[{"embeddable":true,"href":"https:\/\/eleves.escl.fr\/wp2\/japon\/wp-json\/wp\/v2\/comments?post=207"}],"version-history":[{"count":11,"href":"https:\/\/eleves.escl.fr\/wp2\/japon\/wp-json\/wp\/v2\/pages\/207\/revisions"}],"predecessor-version":[{"id":420,"href":"https:\/\/eleves.escl.fr\/wp2\/japon\/wp-json\/wp\/v2\/pages\/207\/revisions\/420"}],"up":[{"embeddable":true,"href":"https:\/\/eleves.escl.fr\/wp2\/japon\/wp-json\/wp\/v2\/pages\/193"}],"wp:attachment":[{"href":"https:\/\/eleves.escl.fr\/wp2\/japon\/wp-json\/wp\/v2\/media?parent=207"}],"curies":[{"name":"wp","href":"https:\/\/api.w.org\/{rel}","templated":true}]}}