{"id":213,"date":"2026-02-10T14:31:18","date_gmt":"2026-02-10T13:31:18","guid":{"rendered":"https:\/\/eleves.escl.fr\/wp2\/japon\/?page_id=213"},"modified":"2026-03-22T20:38:37","modified_gmt":"2026-03-22T19:38:37","slug":"visual-kei","status":"publish","type":"page","link":"https:\/\/eleves.escl.fr\/wp2\/japon\/mode\/visual-kei\/","title":{"rendered":"VISUAL KEI"},"content":{"rendered":"\n<figure class=\"wp-block-image alignfull size-large\"><img decoding=\"async\" src=\"https:\/\/eleves.escl.fr\/wp2\/japon\/wp-content\/uploads\/sites\/26\/2026\/03\/IMG_0056-1024x373.jpeg\" alt=\"\" class=\"wp-image-352\" \/><\/figure>\n\n\n\n<p><strong>Origine :&nbsp;<\/strong>fin des ann\u00e9es 1980, sc\u00e8ne rock japonaise<\/p>\n\n\n\n<p>Issu de groupes comme X Japan. \u00c0 l\u2019origine, c\u2019est un mouvement musical o\u00f9 l\u2019apparence est aussi importante que la musique : maquillage, coiffures extravagantes, looks androgynes. Il a ensuite influenc\u00e9 toute une mode alternative.<\/p>\n\n\n\n<p><strong>Caract\u00e9ristiques :<\/strong><\/p>\n\n\n\n<ul class=\"wp-block-list\">\n<li>maquillage dramatique<\/li>\n\n\n\n<li>cheveux color\u00e9s et structur\u00e9s<\/li>\n\n\n\n<li>tenues androgynes, th\u00e9\u00e2trales<\/li>\n\n\n\n<li>Groupes embl\u00e9matiques : X Japan, The Gazette<\/li>\n<\/ul>\n\n\n\n<p><strong>marque :<\/strong><\/p>\n\n\n\n<ul class=\"wp-block-list\">\n<li>h.NAOTO&nbsp;<\/li>\n\n\n\n<li>despair<\/li>\n\n\n\n<li>Kingly Mask&nbsp;<\/li>\n\n\n\n<li>Algonquins<\/li>\n\n\n\n<li>Sex Pot Revenge \/ Black Peace Now<\/li>\n<\/ul>\n\n\n\n<figure class=\"wp-block-gallery has-nested-images columns-default is-cropped wp-block-gallery-1 is-layout-flex wp-block-gallery-is-layout-flex\">\n<figure class=\"wp-block-image size-large\"><img loading=\"lazy\" decoding=\"async\" width=\"576\" height=\"1024\" data-id=\"125\" src=\"https:\/\/eleves.escl.fr\/wp2\/japon\/wp-content\/uploads\/sites\/26\/2026\/01\/vkei-3-576x1024.jpg\" alt=\"\" class=\"wp-image-125\" srcset=\"https:\/\/eleves.escl.fr\/wp2\/japon\/wp-content\/uploads\/sites\/26\/2026\/01\/vkei-3-576x1024.jpg 576w, https:\/\/eleves.escl.fr\/wp2\/japon\/wp-content\/uploads\/sites\/26\/2026\/01\/vkei-3-169x300.jpg 169w, https:\/\/eleves.escl.fr\/wp2\/japon\/wp-content\/uploads\/sites\/26\/2026\/01\/vkei-3.jpg 736w\" sizes=\"auto, (max-width: 576px) 100vw, 576px\" \/><\/figure>\n\n\n\n<figure class=\"wp-block-image size-large\"><img loading=\"lazy\" decoding=\"async\" width=\"576\" height=\"1024\" data-id=\"122\" src=\"https:\/\/eleves.escl.fr\/wp2\/japon\/wp-content\/uploads\/sites\/26\/2026\/01\/vkei-1-576x1024.jpg\" alt=\"\" class=\"wp-image-122\" srcset=\"https:\/\/eleves.escl.fr\/wp2\/japon\/wp-content\/uploads\/sites\/26\/2026\/01\/vkei-1-576x1024.jpg 576w, https:\/\/eleves.escl.fr\/wp2\/japon\/wp-content\/uploads\/sites\/26\/2026\/01\/vkei-1-169x300.jpg 169w, https:\/\/eleves.escl.fr\/wp2\/japon\/wp-content\/uploads\/sites\/26\/2026\/01\/vkei-1.jpg 736w\" sizes=\"auto, (max-width: 576px) 100vw, 576px\" \/><\/figure>\n\n\n\n<figure class=\"wp-block-image size-large\"><img loading=\"lazy\" decoding=\"async\" width=\"729\" height=\"1024\" data-id=\"124\" src=\"https:\/\/eleves.escl.fr\/wp2\/japon\/wp-content\/uploads\/sites\/26\/2026\/01\/vkei-2-729x1024.jpg\" alt=\"\" class=\"wp-image-124\" srcset=\"https:\/\/eleves.escl.fr\/wp2\/japon\/wp-content\/uploads\/sites\/26\/2026\/01\/vkei-2-729x1024.jpg 729w, https:\/\/eleves.escl.fr\/wp2\/japon\/wp-content\/uploads\/sites\/26\/2026\/01\/vkei-2-214x300.jpg 214w, https:\/\/eleves.escl.fr\/wp2\/japon\/wp-content\/uploads\/sites\/26\/2026\/01\/vkei-2.jpg 735w\" sizes=\"auto, (max-width: 729px) 100vw, 729px\" \/><\/figure>\n<\/figure>\n","protected":false},"excerpt":{"rendered":"<p>Origine :&nbsp;fin des ann\u00e9es 1980, sc\u00e8ne rock japonaise Issu de groupes comme X Japan. \u00c0 l\u2019origine, c\u2019est un mouvement musical o\u00f9 l\u2019apparence est aussi importante que la musique : maquillage, coiffures extravagantes, looks androgynes. Il a ensuite influenc\u00e9 toute une mode alternative. Caract\u00e9ristiques : marque :<\/p>\n","protected":false},"author":42,"featured_media":0,"parent":193,"menu_order":0,"comment_status":"closed","ping_status":"closed","template":"","meta":{"footnotes":""},"class_list":["post-213","page","type-page","status-publish","hentry"],"_links":{"self":[{"href":"https:\/\/eleves.escl.fr\/wp2\/japon\/wp-json\/wp\/v2\/pages\/213","targetHints":{"allow":["GET"]}}],"collection":[{"href":"https:\/\/eleves.escl.fr\/wp2\/japon\/wp-json\/wp\/v2\/pages"}],"about":[{"href":"https:\/\/eleves.escl.fr\/wp2\/japon\/wp-json\/wp\/v2\/types\/page"}],"author":[{"embeddable":true,"href":"https:\/\/eleves.escl.fr\/wp2\/japon\/wp-json\/wp\/v2\/users\/42"}],"replies":[{"embeddable":true,"href":"https:\/\/eleves.escl.fr\/wp2\/japon\/wp-json\/wp\/v2\/comments?post=213"}],"version-history":[{"count":5,"href":"https:\/\/eleves.escl.fr\/wp2\/japon\/wp-json\/wp\/v2\/pages\/213\/revisions"}],"predecessor-version":[{"id":430,"href":"https:\/\/eleves.escl.fr\/wp2\/japon\/wp-json\/wp\/v2\/pages\/213\/revisions\/430"}],"up":[{"embeddable":true,"href":"https:\/\/eleves.escl.fr\/wp2\/japon\/wp-json\/wp\/v2\/pages\/193"}],"wp:attachment":[{"href":"https:\/\/eleves.escl.fr\/wp2\/japon\/wp-json\/wp\/v2\/media?parent=213"}],"curies":[{"name":"wp","href":"https:\/\/api.w.org\/{rel}","templated":true}]}}