{"id":215,"date":"2026-02-10T14:31:45","date_gmt":"2026-02-10T13:31:45","guid":{"rendered":"https:\/\/eleves.escl.fr\/wp2\/japon\/?page_id=215"},"modified":"2026-03-22T20:36:22","modified_gmt":"2026-03-22T19:36:22","slug":"goth-punk-japonais","status":"publish","type":"page","link":"https:\/\/eleves.escl.fr\/wp2\/japon\/mode\/goth-punk-japonais\/","title":{"rendered":"GOTH\/PUNK JAPONAIS"},"content":{"rendered":"\n<figure class=\"wp-block-image alignfull size-large\"><img decoding=\"async\" src=\"https:\/\/eleves.escl.fr\/wp2\/japon\/wp-content\/uploads\/sites\/26\/2026\/03\/IMG_0058-1024x374.jpeg\" alt=\"\" class=\"wp-image-332\" \/><\/figure>\n\n\n\n<p><strong>Origine<\/strong>&nbsp;: ann\u00e9es 1990\u20132000<\/p>\n\n\n\n<p>Fortement influenc\u00e9 par le punk et le goth occidentaux, mais r\u00e9interpr\u00e9t\u00e9 \u00e0 la&nbsp;japonaise avec plus de d\u00e9tails, de romantisme et parfois des touches traditionnelles. C\u2019est une fa\u00e7on d\u2019exprimer une identit\u00e9 rebelle dans une soci\u00e9t\u00e9 tr\u00e8s codifi\u00e9e.<\/p>\n\n\n\n<p><strong>Caract\u00e9ristiques :<\/strong><\/p>\n\n\n\n<ul class=\"wp-block-list\">\n<li>cuir, clous, cha\u00eenes<\/li>\n\n\n\n<li>noir dominant<\/li>\n\n\n\n<li>influences occidentales mais r\u00e9interpr\u00e9t\u00e9es<\/li>\n<\/ul>\n\n\n\n<p><strong>Variantes :<\/strong><\/p>\n\n\n\n<ul class=\"wp-block-list\">\n<li>Angura Kei \u2013 sombre, th\u00e9\u00e2tral, plus japonais<\/li>\n\n\n\n<li>Cyber goth \u2013 futuriste, n\u00e9ons, masques<\/li>\n<\/ul>\n\n\n\n<p><strong>marques :<\/strong><\/p>\n\n\n\n<ul class=\"wp-block-list\">\n<li>h.NAOTO&nbsp;<\/li>\n\n\n\n<li>despair&nbsp;<\/li>\n\n\n\n<li>Kingly Mask&nbsp;<\/li>\n\n\n\n<li>Algonquins&nbsp;<\/li>\n\n\n\n<li>Sex Pot Revenge \/ Black Peace Now<\/li>\n<\/ul>\n\n\n\n<figure class=\"wp-block-gallery has-nested-images columns-default is-cropped wp-block-gallery-1 is-layout-flex wp-block-gallery-is-layout-flex\">\n<figure class=\"wp-block-image size-large\"><img loading=\"lazy\" decoding=\"async\" width=\"589\" height=\"1024\" data-id=\"129\" src=\"https:\/\/eleves.escl.fr\/wp2\/japon\/wp-content\/uploads\/sites\/26\/2026\/01\/punk-4-589x1024.jpg\" alt=\"\" class=\"wp-image-129\" srcset=\"https:\/\/eleves.escl.fr\/wp2\/japon\/wp-content\/uploads\/sites\/26\/2026\/01\/punk-4-589x1024.jpg 589w, https:\/\/eleves.escl.fr\/wp2\/japon\/wp-content\/uploads\/sites\/26\/2026\/01\/punk-4-173x300.jpg 173w, https:\/\/eleves.escl.fr\/wp2\/japon\/wp-content\/uploads\/sites\/26\/2026\/01\/punk-4.jpg 690w\" sizes=\"auto, (max-width: 589px) 100vw, 589px\" \/><\/figure>\n\n\n\n<figure class=\"wp-block-image size-large\"><img loading=\"lazy\" decoding=\"async\" width=\"736\" height=\"981\" data-id=\"128\" src=\"https:\/\/eleves.escl.fr\/wp2\/japon\/wp-content\/uploads\/sites\/26\/2026\/01\/punk-3.jpg\" alt=\"\" class=\"wp-image-128\" srcset=\"https:\/\/eleves.escl.fr\/wp2\/japon\/wp-content\/uploads\/sites\/26\/2026\/01\/punk-3.jpg 736w, https:\/\/eleves.escl.fr\/wp2\/japon\/wp-content\/uploads\/sites\/26\/2026\/01\/punk-3-225x300.jpg 225w\" sizes=\"auto, (max-width: 736px) 100vw, 736px\" \/><\/figure>\n\n\n\n<figure class=\"wp-block-image size-large\"><img loading=\"lazy\" decoding=\"async\" width=\"693\" height=\"1024\" data-id=\"127\" src=\"https:\/\/eleves.escl.fr\/wp2\/japon\/wp-content\/uploads\/sites\/26\/2026\/01\/punk-2-693x1024.jpg\" alt=\"\" class=\"wp-image-127\" srcset=\"https:\/\/eleves.escl.fr\/wp2\/japon\/wp-content\/uploads\/sites\/26\/2026\/01\/punk-2-693x1024.jpg 693w, https:\/\/eleves.escl.fr\/wp2\/japon\/wp-content\/uploads\/sites\/26\/2026\/01\/punk-2-203x300.jpg 203w, https:\/\/eleves.escl.fr\/wp2\/japon\/wp-content\/uploads\/sites\/26\/2026\/01\/punk-2.jpg 735w\" sizes=\"auto, (max-width: 693px) 100vw, 693px\" \/><\/figure>\n<\/figure>\n","protected":false},"excerpt":{"rendered":"<p>Origine&nbsp;: ann\u00e9es 1990\u20132000 Fortement influenc\u00e9 par le punk et le goth occidentaux, mais r\u00e9interpr\u00e9t\u00e9 \u00e0 la&nbsp;japonaise avec plus de d\u00e9tails, de romantisme et parfois des touches traditionnelles. C\u2019est une fa\u00e7on d\u2019exprimer une identit\u00e9 rebelle dans une soci\u00e9t\u00e9 tr\u00e8s codifi\u00e9e. Caract\u00e9ristiques : Variantes : marques :<\/p>\n","protected":false},"author":42,"featured_media":0,"parent":193,"menu_order":0,"comment_status":"closed","ping_status":"closed","template":"","meta":{"footnotes":""},"class_list":["post-215","page","type-page","status-publish","hentry"],"_links":{"self":[{"href":"https:\/\/eleves.escl.fr\/wp2\/japon\/wp-json\/wp\/v2\/pages\/215","targetHints":{"allow":["GET"]}}],"collection":[{"href":"https:\/\/eleves.escl.fr\/wp2\/japon\/wp-json\/wp\/v2\/pages"}],"about":[{"href":"https:\/\/eleves.escl.fr\/wp2\/japon\/wp-json\/wp\/v2\/types\/page"}],"author":[{"embeddable":true,"href":"https:\/\/eleves.escl.fr\/wp2\/japon\/wp-json\/wp\/v2\/users\/42"}],"replies":[{"embeddable":true,"href":"https:\/\/eleves.escl.fr\/wp2\/japon\/wp-json\/wp\/v2\/comments?post=215"}],"version-history":[{"count":7,"href":"https:\/\/eleves.escl.fr\/wp2\/japon\/wp-json\/wp\/v2\/pages\/215\/revisions"}],"predecessor-version":[{"id":422,"href":"https:\/\/eleves.escl.fr\/wp2\/japon\/wp-json\/wp\/v2\/pages\/215\/revisions\/422"}],"up":[{"embeddable":true,"href":"https:\/\/eleves.escl.fr\/wp2\/japon\/wp-json\/wp\/v2\/pages\/193"}],"wp:attachment":[{"href":"https:\/\/eleves.escl.fr\/wp2\/japon\/wp-json\/wp\/v2\/media?parent=215"}],"curies":[{"name":"wp","href":"https:\/\/api.w.org\/{rel}","templated":true}]}}