{"id":218,"date":"2026-02-10T14:32:13","date_gmt":"2026-02-10T13:32:13","guid":{"rendered":"https:\/\/eleves.escl.fr\/wp2\/japon\/?page_id=218"},"modified":"2026-03-22T20:36:37","modified_gmt":"2026-03-22T19:36:37","slug":"gyaru","status":"publish","type":"page","link":"https:\/\/eleves.escl.fr\/wp2\/japon\/mode\/gyaru\/","title":{"rendered":"GYARU"},"content":{"rendered":"\n<figure class=\"wp-block-image alignfull size-large\"><img decoding=\"async\" src=\"https:\/\/eleves.escl.fr\/wp2\/japon\/wp-content\/uploads\/sites\/26\/2026\/03\/IMG_0065-1024x377.jpeg\" alt=\"\" class=\"wp-image-336\" \/><\/figure>\n\n\n\n<p><strong>Origine<\/strong>&nbsp;:<\/p>\n\n\n\n<p>N\u00e9 au Japon, popularis\u00e9 dans les ann\u00e9es 1990 \u00e0 Tokyo dans le quartier de Shibuya.<\/p>\n\n\n\n<p>Le style gyaru est un mouvement rebelle contre les standards traditionnels (peau p\u00e2le, discr\u00e9tion)<\/p>\n\n\n\n<p><strong>Caract\u00e9ristiques :<\/strong><\/p>\n\n\n\n<ul class=\"wp-block-list\">\n<li>bronzage artificiel<\/li>\n\n\n\n<li>faux cils, coiffures volumineuses<\/li>\n\n\n\n<li>looks sexy &amp; flashy<\/li>\n\n\n\n<li>Cheveux d\u00e9color\u00e9s<\/li>\n<\/ul>\n\n\n\n<p><strong>marques<\/strong>:<\/p>\n\n\n\n<ul class=\"wp-block-list\">\n<li>MA*RS<\/li>\n\n\n\n<li>d.i.a.<\/li>\n\n\n\n<li>Liz Lisa<\/li>\n\n\n\n<li>Cecil McBee<\/li>\n\n\n\n<li>Rady<\/li>\n<\/ul>\n\n\n\n<figure class=\"wp-block-gallery has-nested-images columns-default is-cropped wp-block-gallery-1 is-layout-flex wp-block-gallery-is-layout-flex\">\n<figure class=\"wp-block-image size-large\"><img loading=\"lazy\" decoding=\"async\" width=\"736\" height=\"1024\" data-id=\"98\" src=\"https:\/\/eleves.escl.fr\/wp2\/japon\/wp-content\/uploads\/sites\/26\/2026\/01\/Gyaru-4.jpg\" alt=\"\" class=\"wp-image-98\" srcset=\"https:\/\/eleves.escl.fr\/wp2\/japon\/wp-content\/uploads\/sites\/26\/2026\/01\/Gyaru-4.jpg 736w, https:\/\/eleves.escl.fr\/wp2\/japon\/wp-content\/uploads\/sites\/26\/2026\/01\/Gyaru-4-216x300.jpg 216w\" sizes=\"auto, (max-width: 736px) 100vw, 736px\" \/><\/figure>\n\n\n\n<figure class=\"wp-block-image size-large\"><img loading=\"lazy\" decoding=\"async\" width=\"736\" height=\"981\" data-id=\"96\" src=\"https:\/\/eleves.escl.fr\/wp2\/japon\/wp-content\/uploads\/sites\/26\/2026\/01\/gyaru-2.jpg\" alt=\"\" class=\"wp-image-96\" srcset=\"https:\/\/eleves.escl.fr\/wp2\/japon\/wp-content\/uploads\/sites\/26\/2026\/01\/gyaru-2.jpg 736w, https:\/\/eleves.escl.fr\/wp2\/japon\/wp-content\/uploads\/sites\/26\/2026\/01\/gyaru-2-225x300.jpg 225w\" sizes=\"auto, (max-width: 736px) 100vw, 736px\" \/><\/figure>\n\n\n\n<figure class=\"wp-block-image size-large\"><img loading=\"lazy\" decoding=\"async\" width=\"640\" height=\"800\" data-id=\"97\" src=\"https:\/\/eleves.escl.fr\/wp2\/japon\/wp-content\/uploads\/sites\/26\/2026\/01\/gyaru-3.jpg\" alt=\"\" class=\"wp-image-97\" srcset=\"https:\/\/eleves.escl.fr\/wp2\/japon\/wp-content\/uploads\/sites\/26\/2026\/01\/gyaru-3.jpg 640w, https:\/\/eleves.escl.fr\/wp2\/japon\/wp-content\/uploads\/sites\/26\/2026\/01\/gyaru-3-240x300.jpg 240w\" sizes=\"auto, (max-width: 640px) 100vw, 640px\" \/><\/figure>\n<\/figure>\n","protected":false},"excerpt":{"rendered":"<p>Origine&nbsp;: N\u00e9 au Japon, popularis\u00e9 dans les ann\u00e9es 1990 \u00e0 Tokyo dans le quartier de Shibuya. Le style gyaru est un mouvement rebelle contre les standards traditionnels (peau p\u00e2le, discr\u00e9tion) Caract\u00e9ristiques : marques:<\/p>\n","protected":false},"author":42,"featured_media":0,"parent":193,"menu_order":0,"comment_status":"closed","ping_status":"closed","template":"","meta":{"footnotes":""},"class_list":["post-218","page","type-page","status-publish","hentry"],"_links":{"self":[{"href":"https:\/\/eleves.escl.fr\/wp2\/japon\/wp-json\/wp\/v2\/pages\/218","targetHints":{"allow":["GET"]}}],"collection":[{"href":"https:\/\/eleves.escl.fr\/wp2\/japon\/wp-json\/wp\/v2\/pages"}],"about":[{"href":"https:\/\/eleves.escl.fr\/wp2\/japon\/wp-json\/wp\/v2\/types\/page"}],"author":[{"embeddable":true,"href":"https:\/\/eleves.escl.fr\/wp2\/japon\/wp-json\/wp\/v2\/users\/42"}],"replies":[{"embeddable":true,"href":"https:\/\/eleves.escl.fr\/wp2\/japon\/wp-json\/wp\/v2\/comments?post=218"}],"version-history":[{"count":6,"href":"https:\/\/eleves.escl.fr\/wp2\/japon\/wp-json\/wp\/v2\/pages\/218\/revisions"}],"predecessor-version":[{"id":423,"href":"https:\/\/eleves.escl.fr\/wp2\/japon\/wp-json\/wp\/v2\/pages\/218\/revisions\/423"}],"up":[{"embeddable":true,"href":"https:\/\/eleves.escl.fr\/wp2\/japon\/wp-json\/wp\/v2\/pages\/193"}],"wp:attachment":[{"href":"https:\/\/eleves.escl.fr\/wp2\/japon\/wp-json\/wp\/v2\/media?parent=218"}],"curies":[{"name":"wp","href":"https:\/\/api.w.org\/{rel}","templated":true}]}}