{"id":309,"date":"2026-03-22T14:08:07","date_gmt":"2026-03-22T13:08:07","guid":{"rendered":"https:\/\/eleves.escl.fr\/wp2\/japon\/?page_id=309"},"modified":"2026-03-22T20:51:33","modified_gmt":"2026-03-22T19:51:33","slug":"nourriture","status":"publish","type":"page","link":"https:\/\/eleves.escl.fr\/wp2\/japon\/nourriture\/","title":{"rendered":"NOURRITURE"},"content":{"rendered":"\n<div class=\"wp-block-cover alignfull\"><img loading=\"lazy\" decoding=\"async\" width=\"576\" height=\"1024\" class=\"wp-block-cover__image-background wp-image-435 size-large\" alt=\"\" src=\"https:\/\/eleves.escl.fr\/wp2\/japon\/wp-content\/uploads\/sites\/26\/2026\/03\/IMG_0084-576x1024.jpeg\" data-object-fit=\"cover\" srcset=\"https:\/\/eleves.escl.fr\/wp2\/japon\/wp-content\/uploads\/sites\/26\/2026\/03\/IMG_0084-576x1024.jpeg 576w, https:\/\/eleves.escl.fr\/wp2\/japon\/wp-content\/uploads\/sites\/26\/2026\/03\/IMG_0084-169x300.jpeg 169w, https:\/\/eleves.escl.fr\/wp2\/japon\/wp-content\/uploads\/sites\/26\/2026\/03\/IMG_0084-768x1365.jpeg 768w, https:\/\/eleves.escl.fr\/wp2\/japon\/wp-content\/uploads\/sites\/26\/2026\/03\/IMG_0084-864x1536.jpeg 864w, https:\/\/eleves.escl.fr\/wp2\/japon\/wp-content\/uploads\/sites\/26\/2026\/03\/IMG_0084.jpeg 1080w\" sizes=\"auto, (max-width: 576px) 100vw, 576px\" \/><span aria-hidden=\"true\" class=\"wp-block-cover__background has-background-dim\" style=\"background-color:#876d5d\"><\/span><div class=\"wp-block-cover__inner-container has-global-padding is-layout-constrained wp-block-cover-is-layout-constrained\">\n<p class=\"has-text-align-center has-large-font-size\"><strong><em>Cette page explore la diversit\u00e9 de la cuisine japonaise, allant de la rigueur des plats traditionnels \u00e0 la convivialit\u00e9 de la street food des festivals<\/em><\/strong><\/p>\n<\/div><\/div>\n\n\n\n<h1 class=\"wp-block-heading has-text-align-center\"><strong>SOMMAIRE :<\/strong><\/h1>\n\n\n\n<ul class=\"wp-block-list\">\n<li> <a href=\"https:\/\/eleves.escl.fr\/wp2\/japon\/nourriture\/les-plats-traditionnels\/\" data-type=\"page\" data-id=\"311\">Les Plats Traditionnel<\/a><\/li>\n\n\n\n<li><a href=\"https:\/\/eleves.escl.fr\/wp2\/japon\/nourriture\/la-street-food-japonaise\/\" data-type=\"page\" data-id=\"313\">La Street Food Japonaise<\/a><\/li>\n\n\n\n<li><a href=\"https:\/\/eleves.escl.fr\/wp2\/japon\/nourriture\/douceurs-sucrees\/\" data-type=\"page\" data-id=\"315\">Douceurs Sucr\u00e9es<\/a><\/li>\n<\/ul>\n\n\n\n<p><\/p>\n","protected":false},"excerpt":{"rendered":"<p>SOMMAIRE :<\/p>\n","protected":false},"author":42,"featured_media":0,"parent":0,"menu_order":0,"comment_status":"closed","ping_status":"closed","template":"","meta":{"footnotes":""},"class_list":["post-309","page","type-page","status-publish","hentry"],"_links":{"self":[{"href":"https:\/\/eleves.escl.fr\/wp2\/japon\/wp-json\/wp\/v2\/pages\/309","targetHints":{"allow":["GET"]}}],"collection":[{"href":"https:\/\/eleves.escl.fr\/wp2\/japon\/wp-json\/wp\/v2\/pages"}],"about":[{"href":"https:\/\/eleves.escl.fr\/wp2\/japon\/wp-json\/wp\/v2\/types\/page"}],"author":[{"embeddable":true,"href":"https:\/\/eleves.escl.fr\/wp2\/japon\/wp-json\/wp\/v2\/users\/42"}],"replies":[{"embeddable":true,"href":"https:\/\/eleves.escl.fr\/wp2\/japon\/wp-json\/wp\/v2\/comments?post=309"}],"version-history":[{"count":5,"href":"https:\/\/eleves.escl.fr\/wp2\/japon\/wp-json\/wp\/v2\/pages\/309\/revisions"}],"predecessor-version":[{"id":436,"href":"https:\/\/eleves.escl.fr\/wp2\/japon\/wp-json\/wp\/v2\/pages\/309\/revisions\/436"}],"wp:attachment":[{"href":"https:\/\/eleves.escl.fr\/wp2\/japon\/wp-json\/wp\/v2\/media?parent=309"}],"curies":[{"name":"wp","href":"https:\/\/api.w.org\/{rel}","templated":true}]}}