{"id":311,"date":"2026-03-22T14:33:09","date_gmt":"2026-03-22T13:33:09","guid":{"rendered":"https:\/\/eleves.escl.fr\/wp2\/japon\/?page_id=311"},"modified":"2026-03-22T20:26:07","modified_gmt":"2026-03-22T19:26:07","slug":"les-plats-traditionnels","status":"publish","type":"page","link":"https:\/\/eleves.escl.fr\/wp2\/japon\/nourriture\/les-plats-traditionnels\/","title":{"rendered":"Les Plats Traditionnels"},"content":{"rendered":"\n<div class=\"wp-block-cover alignfull\" style=\"min-height:298px;aspect-ratio:unset;\"><img loading=\"lazy\" decoding=\"async\" width=\"681\" height=\"1024\" class=\"wp-block-cover__image-background wp-image-361 size-large\" alt=\"\" src=\"https:\/\/eleves.escl.fr\/wp2\/japon\/wp-content\/uploads\/sites\/26\/2026\/03\/IMG_0083-681x1024.jpeg\" data-object-fit=\"cover\" srcset=\"https:\/\/eleves.escl.fr\/wp2\/japon\/wp-content\/uploads\/sites\/26\/2026\/03\/IMG_0083-681x1024.jpeg 681w, https:\/\/eleves.escl.fr\/wp2\/japon\/wp-content\/uploads\/sites\/26\/2026\/03\/IMG_0083-199x300.jpeg 199w, https:\/\/eleves.escl.fr\/wp2\/japon\/wp-content\/uploads\/sites\/26\/2026\/03\/IMG_0083-768x1156.jpeg 768w, https:\/\/eleves.escl.fr\/wp2\/japon\/wp-content\/uploads\/sites\/26\/2026\/03\/IMG_0083.jpeg 840w\" sizes=\"auto, (max-width: 681px) 100vw, 681px\" \/><span aria-hidden=\"true\" class=\"wp-block-cover__background has-background-dim\" style=\"background-color:#776251\"><\/span><div class=\"wp-block-cover__inner-container has-global-padding is-layout-constrained wp-block-cover-is-layout-constrained\">\n<h1 class=\"wp-block-heading alignfull has-text-align-center\"><strong>Sushi (Nigiri \/ Maki<\/strong>)<\/h1>\n<\/div><\/div>\n\n\n\n<p><strong>Origine <\/strong>: \u00c9volution d&rsquo;une m\u00e9thode de conservation du poisson dans du riz ferment\u00e9 du VIIe si\u00e8cle, il est devenu une forme de fast-food \u00e0 Edo (Tokyo) au XIXe si\u00e8cle.<\/p>\n\n\n\n<p><strong>C&rsquo;est quoi ? <\/strong><br>Du riz vinaigr\u00e9 associ\u00e9 \u00e0 du poisson cru, des fruits de mer ou des l\u00e9gumes.<\/p>\n\n\n\n<p><strong>Recette (Base Riz \u00e0 Sushi) :<\/strong><\/p>\n\n\n\n<p>&nbsp;&nbsp;&nbsp;&nbsp;1.&nbsp; Cuisez du riz rond japonais.<\/p>\n\n\n\n<p>&nbsp;&nbsp;&nbsp;&nbsp;2.&nbsp; M\u00e9langez vinaigre de riz, sucre et sel (proportion 5:2:1) et chauffez l\u00e9g\u00e8rement.<\/p>\n\n\n\n<p>&nbsp;&nbsp;&nbsp;&nbsp;3.&nbsp; Versez sur le riz chaud et m\u00e9langez en ventilant pour refroidir.<\/p>\n\n\n\n<p>&nbsp;&nbsp;&nbsp;&nbsp;4.&nbsp; Fa\u00e7onnez \u00e0 la main avec une tranche de poisson frais (sashimi) ou roulez dans des algues Nori.<\/p>\n\n\n\n<div class=\"wp-block-cover alignfull\" style=\"min-height:343px;aspect-ratio:unset;\"><img loading=\"lazy\" decoding=\"async\" width=\"819\" height=\"1024\" class=\"wp-block-cover__image-background wp-image-362 size-large\" alt=\"\" src=\"https:\/\/eleves.escl.fr\/wp2\/japon\/wp-content\/uploads\/sites\/26\/2026\/03\/IMG_0082-819x1024.jpeg\" data-object-fit=\"cover\" srcset=\"https:\/\/eleves.escl.fr\/wp2\/japon\/wp-content\/uploads\/sites\/26\/2026\/03\/IMG_0082-819x1024.jpeg 819w, https:\/\/eleves.escl.fr\/wp2\/japon\/wp-content\/uploads\/sites\/26\/2026\/03\/IMG_0082-240x300.jpeg 240w, https:\/\/eleves.escl.fr\/wp2\/japon\/wp-content\/uploads\/sites\/26\/2026\/03\/IMG_0082-768x960.jpeg 768w, https:\/\/eleves.escl.fr\/wp2\/japon\/wp-content\/uploads\/sites\/26\/2026\/03\/IMG_0082.jpeg 1200w\" sizes=\"auto, (max-width: 819px) 100vw, 819px\" \/><span aria-hidden=\"true\" class=\"wp-block-cover__background has-background-dim\" style=\"background-color:#896f57\"><\/span><div class=\"wp-block-cover__inner-container has-global-padding is-layout-constrained wp-block-cover-is-layout-constrained\">\n<h1 class=\"wp-block-heading has-text-align-center\"><strong>Ramen<\/strong><\/h1>\n<\/div><\/div>\n\n\n\n<p><strong>Origine<\/strong> : Import\u00e9 de Chine \u00e0 la fin du XIXe si\u00e8cle, il est devenu le plat national populaire du Japon moderne.<\/p>\n\n\n\n<p><strong>C&rsquo;est quoi  ?<\/strong><\/p>\n\n\n\n<p>Des nouilles de bl\u00e9 alcalines servies dans un bouillon riche (porc, poulet, poisson ou miso) avec diverses garnitures.<\/p>\n\n\n\n<p><strong>Recette simplifi\u00e9e<\/strong> <\/p>\n\n\n\n<p>&nbsp;&nbsp;&nbsp;&nbsp;1.&nbsp; Pr\u00e9parez un bouillon (Dashi ou os de porc) mijot\u00e9 plusieurs heures.<\/p>\n\n\n\n<p>&nbsp;&nbsp;&nbsp;&nbsp;2.&nbsp; Assaisonnez avec sauce soja, miso ou sel.<\/p>\n\n\n\n<p>&nbsp;&nbsp;&nbsp;&nbsp;3.&nbsp; Cuisez les nouilles fra\u00eeches s\u00e9par\u00e9ment.<\/p>\n\n\n\n<p>&nbsp;&nbsp;&nbsp;&nbsp;4.&nbsp; Servez avec \u0153uf mollet marin\u00e9 , porc brais\u00e9 ,algues Nori et oignons verts.<\/p>\n\n\n\n<div class=\"wp-block-cover alignfull\" style=\"min-height:378px;aspect-ratio:unset;\"><img loading=\"lazy\" decoding=\"async\" width=\"792\" height=\"1024\" class=\"wp-block-cover__image-background wp-image-363 size-large\" alt=\"\" src=\"https:\/\/eleves.escl.fr\/wp2\/japon\/wp-content\/uploads\/sites\/26\/2026\/03\/IMG_0081-792x1024.jpeg\" data-object-fit=\"cover\" srcset=\"https:\/\/eleves.escl.fr\/wp2\/japon\/wp-content\/uploads\/sites\/26\/2026\/03\/IMG_0081-792x1024.jpeg 792w, https:\/\/eleves.escl.fr\/wp2\/japon\/wp-content\/uploads\/sites\/26\/2026\/03\/IMG_0081-232x300.jpeg 232w, https:\/\/eleves.escl.fr\/wp2\/japon\/wp-content\/uploads\/sites\/26\/2026\/03\/IMG_0081-768x993.jpeg 768w, https:\/\/eleves.escl.fr\/wp2\/japon\/wp-content\/uploads\/sites\/26\/2026\/03\/IMG_0081.jpeg 928w\" sizes=\"auto, (max-width: 792px) 100vw, 792px\" \/><span aria-hidden=\"true\" class=\"wp-block-cover__background has-background-dim\" style=\"background-color:#90653d\"><\/span><div class=\"wp-block-cover__inner-container has-global-padding is-layout-constrained wp-block-cover-is-layout-constrained\">\n<h1 class=\"wp-block-heading has-text-align-center\"><strong>Tempura<\/strong><\/h1>\n<\/div><\/div>\n\n\n\n<p><strong>Origine<\/strong> :Introduit par les missionnaires portugais \u00e0 Nagasaki au XVIe .<\/p>\n\n\n\n<p><strong>C&rsquo;est quoi ?<\/strong>Des l\u00e9gumes ou fruits de mer enrob\u00e9s d&rsquo;une p\u00e2te l\u00e9g\u00e8re et croustillante, frits rapidement.<\/p>\n\n\n\n<p><strong>Recette :<\/strong><\/p>\n\n\n\n<p>&nbsp;&nbsp;&nbsp;&nbsp;1.&nbsp; Pr\u00e9parez une p\u00e2te froide avec farine de bl\u00e9 faible en gluten et eau glac\u00e9e (parfois avec jaune d&rsquo;\u0153uf). Ne pas trop m\u00e9langer.<\/p>\n\n\n\n<p>&nbsp;&nbsp;&nbsp;&nbsp;2.&nbsp; Trempez les ingr\u00e9dients (crevettes, patate douce, aubergine) dans la p\u00e2te.<\/p>\n\n\n\n<p>&nbsp;&nbsp;&nbsp;&nbsp;3.&nbsp; Friez imm\u00e9diatement dans de l&rsquo;huile \u00e0 170-180\u00b0C jusqu&rsquo;\u00e0 ce que ce soit dor\u00e9 et croustillant.<\/p>\n\n\n\n<p>&nbsp;&nbsp;&nbsp;&nbsp;4.&nbsp; \u00c9gouttez et servez avec une sauce tentsuyu ou du sel.<\/p>\n\n\n\n<div class=\"wp-block-cover alignfull is-light\" style=\"min-height:384px;aspect-ratio:unset;\"><img loading=\"lazy\" decoding=\"async\" width=\"683\" height=\"1024\" class=\"wp-block-cover__image-background wp-image-364 size-large\" alt=\"\" src=\"https:\/\/eleves.escl.fr\/wp2\/japon\/wp-content\/uploads\/sites\/26\/2026\/03\/IMG_0080-683x1024.jpeg\" data-object-fit=\"cover\" srcset=\"https:\/\/eleves.escl.fr\/wp2\/japon\/wp-content\/uploads\/sites\/26\/2026\/03\/IMG_0080-683x1024.jpeg 683w, https:\/\/eleves.escl.fr\/wp2\/japon\/wp-content\/uploads\/sites\/26\/2026\/03\/IMG_0080-200x300.jpeg 200w, https:\/\/eleves.escl.fr\/wp2\/japon\/wp-content\/uploads\/sites\/26\/2026\/03\/IMG_0080-768x1152.jpeg 768w, https:\/\/eleves.escl.fr\/wp2\/japon\/wp-content\/uploads\/sites\/26\/2026\/03\/IMG_0080.jpeg 1024w\" sizes=\"auto, (max-width: 683px) 100vw, 683px\" \/><span aria-hidden=\"true\" class=\"wp-block-cover__background has-background-dim\" style=\"background-color:#9f8164\"><\/span><div class=\"wp-block-cover__inner-container has-global-padding is-layout-constrained wp-block-cover-is-layout-constrained\">\n<h1 class=\"wp-block-heading has-text-align-center\"><strong>Tonkatsu<\/strong><\/h1>\n<\/div><\/div>\n\n\n\n<p><strong>Origine :<\/strong>Cr\u00e9\u00e9 \u00e0 la fin du XIXe si\u00e8cle \u00e0 Tokyo, inspir\u00e9 des escalopes europ\u00e9ennes mais adapt\u00e9 au go\u00fbt japonais.<\/p>\n\n\n\n<p><strong>C&rsquo;est quoi ?<\/strong><\/p>\n\n\n\n<p>Une c\u00f4telette de porc pan\u00e9e et frite, servie avec du chou \u00e9minc\u00e9.<\/p>\n\n\n\n<p><strong>Recette<\/strong> :<\/p>\n\n\n\n<p>&nbsp;&nbsp;&nbsp;&nbsp;1.&nbsp; Aplatissez une c\u00f4te de porc (filet ou longe). Salez et poivrez.<\/p>\n\n\n\n<p>&nbsp;&nbsp;&nbsp;&nbsp;2.&nbsp; Passez dans la farine, puis l&rsquo;\u0153uf battu, puis la chapelure Panko.<\/p>\n\n\n\n<p>&nbsp;&nbsp;&nbsp;&nbsp;3.&nbsp; Friez dans l&rsquo;huile \u00e0 160-170\u00b0C jusqu&rsquo;\u00e0 cuisson compl\u00e8te.<\/p>\n\n\n\n<p>&nbsp;&nbsp;&nbsp;&nbsp;4.&nbsp; Coupez en lani\u00e8res et servez avec sauce Tonkatsu (\u00e9paisse et fruit\u00e9e) et chou cru.<\/p>\n\n\n\n<div class=\"wp-block-cover alignfull is-light\" style=\"min-height:333px;aspect-ratio:unset;\"><img loading=\"lazy\" decoding=\"async\" width=\"683\" height=\"1024\" class=\"wp-block-cover__image-background wp-image-365 size-large\" alt=\"\" src=\"https:\/\/eleves.escl.fr\/wp2\/japon\/wp-content\/uploads\/sites\/26\/2026\/03\/IMG_0079-683x1024.jpeg\" data-object-fit=\"cover\" srcset=\"https:\/\/eleves.escl.fr\/wp2\/japon\/wp-content\/uploads\/sites\/26\/2026\/03\/IMG_0079-683x1024.jpeg 683w, https:\/\/eleves.escl.fr\/wp2\/japon\/wp-content\/uploads\/sites\/26\/2026\/03\/IMG_0079-200x300.jpeg 200w, https:\/\/eleves.escl.fr\/wp2\/japon\/wp-content\/uploads\/sites\/26\/2026\/03\/IMG_0079-768x1152.jpeg 768w, https:\/\/eleves.escl.fr\/wp2\/japon\/wp-content\/uploads\/sites\/26\/2026\/03\/IMG_0079.jpeg 1024w\" sizes=\"auto, (max-width: 683px) 100vw, 683px\" \/><span aria-hidden=\"true\" class=\"wp-block-cover__background has-background-dim\" style=\"background-color:#a59584\"><\/span><div class=\"wp-block-cover__inner-container has-global-padding is-layout-constrained wp-block-cover-is-layout-constrained\">\n<h1 class=\"wp-block-heading has-text-align-center\"><strong>Bento<\/strong><\/h1>\n<\/div><\/div>\n\n\n\n<p><strong>Origine<\/strong> :\u00c9poque Kamakura (1185\u20131333), o\u00f9 le riz s\u00e9ch\u00e9 \u00e9tait emport\u00e9 pour le voyage. <\/p>\n\n\n\n<p><strong>C&rsquo;est quoi ?<\/strong><\/p>\n\n\n\n<p>Un repas complet, \u00e9quilibr\u00e9 et esth\u00e9tique, conditionn\u00e9 dans une bo\u00eete compartiment\u00e9e.<\/p>\n\n\n\n<p><strong>Recette (Assemblage) :<\/strong><\/p>\n\n\n\n<p>&nbsp;&nbsp;&nbsp;&nbsp;1.&nbsp; Remplissez un tiers de la bo\u00eete avec du riz (souvent parsem\u00e9 de graines de s\u00e9same).<\/p>\n\n\n\n<p>&nbsp;&nbsp;&nbsp;&nbsp;2.&nbsp; Ajoutez une prot\u00e9ine principale (poisson grill\u00e9, poulet teriyaki, ou un onigiri).<\/p>\n\n\n\n<p>&nbsp;&nbsp;&nbsp;&nbsp;3.&nbsp; Compl\u00e9tez avec des l\u00e9gumes (\u00e9pinards assaisonn\u00e9s, racines de lotus, tomates cerises).<\/p>\n\n\n\n<p>&nbsp;&nbsp;&nbsp;&nbsp;4.&nbsp; Ajoutez un \u00e9l\u00e9ment de conservation naturel (umeboshi &#8211; prune sal\u00e9e).<\/p>\n\n\n\n<div class=\"wp-block-cover alignfull is-light\" style=\"min-height:335px;aspect-ratio:unset;\"><img loading=\"lazy\" decoding=\"async\" width=\"576\" height=\"1024\" class=\"wp-block-cover__image-background wp-image-366 size-large\" alt=\"\" src=\"https:\/\/eleves.escl.fr\/wp2\/japon\/wp-content\/uploads\/sites\/26\/2026\/03\/IMG_0078-576x1024.jpeg\" data-object-fit=\"cover\" srcset=\"https:\/\/eleves.escl.fr\/wp2\/japon\/wp-content\/uploads\/sites\/26\/2026\/03\/IMG_0078-576x1024.jpeg 576w, https:\/\/eleves.escl.fr\/wp2\/japon\/wp-content\/uploads\/sites\/26\/2026\/03\/IMG_0078-169x300.jpeg 169w, https:\/\/eleves.escl.fr\/wp2\/japon\/wp-content\/uploads\/sites\/26\/2026\/03\/IMG_0078-768x1367.jpeg 768w, https:\/\/eleves.escl.fr\/wp2\/japon\/wp-content\/uploads\/sites\/26\/2026\/03\/IMG_0078-863x1536.jpeg 863w, https:\/\/eleves.escl.fr\/wp2\/japon\/wp-content\/uploads\/sites\/26\/2026\/03\/IMG_0078.jpeg 1151w\" sizes=\"auto, (max-width: 576px) 100vw, 576px\" \/><span aria-hidden=\"true\" class=\"wp-block-cover__background has-background-dim\" style=\"background-color:#898275\"><\/span><div class=\"wp-block-cover__inner-container has-global-padding is-layout-constrained wp-block-cover-is-layout-constrained\">\n<h1 class=\"wp-block-heading has-text-align-center\"><strong>Onigiri<\/strong><\/h1>\n<\/div><\/div>\n\n\n\n<p><strong>Origine : <\/strong>Remonte \u00e0 l&rsquo;\u00e9poque Heian (794\u20131185), utilis\u00e9 comme ration portable par les samoura\u00efs.<\/p>\n\n\n\n<p><strong>C&rsquo;est quoi ?<\/strong><\/p>\n\n\n\n<p> Une boulette de riz (souvent triangulaire ou ronde), parfois garnie et entour\u00e9e d&rsquo;algue Nori.<\/p>\n\n\n\n<p><strong>Recette<\/strong> :<\/p>\n\n\n\n<p>&nbsp;&nbsp;&nbsp;&nbsp;1.&nbsp; Prenez du riz blanc cuit encore chaud. Salez l\u00e9g\u00e8rement les mains.<\/p>\n\n\n\n<p>&nbsp;&nbsp;&nbsp;&nbsp;2.&nbsp; Creusez un trou, ins\u00e9rez une garniture (saumon grill\u00e9, prune umeboshi, thon-mayonnaise).<\/p>\n\n\n\n<p>&nbsp;&nbsp;&nbsp;&nbsp;3.&nbsp; Refermez et fa\u00e7onnez doucement en triangle ou boule sans \u00e9craser les grains.<\/p>\n\n\n\n<p>&nbsp;&nbsp;&nbsp;&nbsp;4.&nbsp; Enroulez une bande de Nori autour de la base.<\/p>\n\n\n\n<div class=\"wp-block-cover alignfull is-light\" style=\"min-height:326px;aspect-ratio:unset;\"><img loading=\"lazy\" decoding=\"async\" width=\"687\" height=\"1024\" class=\"wp-block-cover__image-background wp-image-367 size-large\" alt=\"\" src=\"https:\/\/eleves.escl.fr\/wp2\/japon\/wp-content\/uploads\/sites\/26\/2026\/03\/IMG_0077-687x1024.jpeg\" data-object-fit=\"cover\" srcset=\"https:\/\/eleves.escl.fr\/wp2\/japon\/wp-content\/uploads\/sites\/26\/2026\/03\/IMG_0077-687x1024.jpeg 687w, https:\/\/eleves.escl.fr\/wp2\/japon\/wp-content\/uploads\/sites\/26\/2026\/03\/IMG_0077-201x300.jpeg 201w, https:\/\/eleves.escl.fr\/wp2\/japon\/wp-content\/uploads\/sites\/26\/2026\/03\/IMG_0077-768x1144.jpeg 768w, https:\/\/eleves.escl.fr\/wp2\/japon\/wp-content\/uploads\/sites\/26\/2026\/03\/IMG_0077-1031x1536.jpeg 1031w, https:\/\/eleves.escl.fr\/wp2\/japon\/wp-content\/uploads\/sites\/26\/2026\/03\/IMG_0077.jpeg 1200w\" sizes=\"auto, (max-width: 687px) 100vw, 687px\" \/><span aria-hidden=\"true\" class=\"wp-block-cover__background has-background-dim\" style=\"background-color:#908578\"><\/span><div class=\"wp-block-cover__inner-container has-global-padding is-layout-constrained wp-block-cover-is-layout-constrained\">\n<h1 class=\"wp-block-heading has-text-align-center\"><strong>Miso Shiru (Soupe Miso<\/strong>)<\/h1>\n<\/div><\/div>\n\n\n\n<p><strong>Origine<\/strong> :\u00c9poque Heian, d\u00e9riv\u00e9e de la soupe de moines bouddhistes. Accompagne presque tous les repas.<\/p>\n\n\n\n<p>C&rsquo;est quoi ?Une soupe r\u00e9confortante \u00e0 base de bouillon Dashi et de p\u00e2te de soja ferment\u00e9 (Miso).<\/p>\n\n\n\n<p>* &nbsp; **Recette :**<\/p>\n\n\n\n<p>&nbsp;&nbsp;&nbsp;&nbsp;1.&nbsp; Faites chauffer de l&rsquo;eau avec des flocons de bonite et des algues Kombu pour faire un Dashi.<\/p>\n\n\n\n<p>&nbsp;&nbsp;&nbsp;&nbsp;2.&nbsp; Retirez les solides avant \u00e9bullition.<\/p>\n\n\n\n<p>&nbsp;&nbsp;&nbsp;&nbsp;3.&nbsp; D\u00e9layez la p\u00e2te de Miso (blanc ou rouge) dans un peu de bouillon, puis reversez dans la casserole (ne pas bouillir le miso).<\/p>\n\n\n\n<p>&nbsp;&nbsp;&nbsp;&nbsp;4.&nbsp; Ajoutez des d\u00e9s de tofu soyeux et des oignons verts. Servez chaud.<\/p>\n\n\n\n<div class=\"wp-block-cover alignfull\" style=\"min-height:326px;aspect-ratio:unset;\"><img loading=\"lazy\" decoding=\"async\" width=\"819\" height=\"1024\" class=\"wp-block-cover__image-background wp-image-368 size-large\" alt=\"\" src=\"https:\/\/eleves.escl.fr\/wp2\/japon\/wp-content\/uploads\/sites\/26\/2026\/03\/IMG_0076-819x1024.jpeg\" data-object-fit=\"cover\" srcset=\"https:\/\/eleves.escl.fr\/wp2\/japon\/wp-content\/uploads\/sites\/26\/2026\/03\/IMG_0076-819x1024.jpeg 819w, https:\/\/eleves.escl.fr\/wp2\/japon\/wp-content\/uploads\/sites\/26\/2026\/03\/IMG_0076-240x300.jpeg 240w, https:\/\/eleves.escl.fr\/wp2\/japon\/wp-content\/uploads\/sites\/26\/2026\/03\/IMG_0076-768x960.jpeg 768w, https:\/\/eleves.escl.fr\/wp2\/japon\/wp-content\/uploads\/sites\/26\/2026\/03\/IMG_0076.jpeg 960w\" sizes=\"auto, (max-width: 819px) 100vw, 819px\" \/><span aria-hidden=\"true\" class=\"wp-block-cover__background has-background-dim\" style=\"background-color:#765a51\"><\/span><div class=\"wp-block-cover__inner-container has-global-padding is-layout-constrained wp-block-cover-is-layout-constrained\">\n<h1 class=\"wp-block-heading has-text-align-center\"><strong>Sashimi<\/strong><\/h1>\n<\/div><\/div>\n\n\n\n<p><strong>Origine<\/strong> : Pratique ancienne de consommation de poisson cru, favoris\u00e9e par la qualit\u00e9 des eaux japonaises.<\/p>\n\n\n\n<p><strong>C&rsquo;est quoi ?<\/strong> <\/p>\n\n\n\n<p>Des tranches fines de poisson ou fruits de mer extr\u00eamement frais, servis sans riz.<\/p>\n\n\n\n<p><strong>Recette<\/strong> :<\/p>\n\n\n\n<p>&nbsp;&nbsp;&nbsp;&nbsp;1.&nbsp; S\u00e9lectionnez du poisson de qualit\u00e9 \u00ab\u00a0sashimi\u00a0\u00bb (thon, saumon, daurade, crevette).<\/p>\n\n\n\n<p>&nbsp;&nbsp;&nbsp;&nbsp;2.&nbsp; Avec un couteau tr\u00e8s aff\u00fbt\u00e9 coupez des tranches nettes contre le fil du muscle.<\/p>\n\n\n\n<p>&nbsp;&nbsp;&nbsp;&nbsp;3.&nbsp; Disposez joliment sur un lit de radis daikon r\u00e2p\u00e9 et de shiso.<\/p>\n\n\n\n<p>&nbsp;&nbsp;&nbsp;&nbsp;4.&nbsp; Servez avec sauce soja, wasabi frais et gingembre marin\u00e9<\/p>\n","protected":false},"excerpt":{"rendered":"<p>Origine : \u00c9volution d&rsquo;une m\u00e9thode de conservation du poisson dans du riz ferment\u00e9 du VIIe si\u00e8cle, il est devenu une forme de fast-food \u00e0 Edo (Tokyo) au XIXe si\u00e8cle. C&rsquo;est quoi ? Du riz vinaigr\u00e9 associ\u00e9 \u00e0 du poisson cru, des fruits de mer ou des l\u00e9gumes. Recette (Base Riz \u00e0 Sushi) : &nbsp;&nbsp;&nbsp;&nbsp;1.&nbsp; Cuisez [&hellip;]<\/p>\n","protected":false},"author":42,"featured_media":0,"parent":309,"menu_order":0,"comment_status":"closed","ping_status":"closed","template":"","meta":{"footnotes":""},"class_list":["post-311","page","type-page","status-publish","hentry"],"_links":{"self":[{"href":"https:\/\/eleves.escl.fr\/wp2\/japon\/wp-json\/wp\/v2\/pages\/311","targetHints":{"allow":["GET"]}}],"collection":[{"href":"https:\/\/eleves.escl.fr\/wp2\/japon\/wp-json\/wp\/v2\/pages"}],"about":[{"href":"https:\/\/eleves.escl.fr\/wp2\/japon\/wp-json\/wp\/v2\/types\/page"}],"author":[{"embeddable":true,"href":"https:\/\/eleves.escl.fr\/wp2\/japon\/wp-json\/wp\/v2\/users\/42"}],"replies":[{"embeddable":true,"href":"https:\/\/eleves.escl.fr\/wp2\/japon\/wp-json\/wp\/v2\/comments?post=311"}],"version-history":[{"count":6,"href":"https:\/\/eleves.escl.fr\/wp2\/japon\/wp-json\/wp\/v2\/pages\/311\/revisions"}],"predecessor-version":[{"id":391,"href":"https:\/\/eleves.escl.fr\/wp2\/japon\/wp-json\/wp\/v2\/pages\/311\/revisions\/391"}],"up":[{"embeddable":true,"href":"https:\/\/eleves.escl.fr\/wp2\/japon\/wp-json\/wp\/v2\/pages\/309"}],"wp:attachment":[{"href":"https:\/\/eleves.escl.fr\/wp2\/japon\/wp-json\/wp\/v2\/media?parent=311"}],"curies":[{"name":"wp","href":"https:\/\/api.w.org\/{rel}","templated":true}]}}