{"id":313,"date":"2026-03-22T14:54:15","date_gmt":"2026-03-22T13:54:15","guid":{"rendered":"https:\/\/eleves.escl.fr\/wp2\/japon\/?page_id=313"},"modified":"2026-03-22T20:22:14","modified_gmt":"2026-03-22T19:22:14","slug":"la-street-food-japonaise","status":"publish","type":"page","link":"https:\/\/eleves.escl.fr\/wp2\/japon\/nourriture\/la-street-food-japonaise\/","title":{"rendered":"La Street Food Japonaise"},"content":{"rendered":"\n<div class=\"wp-block-cover alignfull\" style=\"min-height:343px;aspect-ratio:unset;\"><img loading=\"lazy\" decoding=\"async\" width=\"576\" height=\"1024\" class=\"wp-block-cover__image-background wp-image-369 size-large\" alt=\"\" src=\"https:\/\/eleves.escl.fr\/wp2\/japon\/wp-content\/uploads\/sites\/26\/2026\/03\/IMG_0075-576x1024.jpeg\" data-object-fit=\"cover\" srcset=\"https:\/\/eleves.escl.fr\/wp2\/japon\/wp-content\/uploads\/sites\/26\/2026\/03\/IMG_0075-576x1024.jpeg 576w, https:\/\/eleves.escl.fr\/wp2\/japon\/wp-content\/uploads\/sites\/26\/2026\/03\/IMG_0075-169x300.jpeg 169w, https:\/\/eleves.escl.fr\/wp2\/japon\/wp-content\/uploads\/sites\/26\/2026\/03\/IMG_0075-768x1365.jpeg 768w, https:\/\/eleves.escl.fr\/wp2\/japon\/wp-content\/uploads\/sites\/26\/2026\/03\/IMG_0075.jpeg 810w\" sizes=\"auto, (max-width: 576px) 100vw, 576px\" \/><span aria-hidden=\"true\" class=\"wp-block-cover__background has-background-dim\" style=\"background-color:#786252\"><\/span><div class=\"wp-block-cover__inner-container has-global-padding is-layout-constrained wp-block-cover-is-layout-constrained\">\n<h1 class=\"wp-block-heading has-text-align-center\"><strong>Takoyaki<\/strong><\/h1>\n<\/div><\/div>\n\n\n\n<p><strong>Origine<\/strong> :Osaka, ann\u00e9es 1930. Invent\u00e9 par un vendeur de rue nomm\u00e9 Tomekichi Endo.<\/p>\n\n\n\n<p><strong>C&rsquo;est quoi ?<\/strong><\/p>\n\n\n\n<p><strong>&nbsp;<\/strong>Des boulettes sph\u00e9riques croustillantes \u00e0 l&rsquo;ext\u00e9rieur, fondantes \u00e0 l&rsquo;int\u00e9rieur, garnies de poulpe.<\/p>\n\n\n\n<p><strong>Recette<\/strong> :<\/p>\n\n\n\n<p>&nbsp;&nbsp;&nbsp;&nbsp;1.&nbsp; Pr\u00e9parez une p\u00e2te fluide (farine, dashi, \u0153uf, gingembre, oignon vert).<\/p>\n\n\n\n<p>&nbsp;&nbsp;&nbsp;&nbsp;2.&nbsp; Versez dans un moule sp\u00e9cial \u00e0 demi-sph\u00e8res chauff\u00e9 et huil\u00e9.<\/p>\n\n\n\n<p>&nbsp;&nbsp;&nbsp;&nbsp;3.&nbsp; Ajoutez un cube de poulpe cuit au centre de chaque alv\u00e9ole.<\/p>\n\n\n\n<p>&nbsp;&nbsp;&nbsp;&nbsp;4.&nbsp; Retournez les boulettes avec un pic d\u00e8s que le dessous est cuit pour former une sph\u00e8re.<\/p>\n\n\n\n<p>&nbsp;&nbsp;&nbsp;&nbsp;5.&nbsp; Garnissez de sauce Takoyaki, mayonnaise, bonite s\u00e9ch\u00e9e et algues vertes.<\/p>\n\n\n\n<div class=\"wp-block-cover alignfull is-light\" style=\"min-height:336px;aspect-ratio:unset;\"><img loading=\"lazy\" decoding=\"async\" width=\"683\" height=\"1024\" class=\"wp-block-cover__image-background wp-image-370 size-large\" alt=\"\" src=\"https:\/\/eleves.escl.fr\/wp2\/japon\/wp-content\/uploads\/sites\/26\/2026\/03\/IMG_0074-683x1024.jpeg\" data-object-fit=\"cover\" srcset=\"https:\/\/eleves.escl.fr\/wp2\/japon\/wp-content\/uploads\/sites\/26\/2026\/03\/IMG_0074-683x1024.jpeg 683w, https:\/\/eleves.escl.fr\/wp2\/japon\/wp-content\/uploads\/sites\/26\/2026\/03\/IMG_0074-200x300.jpeg 200w, https:\/\/eleves.escl.fr\/wp2\/japon\/wp-content\/uploads\/sites\/26\/2026\/03\/IMG_0074-768x1152.jpeg 768w, https:\/\/eleves.escl.fr\/wp2\/japon\/wp-content\/uploads\/sites\/26\/2026\/03\/IMG_0074.jpeg 800w\" sizes=\"auto, (max-width: 683px) 100vw, 683px\" \/><span aria-hidden=\"true\" class=\"wp-block-cover__background has-background-dim\" style=\"background-color:#928173\"><\/span><div class=\"wp-block-cover__inner-container has-global-padding is-layout-constrained wp-block-cover-is-layout-constrained\">\n<h1 class=\"wp-block-heading has-text-align-center\"><strong>Yakitori<\/strong><\/h1>\n<\/div><\/div>\n\n\n\n<p><strong>Origine<\/strong> :\u00c9poque Edo, popularis\u00e9 comme snack abordable.<\/p>\n\n\n\n<p><strong>C&rsquo;est quoi ?<\/strong><\/p>\n\n\n\n<p>Des brochettes de poulet grill\u00e9es au charbon de bois.<\/p>\n\n\n\n<p><strong>Recette<\/strong> :<\/p>\n\n\n\n<p>&nbsp;&nbsp;&nbsp;&nbsp;1.&nbsp; Coupez le poulet (blanc, cuisses, peau, foie) en morceaux r\u00e9guliers.<\/p>\n\n\n\n<p>&nbsp;&nbsp;&nbsp;&nbsp;2.&nbsp; Enfilez sur des brochettes en bambou.<\/p>\n\n\n\n<p>&nbsp;&nbsp;&nbsp;&nbsp;3.&nbsp; Grillez au charbon en retournant souvent.<\/p>\n\n\n\n<p>&nbsp;&nbsp;&nbsp;&nbsp;4.&nbsp; Badigeonnez en fin de cuisson avec une sauce Tare (soja, mirin, sak\u00e9, sucre) ou salez simplement .<\/p>\n\n\n\n<div class=\"wp-block-cover alignfull\" style=\"min-height:368px;aspect-ratio:unset;\"><img loading=\"lazy\" decoding=\"async\" width=\"1024\" height=\"1024\" class=\"wp-block-cover__image-background wp-image-371 size-full\" alt=\"\" src=\"https:\/\/eleves.escl.fr\/wp2\/japon\/wp-content\/uploads\/sites\/26\/2026\/03\/IMG_0073.jpeg\" data-object-fit=\"cover\" srcset=\"https:\/\/eleves.escl.fr\/wp2\/japon\/wp-content\/uploads\/sites\/26\/2026\/03\/IMG_0073.jpeg 1024w, https:\/\/eleves.escl.fr\/wp2\/japon\/wp-content\/uploads\/sites\/26\/2026\/03\/IMG_0073-300x300.jpeg 300w, https:\/\/eleves.escl.fr\/wp2\/japon\/wp-content\/uploads\/sites\/26\/2026\/03\/IMG_0073-150x150.jpeg 150w, https:\/\/eleves.escl.fr\/wp2\/japon\/wp-content\/uploads\/sites\/26\/2026\/03\/IMG_0073-768x768.jpeg 768w\" sizes=\"auto, (max-width: 1024px) 100vw, 1024px\" \/><span aria-hidden=\"true\" class=\"wp-block-cover__background has-background-dim\" style=\"background-color:#847561\"><\/span><div class=\"wp-block-cover__inner-container has-global-padding is-layout-constrained wp-block-cover-is-layout-constrained\">\n<h1 class=\"wp-block-heading has-text-align-center\"><strong>Okonomiyaki<\/strong><\/h1>\n<\/div><\/div>\n\n\n\n<p><strong>Origine<\/strong> :Hiroshima et Osaka (deux styles distincts). Signifie \u00ab\u00a0grill\u00e9 comme vous le souhaitez\u00a0\u00bb.<\/p>\n\n\n\n<p><strong>C&rsquo;est quoi ?<\/strong><\/p>\n\n\n\n<p>Une sorte de cr\u00eape\/pizza sal\u00e9e \u00e9paisse \u00e0 base de chou et de p\u00e2te.<\/p>\n\n\n\n<p><strong>Recette (Style Osaka) :<\/strong><\/p>\n\n\n\n<p>&nbsp;&nbsp;&nbsp;&nbsp;1.&nbsp; M\u00e9langez p\u00e2te (farine, dashi, \u0153uf), chou \u00e9minc\u00e9, oignons verts, et prot\u00e9ines au choix (porc, crevettes).<\/p>\n\n\n\n<p>&nbsp;&nbsp;&nbsp;&nbsp;2.&nbsp; Versez sur un grill plat et formez un disque.<\/p>\n\n\n\n<p>&nbsp;&nbsp;&nbsp;&nbsp;3.&nbsp; Retournez quand le dessous est dor\u00e9.<\/p>\n\n\n\n<p>&nbsp;&nbsp;&nbsp;&nbsp;4.&nbsp; Nappez de sauce Okonomiyaki, mayonnaise, bonite et algues.<\/p>\n\n\n\n<div class=\"wp-block-cover alignfull is-light\" style=\"min-height:347px;aspect-ratio:unset;\"><img loading=\"lazy\" decoding=\"async\" width=\"768\" height=\"768\" class=\"wp-block-cover__image-background wp-image-372 size-full\" alt=\"\" src=\"https:\/\/eleves.escl.fr\/wp2\/japon\/wp-content\/uploads\/sites\/26\/2026\/03\/IMG_0072.jpeg\" data-object-fit=\"cover\" srcset=\"https:\/\/eleves.escl.fr\/wp2\/japon\/wp-content\/uploads\/sites\/26\/2026\/03\/IMG_0072.jpeg 768w, https:\/\/eleves.escl.fr\/wp2\/japon\/wp-content\/uploads\/sites\/26\/2026\/03\/IMG_0072-300x300.jpeg 300w, https:\/\/eleves.escl.fr\/wp2\/japon\/wp-content\/uploads\/sites\/26\/2026\/03\/IMG_0072-150x150.jpeg 150w\" sizes=\"auto, (max-width: 768px) 100vw, 768px\" \/><span aria-hidden=\"true\" class=\"wp-block-cover__background has-background-dim\" style=\"background-color:#a88d77\"><\/span><div class=\"wp-block-cover__inner-container has-global-padding is-layout-constrained wp-block-cover-is-layout-constrained\">\n<h1 class=\"wp-block-heading has-text-align-center\"><strong>Yakisoba<\/strong><\/h1>\n<\/div><\/div>\n\n\n\n<p><strong>Origine<\/strong> :Apr\u00e8s la Seconde Guerre mondiale, utilisant des rations de nouilles am\u00e9ricaines adapt\u00e9es.<\/p>\n\n\n\n<p><strong>C&rsquo;est quoi ?<\/strong><\/p>\n\n\n\n<p>Des nouilles de bl\u00e9 saut\u00e9es au wok avec l\u00e9gumes et viande.<\/p>\n\n\n\n<p><strong>Recette :<\/strong><\/p>\n\n\n\n<p>&nbsp;&nbsp;&nbsp;&nbsp;1.&nbsp; Faites revenir porc, chou, carottes et oignons dans un wok.<\/p>\n\n\n\n<p>&nbsp;&nbsp;&nbsp;&nbsp;2.&nbsp; Ajoutez les nouilles (pr\u00e9cuites) et une sauce sp\u00e9cifique (base Worcestershire \u00e9paissie, sucre, soja).<\/p>\n\n\n\n<p>&nbsp;&nbsp;&nbsp;&nbsp;3.&nbsp; Sautenez \u00e0 feu vif jusqu&rsquo;\u00e0 ce que la sauce enrobe bien les nouilles.<\/p>\n\n\n\n<p>&nbsp;&nbsp;&nbsp;&nbsp;4.&nbsp; Servez avec gingembre rouge marin\u00e9 et bonite.<\/p>\n\n\n\n<div class=\"wp-block-cover alignfull is-light\" style=\"min-height:338px;aspect-ratio:unset;\"><img loading=\"lazy\" decoding=\"async\" width=\"1000\" height=\"666\" class=\"wp-block-cover__image-background wp-image-373 size-full\" alt=\"\" src=\"https:\/\/eleves.escl.fr\/wp2\/japon\/wp-content\/uploads\/sites\/26\/2026\/03\/IMG_0071.jpeg\" data-object-fit=\"cover\" srcset=\"https:\/\/eleves.escl.fr\/wp2\/japon\/wp-content\/uploads\/sites\/26\/2026\/03\/IMG_0071.jpeg 1000w, https:\/\/eleves.escl.fr\/wp2\/japon\/wp-content\/uploads\/sites\/26\/2026\/03\/IMG_0071-300x200.jpeg 300w, https:\/\/eleves.escl.fr\/wp2\/japon\/wp-content\/uploads\/sites\/26\/2026\/03\/IMG_0071-768x511.jpeg 768w\" sizes=\"auto, (max-width: 1000px) 100vw, 1000px\" \/><span aria-hidden=\"true\" class=\"wp-block-cover__background has-background-dim\" style=\"background-color:#d0b493\"><\/span><div class=\"wp-block-cover__inner-container has-global-padding is-layout-constrained wp-block-cover-is-layout-constrained\">\n<h1 class=\"wp-block-heading has-text-align-center\"><strong>Kushikatsu<\/strong><\/h1>\n<\/div><\/div>\n\n\n\n<p><strong>Origine<\/strong> : Quartier de Shinsekai \u00e0 Osaka, d\u00e9but du XXe si\u00e8cle.<\/p>\n\n\n\n<p><strong>C&rsquo;est quoi ?<\/strong><\/p>\n\n\n\n<p>Des brochettes de viande, l\u00e9gumes ou fromages pan\u00e9s et frits.<\/p>\n\n\n\n<p><strong>Recette :<\/strong><\/p>\n\n\n\n<p>&nbsp;&nbsp;&nbsp;&nbsp;1.&nbsp; Enfilez des morceaux de b\u0153uf, porc, l\u00e9gumes ou fromage sur des pics en bois.<\/p>\n\n\n\n<p>&nbsp;&nbsp;&nbsp;&nbsp;2.&nbsp; Panez : farine -&gt; \u0153uf -&gt; chapelure Panko.<\/p>\n\n\n\n<p>&nbsp;&nbsp;&nbsp;&nbsp;3.&nbsp; Friez dans l&rsquo;huile chaude jusqu&rsquo;\u00e0 dorure.<\/p>\n\n\n\n<p>&nbsp;&nbsp;&nbsp;&nbsp;4.&nbsp; Servez avec une sauce Worcestershire \u00e9paisse.<\/p>\n","protected":false},"excerpt":{"rendered":"<p>Origine :Osaka, ann\u00e9es 1930. Invent\u00e9 par un vendeur de rue nomm\u00e9 Tomekichi Endo. C&rsquo;est quoi ? &nbsp;Des boulettes sph\u00e9riques croustillantes \u00e0 l&rsquo;ext\u00e9rieur, fondantes \u00e0 l&rsquo;int\u00e9rieur, garnies de poulpe. Recette : &nbsp;&nbsp;&nbsp;&nbsp;1.&nbsp; Pr\u00e9parez une p\u00e2te fluide (farine, dashi, \u0153uf, gingembre, oignon vert). &nbsp;&nbsp;&nbsp;&nbsp;2.&nbsp; Versez dans un moule sp\u00e9cial \u00e0 demi-sph\u00e8res chauff\u00e9 et huil\u00e9. &nbsp;&nbsp;&nbsp;&nbsp;3.&nbsp; Ajoutez un [&hellip;]<\/p>\n","protected":false},"author":42,"featured_media":0,"parent":309,"menu_order":0,"comment_status":"closed","ping_status":"closed","template":"","meta":{"footnotes":""},"class_list":["post-313","page","type-page","status-publish","hentry"],"_links":{"self":[{"href":"https:\/\/eleves.escl.fr\/wp2\/japon\/wp-json\/wp\/v2\/pages\/313","targetHints":{"allow":["GET"]}}],"collection":[{"href":"https:\/\/eleves.escl.fr\/wp2\/japon\/wp-json\/wp\/v2\/pages"}],"about":[{"href":"https:\/\/eleves.escl.fr\/wp2\/japon\/wp-json\/wp\/v2\/types\/page"}],"author":[{"embeddable":true,"href":"https:\/\/eleves.escl.fr\/wp2\/japon\/wp-json\/wp\/v2\/users\/42"}],"replies":[{"embeddable":true,"href":"https:\/\/eleves.escl.fr\/wp2\/japon\/wp-json\/wp\/v2\/comments?post=313"}],"version-history":[{"count":4,"href":"https:\/\/eleves.escl.fr\/wp2\/japon\/wp-json\/wp\/v2\/pages\/313\/revisions"}],"predecessor-version":[{"id":387,"href":"https:\/\/eleves.escl.fr\/wp2\/japon\/wp-json\/wp\/v2\/pages\/313\/revisions\/387"}],"up":[{"embeddable":true,"href":"https:\/\/eleves.escl.fr\/wp2\/japon\/wp-json\/wp\/v2\/pages\/309"}],"wp:attachment":[{"href":"https:\/\/eleves.escl.fr\/wp2\/japon\/wp-json\/wp\/v2\/media?parent=313"}],"curies":[{"name":"wp","href":"https:\/\/api.w.org\/{rel}","templated":true}]}}