{"id":61,"date":"2026-01-13T14:58:29","date_gmt":"2026-01-13T13:58:29","guid":{"rendered":"https:\/\/eleves.escl.fr\/wp2\/japon\/?page_id=61"},"modified":"2026-02-10T14:37:09","modified_gmt":"2026-02-10T13:37:09","slug":"gaicha","status":"publish","type":"page","link":"https:\/\/eleves.escl.fr\/wp2\/japon\/culture\/gaicha\/","title":{"rendered":"GEISHAS"},"content":{"rendered":"\n<div class=\"wp-block-columns is-layout-flex wp-container-core-columns-is-layout-28f84493 wp-block-columns-is-layout-flex\">\n<div class=\"wp-block-column is-layout-flow wp-block-column-is-layout-flow\" style=\"flex-basis:66.66%\">\n<figure class=\"wp-block-image size-large\"><img loading=\"lazy\" decoding=\"async\" width=\"683\" height=\"1024\" src=\"https:\/\/eleves.escl.fr\/wp2\/japon\/wp-content\/uploads\/sites\/26\/2026\/02\/a6c420be745a245b039b4dc11819ae0f-683x1024.jpg\" alt=\"\" class=\"wp-image-161\" srcset=\"https:\/\/eleves.escl.fr\/wp2\/japon\/wp-content\/uploads\/sites\/26\/2026\/02\/a6c420be745a245b039b4dc11819ae0f-683x1024.jpg 683w, https:\/\/eleves.escl.fr\/wp2\/japon\/wp-content\/uploads\/sites\/26\/2026\/02\/a6c420be745a245b039b4dc11819ae0f-200x300.jpg 200w, https:\/\/eleves.escl.fr\/wp2\/japon\/wp-content\/uploads\/sites\/26\/2026\/02\/a6c420be745a245b039b4dc11819ae0f.jpg 720w\" sizes=\"auto, (max-width: 683px) 100vw, 683px\" \/><\/figure>\n<\/div>\n\n\n\n<div class=\"wp-block-column is-layout-flow wp-block-column-is-layout-flow\" style=\"flex-basis:33.33%\">\n<p>Les <strong>geishas<\/strong> sont des artistes traditionnelles japonaises, souvent associ\u00e9es \u00e0 l\u2019\u00e9l\u00e9gance et au raffinement. Leur r\u00f4le principal est de divertir lors de banquets ou de c\u00e9r\u00e9monies \u00e0 travers la musique, la danse, le chant et l\u2019art de la conversation. Contrairement aux id\u00e9es re\u00e7ues, les geishas ne sont pas des courtisanes, mais des femmes form\u00e9es pendant de longues ann\u00e9es pour ma\u00eetriser les arts traditionnels japonais. Elles repr\u00e9sentent aujourd\u2019hui un symbole fort de la culture et des traditions du Japon.<\/p>\n<\/div>\n<\/div>\n\n\n\n<div class=\"wp-block-columns is-layout-flex wp-container-core-columns-is-layout-28f84493 wp-block-columns-is-layout-flex\">\n<div class=\"wp-block-column is-layout-flow wp-block-column-is-layout-flow\" style=\"flex-basis:66.66%\">\n<p>L\u2019amalgame entre les <strong>geishas<\/strong> et les <strong>courtisanes<\/strong> vient principalement de malentendus historiques et culturels. Durant certaines p\u00e9riodes du Japon ancien, les geishas exer\u00e7aient dans les m\u00eames quartiers que les courtisanes, appel\u00e9s <em>oiran<\/em>, ce qui a cr\u00e9\u00e9 une confusion chez les \u00e9trangers. De plus, lors de la Seconde Guerre mondiale, certaines prostitu\u00e9es se sont pr\u00e9sent\u00e9es \u00e0 tort comme des geishas aupr\u00e8s des soldats occidentaux, renfor\u00e7ant cette id\u00e9e fausse. Enfin, les repr\u00e9sentations dans les films et les m\u00e9dias ont souvent entretenu cette confusion, en donnant une image sexualis\u00e9e des geishas, \u00e9loign\u00e9e de leur v\u00e9ritable r\u00f4le d\u2019artistes traditionnelles.<\/p>\n<\/div>\n\n\n\n<div class=\"wp-block-column is-layout-flow wp-block-column-is-layout-flow\" style=\"flex-basis:33.33%\">\n<figure class=\"wp-block-image size-large\"><img loading=\"lazy\" decoding=\"async\" width=\"640\" height=\"1024\" src=\"https:\/\/eleves.escl.fr\/wp2\/japon\/wp-content\/uploads\/sites\/26\/2026\/02\/c8edc0e37ab6972c25be32acf4b0d5fe-640x1024.jpg\" alt=\"\" class=\"wp-image-172\" srcset=\"https:\/\/eleves.escl.fr\/wp2\/japon\/wp-content\/uploads\/sites\/26\/2026\/02\/c8edc0e37ab6972c25be32acf4b0d5fe-640x1024.jpg 640w, https:\/\/eleves.escl.fr\/wp2\/japon\/wp-content\/uploads\/sites\/26\/2026\/02\/c8edc0e37ab6972c25be32acf4b0d5fe-187x300.jpg 187w, https:\/\/eleves.escl.fr\/wp2\/japon\/wp-content\/uploads\/sites\/26\/2026\/02\/c8edc0e37ab6972c25be32acf4b0d5fe.jpg 736w\" sizes=\"auto, (max-width: 640px) 100vw, 640px\" \/><\/figure>\n<\/div>\n<\/div>\n","protected":false},"excerpt":{"rendered":"<p>Les geishas sont des artistes traditionnelles japonaises, souvent associ\u00e9es \u00e0 l\u2019\u00e9l\u00e9gance et au raffinement. Leur r\u00f4le principal est de divertir lors de banquets ou de c\u00e9r\u00e9monies \u00e0 travers la musique, la danse, le chant et l\u2019art de la conversation. Contrairement aux id\u00e9es re\u00e7ues, les geishas ne sont pas des courtisanes, mais des femmes form\u00e9es pendant [&hellip;]<\/p>\n","protected":false},"author":44,"featured_media":0,"parent":25,"menu_order":0,"comment_status":"closed","ping_status":"closed","template":"","meta":{"footnotes":""},"class_list":["post-61","page","type-page","status-publish","hentry"],"_links":{"self":[{"href":"https:\/\/eleves.escl.fr\/wp2\/japon\/wp-json\/wp\/v2\/pages\/61","targetHints":{"allow":["GET"]}}],"collection":[{"href":"https:\/\/eleves.escl.fr\/wp2\/japon\/wp-json\/wp\/v2\/pages"}],"about":[{"href":"https:\/\/eleves.escl.fr\/wp2\/japon\/wp-json\/wp\/v2\/types\/page"}],"author":[{"embeddable":true,"href":"https:\/\/eleves.escl.fr\/wp2\/japon\/wp-json\/wp\/v2\/users\/44"}],"replies":[{"embeddable":true,"href":"https:\/\/eleves.escl.fr\/wp2\/japon\/wp-json\/wp\/v2\/comments?post=61"}],"version-history":[{"count":3,"href":"https:\/\/eleves.escl.fr\/wp2\/japon\/wp-json\/wp\/v2\/pages\/61\/revisions"}],"predecessor-version":[{"id":272,"href":"https:\/\/eleves.escl.fr\/wp2\/japon\/wp-json\/wp\/v2\/pages\/61\/revisions\/272"}],"up":[{"embeddable":true,"href":"https:\/\/eleves.escl.fr\/wp2\/japon\/wp-json\/wp\/v2\/pages\/25"}],"wp:attachment":[{"href":"https:\/\/eleves.escl.fr\/wp2\/japon\/wp-json\/wp\/v2\/media?parent=61"}],"curies":[{"name":"wp","href":"https:\/\/api.w.org\/{rel}","templated":true}]}}