{"id":64,"date":"2026-01-13T15:00:37","date_gmt":"2026-01-13T14:00:37","guid":{"rendered":"https:\/\/eleves.escl.fr\/wp2\/japon\/?page_id=64"},"modified":"2026-02-10T14:36:30","modified_gmt":"2026-02-10T13:36:30","slug":"architecture","status":"publish","type":"page","link":"https:\/\/eleves.escl.fr\/wp2\/japon\/culture\/architecture\/","title":{"rendered":"ARCHITECTURE"},"content":{"rendered":"\n<div class=\"wp-block-columns is-layout-flex wp-container-core-columns-is-layout-28f84493 wp-block-columns-is-layout-flex\">\n<div class=\"wp-block-column is-layout-flow wp-block-column-is-layout-flow\" style=\"flex-basis:66.66%\">\n<figure class=\"wp-block-image size-large\"><img loading=\"lazy\" decoding=\"async\" width=\"1024\" height=\"683\" src=\"https:\/\/eleves.escl.fr\/wp2\/japon\/wp-content\/uploads\/sites\/26\/2026\/01\/b44bj1og5yee1-1024x683.jpeg\" alt=\"\" class=\"wp-image-135\" style=\"aspect-ratio:1.49932588179011\" srcset=\"https:\/\/eleves.escl.fr\/wp2\/japon\/wp-content\/uploads\/sites\/26\/2026\/01\/b44bj1og5yee1-1024x683.jpeg 1024w, https:\/\/eleves.escl.fr\/wp2\/japon\/wp-content\/uploads\/sites\/26\/2026\/01\/b44bj1og5yee1-300x200.jpeg 300w, https:\/\/eleves.escl.fr\/wp2\/japon\/wp-content\/uploads\/sites\/26\/2026\/01\/b44bj1og5yee1-768x512.jpeg 768w, https:\/\/eleves.escl.fr\/wp2\/japon\/wp-content\/uploads\/sites\/26\/2026\/01\/b44bj1og5yee1.jpeg 1500w\" sizes=\"auto, (max-width: 1024px) 100vw, 1024px\" \/><\/figure>\n\n\n\n<p>Les temples japonais sont parmi les exemples les plus embl\u00e9matiques de l\u2019architecture traditionnelle. Construits principalement en bois, ils reposent sur des fondations sur\u00e9lev\u00e9es et pr\u00e9sentent des toits aux larges avant-toits courb\u00e9s, souvent recouverts de tuiles ou de chaume. Ces toits sont non seulement esth\u00e9tiques, mais servent aussi \u00e0 prot\u00e9ger les b\u00e2timents des intemp\u00e9ries. \u00c0 l\u2019int\u00e9rieur, les espaces sont ouverts et modulables gr\u00e2ce \u00e0 des cloisons l\u00e9g\u00e8res en papier ou en bois appel\u00e9es <strong>sh\u014dji<\/strong>, qui laissent passer la lumi\u00e8re et cr\u00e9ent une atmosph\u00e8re calme et m\u00e9ditative. Les temples sont souvent entour\u00e9s de jardins, de cours et de petits \u00e9tangs, int\u00e9grant la nature dans l\u2019exp\u00e9rience spirituelle. Cette architecture refl\u00e8te la philosophie bouddhiste et shinto\u00efste, o\u00f9 chaque \u00e9l\u00e9ment a une signification symbolique et o\u00f9 l\u2019harmonie avec l\u2019environnement est essentielle.<\/p>\n<\/div>\n\n\n\n<div class=\"wp-block-column is-layout-flow wp-block-column-is-layout-flow\" style=\"flex-basis:33.33%\">\n<p>L\u2019architecture japonaise traditionnelle refl\u00e8te une relation \u00e9troite entre l\u2019homme, la nature et la spiritualit\u00e9. Elle se d\u00e9veloppe \u00e0 partir de mat\u00e9riaux naturels comme le bois, le bambou et le papier, choisis pour leur l\u00e9g\u00e8ret\u00e9 et leur harmonie avec l\u2019environnement. Con\u00e7us pour s\u2019adapter au climat et aux s\u00e9ismes fr\u00e9quents, les b\u00e2timents privil\u00e9gient la simplicit\u00e9, la modularit\u00e9 et l\u2019\u00e9quilibre des formes. \u00c0 travers les maisons, les temples et les sanctuaires, l\u2019architecture japonaise traditionnelle exprime une esth\u00e9tique sobre o\u00f9 le vide, la lumi\u00e8re et la nature occupent une place essentielle.<\/p>\n<\/div>\n<\/div>\n\n\n\n<p><strong>Architecture Moderne<\/strong><\/p>\n\n\n\n<p>L\u2019architecture moderne appara\u00eet au d\u00e9but du XX\u1d49 si\u00e8cle et se distingue par l\u2019usage de nouveaux mat\u00e9riaux comme le b\u00e9ton, l\u2019acier et le verre. Elle rejette les ornements classiques et privil\u00e9gie les formes simples, fonctionnelles et \u00e9pur\u00e9es. L\u2019id\u00e9e principale est que <strong>la forme doit suivre la fonction<\/strong> : le b\u00e2timent doit avant tout r\u00e9pondre \u00e0 ses besoins pratiques. On retrouve dans l\u2019architecture moderne des lignes droites, de grandes baies vitr\u00e9es, des espaces ouverts et une volont\u00e9 de lumi\u00e8re naturelle. Des architectes comme Le Corbusier ou Mies van der Rohe ont marqu\u00e9 cette p\u00e9riode en cr\u00e9ant des maisons, des immeubles et des b\u00e2timents publics qui refl\u00e8tent innovation, rationalit\u00e9 et simplicit\u00e9.<\/p>\n","protected":false},"excerpt":{"rendered":"<p>Les temples japonais sont parmi les exemples les plus embl\u00e9matiques de l\u2019architecture traditionnelle. Construits principalement en bois, ils reposent sur des fondations sur\u00e9lev\u00e9es et pr\u00e9sentent des toits aux larges avant-toits courb\u00e9s, souvent recouverts de tuiles ou de chaume. Ces toits sont non seulement esth\u00e9tiques, mais servent aussi \u00e0 prot\u00e9ger les b\u00e2timents des intemp\u00e9ries. \u00c0 l\u2019int\u00e9rieur, [&hellip;]<\/p>\n","protected":false},"author":44,"featured_media":0,"parent":25,"menu_order":0,"comment_status":"closed","ping_status":"closed","template":"","meta":{"footnotes":""},"class_list":["post-64","page","type-page","status-publish","hentry"],"_links":{"self":[{"href":"https:\/\/eleves.escl.fr\/wp2\/japon\/wp-json\/wp\/v2\/pages\/64","targetHints":{"allow":["GET"]}}],"collection":[{"href":"https:\/\/eleves.escl.fr\/wp2\/japon\/wp-json\/wp\/v2\/pages"}],"about":[{"href":"https:\/\/eleves.escl.fr\/wp2\/japon\/wp-json\/wp\/v2\/types\/page"}],"author":[{"embeddable":true,"href":"https:\/\/eleves.escl.fr\/wp2\/japon\/wp-json\/wp\/v2\/users\/44"}],"replies":[{"embeddable":true,"href":"https:\/\/eleves.escl.fr\/wp2\/japon\/wp-json\/wp\/v2\/comments?post=64"}],"version-history":[{"count":3,"href":"https:\/\/eleves.escl.fr\/wp2\/japon\/wp-json\/wp\/v2\/pages\/64\/revisions"}],"predecessor-version":[{"id":141,"href":"https:\/\/eleves.escl.fr\/wp2\/japon\/wp-json\/wp\/v2\/pages\/64\/revisions\/141"}],"up":[{"embeddable":true,"href":"https:\/\/eleves.escl.fr\/wp2\/japon\/wp-json\/wp\/v2\/pages\/25"}],"wp:attachment":[{"href":"https:\/\/eleves.escl.fr\/wp2\/japon\/wp-json\/wp\/v2\/media?parent=64"}],"curies":[{"name":"wp","href":"https:\/\/api.w.org\/{rel}","templated":true}]}}