{"id":66,"date":"2026-01-13T15:01:12","date_gmt":"2026-01-13T14:01:12","guid":{"rendered":"https:\/\/eleves.escl.fr\/wp2\/japon\/?page_id=66"},"modified":"2026-02-10T14:37:34","modified_gmt":"2026-02-10T13:37:34","slug":"giblie","status":"publish","type":"page","link":"https:\/\/eleves.escl.fr\/wp2\/japon\/culture\/giblie\/","title":{"rendered":"GIBLIE"},"content":{"rendered":"\n<div class=\"wp-block-columns is-layout-flex wp-container-core-columns-is-layout-28f84493 wp-block-columns-is-layout-flex\">\n<div class=\"wp-block-column is-layout-flow wp-block-column-is-layout-flow\" style=\"flex-basis:33.33%\">\n<p>Hayao Miyazaki est un r\u00e9alisateur et dessinateur japonais de films d\u2019animation.<br>Il est l\u2019un des fondateurs du <strong>studio Ghibli<\/strong>, cr\u00e9\u00e9 en 1985.<br>Ses films sont connus pour leur po\u00e9sie, leur imagination et leur douceur.<br>Il aborde souvent des th\u00e8mes comme la nature, l\u2019enfance et la paix.<br>Les personnages de Miyazaki sont profonds et souvent tr\u00e8s humains.<br>Le studio Ghibli se distingue par son animation dessin\u00e9e \u00e0 la main.<br>Des films comme <em>Mon voisin Totoro<\/em> ou <em>Le Voyage de Chihiro<\/em> sont mondialement connus.<br>Son travail a marqu\u00e9 plusieurs g\u00e9n\u00e9rations.<br>Aujourd\u2019hui, Miyazaki est consid\u00e9r\u00e9 comme un ma\u00eetre de l\u2019animation japonaise.<\/p>\n<\/div>\n\n\n\n<div class=\"wp-block-column is-layout-flow wp-block-column-is-layout-flow\" style=\"flex-basis:66.66%\">\n<figure class=\"wp-block-image size-large\"><img loading=\"lazy\" decoding=\"async\" width=\"683\" height=\"1024\" src=\"https:\/\/eleves.escl.fr\/wp2\/japon\/wp-content\/uploads\/sites\/26\/2026\/02\/329daf6a24a01a2c8fa29997d6197aff-1-683x1024.jpg\" alt=\"\" class=\"wp-image-177\" srcset=\"https:\/\/eleves.escl.fr\/wp2\/japon\/wp-content\/uploads\/sites\/26\/2026\/02\/329daf6a24a01a2c8fa29997d6197aff-1-683x1024.jpg 683w, https:\/\/eleves.escl.fr\/wp2\/japon\/wp-content\/uploads\/sites\/26\/2026\/02\/329daf6a24a01a2c8fa29997d6197aff-1-200x300.jpg 200w, https:\/\/eleves.escl.fr\/wp2\/japon\/wp-content\/uploads\/sites\/26\/2026\/02\/329daf6a24a01a2c8fa29997d6197aff-1-768x1151.jpg 768w, https:\/\/eleves.escl.fr\/wp2\/japon\/wp-content\/uploads\/sites\/26\/2026\/02\/329daf6a24a01a2c8fa29997d6197aff-1.jpg 880w\" sizes=\"auto, (max-width: 683px) 100vw, 683px\" \/><\/figure>\n<\/div>\n<\/div>\n\n\n\n<div class=\"wp-block-columns is-layout-flex wp-container-core-columns-is-layout-28f84493 wp-block-columns-is-layout-flex\">\n<div class=\"wp-block-column is-layout-flow wp-block-column-is-layout-flow\" style=\"flex-basis:66.66%\">\n<p>Le studio Ghibli est un studio d\u2019animation japonais fond\u00e9 en 1985 par Hayao Miyazaki et Isao Takahata, avec le producteur Toshio Suzuki. Il na\u00eet apr\u00e8s le succ\u00e8s du film <em>Nausica\u00e4 de la Vall\u00e9e du Vent<\/em>, qui donne envie \u00e0 ses cr\u00e9ateurs de fonder un studio ind\u00e9pendant. D\u00e8s ses d\u00e9buts, Ghibli se distingue par des films d\u2019animation dessin\u00e9s \u00e0 la main, \u00e0 une \u00e9poque o\u00f9 l\u2019animation num\u00e9rique commence \u00e0 se d\u00e9velopper. Le studio conna\u00eet rapidement un grand succ\u00e8s avec des \u0153uvres comme <em>Mon voisin Totoro<\/em>, qui devient son symbole, puis <em>Princesse Mononok\u00e9<\/em> et <em>Le Voyage de Chihiro<\/em>, ce dernier remportant un Oscar en 2003. Les films Ghibli abordent des th\u00e8mes profonds comme l\u2019\u00e9cologie, la guerre, la croissance personnelle et la relation entre l\u2019homme et la nature. Au fil des ann\u00e9es, le studio devient une r\u00e9f\u00e9rence mondiale de l\u2019animation. Malgr\u00e9 plusieurs annonces de retraite de Miyazaki et des p\u00e9riodes de pause, Ghibli continue d\u2019exister et de marquer l\u2019histoire du cin\u00e9ma d\u2019animation par son style unique et intemporel.<\/p>\n<\/div>\n\n\n\n<div class=\"wp-block-column is-layout-flow wp-block-column-is-layout-flow\" style=\"flex-basis:33.33%\">\n<figure class=\"wp-block-image size-large\"><img loading=\"lazy\" decoding=\"async\" width=\"820\" height=\"1024\" src=\"https:\/\/eleves.escl.fr\/wp2\/japon\/wp-content\/uploads\/sites\/26\/2026\/02\/dcb85d51f9f59e77720d0332eac81f7a-1-1-820x1024.jpg\" alt=\"\" class=\"wp-image-181\" srcset=\"https:\/\/eleves.escl.fr\/wp2\/japon\/wp-content\/uploads\/sites\/26\/2026\/02\/dcb85d51f9f59e77720d0332eac81f7a-1-1-820x1024.jpg 820w, https:\/\/eleves.escl.fr\/wp2\/japon\/wp-content\/uploads\/sites\/26\/2026\/02\/dcb85d51f9f59e77720d0332eac81f7a-1-1-240x300.jpg 240w, https:\/\/eleves.escl.fr\/wp2\/japon\/wp-content\/uploads\/sites\/26\/2026\/02\/dcb85d51f9f59e77720d0332eac81f7a-1-1-768x959.jpg 768w, https:\/\/eleves.escl.fr\/wp2\/japon\/wp-content\/uploads\/sites\/26\/2026\/02\/dcb85d51f9f59e77720d0332eac81f7a-1-1.jpg 1080w\" sizes=\"auto, (max-width: 820px) 100vw, 820px\" \/><\/figure>\n<\/div>\n<\/div>\n","protected":false},"excerpt":{"rendered":"<p>Hayao Miyazaki est un r\u00e9alisateur et dessinateur japonais de films d\u2019animation.Il est l\u2019un des fondateurs du studio Ghibli, cr\u00e9\u00e9 en 1985.Ses films sont connus pour leur po\u00e9sie, leur imagination et leur douceur.Il aborde souvent des th\u00e8mes comme la nature, l\u2019enfance et la paix.Les personnages de Miyazaki sont profonds et souvent tr\u00e8s humains.Le studio Ghibli se [&hellip;]<\/p>\n","protected":false},"author":44,"featured_media":0,"parent":25,"menu_order":0,"comment_status":"closed","ping_status":"closed","template":"","meta":{"footnotes":""},"class_list":["post-66","page","type-page","status-publish","hentry"],"_links":{"self":[{"href":"https:\/\/eleves.escl.fr\/wp2\/japon\/wp-json\/wp\/v2\/pages\/66","targetHints":{"allow":["GET"]}}],"collection":[{"href":"https:\/\/eleves.escl.fr\/wp2\/japon\/wp-json\/wp\/v2\/pages"}],"about":[{"href":"https:\/\/eleves.escl.fr\/wp2\/japon\/wp-json\/wp\/v2\/types\/page"}],"author":[{"embeddable":true,"href":"https:\/\/eleves.escl.fr\/wp2\/japon\/wp-json\/wp\/v2\/users\/44"}],"replies":[{"embeddable":true,"href":"https:\/\/eleves.escl.fr\/wp2\/japon\/wp-json\/wp\/v2\/comments?post=66"}],"version-history":[{"count":2,"href":"https:\/\/eleves.escl.fr\/wp2\/japon\/wp-json\/wp\/v2\/pages\/66\/revisions"}],"predecessor-version":[{"id":185,"href":"https:\/\/eleves.escl.fr\/wp2\/japon\/wp-json\/wp\/v2\/pages\/66\/revisions\/185"}],"up":[{"embeddable":true,"href":"https:\/\/eleves.escl.fr\/wp2\/japon\/wp-json\/wp\/v2\/pages\/25"}],"wp:attachment":[{"href":"https:\/\/eleves.escl.fr\/wp2\/japon\/wp-json\/wp\/v2\/media?parent=66"}],"curies":[{"name":"wp","href":"https:\/\/api.w.org\/{rel}","templated":true}]}}