{"id":68,"date":"2026-01-13T15:01:51","date_gmt":"2026-01-13T14:01:51","guid":{"rendered":"https:\/\/eleves.escl.fr\/wp2\/japon\/?page_id=68"},"modified":"2026-02-10T14:38:08","modified_gmt":"2026-02-10T13:38:08","slug":"jeu-video","status":"publish","type":"page","link":"https:\/\/eleves.escl.fr\/wp2\/japon\/culture\/jeu-video\/","title":{"rendered":"JEU VIDEO"},"content":{"rendered":"\n<div class=\"wp-block-columns is-layout-flex wp-container-core-columns-is-layout-28f84493 wp-block-columns-is-layout-flex\">\n<div class=\"wp-block-column is-layout-flow wp-block-column-is-layout-flow\">\n<p>Le jeu vid\u00e9o occupe une place majeure dans la culture japonaise depuis les ann\u00e9es 1970. Le Japon s\u2019impose rapidement comme un acteur central de cette industrie gr\u00e2ce \u00e0 des entreprises innovantes et cr\u00e9atives. Nintendo joue un r\u00f4le cl\u00e9 dans cette histoire : fond\u00e9e \u00e0 l\u2019origine comme une entreprise de cartes \u00e0 jouer, elle r\u00e9volutionne le jeu vid\u00e9o dans les ann\u00e9es 1980 avec la Famicom (NES) et des licences devenues mythiques comme <em>Mario<\/em> ou <em>Zelda<\/em>. Dans les ann\u00e9es 1990, la sortie de <em>Pok\u00e9mon<\/em> sur Game Boy marque un tournant mondial. La franchise devient un ph\u00e9nom\u00e8ne culturel, m\u00ealant jeux vid\u00e9o, dessins anim\u00e9s, cartes et produits d\u00e9riv\u00e9s, et influence encore aujourd\u2019hui plusieurs g\u00e9n\u00e9rations.<\/p>\n\n\n\n<p>Parall\u00e8lement, le Japon d\u00e9veloppe des genres uniques comme les <strong>visual novels<\/strong>, des jeux narratifs centr\u00e9s sur l\u2019histoire, les choix du joueur et les \u00e9motions. Tr\u00e8s populaires au Japon, ils montrent que le jeu vid\u00e9o peut \u00eatre un v\u00e9ritable moyen d\u2019expression artistique et litt\u00e9raire. Ainsi, le jeu vid\u00e9o japonais n\u2019est pas seulement un divertissement, mais un \u00e9l\u00e9ment essentiel de la culture contemporaine, reconnu dans le monde entier pour sa cr\u00e9ativit\u00e9 et son influence.<\/p>\n<\/div>\n\n\n\n<div class=\"wp-block-column is-layout-flow wp-block-column-is-layout-flow\">\n<figure class=\"wp-block-image size-large\"><img loading=\"lazy\" decoding=\"async\" width=\"768\" height=\"1024\" src=\"https:\/\/eleves.escl.fr\/wp2\/japon\/wp-content\/uploads\/sites\/26\/2026\/02\/5aefbef8f1f31a9b1e542443370b5c2f-1-768x1024.jpg\" alt=\"\" class=\"wp-image-210\" srcset=\"https:\/\/eleves.escl.fr\/wp2\/japon\/wp-content\/uploads\/sites\/26\/2026\/02\/5aefbef8f1f31a9b1e542443370b5c2f-1-768x1024.jpg 768w, https:\/\/eleves.escl.fr\/wp2\/japon\/wp-content\/uploads\/sites\/26\/2026\/02\/5aefbef8f1f31a9b1e542443370b5c2f-1-225x300.jpg 225w, https:\/\/eleves.escl.fr\/wp2\/japon\/wp-content\/uploads\/sites\/26\/2026\/02\/5aefbef8f1f31a9b1e542443370b5c2f-1.jpg 900w\" sizes=\"auto, (max-width: 768px) 100vw, 768px\" \/><\/figure>\n\n\n\n<figure class=\"wp-block-image size-full\"><img loading=\"lazy\" decoding=\"async\" width=\"800\" height=\"600\" src=\"https:\/\/eleves.escl.fr\/wp2\/japon\/wp-content\/uploads\/sites\/26\/2026\/02\/7e20768f97a40a7412bde451c2a7300b.jpg\" alt=\"\" class=\"wp-image-212\" srcset=\"https:\/\/eleves.escl.fr\/wp2\/japon\/wp-content\/uploads\/sites\/26\/2026\/02\/7e20768f97a40a7412bde451c2a7300b.jpg 800w, https:\/\/eleves.escl.fr\/wp2\/japon\/wp-content\/uploads\/sites\/26\/2026\/02\/7e20768f97a40a7412bde451c2a7300b-300x225.jpg 300w, https:\/\/eleves.escl.fr\/wp2\/japon\/wp-content\/uploads\/sites\/26\/2026\/02\/7e20768f97a40a7412bde451c2a7300b-768x576.jpg 768w\" sizes=\"auto, (max-width: 800px) 100vw, 800px\" \/><\/figure>\n\n\n\n<figure class=\"wp-block-image size-full\"><img loading=\"lazy\" decoding=\"async\" width=\"400\" height=\"400\" src=\"https:\/\/eleves.escl.fr\/wp2\/japon\/wp-content\/uploads\/sites\/26\/2026\/02\/e75a1a80c955a61abf19d1cfbf57d7f8.jpg\" alt=\"\" class=\"wp-image-216\" srcset=\"https:\/\/eleves.escl.fr\/wp2\/japon\/wp-content\/uploads\/sites\/26\/2026\/02\/e75a1a80c955a61abf19d1cfbf57d7f8.jpg 400w, https:\/\/eleves.escl.fr\/wp2\/japon\/wp-content\/uploads\/sites\/26\/2026\/02\/e75a1a80c955a61abf19d1cfbf57d7f8-300x300.jpg 300w, https:\/\/eleves.escl.fr\/wp2\/japon\/wp-content\/uploads\/sites\/26\/2026\/02\/e75a1a80c955a61abf19d1cfbf57d7f8-150x150.jpg 150w\" sizes=\"auto, (max-width: 400px) 100vw, 400px\" \/><\/figure>\n\n\n\n<figure class=\"wp-block-image size-full\"><img loading=\"lazy\" decoding=\"async\" width=\"736\" height=\"981\" src=\"https:\/\/eleves.escl.fr\/wp2\/japon\/wp-content\/uploads\/sites\/26\/2026\/02\/e4d758ee57876543eadb238b77eb3cb4.jpg\" alt=\"\" class=\"wp-image-220\" srcset=\"https:\/\/eleves.escl.fr\/wp2\/japon\/wp-content\/uploads\/sites\/26\/2026\/02\/e4d758ee57876543eadb238b77eb3cb4.jpg 736w, https:\/\/eleves.escl.fr\/wp2\/japon\/wp-content\/uploads\/sites\/26\/2026\/02\/e4d758ee57876543eadb238b77eb3cb4-225x300.jpg 225w\" sizes=\"auto, (max-width: 736px) 100vw, 736px\" \/><\/figure>\n<\/div>\n<\/div>\n\n\n\n<p><\/p>\n","protected":false},"excerpt":{"rendered":"<p>Le jeu vid\u00e9o occupe une place majeure dans la culture japonaise depuis les ann\u00e9es 1970. Le Japon s\u2019impose rapidement comme un acteur central de cette industrie gr\u00e2ce \u00e0 des entreprises innovantes et cr\u00e9atives. Nintendo joue un r\u00f4le cl\u00e9 dans cette histoire : fond\u00e9e \u00e0 l\u2019origine comme une entreprise de cartes \u00e0 jouer, elle r\u00e9volutionne le [&hellip;]<\/p>\n","protected":false},"author":44,"featured_media":0,"parent":25,"menu_order":0,"comment_status":"closed","ping_status":"closed","template":"","meta":{"footnotes":""},"class_list":["post-68","page","type-page","status-publish","hentry"],"_links":{"self":[{"href":"https:\/\/eleves.escl.fr\/wp2\/japon\/wp-json\/wp\/v2\/pages\/68","targetHints":{"allow":["GET"]}}],"collection":[{"href":"https:\/\/eleves.escl.fr\/wp2\/japon\/wp-json\/wp\/v2\/pages"}],"about":[{"href":"https:\/\/eleves.escl.fr\/wp2\/japon\/wp-json\/wp\/v2\/types\/page"}],"author":[{"embeddable":true,"href":"https:\/\/eleves.escl.fr\/wp2\/japon\/wp-json\/wp\/v2\/users\/44"}],"replies":[{"embeddable":true,"href":"https:\/\/eleves.escl.fr\/wp2\/japon\/wp-json\/wp\/v2\/comments?post=68"}],"version-history":[{"count":2,"href":"https:\/\/eleves.escl.fr\/wp2\/japon\/wp-json\/wp\/v2\/pages\/68\/revisions"}],"predecessor-version":[{"id":221,"href":"https:\/\/eleves.escl.fr\/wp2\/japon\/wp-json\/wp\/v2\/pages\/68\/revisions\/221"}],"up":[{"embeddable":true,"href":"https:\/\/eleves.escl.fr\/wp2\/japon\/wp-json\/wp\/v2\/pages\/25"}],"wp:attachment":[{"href":"https:\/\/eleves.escl.fr\/wp2\/japon\/wp-json\/wp\/v2\/media?parent=68"}],"curies":[{"name":"wp","href":"https:\/\/api.w.org\/{rel}","templated":true}]}}